{"id":1045,"date":"2023-10-28T14:36:19","date_gmt":"2023-10-28T06:36:19","guid":{"rendered":"https:\/\/leaditop.com\/?post_type=product&#038;p=1045"},"modified":"2024-05-09T10:04:45","modified_gmt":"2024-05-09T02:04:45","slug":"conector-nema-5-pines-lt635-ansi-c136-10-con-rotacion-de-360-grados-y-bloqueo-por-giro","status":"publish","type":"product","link":"https:\/\/leaditop.com\/es\/product\/360-degree-rotation-nema-5-pin-lt635-ansi-c136-10-twist-lock-nema-5-pinsocket\/","title":{"rendered":"Conector NEMA de 5 pines con rotaci\u00f3n de 360 grados, LT635, ANSI-C136.10, con bloqueo por giro, Nema de 5 pines"},"content":{"rendered":"<p>Caracter\u00edsticas:<\/p>\n<p>Admite m\u00faltiples voltajes de entrada<\/p>\n<p>Certificaci\u00f3n CE<\/p>\n<p>Cumple con ANSI C136.24 y UL773A<\/p>\n<p>&nbsp;<\/p>\n<p>Aplicaciones:Nuestro producto es ampliamente utilizado en diversos entornos,<\/p>\n<p>Alumbrado p\u00fablico<\/p>\n<p>Iluminaci\u00f3n LED para exteriores<\/p>\n<p>Iluminaci\u00f3n de carreteras<\/p>\n<p>Iluminaci\u00f3n del estacionamiento<\/p>\n<p>Iluminaci\u00f3n de \u00e1reas p\u00fablicas<\/p>\n<p>Iluminaci\u00f3n de estaciones de tren<\/p>\n<p>Aeropuertos<\/p>\n<p>Granjas<\/p>\n<p>Parques<\/p>\n<p>Escuelas<\/p>","protected":false},"excerpt":{"rendered":"<p>Nuestras fotoc\u00e9lulas para alumbrado p\u00fablico cumplen con la norma ANSI C136.10, lo que proporciona una soluci\u00f3n rentable y fiable para el control automatizado de la iluminaci\u00f3n desde el anochecer hasta el amanecer. Dise\u00f1adas para optimizar el rendimiento del sistema de iluminaci\u00f3n y ahorrar energ\u00eda, estas fotoc\u00e9lulas utilizan circuitos electr\u00f3nicos avanzados y un sensor de luz fototransistor estable para un encendido y apagado constante.<\/p>\n<p>Informaci\u00f3n del producto<br \/>\nModelo: LT635<br \/>\nEst\u00e1ndar: ANSI C136.41 y UL773<br \/>\nVoltaje nominal: Contactos de alimentaci\u00f3n: 480 V<br \/>\nContactos de atenuaci\u00f3n: 30 V<br \/>\nCorriente nominal: Contactos de potencia: 15 A<br \/>\nContactos de atenuaci\u00f3n: 250 mA<br \/>\nHumedad relacionada: 99%<br \/>\nAislamiento: 2500 V\/60 Hz\/1 min<br \/>\nCarcasa: baquelita<br \/>\n5 posiciones: 3 contactos de alimentaci\u00f3n, 2 contactos de atenuaci\u00f3n\/se\u00f1al<br \/>\nCable: L\u00ednea de alimentaci\u00f3n: UL1015 14AWG x 30 cm<br \/>\nL\u00ednea de se\u00f1al: UL1015 18AWG x 30 cm<br \/>\nAccesorio: Junta de silicona<\/p>","protected":false},"featured_media":2344,"comment_status":"open","ping_status":"closed","template":"","meta":{"_seopress_robots_primary_cat":"none","_seopress_titles_title":"","_seopress_titles_desc":"","_seopress_robots_index":"","_seopress_analysis_target_kw":""},"product_brand":[],"product_cat":[38],"product_tag":[],"class_list":{"0":"post-1045","1":"product","2":"type-product","3":"status-publish","4":"has-post-thumbnail","6":"product_cat-nema-5-pin-receptacle","8":"first","9":"instock","10":"shipping-taxable","11":"product-type-simple"},"_links":{"self":[{"href":"https:\/\/leaditop.com\/es\/wp-json\/wp\/v2\/product\/1045","targetHints":{"allow":["GET"]}}],"collection":[{"href":"https:\/\/leaditop.com\/es\/wp-json\/wp\/v2\/product"}],"about":[{"href":"https:\/\/leaditop.com\/es\/wp-json\/wp\/v2\/types\/product"}],"replies":[{"embeddable":true,"href":"https:\/\/leaditop.com\/es\/wp-json\/wp\/v2\/comments?post=1045"}],"wp:featuredmedia":[{"embeddable":true,"href":"https:\/\/leaditop.com\/es\/wp-json\/wp\/v2\/media\/2344"}],"wp:attachment":[{"href":"https:\/\/leaditop.com\/es\/wp-json\/wp\/v2\/media?parent=1045"}],"wp:term":[{"taxonomy":"product_brand","embeddable":true,"href":"https:\/\/leaditop.com\/es\/wp-json\/wp\/v2\/product_brand?post=1045"},{"taxonomy":"product_cat","embeddable":true,"href":"https:\/\/leaditop.com\/es\/wp-json\/wp\/v2\/product_cat?post=1045"},{"taxonomy":"product_tag","embeddable":true,"href":"https:\/\/leaditop.com\/es\/wp-json\/wp\/v2\/product_tag?post=1045"}],"curies":[{"name":"gracias","href":"https:\/\/api.w.org\/{rel}","templated":true}]}}