{"id":1067,"date":"2023-10-28T15:02:47","date_gmt":"2023-10-28T07:02:47","guid":{"rendered":"https:\/\/leaditop.com\/?post_type=product&#038;p=1067"},"modified":"2025-09-04T16:31:10","modified_gmt":"2025-09-04T08:31:10","slug":"luminaria-de-control-de-atenuacion-de-0-a-10-v-con-protocolo-dali-2-0-y-conexion-a-enchufe-zhaga","status":"publish","type":"product","link":"https:\/\/leaditop.com\/es\/product\/zhaga-socket-connected-dali-2-0-protocol-and-0-10v-dimming-control-luminaire-lighting\/","title":{"rendered":"\u00daltima versi\u00f3n Zhaga Socket LT600 Conector Protocolo D4i y Control de Atenuaci\u00f3n de 0-10 V Iluminaci\u00f3n de Luminarias"},"content":{"rendered":"<p>&nbsp;<\/p>\n<p><iframe title=\"\u00bfCu\u00e1l es el problema de su alumbrado p\u00fablico? \u00bfPor qu\u00e9 elegir nuestro portal\u00e1mparas LT600? #Z HagaBook 18 # SmartCity\" width=\"800\" height=\"450\" src=\"https:\/\/www.youtube.com\/embed\/9gp_X9g6-O0?feature=oembed\" frameborder=\"0\" allow=\"accelerometer; autoplay; clipboard-write; encrypted-media; gyroscope; picture-in-picture; web-share\" referrerpolicy=\"strict-origin-when-cross-origin\" allowfullscreen><\/iframe><\/p>\n<h3>A <strong>garantizar la fiabilidad a largo plazo<\/strong>Hemos realizado algunas mejoras clave:<\/h3>\n<ol>\n<li><strong>Estabilidad mejorada del cable: tecnolog\u00eda de engarce doble<\/strong> garantiza una conexi\u00f3n de cable m\u00e1s fuerte, mejorando la estabilidad y la vida \u00fatil del accesorio.<\/li>\n<li><strong>Impermeabilidad IP68 \u2013 <\/strong>La base del z\u00f3calo es\u00a0<strong>Sellado con adhesivo impermeable <\/strong>para evitar la entrada de humedad a trav\u00e9s de los huecos del cableado, reduciendo el riesgo de cortocircuitos o da\u00f1os.<\/li>\n<li>\u00a0<strong>Extremos de alambre esta\u00f1ados<\/strong>\u00a0\u2013 Facilita una instalaci\u00f3n m\u00e1s sencilla y conexiones m\u00e1s fiables.<\/li>\n<li><strong>Cable sellado sin usar \u2013 <\/strong>Pre-aplicado\u00a0<strong>termorretr\u00e1ctil<\/strong> <strong>tuber\u00eda<\/strong>\u00a0Elimina los problemas de instalaci\u00f3n y mejora el rendimiento general a prueba de agua.<\/li>\n<li><strong>Con arandelas de seguridad internas de acero inoxidable 304 \u2013 <\/strong>Ofrecen excelentes capacidades antideslizantes y antivibraci\u00f3n, junto con una resistencia superior a la corrosi\u00f3n y oxidaci\u00f3n en entornos marinos con alta concentraci\u00f3n de sal y humedad.<\/li>\n<\/ol>\n<p>Nuestros enchufes han ayudado a muchos clientes a mejorar la competitividad de sus productos, fortalecer la confianza en la marca y expandir su alcance de mercado; por ejemplo, su empresa local.\u00a0<strong>TAKTON<\/strong>.<\/p>\n<p><strong>Estabilidad mejorada del cable<\/strong><\/p>\n<p><img fetchpriority=\"high\" decoding=\"async\" class=\"alignnone size-large wp-image-3994\" src=\"http:\/\/leaditop.com\/wp-content\/uploads\/2023\/10\/Enhanced-Wire-Stability-1024x821.png\" alt=\"\" width=\"800\" height=\"641\" srcset=\"https:\/\/leaditop.com\/wp-content\/uploads\/2023\/10\/Enhanced-Wire-Stability-1024x821.png 1024w, https:\/\/leaditop.com\/wp-content\/uploads\/2023\/10\/Enhanced-Wire-Stability-300x241.png 300w, https:\/\/leaditop.com\/wp-content\/uploads\/2023\/10\/Enhanced-Wire-Stability-768x616.png 768w, https:\/\/leaditop.com\/wp-content\/uploads\/2023\/10\/Enhanced-Wire-Stability-15x12.png 15w, https:\/\/leaditop.com\/wp-content\/uploads\/2023\/10\/Enhanced-Wire-Stability-600x481.png 600w, https:\/\/leaditop.com\/wp-content\/uploads\/2023\/10\/Enhanced-Wire-Stability.png 1506w\" sizes=\"(max-width: 800px) 100vw, 800px\" \/><\/p>\n<p><strong><b>Mejora el rendimiento a prueba de agua:\u00a0<\/b><\/strong>Toma de corriente Zhaga IP68<\/p>\n<p><img decoding=\"async\" class=\"alignnone size-large wp-image-3993\" src=\"http:\/\/leaditop.com\/wp-content\/uploads\/2023\/10\/IP68-ZHAGA-SOCKET-1024x587.jpg\" alt=\"\" width=\"800\" height=\"459\" srcset=\"https:\/\/leaditop.com\/wp-content\/uploads\/2023\/10\/IP68-ZHAGA-SOCKET-1024x587.jpg 1024w, https:\/\/leaditop.com\/wp-content\/uploads\/2023\/10\/IP68-ZHAGA-SOCKET-300x172.jpg 300w, https:\/\/leaditop.com\/wp-content\/uploads\/2023\/10\/IP68-ZHAGA-SOCKET-768x440.jpg 768w, https:\/\/leaditop.com\/wp-content\/uploads\/2023\/10\/IP68-ZHAGA-SOCKET-1536x881.jpg 1536w, https:\/\/leaditop.com\/wp-content\/uploads\/2023\/10\/IP68-ZHAGA-SOCKET-18x10.jpg 18w, https:\/\/leaditop.com\/wp-content\/uploads\/2023\/10\/IP68-ZHAGA-SOCKET-600x344.jpg 600w, https:\/\/leaditop.com\/wp-content\/uploads\/2023\/10\/IP68-ZHAGA-SOCKET.jpg 1730w\" sizes=\"(max-width: 800px) 100vw, 800px\" \/><\/p>\n<p><strong>Mejora la resistencia a la oxidaci\u00f3n y la corrosi\u00f3n, prolongando as\u00ed la vida \u00fatil del z\u00f3calo.<\/strong><\/p>\n<p><img decoding=\"async\" class=\"alignnone size-large wp-image-3992\" src=\"http:\/\/leaditop.com\/wp-content\/uploads\/2023\/10\/Improves-resistance-to-oxidation-and-corrosion-thereby-prolonging-the-lifespan-of-the-socket-1024x280.png\" alt=\"\" width=\"800\" height=\"219\" srcset=\"https:\/\/leaditop.com\/wp-content\/uploads\/2023\/10\/Improves-resistance-to-oxidation-and-corrosion-thereby-prolonging-the-lifespan-of-the-socket-1024x280.png 1024w, https:\/\/leaditop.com\/wp-content\/uploads\/2023\/10\/Improves-resistance-to-oxidation-and-corrosion-thereby-prolonging-the-lifespan-of-the-socket-300x82.png 300w, https:\/\/leaditop.com\/wp-content\/uploads\/2023\/10\/Improves-resistance-to-oxidation-and-corrosion-thereby-prolonging-the-lifespan-of-the-socket-768x210.png 768w, https:\/\/leaditop.com\/wp-content\/uploads\/2023\/10\/Improves-resistance-to-oxidation-and-corrosion-thereby-prolonging-the-lifespan-of-the-socket-1536x420.png 1536w, https:\/\/leaditop.com\/wp-content\/uploads\/2023\/10\/Improves-resistance-to-oxidation-and-corrosion-thereby-prolonging-the-lifespan-of-the-socket-18x5.png 18w, https:\/\/leaditop.com\/wp-content\/uploads\/2023\/10\/Improves-resistance-to-oxidation-and-corrosion-thereby-prolonging-the-lifespan-of-the-socket-600x164.png 600w, https:\/\/leaditop.com\/wp-content\/uploads\/2023\/10\/Improves-resistance-to-oxidation-and-corrosion-thereby-prolonging-the-lifespan-of-the-socket.png 1748w\" sizes=\"(max-width: 800px) 100vw, 800px\" \/><\/p>\n<p><strong>Mejora el rendimiento a prueba de agua + F\u00e1cil instalaci\u00f3n\u00a0 \u00a0 \u00a0 \u00a0 \u00a0 \u00a0 \u00a0 \u00a0 \u00a0 \u00a0 \u00a0 \u00a0 \u00a0 \u00a0\u00a0<\/strong><\/p>\n<p><img loading=\"lazy\" decoding=\"async\" class=\"alignnone size-full wp-image-3991\" src=\"http:\/\/leaditop.com\/wp-content\/uploads\/2023\/10\/zhaga-Enhance-waterproof-performance-Easy-installation-.jpg\" alt=\"\" width=\"378\" height=\"472\" srcset=\"https:\/\/leaditop.com\/wp-content\/uploads\/2023\/10\/zhaga-Enhance-waterproof-performance-Easy-installation-.jpg 378w, https:\/\/leaditop.com\/wp-content\/uploads\/2023\/10\/zhaga-Enhance-waterproof-performance-Easy-installation--240x300.jpg 240w, https:\/\/leaditop.com\/wp-content\/uploads\/2023\/10\/zhaga-Enhance-waterproof-performance-Easy-installation--10x12.jpg 10w\" sizes=\"(max-width: 378px) 100vw, 378px\" \/><\/p>\n<p><strong>Extremos de cable esta\u00f1ados + Tubo termorretr\u00e1ctil para sellar el cable no utilizado<\/strong><\/p>\n<p><strong>(Marca l\u00edder superior)<\/strong><\/p>\n<p>&nbsp;<\/p>\n<h3>Caracter\u00edsticas:<\/h3>\n<p>Admite m\u00faltiples voltajes de entrada<\/p>\n<p>Certificaci\u00f3n CE<\/p>\n<p>Cumple con ANSI C136.24 y UL773A<\/p>\n<p>&nbsp;<\/p>\n<h3>Aplicaciones:Nuestro producto es ampliamente utilizado en diversos entornos,<\/h3>\n<p>Alumbrado p\u00fablico<\/p>\n<p>Iluminaci\u00f3n LED para exteriores<\/p>\n<p>Iluminaci\u00f3n de carreteras<\/p>\n<p>Iluminaci\u00f3n del estacionamiento<\/p>\n<p>Iluminaci\u00f3n de \u00e1reas p\u00fablicas<\/p>\n<p>Iluminaci\u00f3n de estaciones de tren<\/p>\n<p>Aeropuertos<\/p>\n<p>Granjas<\/p>\n<p>Parques<\/p>\n<p>Escuelas<\/p>","protected":false},"excerpt":{"rendered":"<p>Nuestras fotoc\u00e9lulas para alumbrado p\u00fablico cumplen con la norma ANSI C136.10, lo que proporciona una soluci\u00f3n rentable y fiable para el control automatizado de la iluminaci\u00f3n desde el anochecer hasta el amanecer. Dise\u00f1adas para optimizar el rendimiento del sistema de iluminaci\u00f3n y ahorrar energ\u00eda, estas fotoc\u00e9lulas utilizan circuitos electr\u00f3nicos avanzados y un sensor de luz fototransistor estable para un encendido y apagado constante.<\/p>\n<p>Informaci\u00f3n del producto<br \/>\nModelo: LT600<br \/>\nEst\u00e1ndar: Libro Zhaga 18<br \/>\nClasificaci\u00f3n: 1,5 A, 30 V<br \/>\nResistencia diel\u00e9ctrica: 10 kV a la superficie de montaje<br \/>\nContacto de 4 pines: Pin 1: 24 VCC (cable marr\u00f3n)<br \/>\nPin 2: DALI \u2013 (Cable gris)<br \/>\nPin 3: DALI+ (cable violeta)<br \/>\nPin4: E\/S general (cable azul)<br \/>\nProtecci\u00f3n de entrada: IP65<br \/>\nMateriales de la carcasa: tereftalato de polibutileno resistente a altas temperaturas<br \/>\nJunta: Materiales de silicio<br \/>\nAnillo de montaje: Materiales de aluminio<br \/>\nCable: UL1015 18 AWG x 16 cm<\/p>","protected":false},"featured_media":2274,"comment_status":"open","ping_status":"closed","template":"","meta":{"_seopress_robots_primary_cat":"none","_seopress_titles_title":"","_seopress_titles_desc":"","_seopress_robots_index":""},"product_brand":[],"product_cat":[183,26,35],"product_tag":[],"class_list":{"0":"post-1067","1":"product","2":"type-product","3":"status-publish","4":"has-post-thumbnail","6":"product_cat-product","7":"product_cat-zhaga-control","8":"product_cat-zhaga-sockcet","10":"first","11":"instock","12":"shipping-taxable","13":"product-type-simple"},"_links":{"self":[{"href":"https:\/\/leaditop.com\/es\/wp-json\/wp\/v2\/product\/1067","targetHints":{"allow":["GET"]}}],"collection":[{"href":"https:\/\/leaditop.com\/es\/wp-json\/wp\/v2\/product"}],"about":[{"href":"https:\/\/leaditop.com\/es\/wp-json\/wp\/v2\/types\/product"}],"replies":[{"embeddable":true,"href":"https:\/\/leaditop.com\/es\/wp-json\/wp\/v2\/comments?post=1067"}],"wp:featuredmedia":[{"embeddable":true,"href":"https:\/\/leaditop.com\/es\/wp-json\/wp\/v2\/media\/2274"}],"wp:attachment":[{"href":"https:\/\/leaditop.com\/es\/wp-json\/wp\/v2\/media?parent=1067"}],"wp:term":[{"taxonomy":"product_brand","embeddable":true,"href":"https:\/\/leaditop.com\/es\/wp-json\/wp\/v2\/product_brand?post=1067"},{"taxonomy":"product_cat","embeddable":true,"href":"https:\/\/leaditop.com\/es\/wp-json\/wp\/v2\/product_cat?post=1067"},{"taxonomy":"product_tag","embeddable":true,"href":"https:\/\/leaditop.com\/es\/wp-json\/wp\/v2\/product_tag?post=1067"}],"curies":[{"name":"gracias","href":"https:\/\/api.w.org\/{rel}","templated":true}]}}