{"id":1079,"date":"2023-10-28T15:08:10","date_gmt":"2023-10-28T07:08:10","guid":{"rendered":"https:\/\/leaditop.com\/?post_type=product&#038;p=1079"},"modified":"2025-09-23T17:11:53","modified_gmt":"2025-09-23T09:11:53","slug":"toma-zhaga-conectada-al-protocolo-dali-2-0-y-control-de-atenuacion-de-0-a-10-v-para-iluminacion-de-luminarias-2","status":"publish","type":"product","link":"https:\/\/leaditop.com\/es\/product\/zhaga-socket-connected-dali-2-0-protocol-and-0-10v-dimming-control-luminaire-lighting-2\/","title":{"rendered":"Z\u00f3calo Zhaga LT6002 con protocolo DALI 2.0 y control de atenuaci\u00f3n de 0 a 10 V"},"content":{"rendered":"<p>Caracter\u00edsticas:<\/p>\n<p>\uf06cCumple o supera el LIBRO ZHAGA 18<\/p>\n<p>\uf06cCumple con ROHS.<\/p>\n<p>\uf06cFabricado seg\u00fan certificado ISO.<\/p>\n<p>\uf06cRetardo de apagado de 3 a 10 segundos.<\/p>\n<p>\uf06cProtecci\u00f3n de entrada IP66<\/p>\n<p>&nbsp;<\/p>\n<h3 class=\"p1\">APLICACIONES<\/h3>\n<ul class=\"ul1\">\n<li class=\"li1\">Luminarias LED que requieren control desde el anochecer hasta el amanecer.<\/li>\n<li class=\"li1\">Alumbrado p\u00fablico y de \u00e1reas<\/li>\n<li class=\"li1\">Luminarias de exterior<\/li>\n<li class=\"li1\">Sistema de Gesti\u00f3n de la Ciudad<\/li>\n<\/ul>","protected":false},"excerpt":{"rendered":"<p class=\"p1\">La interfaz estandarizada ZHAGA BOOK 18 del controlador de iluminaci\u00f3n ZHAGA de LEAD TOP es aplicable al controlador DALI para controlar los dispositivos de iluminaci\u00f3n autom\u00e1ticamente de acuerdo con el nivel de iluminaci\u00f3n natural ambiental, con circuito de microprocesador y fototransistor de filtro IR.<\/p>\n<p>Informaci\u00f3n del producto<br \/>\nModelo: LT6001<br \/>\nEst\u00e1ndar: Libro Zhaga 18<br \/>\nVoltaje nominal: 12-24 VCC<br \/>\nNiveles de luz de encendido: 10-16 Lux<br \/>\nRelaci\u00f3n ON\/OFF: 1:1,5<br \/>\nRetardo de tiempo: 3-10 segundos<br \/>\nTemperatura de funcionamiento: -40\u2103 a +70\u2103<br \/>\nInterruptor: &gt;10000 operaciones de encendido\/apagado<br \/>\nProtecci\u00f3n de entrada: IP66<br \/>\nSensor de luz: \u2264 0,5 vatios<br \/>\nCubierta: Policarbonato resistente a impactos y anti-UV<br \/>\nBase: Tereftalato de polibutileno resistente a altas temperaturas<br \/>\nModo de falla: ENCENDIDO<\/p>","protected":false},"featured_media":4704,"comment_status":"open","ping_status":"closed","template":"","meta":{"_seopress_robots_primary_cat":"none","_seopress_titles_title":"","_seopress_titles_desc":"","_seopress_robots_index":""},"product_brand":[],"product_cat":[34],"product_tag":[],"class_list":{"0":"post-1079","1":"product","2":"type-product","3":"status-publish","4":"has-post-thumbnail","6":"product_cat-zhaga-sensor","8":"first","9":"instock","10":"shipping-taxable","11":"product-type-simple"},"_links":{"self":[{"href":"https:\/\/leaditop.com\/es\/wp-json\/wp\/v2\/product\/1079","targetHints":{"allow":["GET"]}}],"collection":[{"href":"https:\/\/leaditop.com\/es\/wp-json\/wp\/v2\/product"}],"about":[{"href":"https:\/\/leaditop.com\/es\/wp-json\/wp\/v2\/types\/product"}],"replies":[{"embeddable":true,"href":"https:\/\/leaditop.com\/es\/wp-json\/wp\/v2\/comments?post=1079"}],"wp:featuredmedia":[{"embeddable":true,"href":"https:\/\/leaditop.com\/es\/wp-json\/wp\/v2\/media\/4704"}],"wp:attachment":[{"href":"https:\/\/leaditop.com\/es\/wp-json\/wp\/v2\/media?parent=1079"}],"wp:term":[{"taxonomy":"product_brand","embeddable":true,"href":"https:\/\/leaditop.com\/es\/wp-json\/wp\/v2\/product_brand?post=1079"},{"taxonomy":"product_cat","embeddable":true,"href":"https:\/\/leaditop.com\/es\/wp-json\/wp\/v2\/product_cat?post=1079"},{"taxonomy":"product_tag","embeddable":true,"href":"https:\/\/leaditop.com\/es\/wp-json\/wp\/v2\/product_tag?post=1079"}],"curies":[{"name":"gracias","href":"https:\/\/api.w.org\/{rel}","templated":true}]}}