{"id":2204,"date":"2024-04-17T10:23:02","date_gmt":"2024-04-17T02:23:02","guid":{"rendered":"https:\/\/leaditop.com\/?post_type=product&#038;p=2204"},"modified":"2024-08-09T09:40:22","modified_gmt":"2024-08-09T01:40:22","slug":"fotocontrolador-lt310a-de-12-v-cc-con-entrada-de-cable-utilizado-para-iluminacion-de-jardines-y-graneros","status":"publish","type":"product","link":"https:\/\/leaditop.com\/es\/product\/lt310a-12-48vdc-wire-in-type-photo-control-used-for-landscape-lights-barn-lights\/","title":{"rendered":"LT310A 12-48 VCC, control fotogr\u00e1fico con cable, utilizado para iluminaci\u00f3n de jardines y graneros"},"content":{"rendered":"<div class=\"elementor-element elementor-element-36d2212 elementor-widget elementor-widget-woocommerce-product-title elementor-page-title elementor-widget-heading\" data-id=\"36d2212\" data-element_type=\"widget\" data-widget_type=\"woocommerce-product-title.default\">\n<div class=\"elementor-widget-container\">\n<p>Caracter\u00edsticas:<\/p>\n<p>Admite m\u00faltiples voltajes de entrada<\/p>\n<p>Certificaci\u00f3n CE<\/p>\n<p>Cumple con ANSI C136.24 y UL773A<\/p>\n<\/div>\n<\/div>\n<div class=\"elementor-element elementor-element-c3cb823 elementor-widget elementor-widget-woocommerce-product-content\" data-id=\"c3cb823\" data-element_type=\"widget\" data-widget_type=\"woocommerce-product-content.default\">\n<div class=\"elementor-widget-container\">\n<p>&nbsp;<\/p>\n<p>Aplicaciones:Nuestro producto es ampliamente utilizado en diversos entornos,<\/p>\n<p>Alumbrado p\u00fablico<\/p>\n<p>Iluminaci\u00f3n LED para exteriores<\/p>\n<p>Iluminaci\u00f3n de carreteras<\/p>\n<p>Iluminaci\u00f3n del estacionamiento<\/p>\n<p>Iluminaci\u00f3n de \u00e1reas p\u00fablicas<\/p>\n<p>Iluminaci\u00f3n de estaciones de tren<\/p>\n<p>Luces de paisaje<\/p>\n<p>Luces de granero<\/p>\n<\/div>\n<\/div>","protected":false},"excerpt":{"rendered":"<p>Nuestras fotoc\u00e9lulas para alumbrado p\u00fablico cumplen con la norma ANSI C136.10, lo que proporciona una soluci\u00f3n rentable y fiable para el control automatizado de la iluminaci\u00f3n desde el anochecer hasta el amanecer. Dise\u00f1adas para optimizar el rendimiento del sistema de iluminaci\u00f3n y ahorrar energ\u00eda, estas fotoc\u00e9lulas utilizan circuitos electr\u00f3nicos avanzados y un sensor de luz fototransistor estable para un encendido y apagado constante.<\/p>\n<p>LT310A es adecuado para luces de jard\u00edn, luces de parque, pilones de carga, etc.<\/p>\n<p>Informaci\u00f3n del producto<br \/>\nModelo: LT310A-DC<br \/>\nEst\u00e1ndar: ANSI C136.24 y UL773A<br \/>\nVoltaje nominal: 12-48 VCC<br \/>\nCarga nominal: 10 A<br \/>\nModo de falla: ENCENDIDO\/APAGADO<\/p>\n<p>Retardo de tiempo: 3-10 segundos<br \/>\nRelaci\u00f3n de encendido\/apagado: 1:1,5<br \/>\nNiveles de luz de encendido: 10-16 Lux<br \/>\nInterruptor: &gt;10000 operaciones de encendido\/apagado con carga nominal<br \/>\nConsumo de energ\u00eda: \u2264 0,5 vatios<\/p>\n<p>&nbsp;<\/p>\n<p>&nbsp;<\/p>","protected":false},"featured_media":2307,"comment_status":"open","ping_status":"closed","template":"","meta":{"_seopress_robots_primary_cat":"none","_seopress_titles_title":"","_seopress_titles_desc":"","_seopress_robots_index":""},"product_brand":[],"product_cat":[42,183,31],"product_tag":[],"class_list":{"0":"post-2204","1":"product","2":"type-product","3":"status-publish","4":"has-post-thumbnail","6":"product_cat-button-photocell","7":"product_cat-product","8":"product_cat-wire-in-controllers","10":"first","11":"instock","12":"shipping-taxable","13":"product-type-simple"},"_links":{"self":[{"href":"https:\/\/leaditop.com\/es\/wp-json\/wp\/v2\/product\/2204","targetHints":{"allow":["GET"]}}],"collection":[{"href":"https:\/\/leaditop.com\/es\/wp-json\/wp\/v2\/product"}],"about":[{"href":"https:\/\/leaditop.com\/es\/wp-json\/wp\/v2\/types\/product"}],"replies":[{"embeddable":true,"href":"https:\/\/leaditop.com\/es\/wp-json\/wp\/v2\/comments?post=2204"}],"wp:featuredmedia":[{"embeddable":true,"href":"https:\/\/leaditop.com\/es\/wp-json\/wp\/v2\/media\/2307"}],"wp:attachment":[{"href":"https:\/\/leaditop.com\/es\/wp-json\/wp\/v2\/media?parent=2204"}],"wp:term":[{"taxonomy":"product_brand","embeddable":true,"href":"https:\/\/leaditop.com\/es\/wp-json\/wp\/v2\/product_brand?post=2204"},{"taxonomy":"product_cat","embeddable":true,"href":"https:\/\/leaditop.com\/es\/wp-json\/wp\/v2\/product_cat?post=2204"},{"taxonomy":"product_tag","embeddable":true,"href":"https:\/\/leaditop.com\/es\/wp-json\/wp\/v2\/product_tag?post=2204"}],"curies":[{"name":"gracias","href":"https:\/\/api.w.org\/{rel}","templated":true}]}}