{"id":2997,"date":"2024-10-14T13:37:35","date_gmt":"2024-10-14T05:37:35","guid":{"rendered":"https:\/\/leaditop.com\/?post_type=product&#038;p=2997"},"modified":"2025-06-26T17:43:17","modified_gmt":"2025-06-26T09:43:17","slug":"lt520-toma-de-control-de-luz-de-fotocelula-de-bombilla-e26-e27-de-anochecer-a-amanecer","status":"publish","type":"product","link":"https:\/\/leaditop.com\/es\/product\/lt520-dusk-to-dawn-e26-e27-bulb-photocell-light-control-socket\/","title":{"rendered":"Portal\u00e1mparas LT520 Dusk to Dawn E26 y E27"},"content":{"rendered":"<p>&nbsp;<\/p>\n<p><iframe title=\"\u00bfBuscas una forma sencilla de automatizar tu iluminaci\u00f3n? Fotoc\u00e9lula #, portal\u00e1mparas #, sensor de anochecer a amanecer #\" width=\"800\" height=\"450\" src=\"https:\/\/www.youtube.com\/embed\/zaoEUH82vR0?feature=oembed\" frameborder=\"0\" allow=\"accelerometer; autoplay; clipboard-write; encrypted-media; gyroscope; picture-in-picture; web-share\" referrerpolicy=\"strict-origin-when-cross-origin\" allowfullscreen><\/iframe><\/p>\n<h2><strong>Caracter\u00edsticas principales<\/strong><\/h2>\n<ul>\n<li>\u00a0Compatible con bombillas incandescentes, CFL y LED.<\/li>\n<li>Control de luz del anochecer al amanecer con ajuste autom\u00e1tico<\/li>\n<li>No requiere cableado, simplemente atorn\u00edllelo<\/li>\n<li>Enciende la luz al anochecer y la apaga al amanecer.<\/li>\n<li>El dise\u00f1o compacto se adapta a luminarias exteriores cerradas m\u00e1s peque\u00f1as<\/li>\n<li>Circuito de estado s\u00f3lido confiable y resistente a la intemperie<\/li>\n<\/ul>\n<h2>\u00bfPor qu\u00e9 elegir el LT520?<\/h2>\n<p><span data-slate-fragment=\"JTVCJTdCJTIydHlwZSUyMiUzQSUyMnBhcmFncmFwaCUyMiUyQyUyMmNoaWxkcmVuJTIyJTNBJTVCJTdCJTIyaWQlMjIlM0ElMjJCUEpMVzF4QUtWJTIyJTJDJTIycGFyYUlkeCUyMiUzQTAlMkMlMjJzcmMlMjIlM0ElMjJUaGlzJTIwYnVsYiUyMHNvY2tldCUyMGZlYXR1cmVzJTIwYW4lMjBpbnRlZ3JhdGVkJTIwcGhvdG9jZWxsJTIwc2Vuc29yJTIwZm9yJTIwYXV0b21hdGljJTIwbGlnaHRpbmclMkMlMjBzdXBwb3J0cyUyMHN0YW5kYXJkJTIwRTI2JTJGRTI3JTIwYnVsYnMlMjBmb3IlMjBlYXN5JTIwaW5zdGFsbGF0aW9uJTIwYW5kJTIwd2lkZSUyMGNvbXBhdGliaWxpdHklMkMlMjBhbmQlMjBpbmNsdWRlcyUyMGElMjBzcHJpbmctbG9hZGVkJTIwY29udGFjdCVFMiU4MCU5NHNpbXBseSUyMHJvdGF0ZSUyMGl0JTIwdG8lMjBhZGp1c3QlMjB0aGUlMjBzZW5zb3IlMjBpbiUyMGFueSUyMGRpcmVjdGlvbi4lMjIlMkMlMjJkc3QlMjIlM0ElMjIlRTglQUYlQTUlRTclODElQUYlRTYlQjMlQTElRTYlOEYlOTIlRTUlQkElQTclRTUlODUlQjclRTYlOUMlODklRTclOTQlQTglRTQlQkElOEUlRTglODclQUElRTUlOEElQTglRTclODUlQTclRTYlOTglOEUlRTclOUElODQlRTklOUIlODYlRTYlODglOTAlRTUlODUlODklRTclOTQlQjUlRTYlQjElQTAlRTQlQkMlQTAlRTYlODQlOUYlRTUlOTklQTglRUYlQkMlOEMlRTYlOTQlQUYlRTYlOEMlODElRTYlQTAlODclRTUlODclODZFMjYlMkZFMjclRTclODElQUYlRTYlQjMlQTElRUYlQkMlOEMlRTQlQkUlQkYlRTQlQkElOEUlRTUlQUUlODklRTglQTMlODUlRTUlOTIlOEMlRTUlQjklQkYlRTYlQjMlOUIlRTUlODUlQkMlRTUlQUUlQjklRUYlQkMlOEMlRTUlQjklQjYlRTUlOEMlODUlRTYlOEIlQUMlRTQlQjglODAlRTQlQjglQUElRTUlQkMlQjklRTclQjAlQTclRTUlQkMlOEYlRTglQTclQTYlRTclODIlQjklRTIlODAlOTQlRTIlODAlOTQlRTUlOEYlQUElRTklOUMlODAlRTYlOTclOEIlRTglQkQlQUMlRTUlQUUlODMlRTUlOEQlQjMlRTUlOEYlQUYlRTUlOUMlQTglRTQlQkIlQkIlRTQlQkQlOTUlRTYlOTYlQjklRTUlOTAlOTElRTQlQjglOEElRTglQjAlODMlRTYlOTUlQjQlRTQlQkMlQTAlRTYlODQlOUYlRTUlOTklQTglRTMlODAlODIlMjIlMkMlMjJtZXRhZGF0YSUyMiUzQSUyMiUyMiUyQyUyMm1hdGNoZXMlMjIlM0FudWxsJTJDJTIybWV0YURhdGElMjIlM0ElNUIlNUQlMkMlMjJ0ZXh0JTIyJTNBJTIyVGhpcyUyMGJ1bGIlMjBzb2NrZXQlMjBmZWF0dXJlcyUyMGFuJTIwaW50ZWdyYXRlZCUyMHBob3RvY2VsbCUyMHNlbnNvciUyMGZvciUyMGF1dG9tYXRpYyUyMGxpZ2h0aW5nJTJDJTIwc3VwcG9ydHMlMjBzdGFuZGFyZCUyMEUyNiUyRkUyNyUyMGJ1bGJzJTIwZm9yJTIwZWFzeSUyMGluc3RhbGxhdGlvbiUyMGFuZCUyMHdpZGUlMjBjb21wYXRpYmlsaXR5JTJDJTIwYW5kJTIwaW5jbHVkZXMlMjBhJTIwc3ByaW5nLWxvYWRlZCUyMGNvbnRhY3QlRTIlODAlOTRzaW1wbHklMjByb3RhdGUlMjBpdCUyMHRvJTIwYWRqdXN0JTIwdGhlJTIwc2Vuc29yJTIwaW4lMjBhbnklMjBkaXJlY3Rpb24uJTIyJTdEJTVEJTdEJTVE\">Este portal\u00e1mparas cuenta con un sensor de fotoc\u00e9lula integrado para iluminaci\u00f3n autom\u00e1tica, admite bombillas est\u00e1ndar E26\/E27 para una f\u00e1cil instalaci\u00f3n y amplia compatibilidad, e incluye un contacto con resorte: simplemente g\u00edrelo para ajustar el sensor en cualquier direcci\u00f3n.<\/span><\/p>\n<h2>Aplicaciones:Nuestro producto es ampliamente utilizado en diversos entornos.<\/h2>\n<ul>\n<li>Alumbrado p\u00fablico<\/li>\n<li>Iluminaci\u00f3n LED para exteriores<\/li>\n<li>Iluminaci\u00f3n de carreteras<\/li>\n<li>Iluminaci\u00f3n del estacionamiento<\/li>\n<li>Iluminaci\u00f3n de \u00e1reas p\u00fablicas<\/li>\n<li>Iluminaci\u00f3n de estaciones de tren<\/li>\n<li>Aeropuertos<\/li>\n<li>Granjas<\/li>\n<li>Parques<\/li>\n<li>Escuelas<\/li>\n<\/ul>","protected":false},"excerpt":{"rendered":"<p>Este portal\u00e1mparas cuenta con un sensor de fotoc\u00e9lula integrado para iluminaci\u00f3n autom\u00e1tica, admite bombillas est\u00e1ndar E26\/E27 para una f\u00e1cil instalaci\u00f3n y amplia compatibilidad, e incluye un <strong>contacto de resorte<\/strong>\u2014simplemente g\u00edrelo para ajustar el sensor en cualquier direcci\u00f3n.<\/p>\n<p>Informaci\u00f3n del producto<br \/>\nModelo: LT520<br \/>\nEst\u00e1ndar: UL496<br \/>\nVoltaje nominal: 120 V\/220 V<br \/>\nCarga nominal: 150 W m\u00e1x.<br \/>\nModo de falla: ENCENDIDO<br \/>\nNiveles de luz de encendido: 10-16 Lux<br \/>\nApagar niveles de luz: &lt;65 Lux<br \/>\nTiempo de acci\u00f3n: 3-15 segundos<br \/>\nHumedad relacionada: 96%<br \/>\nVivienda: PET<\/p>","protected":false},"featured_media":2780,"comment_status":"open","ping_status":"closed","template":"","meta":{"_seopress_robots_primary_cat":"none","_seopress_titles_title":"","_seopress_titles_desc":"","_seopress_robots_index":""},"product_brand":[],"product_cat":[32,183],"product_tag":[],"class_list":{"0":"post-2997","1":"product","2":"type-product","3":"status-publish","4":"has-post-thumbnail","6":"product_cat-bulb-holder-controllers","7":"product_cat-product","9":"first","10":"instock","11":"shipping-taxable","12":"product-type-simple"},"_links":{"self":[{"href":"https:\/\/leaditop.com\/es\/wp-json\/wp\/v2\/product\/2997","targetHints":{"allow":["GET"]}}],"collection":[{"href":"https:\/\/leaditop.com\/es\/wp-json\/wp\/v2\/product"}],"about":[{"href":"https:\/\/leaditop.com\/es\/wp-json\/wp\/v2\/types\/product"}],"replies":[{"embeddable":true,"href":"https:\/\/leaditop.com\/es\/wp-json\/wp\/v2\/comments?post=2997"}],"wp:featuredmedia":[{"embeddable":true,"href":"https:\/\/leaditop.com\/es\/wp-json\/wp\/v2\/media\/2780"}],"wp:attachment":[{"href":"https:\/\/leaditop.com\/es\/wp-json\/wp\/v2\/media?parent=2997"}],"wp:term":[{"taxonomy":"product_brand","embeddable":true,"href":"https:\/\/leaditop.com\/es\/wp-json\/wp\/v2\/product_brand?post=2997"},{"taxonomy":"product_cat","embeddable":true,"href":"https:\/\/leaditop.com\/es\/wp-json\/wp\/v2\/product_cat?post=2997"},{"taxonomy":"product_tag","embeddable":true,"href":"https:\/\/leaditop.com\/es\/wp-json\/wp\/v2\/product_tag?post=2997"}],"curies":[{"name":"gracias","href":"https:\/\/api.w.org\/{rel}","templated":true}]}}