{"id":3018,"date":"2024-10-14T14:44:14","date_gmt":"2024-10-14T06:44:14","guid":{"rendered":"https:\/\/leaditop.com\/?post_type=product&#038;p=3018"},"modified":"2024-10-14T14:44:14","modified_gmt":"2024-10-14T06:44:14","slug":"sensor-de-interruptor-de-luz-lt310b-light-ploe","status":"publish","type":"product","link":"https:\/\/leaditop.com\/es\/product\/lt310b-light-ploe-light-switch-sensor\/","title":{"rendered":"Sensor de interruptor de luz LT310B Light Plose"},"content":{"rendered":"<p>DIMENSI\u00d3N<\/p>\n<p><img fetchpriority=\"high\" decoding=\"async\" class=\"alignnone wp-image-3022 size-large\" src=\"http:\/\/leaditop.com\/wp-content\/uploads\/2024\/10\/DIMENSION-1024x590.png\" alt=\"\" width=\"800\" height=\"461\" srcset=\"https:\/\/leaditop.com\/wp-content\/uploads\/2024\/10\/DIMENSION-1024x590.png 1024w, https:\/\/leaditop.com\/wp-content\/uploads\/2024\/10\/DIMENSION-300x173.png 300w, https:\/\/leaditop.com\/wp-content\/uploads\/2024\/10\/DIMENSION-768x442.png 768w, https:\/\/leaditop.com\/wp-content\/uploads\/2024\/10\/DIMENSION-600x345.png 600w, https:\/\/leaditop.com\/wp-content\/uploads\/2024\/10\/DIMENSION.png 1136w\" sizes=\"(max-width: 800px) 100vw, 800px\" \/><\/p>\n<p>DIAGRAMA DE CABLEADO<\/p>\n<p><img decoding=\"async\" class=\"alignnone wp-image-3021 size-large\" src=\"http:\/\/leaditop.com\/wp-content\/uploads\/2024\/10\/WIRING-DIAGRAM-1024x583.png\" alt=\"\" width=\"800\" height=\"455\" srcset=\"https:\/\/leaditop.com\/wp-content\/uploads\/2024\/10\/WIRING-DIAGRAM-1024x583.png 1024w, https:\/\/leaditop.com\/wp-content\/uploads\/2024\/10\/WIRING-DIAGRAM-300x171.png 300w, https:\/\/leaditop.com\/wp-content\/uploads\/2024\/10\/WIRING-DIAGRAM-768x437.png 768w, https:\/\/leaditop.com\/wp-content\/uploads\/2024\/10\/WIRING-DIAGRAM-600x341.png 600w, https:\/\/leaditop.com\/wp-content\/uploads\/2024\/10\/WIRING-DIAGRAM.png 1202w\" sizes=\"(max-width: 800px) 100vw, 800px\" \/><\/p>","protected":false},"excerpt":{"rendered":"<p>Nuestras fotoc\u00e9lulas para alumbrado p\u00fablico cumplen con la norma ANSI C136.10, lo que proporciona una soluci\u00f3n rentable y fiable para el control automatizado de la iluminaci\u00f3n desde el anochecer hasta el amanecer. Dise\u00f1adas para optimizar el rendimiento del sistema de iluminaci\u00f3n y ahorrar energ\u00eda, estas fotoc\u00e9lulas utilizan circuitos electr\u00f3nicos avanzados y un sensor de luz fototransistor estable para un encendido y apagado constante.<\/p>\n<p>Informaci\u00f3n del producto<br \/>\nModelo: LT310B<br \/>\nEst\u00e1ndar: ANSI C136.24 y UL773A<br \/>\nVoltaje nominal: 120-277 V (aplicable a: 105 V-305 V)<br \/>\nCarga nominal: 1000 W\/1800 VA<\/p>\n<p>Retardo de tiempo: 3-15 segundos<br \/>\nRelaci\u00f3n de encendido\/apagado: 1:1,5<br \/>\nNiveles de luz de encendido: 10-16 Lux<br \/>\nInterruptor: &gt;10000 operaciones de encendido\/apagado con carga nominal<br \/>\nConsumo de energ\u00eda: \u2264 0,7 vatios a 120 V CA<br \/>\nSensor de luz: Fototransistor con filtro IR<br \/>\nCable: UL1015 18AWG x 16 cm<\/p>","protected":false},"featured_media":2429,"comment_status":"open","ping_status":"closed","template":"","meta":{"_seopress_robots_primary_cat":"","_seopress_titles_title":"","_seopress_titles_desc":"","_seopress_robots_index":"","_seopress_analysis_target_kw":""},"product_brand":[],"product_cat":[42,183,31],"product_tag":[],"class_list":{"0":"post-3018","1":"product","2":"type-product","3":"status-publish","4":"has-post-thumbnail","6":"product_cat-button-photocell","7":"product_cat-product","8":"product_cat-wire-in-controllers","10":"first","11":"instock","12":"shipping-taxable","13":"product-type-simple"},"_links":{"self":[{"href":"https:\/\/leaditop.com\/es\/wp-json\/wp\/v2\/product\/3018","targetHints":{"allow":["GET"]}}],"collection":[{"href":"https:\/\/leaditop.com\/es\/wp-json\/wp\/v2\/product"}],"about":[{"href":"https:\/\/leaditop.com\/es\/wp-json\/wp\/v2\/types\/product"}],"replies":[{"embeddable":true,"href":"https:\/\/leaditop.com\/es\/wp-json\/wp\/v2\/comments?post=3018"}],"wp:featuredmedia":[{"embeddable":true,"href":"https:\/\/leaditop.com\/es\/wp-json\/wp\/v2\/media\/2429"}],"wp:attachment":[{"href":"https:\/\/leaditop.com\/es\/wp-json\/wp\/v2\/media?parent=3018"}],"wp:term":[{"taxonomy":"product_brand","embeddable":true,"href":"https:\/\/leaditop.com\/es\/wp-json\/wp\/v2\/product_brand?post=3018"},{"taxonomy":"product_cat","embeddable":true,"href":"https:\/\/leaditop.com\/es\/wp-json\/wp\/v2\/product_cat?post=3018"},{"taxonomy":"product_tag","embeddable":true,"href":"https:\/\/leaditop.com\/es\/wp-json\/wp\/v2\/product_tag?post=3018"}],"curies":[{"name":"gracias","href":"https:\/\/api.w.org\/{rel}","templated":true}]}}