{"id":3046,"date":"2024-10-14T16:10:18","date_gmt":"2024-10-14T08:10:18","guid":{"rendered":"https:\/\/leaditop.com\/?post_type=product&#038;p=3046"},"modified":"2025-03-31T11:06:06","modified_gmt":"2025-03-31T03:06:06","slug":"zocalo-de-atenuacion-ansi-c136-41-5-y-7-pines-ahorro-de-espacio-lt605s","status":"publish","type":"product","link":"https:\/\/leaditop.com\/es\/product\/lt605s-sapce-saving-ansi-c136-41-5-7p-dimming-socket\/","title":{"rendered":"LT605S Z\u00f3calo de atenuaci\u00f3n ANSI C136.41 5\/7P de ahorro de espacio"},"content":{"rendered":"<h2>Caracter\u00edsticas:<\/h2>\n<p>Admite m\u00faltiples voltajes de entrada<br \/>\nCertificaci\u00f3n CE<br \/>\nCumple con ANSI C136.24 y UL773A<\/p>\n<h2>Aplicaciones:<\/h2>\n<p>Nuestro producto es ampliamente utilizado en diversos entornos,<\/p>\n<ul>\n<li>Alumbrado p\u00fablico<\/li>\n<li>Iluminaci\u00f3n LED para exteriores<\/li>\n<li>Iluminaci\u00f3n de carreteras<\/li>\n<li>Iluminaci\u00f3n del estacionamiento<\/li>\n<li>Iluminaci\u00f3n de \u00e1reas p\u00fablicas<\/li>\n<li>Iluminaci\u00f3n de estaciones de tren<\/li>\n<li>Aeropuertos<\/li>\n<li>Granjas<\/li>\n<li>Parques<\/li>\n<li>Escuelas<\/li>\n<\/ul>","protected":false},"excerpt":{"rendered":"<p>Nuestras fotoc\u00e9lulas para alumbrado p\u00fablico cumplen con la norma ANSI C136.10, lo que proporciona una soluci\u00f3n rentable y fiable para el control automatizado de la iluminaci\u00f3n desde el anochecer hasta el amanecer. Dise\u00f1adas para optimizar el rendimiento del sistema de iluminaci\u00f3n y ahorrar energ\u00eda, estas fotoc\u00e9lulas utilizan circuitos electr\u00f3nicos avanzados y un sensor de luz fototransistor estable para un encendido y apagado constante.<\/p>\n<p>Informaci\u00f3n del producto<br \/>\nModelo: LT605<br \/>\nEst\u00e1ndar: ANSI C136.41 y UL773<br \/>\nVoltaje nominal: Contactos de alimentaci\u00f3n: 480 V<br \/>\nContactos de atenuaci\u00f3n: 30 V<br \/>\nCorriente nominal: Contactos de potencia: 15 A<br \/>\nContactos de atenuaci\u00f3n: 250 mA<br \/>\nHumedad relacionada: 99%<br \/>\nAislamiento: 2500 V\/60 Hz\/1 min<br \/>\nCarcasa: baquelita<br \/>\n7 posiciones: 3 contactos de alimentaci\u00f3n, 4 contactos de atenuaci\u00f3n\/se\u00f1al<br \/>\nCable: L\u00ednea de alimentaci\u00f3n: UL1015 14AWG x 30 cm<br \/>\nL\u00ednea de se\u00f1al: UL1015 18AWG x 30 cm<br \/>\nAccesorio: Junta de silicona<\/p>","protected":false},"featured_media":2821,"comment_status":"open","ping_status":"closed","template":"","meta":{"_seopress_robots_primary_cat":"none","_seopress_titles_title":"","_seopress_titles_desc":"","_seopress_robots_index":""},"product_brand":[],"product_cat":[38,39],"product_tag":[],"class_list":{"0":"post-3046","1":"product","2":"type-product","3":"status-publish","4":"has-post-thumbnail","6":"product_cat-nema-5-pin-receptacle","7":"product_cat-nema-7-pin-receptacle","9":"first","10":"instock","11":"shipping-taxable","12":"product-type-simple"},"_links":{"self":[{"href":"https:\/\/leaditop.com\/es\/wp-json\/wp\/v2\/product\/3046","targetHints":{"allow":["GET"]}}],"collection":[{"href":"https:\/\/leaditop.com\/es\/wp-json\/wp\/v2\/product"}],"about":[{"href":"https:\/\/leaditop.com\/es\/wp-json\/wp\/v2\/types\/product"}],"replies":[{"embeddable":true,"href":"https:\/\/leaditop.com\/es\/wp-json\/wp\/v2\/comments?post=3046"}],"wp:featuredmedia":[{"embeddable":true,"href":"https:\/\/leaditop.com\/es\/wp-json\/wp\/v2\/media\/2821"}],"wp:attachment":[{"href":"https:\/\/leaditop.com\/es\/wp-json\/wp\/v2\/media?parent=3046"}],"wp:term":[{"taxonomy":"product_brand","embeddable":true,"href":"https:\/\/leaditop.com\/es\/wp-json\/wp\/v2\/product_brand?post=3046"},{"taxonomy":"product_cat","embeddable":true,"href":"https:\/\/leaditop.com\/es\/wp-json\/wp\/v2\/product_cat?post=3046"},{"taxonomy":"product_tag","embeddable":true,"href":"https:\/\/leaditop.com\/es\/wp-json\/wp\/v2\/product_tag?post=3046"}],"curies":[{"name":"gracias","href":"https:\/\/api.w.org\/{rel}","templated":true}]}}