{"id":4083,"date":"2025-06-05T16:20:54","date_gmt":"2025-06-05T08:20:54","guid":{"rendered":"https:\/\/leaditop.com\/?post_type=product&#038;p=4083"},"modified":"2025-07-28T16:26:09","modified_gmt":"2025-07-28T08:26:09","slug":"sensor-de-fotocelula-de-vastago-giratorio-de-180-grados-120-v-ca-con-tapa-parasol-y-tubo-termorretractil-impermeable","status":"publish","type":"product","link":"https:\/\/leaditop.com\/es\/product\/180-degree-rotate-stem-photocell-sensor-120vac-with-sunshade-cap-and-waterproof-heat-shrink-tubing\/","title":{"rendered":"Sensor de fotoc\u00e9lula LT310F1F\/2F con v\u00e1stago giratorio de 180 grados, 120 V CA, tapa protectora y tubo termorretr\u00e1ctil impermeable."},"content":{"rendered":"<p><img fetchpriority=\"high\" decoding=\"async\" class=\"alignnone wp-image-2402\" src=\"http:\/\/leaditop.com\/wp-content\/uploads\/2023\/10\/02-10.jpg\" alt=\"Fotoc\u00e9lula con cable LT310F\" width=\"400\" height=\"400\" srcset=\"https:\/\/leaditop.com\/wp-content\/uploads\/2023\/10\/02-10.jpg 650w, https:\/\/leaditop.com\/wp-content\/uploads\/2023\/10\/02-10-300x300.jpg 300w, https:\/\/leaditop.com\/wp-content\/uploads\/2023\/10\/02-10-150x150.jpg 150w, https:\/\/leaditop.com\/wp-content\/uploads\/2023\/10\/02-10-600x600.jpg 600w, https:\/\/leaditop.com\/wp-content\/uploads\/2023\/10\/02-10-100x100.jpg 100w\" sizes=\"(max-width: 400px) 100vw, 400px\" \/><\/p>\n<p>LT310F<\/p>\n<p><img decoding=\"async\" class=\"alignnone wp-image-4086\" src=\"http:\/\/leaditop.com\/wp-content\/uploads\/2025\/06\/310ff-photocell-3.jpg\" alt=\"\" width=\"400\" height=\"400\" srcset=\"https:\/\/leaditop.com\/wp-content\/uploads\/2025\/06\/310ff-photocell-3.jpg 650w, https:\/\/leaditop.com\/wp-content\/uploads\/2025\/06\/310ff-photocell-3-300x300.jpg 300w, https:\/\/leaditop.com\/wp-content\/uploads\/2025\/06\/310ff-photocell-3-150x150.jpg 150w, https:\/\/leaditop.com\/wp-content\/uploads\/2025\/06\/310ff-photocell-3-12x12.jpg 12w, https:\/\/leaditop.com\/wp-content\/uploads\/2025\/06\/310ff-photocell-3-600x600.jpg 600w, https:\/\/leaditop.com\/wp-content\/uploads\/2025\/06\/310ff-photocell-3-100x100.jpg 100w\" sizes=\"(max-width: 400px) 100vw, 400px\" \/><\/p>\n<p>LT310F con tapa parasol y tubo termorretr\u00e1ctil impermeable<\/p>\n<p>Este producto no incluye una tapa de sombreado por defecto en aplicaciones convencionales. Esta tapa solo se selecciona en situaciones especiales donde la l\u00e1mpara debe estar siempre encendida (como s\u00f3tanos, zonas con poca ventilaci\u00f3n, etc.) para evitar un funcionamiento incorrecto del control de iluminaci\u00f3n.<br \/>\nAdem\u00e1s, la capa exterior del cable est\u00e1 reforzada con un tubo termorretr\u00e1ctil, lo que mejora significativamente el rendimiento a prueba de agua y la durabilidad del producto, haci\u00e9ndolo m\u00e1s adecuado para un funcionamiento estable a largo plazo en ambientes exteriores o h\u00famedos.<\/p>\n<p><strong>Caracter\u00edsticas:<\/strong><\/p>\n<p>Admite m\u00faltiples voltajes de entrada<\/p>\n<p>Certificaci\u00f3n CE<\/p>\n<p>Cumple con ANSI C136.24 y UL773A<\/p>\n<p>&nbsp;<\/p>\n<p><strong>Aplicaciones:<\/strong>Nuestro producto es ampliamente utilizado en diversos entornos,<\/p>\n<p>Alumbrado p\u00fablico<\/p>\n<p>Iluminaci\u00f3n LED para exteriores<\/p>\n<p>Iluminaci\u00f3n de carreteras<\/p>\n<p>Iluminaci\u00f3n del estacionamiento<\/p>\n<p>Iluminaci\u00f3n de \u00e1reas p\u00fablicas<\/p>\n<p>Iluminaci\u00f3n de estaciones de tren<\/p>\n<p>Aeropuertos<\/p>\n<p>Granjas<\/p>\n<p>Parques<\/p>\n<p>Escuelas<\/p>","protected":false},"excerpt":{"rendered":"<p>Nuestras fotoc\u00e9lulas para alumbrado p\u00fablico cumplen con la norma ANSI C136.10, lo que proporciona una soluci\u00f3n rentable y fiable para el control automatizado de la iluminaci\u00f3n desde el anochecer hasta el amanecer. Dise\u00f1adas para optimizar el rendimiento del sistema de iluminaci\u00f3n y ahorrar energ\u00eda, estas fotoc\u00e9lulas utilizan circuitos electr\u00f3nicos avanzados y un sensor de luz fototransistor estable para un encendido y apagado constante.<\/p>\n<p>Informaci\u00f3n del producto<br \/>\nModelo: LT310F1F\/2F<br \/>\nEst\u00e1ndar: ANSI C136.24 y UL773A<br \/>\nVoltaje nominal: 120-277 V<br \/>\nCarga nominal: balasto electr\u00f3nico de 1000 W\/1800 VA\/2 A<br \/>\nBalasto electr\u00f3nico de 1000 W\/1800 VA\/5 A<br \/>\nRelaci\u00f3n de encendido\/apagado: 1:1,5<\/p>\n<p>Modo de falla: ENCENDIDO<br \/>\nNiveles de luz de encendido: 10-16 Lux<br \/>\nRetardo de tiempo: 3-15 segundos<br \/>\nInterruptor: &gt;10000 operaciones de encendido\/apagado con carga nominal<br \/>\nConsumo de energ\u00eda: \u2264 0,7 vatios a 120 V CA<br \/>\nSensor de luz: Fototransistor con filtro IR<br \/>\nCarcasa: Policarbonato (PC) resistente a impactos y rayos UV<br \/>\nCable: UL1015 18AWG x 16 cm<\/p>","protected":false},"featured_media":4090,"comment_status":"open","ping_status":"closed","template":"","meta":{"_seopress_robots_primary_cat":"none","_seopress_titles_title":"","_seopress_titles_desc":"","_seopress_robots_index":"","_seopress_analysis_target_kw":""},"product_brand":[],"product_cat":[183,43,31],"product_tag":[],"class_list":{"0":"post-4083","1":"product","2":"type-product","3":"status-publish","4":"has-post-thumbnail","6":"product_cat-product","7":"product_cat-swivel-stem-control","8":"product_cat-wire-in-controllers","10":"first","11":"instock","12":"shipping-taxable","13":"product-type-simple"},"_links":{"self":[{"href":"https:\/\/leaditop.com\/es\/wp-json\/wp\/v2\/product\/4083","targetHints":{"allow":["GET"]}}],"collection":[{"href":"https:\/\/leaditop.com\/es\/wp-json\/wp\/v2\/product"}],"about":[{"href":"https:\/\/leaditop.com\/es\/wp-json\/wp\/v2\/types\/product"}],"replies":[{"embeddable":true,"href":"https:\/\/leaditop.com\/es\/wp-json\/wp\/v2\/comments?post=4083"}],"wp:featuredmedia":[{"embeddable":true,"href":"https:\/\/leaditop.com\/es\/wp-json\/wp\/v2\/media\/4090"}],"wp:attachment":[{"href":"https:\/\/leaditop.com\/es\/wp-json\/wp\/v2\/media?parent=4083"}],"wp:term":[{"taxonomy":"product_brand","embeddable":true,"href":"https:\/\/leaditop.com\/es\/wp-json\/wp\/v2\/product_brand?post=4083"},{"taxonomy":"product_cat","embeddable":true,"href":"https:\/\/leaditop.com\/es\/wp-json\/wp\/v2\/product_cat?post=4083"},{"taxonomy":"product_tag","embeddable":true,"href":"https:\/\/leaditop.com\/es\/wp-json\/wp\/v2\/product_tag?post=4083"}],"curies":[{"name":"gracias","href":"https:\/\/api.w.org\/{rel}","templated":true}]}}