{"id":4702,"date":"2025-09-23T16:50:31","date_gmt":"2025-09-23T08:50:31","guid":{"rendered":"https:\/\/leaditop.com\/?post_type=product&#038;p=4702"},"modified":"2025-09-24T14:15:58","modified_gmt":"2025-09-24T06:15:58","slug":"toma-de-corriente-inalambrica-zhaga-lt600-5-personalizable-altamente-impermeable-ip68","status":"publish","type":"product","link":"https:\/\/leaditop.com\/es\/product\/customizable-highly-waterproof-ip68-wireless-zhaga-socket-lt600-5\/","title":{"rendered":"Toma inal\u00e1mbrica Zhaga LT600-5 personalizable, altamente impermeable y con certificaci\u00f3n IP68"},"content":{"rendered":"<h3><\/h3>\n<p><iframe title=\"La \u00faltima serie de enchufes zhaga tiene un dise\u00f1o altamente resistente al agua, resistente al agua IP68 + admite personalizaci\u00f3n.\" width=\"800\" height=\"450\" src=\"https:\/\/www.youtube.com\/embed\/Y5me3PHf1AY?feature=oembed\" frameborder=\"0\" allow=\"accelerometer; autoplay; clipboard-write; encrypted-media; gyroscope; picture-in-picture; web-share\" referrerpolicy=\"strict-origin-when-cross-origin\" allowfullscreen><\/iframe><\/p>\n<h3>Z\u00f3calos zhaga personalizables, actualmente 6 modelos disponibles<\/h3>\n<p>1.<a href=\"https:\/\/leaditop.com\/es\/product\/ultimos-modelos-1-enchufe-zhaga-de-5-a-y-30-v\/\">Z\u00f3calo zhaga b\u00e1sico:<\/a><\/p>\n<p><a href=\"https:\/\/leaditop.com\/es\/product\/ultimos-modelos-1-enchufe-zhaga-de-5-a-y-30-v\/\"><img fetchpriority=\"high\" decoding=\"async\" class=\"alignnone wp-image-4094 size-full\" src=\"http:\/\/leaditop.com\/wp-content\/uploads\/2025\/06\/zhaga-sensor-4.jpg\" alt=\"\" width=\"650\" height=\"650\" srcset=\"https:\/\/leaditop.com\/wp-content\/uploads\/2025\/06\/zhaga-sensor-4.jpg 650w, https:\/\/leaditop.com\/wp-content\/uploads\/2025\/06\/zhaga-sensor-4-300x300.jpg 300w, https:\/\/leaditop.com\/wp-content\/uploads\/2025\/06\/zhaga-sensor-4-150x150.jpg 150w, https:\/\/leaditop.com\/wp-content\/uploads\/2025\/06\/zhaga-sensor-4-12x12.jpg 12w, https:\/\/leaditop.com\/wp-content\/uploads\/2025\/06\/zhaga-sensor-4-600x600.jpg 600w, https:\/\/leaditop.com\/wp-content\/uploads\/2025\/06\/zhaga-sensor-4-100x100.jpg 100w\" sizes=\"(max-width: 650px) 100vw, 650px\" \/><\/a><\/p>\n<p>2.<a href=\"https:\/\/leaditop.com\/es\/product\/modelos-personalizables-y-mejorados-altamente-impermeables-zhaga-socket-lt600\/\">Z\u00f3calo zhaga-1 mejorado y personalizable<\/a><\/p>\n<p><a href=\"https:\/\/leaditop.com\/es\/product\/modelos-personalizables-y-mejorados-altamente-impermeables-zhaga-socket-lt600\/\"><img decoding=\"async\" class=\"alignnone wp-image-4664 size-full\" src=\"http:\/\/leaditop.com\/wp-content\/uploads\/2025\/09\/zhaga-LT600-3.jpg\" alt=\"\" width=\"650\" height=\"650\" srcset=\"https:\/\/leaditop.com\/wp-content\/uploads\/2025\/09\/zhaga-LT600-3.jpg 650w, https:\/\/leaditop.com\/wp-content\/uploads\/2025\/09\/zhaga-LT600-3-300x300.jpg 300w, https:\/\/leaditop.com\/wp-content\/uploads\/2025\/09\/zhaga-LT600-3-150x150.jpg 150w, https:\/\/leaditop.com\/wp-content\/uploads\/2025\/09\/zhaga-LT600-3-12x12.jpg 12w, https:\/\/leaditop.com\/wp-content\/uploads\/2025\/09\/zhaga-LT600-3-600x600.jpg 600w, https:\/\/leaditop.com\/wp-content\/uploads\/2025\/09\/zhaga-LT600-3-100x100.jpg 100w\" sizes=\"(max-width: 650px) 100vw, 650px\" \/><\/a><\/p>\n<p>3.<a href=\"https:\/\/leaditop.com\/es\/product\/modelos-personalizables-y-mejorados-ip68-altamente-impermeables-zhaga-socket-lt600-2\/\">Z\u00f3calo Zhaga-2 mejorado y personalizable<\/a><\/p>\n<p><a href=\"https:\/\/leaditop.com\/es\/product\/modelos-personalizables-y-mejorados-ip68-altamente-impermeables-zhaga-socket-lt600-2\/\"><img decoding=\"async\" class=\"alignnone size-full wp-image-4673\" src=\"http:\/\/leaditop.com\/wp-content\/uploads\/2025\/09\/zhaga-LT600-5-1.jpg\" alt=\"\" width=\"650\" height=\"650\" srcset=\"https:\/\/leaditop.com\/wp-content\/uploads\/2025\/09\/zhaga-LT600-5-1.jpg 650w, https:\/\/leaditop.com\/wp-content\/uploads\/2025\/09\/zhaga-LT600-5-1-300x300.jpg 300w, https:\/\/leaditop.com\/wp-content\/uploads\/2025\/09\/zhaga-LT600-5-1-150x150.jpg 150w, https:\/\/leaditop.com\/wp-content\/uploads\/2025\/09\/zhaga-LT600-5-1-12x12.jpg 12w, https:\/\/leaditop.com\/wp-content\/uploads\/2025\/09\/zhaga-LT600-5-1-600x600.jpg 600w, https:\/\/leaditop.com\/wp-content\/uploads\/2025\/09\/zhaga-LT600-5-1-100x100.jpg 100w\" sizes=\"(max-width: 650px) 100vw, 650px\" \/><\/a><\/p>\n<p>4.<a href=\"https:\/\/leaditop.com\/es\/product\/zocalo-zhaga-lt600-3-personalizable-altamente-impermeable-e-ip68-con-soporte\/\">Z\u00f3calo Zhaga 3 mejorado y personalizable (con soporte)<\/a><\/p>\n<p><a href=\"https:\/\/leaditop.com\/es\/product\/zocalo-zhaga-lt600-3-personalizable-altamente-impermeable-e-ip68-con-soporte\/\"><img loading=\"lazy\" decoding=\"async\" class=\"alignnone wp-image-4681 size-full\" src=\"http:\/\/leaditop.com\/wp-content\/uploads\/2025\/09\/zhaga-LT600-With-stand-6.jpg\" alt=\"\" width=\"650\" height=\"650\" srcset=\"https:\/\/leaditop.com\/wp-content\/uploads\/2025\/09\/zhaga-LT600-With-stand-6.jpg 650w, https:\/\/leaditop.com\/wp-content\/uploads\/2025\/09\/zhaga-LT600-With-stand-6-300x300.jpg 300w, https:\/\/leaditop.com\/wp-content\/uploads\/2025\/09\/zhaga-LT600-With-stand-6-150x150.jpg 150w, https:\/\/leaditop.com\/wp-content\/uploads\/2025\/09\/zhaga-LT600-With-stand-6-12x12.jpg 12w, https:\/\/leaditop.com\/wp-content\/uploads\/2025\/09\/zhaga-LT600-With-stand-6-600x600.jpg 600w, https:\/\/leaditop.com\/wp-content\/uploads\/2025\/09\/zhaga-LT600-With-stand-6-100x100.jpg 100w\" sizes=\"(max-width: 650px) 100vw, 650px\" \/><\/a><\/p>\n<p>5.<a href=\"https:\/\/leaditop.com\/es\/product\/zocalo-zhaga-lt600-4-personalizable-altamente-impermeable-ip68-con-soporte\/\">Z\u00f3calo Zhaga 4 mejorado y personalizable (con soporte)<\/a><\/p>\n<p><a href=\"https:\/\/leaditop.com\/es\/product\/zocalo-zhaga-lt600-4-personalizable-altamente-impermeable-ip68-con-soporte\/\"><img loading=\"lazy\" decoding=\"async\" class=\"alignnone size-full wp-image-4686\" src=\"http:\/\/leaditop.com\/wp-content\/uploads\/2025\/09\/zhaga-LT600-With-stand5.jpg\" alt=\"\" width=\"650\" height=\"650\" srcset=\"https:\/\/leaditop.com\/wp-content\/uploads\/2025\/09\/zhaga-LT600-With-stand5.jpg 650w, https:\/\/leaditop.com\/wp-content\/uploads\/2025\/09\/zhaga-LT600-With-stand5-300x300.jpg 300w, https:\/\/leaditop.com\/wp-content\/uploads\/2025\/09\/zhaga-LT600-With-stand5-150x150.jpg 150w, https:\/\/leaditop.com\/wp-content\/uploads\/2025\/09\/zhaga-LT600-With-stand5-12x12.jpg 12w, https:\/\/leaditop.com\/wp-content\/uploads\/2025\/09\/zhaga-LT600-With-stand5-600x600.jpg 600w, https:\/\/leaditop.com\/wp-content\/uploads\/2025\/09\/zhaga-LT600-With-stand5-100x100.jpg 100w\" sizes=\"(max-width: 650px) 100vw, 650px\" \/><\/a><\/p>\n<p>6.<a href=\"https:\/\/leaditop.com\/es\/product\/toma-de-corriente-inalambrica-zhaga-lt600-5-personalizable-altamente-impermeable-ip68\/\">Conector Zhaga 5 mejorado y personalizable (inal\u00e1mbrico)<\/a><\/p>\n<p><a href=\"https:\/\/leaditop.com\/es\/product\/toma-de-corriente-inalambrica-zhaga-lt600-5-personalizable-altamente-impermeable-ip68\/\"><img loading=\"lazy\" decoding=\"async\" class=\"alignnone size-full wp-image-4693\" src=\"http:\/\/leaditop.com\/wp-content\/uploads\/2025\/09\/zhaga-socket-600-wireless16.jpg\" alt=\"\" width=\"650\" height=\"650\" srcset=\"https:\/\/leaditop.com\/wp-content\/uploads\/2025\/09\/zhaga-socket-600-wireless16.jpg 650w, https:\/\/leaditop.com\/wp-content\/uploads\/2025\/09\/zhaga-socket-600-wireless16-300x300.jpg 300w, https:\/\/leaditop.com\/wp-content\/uploads\/2025\/09\/zhaga-socket-600-wireless16-150x150.jpg 150w, https:\/\/leaditop.com\/wp-content\/uploads\/2025\/09\/zhaga-socket-600-wireless16-12x12.jpg 12w, https:\/\/leaditop.com\/wp-content\/uploads\/2025\/09\/zhaga-socket-600-wireless16-600x600.jpg 600w, https:\/\/leaditop.com\/wp-content\/uploads\/2025\/09\/zhaga-socket-600-wireless16-100x100.jpg 100w\" sizes=\"(max-width: 650px) 100vw, 650px\" \/><\/a><\/p>\n<p>Accesorios zhaga<\/p>\n<p><img loading=\"lazy\" decoding=\"async\" class=\"alignnone size-full wp-image-4698\" src=\"http:\/\/leaditop.com\/wp-content\/uploads\/2025\/09\/zhaga-Accessories2.jpg\" alt=\"\" width=\"650\" height=\"650\" srcset=\"https:\/\/leaditop.com\/wp-content\/uploads\/2025\/09\/zhaga-Accessories2.jpg 650w, https:\/\/leaditop.com\/wp-content\/uploads\/2025\/09\/zhaga-Accessories2-300x300.jpg 300w, https:\/\/leaditop.com\/wp-content\/uploads\/2025\/09\/zhaga-Accessories2-150x150.jpg 150w, https:\/\/leaditop.com\/wp-content\/uploads\/2025\/09\/zhaga-Accessories2-12x12.jpg 12w, https:\/\/leaditop.com\/wp-content\/uploads\/2025\/09\/zhaga-Accessories2-600x600.jpg 600w, https:\/\/leaditop.com\/wp-content\/uploads\/2025\/09\/zhaga-Accessories2-100x100.jpg 100w\" sizes=\"(max-width: 650px) 100vw, 650px\" \/><\/p>","protected":false},"excerpt":{"rendered":"<p>El LT600 es un enchufe robusto, compatible con Zhaga Book 18, dise\u00f1ado para alumbrado p\u00fablico inteligente y entornos hostiles. Con impermeabilidad IP68, resistencia diel\u00e9ctrica de 10 kV y arandelas de seguridad de acero inoxidable 304 de grado marino, garantiza su fiabilidad en condiciones de alta humedad y niebla salina. Con cables UL1015 de doble crimpado, conectores esta\u00f1ados y tubos termorretr\u00e1ctiles presellados, simplifica la instalaci\u00f3n y prolonga su vida \u00fatil. Su compatibilidad con fotoc\u00e9lulas conforme a ANSI C136.10 y DALI (24 V CC\/DALI\u00b1\/E\/S) lo hacen ideal para sistemas de iluminaci\u00f3n automatizados.<\/p>\n<p>Informaci\u00f3n del producto<br \/>\nModelo: LT600<br \/>\nEst\u00e1ndar: Libro Zhaga 18<br \/>\nClasificaci\u00f3n: 1,5 A, 30 V<br \/>\nResistencia diel\u00e9ctrica: 10 kV a la superficie de montaje<br \/>\nContacto de 4 pines: Pin 1: 24 VCC (cable marr\u00f3n)<br \/>\nPin 2: DALI \u2013 (Cable gris)<br \/>\nPin 3: DALI+ (cable violeta)<br \/>\nPin4: E\/S general (cable azul)<br \/>\nProtecci\u00f3n de entrada: IP65<br \/>\nMateriales de la carcasa: tereftalato de polibutileno resistente a altas temperaturas<br \/>\nJunta: Materiales de silicio<br \/>\nAnillo de montaje: Materiales de aluminio<br \/>\nCable: UL1015 18 AWG x 16 cm<\/p>","protected":false},"featured_media":4693,"comment_status":"open","ping_status":"closed","template":"","meta":{"_seopress_robots_primary_cat":"none","_seopress_titles_title":"","_seopress_titles_desc":"","_seopress_robots_index":""},"product_brand":[],"product_cat":[183,26,35],"product_tag":[205],"class_list":{"0":"post-4702","1":"product","2":"type-product","3":"status-publish","4":"has-post-thumbnail","6":"product_cat-product","7":"product_cat-zhaga-control","8":"product_cat-zhaga-sockcet","9":"product_tag-zhaga-socket","11":"first","12":"instock","13":"shipping-taxable","14":"product-type-simple"},"_links":{"self":[{"href":"https:\/\/leaditop.com\/es\/wp-json\/wp\/v2\/product\/4702","targetHints":{"allow":["GET"]}}],"collection":[{"href":"https:\/\/leaditop.com\/es\/wp-json\/wp\/v2\/product"}],"about":[{"href":"https:\/\/leaditop.com\/es\/wp-json\/wp\/v2\/types\/product"}],"replies":[{"embeddable":true,"href":"https:\/\/leaditop.com\/es\/wp-json\/wp\/v2\/comments?post=4702"}],"wp:featuredmedia":[{"embeddable":true,"href":"https:\/\/leaditop.com\/es\/wp-json\/wp\/v2\/media\/4693"}],"wp:attachment":[{"href":"https:\/\/leaditop.com\/es\/wp-json\/wp\/v2\/media?parent=4702"}],"wp:term":[{"taxonomy":"product_brand","embeddable":true,"href":"https:\/\/leaditop.com\/es\/wp-json\/wp\/v2\/product_brand?post=4702"},{"taxonomy":"product_cat","embeddable":true,"href":"https:\/\/leaditop.com\/es\/wp-json\/wp\/v2\/product_cat?post=4702"},{"taxonomy":"product_tag","embeddable":true,"href":"https:\/\/leaditop.com\/es\/wp-json\/wp\/v2\/product_tag?post=4702"}],"curies":[{"name":"gracias","href":"https:\/\/api.w.org\/{rel}","templated":true}]}}