{"id":4703,"date":"2025-09-23T16:52:51","date_gmt":"2025-09-23T08:52:51","guid":{"rendered":"https:\/\/leaditop.com\/?post_type=product&#038;p=4703"},"modified":"2025-09-23T17:08:06","modified_gmt":"2025-09-23T09:08:06","slug":"controlador-de-iluminacion-zhaga-lt6001-de-12-24-v-cc-conectado","status":"publish","type":"product","link":"https:\/\/leaditop.com\/es\/product\/12-24vdc-zhaga-lighting-controller-lt6001-connected\/","title":{"rendered":"Controlador de iluminaci\u00f3n ZHAGA LT6001 de 12-24 V CC conectado"},"content":{"rendered":"<h3>Diagrama de cableado del sensor Zhaga LT6001<\/h3>\n<p><img fetchpriority=\"high\" decoding=\"async\" class=\"alignnone size-large wp-image-4707\" src=\"http:\/\/leaditop.com\/wp-content\/uploads\/2025\/09\/LT6001-wiring-diagram-1024x580.png\" alt=\"\" width=\"800\" height=\"453\" srcset=\"https:\/\/leaditop.com\/wp-content\/uploads\/2025\/09\/LT6001-wiring-diagram-1024x580.png 1024w, https:\/\/leaditop.com\/wp-content\/uploads\/2025\/09\/LT6001-wiring-diagram-300x170.png 300w, https:\/\/leaditop.com\/wp-content\/uploads\/2025\/09\/LT6001-wiring-diagram-768x435.png 768w, https:\/\/leaditop.com\/wp-content\/uploads\/2025\/09\/LT6001-wiring-diagram-18x10.png 18w, https:\/\/leaditop.com\/wp-content\/uploads\/2025\/09\/LT6001-wiring-diagram-600x340.png 600w, https:\/\/leaditop.com\/wp-content\/uploads\/2025\/09\/LT6001-wiring-diagram.png 1242w\" sizes=\"(max-width: 800px) 100vw, 800px\" \/><\/p>\n<h3>Dimensiones del sensor zhaga LT6001<\/h3>\n<p><img decoding=\"async\" class=\"alignnone size-large wp-image-4708\" src=\"http:\/\/leaditop.com\/wp-content\/uploads\/2025\/09\/LT6001-dimension-1024x528.png\" alt=\"\" width=\"800\" height=\"413\" srcset=\"https:\/\/leaditop.com\/wp-content\/uploads\/2025\/09\/LT6001-dimension-1024x528.png 1024w, https:\/\/leaditop.com\/wp-content\/uploads\/2025\/09\/LT6001-dimension-300x155.png 300w, https:\/\/leaditop.com\/wp-content\/uploads\/2025\/09\/LT6001-dimension-768x396.png 768w, https:\/\/leaditop.com\/wp-content\/uploads\/2025\/09\/LT6001-dimension-18x9.png 18w, https:\/\/leaditop.com\/wp-content\/uploads\/2025\/09\/LT6001-dimension-600x310.png 600w, https:\/\/leaditop.com\/wp-content\/uploads\/2025\/09\/LT6001-dimension.png 1244w\" sizes=\"(max-width: 800px) 100vw, 800px\" \/><\/p>\n<h3>CARACTER\u00cdSTICAS<\/h3>\n<p>\uf06cCumple o supera el LIBRO ZHAGA 18<\/p>\n<p>\uf06cCumple con ROHS.<\/p>\n<p>\uf06cFabricado seg\u00fan certificado ISO.<\/p>\n<p>\uf06cRetardo de apagado de 3 a 10 segundos.<\/p>\n<p>\uf06cProtecci\u00f3n de entrada IP66<\/p>\n<p>&nbsp;<\/p>\n<h3>APLICACIONES<\/h3>\n<p>\uf06c Luminarias LED que requieren control desde el anochecer hasta el amanecer.<\/p>\n<p>\uf06c Alumbrado p\u00fablico y de \u00e1reas<\/p>\n<p>\uf06c Luminarias de exterior<\/p>\n<p>\uf06c Sistema de Gesti\u00f3n de la Ciudad<\/p>\n<p><img decoding=\"async\" class=\"alignnone  wp-image-2836\" src=\"http:\/\/leaditop.com\/wp-content\/uploads\/2024\/09\/zhaga-1.jpg\" alt=\"\" width=\"808\" height=\"431\" srcset=\"https:\/\/leaditop.com\/wp-content\/uploads\/2024\/09\/zhaga-1.jpg 992w, https:\/\/leaditop.com\/wp-content\/uploads\/2024\/09\/zhaga-1-300x160.jpg 300w, https:\/\/leaditop.com\/wp-content\/uploads\/2024\/09\/zhaga-1-768x410.jpg 768w, https:\/\/leaditop.com\/wp-content\/uploads\/2024\/09\/zhaga-1-600x320.jpg 600w\" sizes=\"(max-width: 808px) 100vw, 808px\" \/><\/p>","protected":false},"excerpt":{"rendered":"<p>La interfaz estandarizada ZHAGA BOOK 18 del controlador de iluminaci\u00f3n ZHAGA de LEAD TOP es aplicable al controlador de atenuaci\u00f3n de 0-10 V para controlar los accesorios de iluminaci\u00f3n autom\u00e1ticamente de acuerdo con el nivel de iluminaci\u00f3n natural ambiental, con circuito de microprocesador y fototransistor de filtro IR.<\/p>\n<p>Informaci\u00f3n del producto<br \/>\nModelo: LT6001<br \/>\nEst\u00e1ndar: Libro Zhaga 18<br \/>\nVoltaje nominal: 12-24 VCC<br \/>\nNiveles de luz de encendido: 10-16 Lux<br \/>\nRelaci\u00f3n ON\/OFF: 1:1,5<br \/>\nRetardo de tiempo: 3-10 segundos<br \/>\nTemperatura de funcionamiento: -40\u2103 a +70\u2103<br \/>\nInterruptor: &gt;10000 operaciones de encendido\/apagado<br \/>\nProtecci\u00f3n de entrada: IP66<br \/>\nSensor de luz: \u2264 0,5 vatios<br \/>\nCubierta: Policarbonato resistente a impactos y anti-UV<br \/>\nBase: Tereftalato de polibutileno resistente a altas temperaturas<br \/>\nModo de falla: ENCENDIDO<\/p>","protected":false},"featured_media":4706,"comment_status":"open","ping_status":"closed","template":"","meta":{"_seopress_robots_primary_cat":"none","_seopress_titles_title":"","_seopress_titles_desc":"","_seopress_robots_index":""},"product_brand":[],"product_cat":[34],"product_tag":[],"class_list":{"0":"post-4703","1":"product","2":"type-product","3":"status-publish","4":"has-post-thumbnail","6":"product_cat-zhaga-sensor","8":"first","9":"instock","10":"shipping-taxable","11":"product-type-simple"},"_links":{"self":[{"href":"https:\/\/leaditop.com\/es\/wp-json\/wp\/v2\/product\/4703","targetHints":{"allow":["GET"]}}],"collection":[{"href":"https:\/\/leaditop.com\/es\/wp-json\/wp\/v2\/product"}],"about":[{"href":"https:\/\/leaditop.com\/es\/wp-json\/wp\/v2\/types\/product"}],"replies":[{"embeddable":true,"href":"https:\/\/leaditop.com\/es\/wp-json\/wp\/v2\/comments?post=4703"}],"wp:featuredmedia":[{"embeddable":true,"href":"https:\/\/leaditop.com\/es\/wp-json\/wp\/v2\/media\/4706"}],"wp:attachment":[{"href":"https:\/\/leaditop.com\/es\/wp-json\/wp\/v2\/media?parent=4703"}],"wp:term":[{"taxonomy":"product_brand","embeddable":true,"href":"https:\/\/leaditop.com\/es\/wp-json\/wp\/v2\/product_brand?post=4703"},{"taxonomy":"product_cat","embeddable":true,"href":"https:\/\/leaditop.com\/es\/wp-json\/wp\/v2\/product_cat?post=4703"},{"taxonomy":"product_tag","embeddable":true,"href":"https:\/\/leaditop.com\/es\/wp-json\/wp\/v2\/product_tag?post=4703"}],"curies":[{"name":"gracias","href":"https:\/\/api.w.org\/{rel}","templated":true}]}}