{"id":4713,"date":"2025-09-24T11:32:37","date_gmt":"2025-09-24T03:32:37","guid":{"rendered":"https:\/\/leaditop.com\/?post_type=product&#038;p=4713"},"modified":"2025-09-24T14:09:10","modified_gmt":"2025-09-24T06:09:10","slug":"receptaculo-de-control-de-alumbrado-publico-con-atenuacion-dali-de-0-a-10-v-lt605-7-pines-con-soporte","status":"publish","type":"product","link":"https:\/\/leaditop.com\/es\/product\/0-10v-dali-dimming-street-light-control-receptacle-lt605-7-pin-with-bracket\/","title":{"rendered":"Recept\u00e1culo de control de alumbrado p\u00fablico con atenuaci\u00f3n Dali de 0 a 10 V LT605 de 7 pines con soporte"},"content":{"rendered":"<p><a href=\"https:\/\/leaditop.com\/es\/product\/tomacorriente-para-control-de-alumbrado-publico-con-atenuacion-dali-de-0-a-10-v-lt605-tomacorriente-para-fotocelula-de-7-pines-con-atenuacion-dali-de-0-a-10-v-0-a-10-v\/\">LT605 RECEPT\u00c1CULO DE 7 PINES<\/a><\/p>\n<p><img fetchpriority=\"high\" decoding=\"async\" class=\"alignnone wp-image-3924 size-full\" src=\"http:\/\/leaditop.com\/wp-content\/uploads\/2024\/10\/LT-605-04.jpg\" alt=\"\" width=\"650\" height=\"650\" srcset=\"https:\/\/leaditop.com\/wp-content\/uploads\/2024\/10\/LT-605-04.jpg 650w, https:\/\/leaditop.com\/wp-content\/uploads\/2024\/10\/LT-605-04-300x300.jpg 300w, https:\/\/leaditop.com\/wp-content\/uploads\/2024\/10\/LT-605-04-150x150.jpg 150w, https:\/\/leaditop.com\/wp-content\/uploads\/2024\/10\/LT-605-04-600x600.jpg 600w, https:\/\/leaditop.com\/wp-content\/uploads\/2024\/10\/LT-605-04-100x100.jpg 100w\" sizes=\"(max-width: 650px) 100vw, 650px\" \/><\/p>\n<p><a href=\"https:\/\/leaditop.com\/es\/product\/receptaculo-de-control-de-alumbrado-publico-con-atenuacion-dali-de-0-a-10-v-lt605-7-pines-con-soporte\/\">LT605 7PIN con soporte<\/a><\/p>\n<p><img decoding=\"async\" class=\"alignnone size-full wp-image-4715\" src=\"http:\/\/leaditop.com\/wp-content\/uploads\/2025\/09\/LT605-7PIN-With-Stand-2.jpg\" alt=\"\" width=\"650\" height=\"650\" srcset=\"https:\/\/leaditop.com\/wp-content\/uploads\/2025\/09\/LT605-7PIN-With-Stand-2.jpg 650w, https:\/\/leaditop.com\/wp-content\/uploads\/2025\/09\/LT605-7PIN-With-Stand-2-300x300.jpg 300w, https:\/\/leaditop.com\/wp-content\/uploads\/2025\/09\/LT605-7PIN-With-Stand-2-150x150.jpg 150w, https:\/\/leaditop.com\/wp-content\/uploads\/2025\/09\/LT605-7PIN-With-Stand-2-12x12.jpg 12w, https:\/\/leaditop.com\/wp-content\/uploads\/2025\/09\/LT605-7PIN-With-Stand-2-600x600.jpg 600w, https:\/\/leaditop.com\/wp-content\/uploads\/2025\/09\/LT605-7PIN-With-Stand-2-100x100.jpg 100w\" sizes=\"(max-width: 650px) 100vw, 650px\" \/><\/p>\n<p><a href=\"https:\/\/leaditop.com\/es\/product\/interruptor-fotoelectrico-inteligente-de-7-pines-compatible-con-receptaculo-de-atenuacion-bloqueo-giratorio-controlador-automatico-de-alumbrado-publico\/\">RECEPT\u00c1CULO LT605 GIRATORIO DE 360\u00b0<\/a><\/p>\n<p><img decoding=\"async\" class=\"alignnone size-full wp-image-2821\" src=\"http:\/\/leaditop.com\/wp-content\/uploads\/2024\/09\/LT605R-360\u00b0Tool-Rotatable-Dimming-7P-Connector.jpg\" alt=\"\" width=\"650\" height=\"650\" srcset=\"https:\/\/leaditop.com\/wp-content\/uploads\/2024\/09\/LT605R-360\u00b0Tool-Rotatable-Dimming-7P-Connector.jpg 650w, https:\/\/leaditop.com\/wp-content\/uploads\/2024\/09\/LT605R-360\u00b0Tool-Rotatable-Dimming-7P-Connector-300x300.jpg 300w, https:\/\/leaditop.com\/wp-content\/uploads\/2024\/09\/LT605R-360\u00b0Tool-Rotatable-Dimming-7P-Connector-150x150.jpg 150w, https:\/\/leaditop.com\/wp-content\/uploads\/2024\/09\/LT605R-360\u00b0Tool-Rotatable-Dimming-7P-Connector-600x600.jpg 600w, https:\/\/leaditop.com\/wp-content\/uploads\/2024\/09\/LT605R-360\u00b0Tool-Rotatable-Dimming-7P-Connector-100x100.jpg 100w\" sizes=\"(max-width: 650px) 100vw, 650px\" \/><\/p>\n<p><a href=\"https:\/\/leaditop.com\/es\/product\/receptaculo-para-fotocelula-de-7-pines-lt605-con-grado-de-impermeabilidad-ip67\/\">Recept\u00e1culo para fotoc\u00e9lula LT605 de 7 pines con certificaci\u00f3n IP67 de alta impermeabilidad<\/a><\/p>\n<p><img loading=\"lazy\" decoding=\"async\" class=\"alignnone size-full wp-image-4059\" src=\"http:\/\/leaditop.com\/wp-content\/uploads\/2025\/06\/LT605-IP67-receptacle-1.jpg\" alt=\"\" width=\"650\" height=\"650\" srcset=\"https:\/\/leaditop.com\/wp-content\/uploads\/2025\/06\/LT605-IP67-receptacle-1.jpg 650w, https:\/\/leaditop.com\/wp-content\/uploads\/2025\/06\/LT605-IP67-receptacle-1-300x300.jpg 300w, https:\/\/leaditop.com\/wp-content\/uploads\/2025\/06\/LT605-IP67-receptacle-1-150x150.jpg 150w, https:\/\/leaditop.com\/wp-content\/uploads\/2025\/06\/LT605-IP67-receptacle-1-12x12.jpg 12w, https:\/\/leaditop.com\/wp-content\/uploads\/2025\/06\/LT605-IP67-receptacle-1-600x600.jpg 600w, https:\/\/leaditop.com\/wp-content\/uploads\/2025\/06\/LT605-IP67-receptacle-1-100x100.jpg 100w\" sizes=\"(max-width: 650px) 100vw, 650px\" \/><\/p>\n<p>&nbsp;<\/p>\n<p>&nbsp;<\/p>\n<h3>Caracter\u00edsticas:<\/h3>\n<p>Admite m\u00faltiples voltajes de entrada<\/p>\n<p>Certificaci\u00f3n CE<\/p>\n<p>Cumple con ANSI C136.24 y UL773A<\/p>\n<p>&nbsp;<\/p>\n<h3>Aplicaciones:<\/h3>\n<p>Nuestro producto es ampliamente utilizado en diversos entornos,<\/p>\n<p>Alumbrado p\u00fablico<\/p>\n<p>Iluminaci\u00f3n LED para exteriores<\/p>\n<p>Iluminaci\u00f3n de carreteras<\/p>\n<p>Iluminaci\u00f3n del estacionamiento<\/p>\n<p>Iluminaci\u00f3n de \u00e1reas p\u00fablicas<\/p>\n<p>Iluminaci\u00f3n de estaciones de tren<\/p>\n<p>Aeropuertos<\/p>\n<p>Granjas<\/p>\n<p>Parques<\/p>\n<p>Escuelas<\/p>","protected":false},"excerpt":{"rendered":"<p>Recept\u00e1culo de la serie LT605, nuevo recept\u00e1culo de regulaci\u00f3n conforme a la norma ANSI C136.41, ideal para iluminaci\u00f3n exterior comercial y de servicios p\u00fablicos. Este recept\u00e1culo de regulaci\u00f3n, conforme a la norma ANSI C136.41, est\u00e1 disponible con 5 o 7 cables y 2 o 4 contactos de regulaci\u00f3n para admitir m\u00e9todos de regulaci\u00f3n de 0-30 VCC o la Interfaz de Iluminaci\u00f3n Direccionable Digital (DALI), a la vez que proporciona una interconexi\u00f3n de alimentaci\u00f3n fiable con tres robustos contactos de bloqueo por giro.<\/p>\n<p>Informaci\u00f3n del producto<br \/>\nModelo: LT605-Con soporte<br \/>\nEst\u00e1ndar: ANSI C136.41 y UL773<br \/>\nVoltaje nominal: Contactos de alimentaci\u00f3n: 480 V<br \/>\nContactos de atenuaci\u00f3n: 30 V<br \/>\nCorriente nominal: Contactos de potencia: 15 A<br \/>\nContactos de atenuaci\u00f3n: 250 mA<br \/>\nHumedad relacionada: 99%<br \/>\nAislamiento: 3000 V\/60 Hz\/1 min<br \/>\nCarcasa: baquelita<br \/>\n7 posiciones: 3 contactos de alimentaci\u00f3n, 4 contactos de atenuaci\u00f3n\/se\u00f1al<br \/>\nCable: L\u00ednea de alimentaci\u00f3n: UL1015 14AWG x 30 cm<br \/>\nL\u00ednea de se\u00f1al: UL1015 18AWG x 30 cm<br \/>\nAccesorio: Junta de silicona<\/p>","protected":false},"featured_media":4716,"comment_status":"open","ping_status":"closed","template":"","meta":{"_seopress_robots_primary_cat":"none","_seopress_titles_title":"","_seopress_titles_desc":"","_seopress_robots_index":""},"product_brand":[],"product_cat":[39],"product_tag":[],"class_list":{"0":"post-4713","1":"product","2":"type-product","3":"status-publish","4":"has-post-thumbnail","6":"product_cat-nema-7-pin-receptacle","8":"first","9":"instock","10":"shipping-taxable","11":"product-type-simple"},"_links":{"self":[{"href":"https:\/\/leaditop.com\/es\/wp-json\/wp\/v2\/product\/4713","targetHints":{"allow":["GET"]}}],"collection":[{"href":"https:\/\/leaditop.com\/es\/wp-json\/wp\/v2\/product"}],"about":[{"href":"https:\/\/leaditop.com\/es\/wp-json\/wp\/v2\/types\/product"}],"replies":[{"embeddable":true,"href":"https:\/\/leaditop.com\/es\/wp-json\/wp\/v2\/comments?post=4713"}],"wp:featuredmedia":[{"embeddable":true,"href":"https:\/\/leaditop.com\/es\/wp-json\/wp\/v2\/media\/4716"}],"wp:attachment":[{"href":"https:\/\/leaditop.com\/es\/wp-json\/wp\/v2\/media?parent=4713"}],"wp:term":[{"taxonomy":"product_brand","embeddable":true,"href":"https:\/\/leaditop.com\/es\/wp-json\/wp\/v2\/product_brand?post=4713"},{"taxonomy":"product_cat","embeddable":true,"href":"https:\/\/leaditop.com\/es\/wp-json\/wp\/v2\/product_cat?post=4713"},{"taxonomy":"product_tag","embeddable":true,"href":"https:\/\/leaditop.com\/es\/wp-json\/wp\/v2\/product_tag?post=4713"}],"curies":[{"name":"gracias","href":"https:\/\/api.w.org\/{rel}","templated":true}]}}