{"id":5256,"date":"2026-01-09T14:26:23","date_gmt":"2026-01-09T06:26:23","guid":{"rendered":"https:\/\/leaditop.com\/?post_type=product&#038;p=5256"},"modified":"2026-01-09T14:33:05","modified_gmt":"2026-01-09T06:33:05","slug":"cubierta-y-base-del-interruptor-de-fotocelula-inalambrica-para-farola-de-ciudad-inteligente","status":"publish","type":"product","link":"https:\/\/leaditop.com\/es\/product\/smart-city-street-light-wireless-photocell-switch-cover-and-base\/","title":{"rendered":"Cubierta y base del interruptor de fotoc\u00e9lula inal\u00e1mbrico para farola de ciudad inteligente"},"content":{"rendered":"<h3><img fetchpriority=\"high\" decoding=\"async\" class=\"alignnone  wp-image-5259\" src=\"http:\/\/leaditop.com\/wp-content\/uploads\/2026\/01\/3\u2018.jpg\" alt=\"\" width=\"727\" height=\"727\" srcset=\"https:\/\/leaditop.com\/wp-content\/uploads\/2026\/01\/3\u2018.jpg 650w, https:\/\/leaditop.com\/wp-content\/uploads\/2026\/01\/3\u2018-300x300.jpg 300w, https:\/\/leaditop.com\/wp-content\/uploads\/2026\/01\/3\u2018-150x150.jpg 150w, https:\/\/leaditop.com\/wp-content\/uploads\/2026\/01\/3\u2018-12x12.jpg 12w, https:\/\/leaditop.com\/wp-content\/uploads\/2026\/01\/3\u2018-600x600.jpg 600w, https:\/\/leaditop.com\/wp-content\/uploads\/2026\/01\/3\u2018-100x100.jpg 100w\" sizes=\"(max-width: 727px) 100vw, 727px\" \/><\/h3>\n<h3>DIMENSI\u00d3N<\/h3>\n<p><img decoding=\"async\" class=\"alignnone  wp-image-3036\" src=\"http:\/\/leaditop.com\/wp-content\/uploads\/2023\/10\/DIMENSION-100-848x1024.png\" alt=\"\" width=\"800\" height=\"966\" srcset=\"https:\/\/leaditop.com\/wp-content\/uploads\/2023\/10\/DIMENSION-100-848x1024.png 848w, https:\/\/leaditop.com\/wp-content\/uploads\/2023\/10\/DIMENSION-100-248x300.png 248w, https:\/\/leaditop.com\/wp-content\/uploads\/2023\/10\/DIMENSION-100-768x927.png 768w, https:\/\/leaditop.com\/wp-content\/uploads\/2023\/10\/DIMENSION-100-1272x1536.png 1272w, https:\/\/leaditop.com\/wp-content\/uploads\/2023\/10\/DIMENSION-100-600x724.png 600w, https:\/\/leaditop.com\/wp-content\/uploads\/2023\/10\/DIMENSION-100.png 1466w\" sizes=\"(max-width: 800px) 100vw, 800px\" \/><\/p>\n<h2>Aplicaciones:Nuestro producto es ampliamente utilizado en diversos entornos.<\/h2>\n<ul>\n<li>Alumbrado p\u00fablico<\/li>\n<li>Iluminaci\u00f3n LED para exteriores<\/li>\n<li>Iluminaci\u00f3n de carreteras<\/li>\n<li>Iluminaci\u00f3n del estacionamiento<\/li>\n<li>Iluminaci\u00f3n de \u00e1reas p\u00fablicas<\/li>\n<li>Iluminaci\u00f3n de estaciones de tren<\/li>\n<li>Aeropuertos<\/li>\n<li>Granjas<\/li>\n<li>Parques<\/li>\n<li>Escuelas<\/li>\n<\/ul>","protected":false},"excerpt":{"rendered":"<p>Nuestras fotoc\u00e9lulas para alumbrado p\u00fablico cumplen con la norma ANSI C136.10, lo que proporciona una soluci\u00f3n rentable y fiable para el control automatizado de la iluminaci\u00f3n desde el anochecer hasta el amanecer. Dise\u00f1adas para optimizar el rendimiento del sistema de iluminaci\u00f3n y ahorrar energ\u00eda, estas fotoc\u00e9lulas utilizan circuitos electr\u00f3nicos avanzados y un sensor de luz fototransistor estable para un encendido y apagado constante.<\/p>\n<p><strong>ESPECIFICACI\u00d3N T\u00c9CNICA<\/strong><br \/>\nBASE LT100B-5 PINES Y 7 PINES<br \/>\nNorma: ANSI C136.41-2013<br \/>\nTensi\u00f3n nominal: 0-480 V CA (contacto: 0-30 V CC)<br \/>\nPotencia de carga nominal: 15 A (contacto: 250 mA)<br \/>\nBase: Resistencia a altas temperaturas<br \/>\nTereftalato de polibutileno (PBT)<br \/>\nClavija de alimentaci\u00f3n: lat\u00f3n con hojalata<br \/>\nPin de contacto: cobre fosforado con esta\u00f1ado y<br \/>\nchapado en oro en el segmento de contacto<br \/>\n5 posiciones: 3 contactos de potencia<br \/>\n2 contactos de atenuaci\u00f3n\/se\u00f1alizaci\u00f3n<br \/>\n7 Posici\u00f3n: 3 contactos de potencia<br \/>\n4 contactos de atenuaci\u00f3n\/se\u00f1alizaci\u00f3n<br \/>\nTemperatura de funcionamiento: -40 \u2103 a +70 \u2103<\/p>\n<p>CUBIERTA LT100C \u2013 C3090 y C3100 y C3130<br \/>\nMaterial: Resistencia al impacto anti-UV<br \/>\nPolicarbonato<br \/>\nEspesor: 3 mm<br \/>\nAltura:<br \/>\nLT100C-C3090: 90 mm<br \/>\nLT100C-C3100: 100 mm<br \/>\nLT100C-C3130: 130 mm<br \/>\nTemperatura de funcionamiento: -40 \u2103 a +70 \u2103<br \/>\nColor: Negro transparente<\/p>","protected":false},"featured_media":5259,"comment_status":"open","ping_status":"closed","template":"","meta":{"_seopress_robots_primary_cat":"none","_seopress_titles_title":"","_seopress_titles_desc":"","_seopress_robots_index":""},"product_brand":[],"product_cat":[33],"product_tag":[],"class_list":{"0":"post-5256","1":"product","2":"type-product","3":"status-publish","4":"has-post-thumbnail","6":"product_cat-photocell-switch-fittings","8":"first","9":"instock","10":"shipping-taxable","11":"product-type-simple"},"_links":{"self":[{"href":"https:\/\/leaditop.com\/es\/wp-json\/wp\/v2\/product\/5256","targetHints":{"allow":["GET"]}}],"collection":[{"href":"https:\/\/leaditop.com\/es\/wp-json\/wp\/v2\/product"}],"about":[{"href":"https:\/\/leaditop.com\/es\/wp-json\/wp\/v2\/types\/product"}],"replies":[{"embeddable":true,"href":"https:\/\/leaditop.com\/es\/wp-json\/wp\/v2\/comments?post=5256"}],"wp:featuredmedia":[{"embeddable":true,"href":"https:\/\/leaditop.com\/es\/wp-json\/wp\/v2\/media\/5259"}],"wp:attachment":[{"href":"https:\/\/leaditop.com\/es\/wp-json\/wp\/v2\/media?parent=5256"}],"wp:term":[{"taxonomy":"product_brand","embeddable":true,"href":"https:\/\/leaditop.com\/es\/wp-json\/wp\/v2\/product_brand?post=5256"},{"taxonomy":"product_cat","embeddable":true,"href":"https:\/\/leaditop.com\/es\/wp-json\/wp\/v2\/product_cat?post=5256"},{"taxonomy":"product_tag","embeddable":true,"href":"https:\/\/leaditop.com\/es\/wp-json\/wp\/v2\/product_tag?post=5256"}],"curies":[{"name":"gracias","href":"https:\/\/api.w.org\/{rel}","templated":true}]}}