{"id":5780,"date":"2026-04-16T16:27:26","date_gmt":"2026-04-16T08:27:26","guid":{"rendered":"https:\/\/leaditop.com\/?post_type=product&#038;p=5780"},"modified":"2026-04-16T17:13:58","modified_gmt":"2026-04-16T09:13:58","slug":"sistema-completo-de-control-de-fotocelulas-lt104-645-645b-disenado-para-proyectos-de-iluminacion-exterior-en-mexico-y-mercados-globales","status":"publish","type":"product","link":"https:\/\/leaditop.com\/es\/product\/complete-photocell-control-system-lt104-645-645b-designed-for-outdoor-lighting-projects-in-mexico-and-global-markets\/","title":{"rendered":"Sistema completo de control de fotoc\u00e9lulas (LT104 + 645\/645B) dise\u00f1ado para proyectos de iluminaci\u00f3n exterior en M\u00e9xico y mercados globales."},"content":{"rendered":"<h3><img fetchpriority=\"high\" decoding=\"async\" class=\"alignnone size-large wp-image-5761\" src=\"http:\/\/leaditop.com\/wp-content\/uploads\/2026\/04\/Outdoor-Lighting-Projects-in-Mexico-1024x576.jpg\" alt=\"\" width=\"800\" height=\"450\" srcset=\"https:\/\/leaditop.com\/wp-content\/uploads\/2026\/04\/Outdoor-Lighting-Projects-in-Mexico-1024x576.jpg 1024w, https:\/\/leaditop.com\/wp-content\/uploads\/2026\/04\/Outdoor-Lighting-Projects-in-Mexico-300x169.jpg 300w, https:\/\/leaditop.com\/wp-content\/uploads\/2026\/04\/Outdoor-Lighting-Projects-in-Mexico-768x432.jpg 768w, https:\/\/leaditop.com\/wp-content\/uploads\/2026\/04\/Outdoor-Lighting-Projects-in-Mexico-1536x864.jpg 1536w, https:\/\/leaditop.com\/wp-content\/uploads\/2026\/04\/Outdoor-Lighting-Projects-in-Mexico-18x10.jpg 18w, https:\/\/leaditop.com\/wp-content\/uploads\/2026\/04\/Outdoor-Lighting-Projects-in-Mexico-600x338.jpg 600w, https:\/\/leaditop.com\/wp-content\/uploads\/2026\/04\/Outdoor-Lighting-Projects-in-Mexico.jpg 1600w\" sizes=\"(max-width: 800px) 100vw, 800px\" \/><\/h3>\n<h2 data-section-id=\"1c0sjkj\" data-start=\"729\" data-end=\"775\">Simplifica la instalaci\u00f3n de tu iluminaci\u00f3n exterior.<\/h2>\n<p data-start=\"777\" data-end=\"960\">Este sistema completo de control de fotoc\u00e9lulas combina el <strong data-start=\"829\" data-end=\"855\">Controlador fotoel\u00e9ctrico LT104<\/strong> con <strong data-start=\"829\" data-end=\"855\">LT<\/strong><strong data-start=\"861\" data-end=\"890\">Base y tapa 645 \/ 645B<\/strong>, proporcionando una soluci\u00f3n lista para instalar para proyectos de iluminaci\u00f3n exterior.Dise\u00f1ado para proyectos de iluminaci\u00f3n exterior en <strong>M\u00e9xico y los mercados globales<\/strong>.<\/p>\n<p data-start=\"962\" data-end=\"1024\">Sin problemas de compatibilidad. Sin necesidad de comprar nada adicional. Simplemente conectar y usar.<\/p>\n<h3 data-section-id=\"1xxf8r4\" data-start=\"1031\" data-end=\"1038\">CTA<\/h3>\n<p data-start=\"1040\" data-end=\"1098\"><a href=\"https:\/\/leaditop.com\/es\/contacto\/\">\ud83d\udc49 Solicitar precio del kit completo<\/a><br data-start=\"1067\" data-end=\"1070\" \/>\ud83d\udc49 <a href=\"https:\/\/leaditop.com\/es\/contacto\/\" target=\"_blank\" rel=\"noopener\">Obtenga la ficha t\u00e9cnica.<\/a><\/p>\n<h2 data-section-id=\"107nyvd\" data-start=\"1119\" data-end=\"1162\">\u00bfCansado de comprar componentes por separado?<\/h2>\n<ul data-start=\"1164\" data-end=\"1312\">\n<li data-section-id=\"1ueqey2\" data-start=\"1164\" data-end=\"1201\">La fotoc\u00e9lula y el z\u00f3calo no coinciden.<\/li>\n<li data-section-id=\"rlxy7k\" data-start=\"1202\" data-end=\"1239\">Problemas de compatibilidad de instalaci\u00f3n<\/li>\n<li data-section-id=\"ivnxzb\" data-start=\"1240\" data-end=\"1279\">Retrasos causados por m\u00faltiples proveedores<\/li>\n<li data-section-id=\"1dvsom1\" data-start=\"1280\" data-end=\"1312\">Mayor complejidad del proyecto<\/li>\n<\/ul>\n<p data-start=\"1314\" data-end=\"1367\">\ud83d\udc49 Nuestra soluci\u00f3n integrada resuelve todos estos problemas.<\/p>\n<h2 data-section-id=\"tz3rre\" data-start=\"1386\" data-end=\"1416\">\u00bfQu\u00e9 incluye el kit?<\/h2>\n<h3 data-section-id=\"ge3g06\" data-start=\"1418\" data-end=\"1448\">1\ufe0f\u20e3 <a href=\"https:\/\/leaditop.com\/es\/product\/fotocelda-farola-led-fotocelula-sensor-control-iluminacion-fotocontrol-sensor-fotoelectrico-interruptor\/\" target=\"_blank\" rel=\"noopener\">Controlador de fotos LT104<\/a><\/h3>\n<p><iframe title=\"Sensor fotoel\u00e9ctrico para farola LED Fotocelda LT104 l Interruptor fotoel\u00e9ctrico # Fotocelda # fotoc\u00e9lula\" width=\"800\" height=\"450\" src=\"https:\/\/www.youtube.com\/embed\/Ydc493mXc7Y?feature=oembed\" frameborder=\"0\" allow=\"accelerometer; autoplay; clipboard-write; encrypted-media; gyroscope; picture-in-picture; web-share\" referrerpolicy=\"strict-origin-when-cross-origin\" allowfullscreen><\/iframe><\/p>\n<ul data-start=\"1450\" data-end=\"1686\">\n<li data-section-id=\"18vn82q\" data-start=\"1450\" data-end=\"1488\">Admite corriente alterna de 120\u2013277 V y corriente continua de 12\/24 V.<\/li>\n<li data-section-id=\"hndr5y\" data-start=\"1489\" data-end=\"1539\">Compatible con LED, HID, fluorescentes y hal\u00f3genos.<\/li>\n<li data-section-id=\"cvwglc\" data-start=\"1540\" data-end=\"1575\">Cumple con ANSI C136.24 y UL773A<\/li>\n<li data-section-id=\"xt5cwg\" data-start=\"1576\" data-end=\"1618\">Funci\u00f3n de retardo integrada (3\u201310 segundos)<\/li>\n<li data-section-id=\"ewl08l\" data-start=\"1619\" data-end=\"1656\">Protecci\u00f3n contra sobretensiones MOV (160 julios)<\/li>\n<li data-section-id=\"1tbqwj7\" data-start=\"1657\" data-end=\"1686\">IP65 (IP66\/IP67 opcional)<\/li>\n<\/ul>\n<h3 data-section-id=\"1t1orqe\" data-start=\"1693\" data-end=\"1726\">2\ufe0f\u20e3<a href=\"https:\/\/leaditop.com\/es\/product\/zocalo-para-fotocelula-con-cierre-de-giro-pintwist-ip66-ansi-c136-41-nema-3-ultrafino\/\" target=\"_blank\" rel=\"noopener\">LT645<\/a> \/<a href=\"https:\/\/leaditop.com\/es\/product\/fotocelula-electronica-de-3-pines-con-base-nema-de-alta-calidad-interruptor-de-fotocontrol-de-3-pines-sensor-exterior-interruptor-de-luz-diurna-y-nocturna\/\" target=\"_blank\" rel=\"noopener\"> Recapt\u00e1culo LT645B<\/a><\/h3>\n<ul data-start=\"1728\" data-end=\"1903\">\n<li data-section-id=\"15ah4vp\" data-start=\"1728\" data-end=\"1779\">Casquillo est\u00e1ndar para fotoc\u00e9lula para una f\u00e1cil instalaci\u00f3n.<\/li>\n<li data-section-id=\"1cwte1s\" data-start=\"1780\" data-end=\"1825\">Alta resistencia a la intemperie para uso en exteriores.<\/li>\n<li data-section-id=\"155ylg8\" data-start=\"1826\" data-end=\"1865\">Conexi\u00f3n fiable con el controlador<\/li>\n<li data-section-id=\"h2loy0\" data-start=\"1866\" data-end=\"1903\">Dise\u00f1ado para una durabilidad a largo plazo<\/li>\n<\/ul>\n<h2 data-section-id=\"14aymuq\" data-start=\"1926\" data-end=\"1968\">\u00bfPor qu\u00e9 elegir este kit completo de fotoc\u00e9lulas?<\/h2>\n<p data-start=\"1970\" data-end=\"2116\">\u2714 Instalaci\u00f3n plug-and-play<br data-start=\"1998\" data-end=\"2001\" \/>\u2714 Compatibilidad garantizada<br data-start=\"2027\" data-end=\"2030\" \/>\u2714 Tiempo de abastecimiento reducido<br data-start=\"2053\" data-end=\"2056\" \/>\u2714 Menor riesgo del proyecto<br data-start=\"2076\" data-end=\"2079\" \/>\u2714 Adecuado para proyectos de gran envergadura<\/p>\n<p data-start=\"2118\" data-end=\"2171\">\ud83d\udc49 Especialmente ideal para contratistas y distribuidores.<\/p>\n<h2 data-section-id=\"1umx629\" data-start=\"2196\" data-end=\"2235\">Dise\u00f1ado para aplicaciones del mundo real.<\/h2>\n<p data-start=\"2237\" data-end=\"2252\">Ampliamente utilizado en:<\/p>\n<ul data-start=\"2254\" data-end=\"2371\">\n<li data-section-id=\"br0xiv\" data-start=\"2254\" data-end=\"2273\">Alumbrado p\u00fablico<\/li>\n<li data-section-id=\"18l1mdz\" data-start=\"2274\" data-end=\"2294\">Iluminaci\u00f3n de carreteras<\/li>\n<li data-section-id=\"1ewazpg\" data-start=\"2295\" data-end=\"2311\">estacionamientos<\/li>\n<li data-section-id=\"1wjwxot\" data-start=\"2312\" data-end=\"2328\">\u00e1reas p\u00fablicas<\/li>\n<li data-section-id=\"1jlxiqq\" data-start=\"2329\" data-end=\"2349\">Zonas industriales<\/li>\n<li data-section-id=\"1ntaav3\" data-start=\"2350\" data-end=\"2371\">Parques y escuelas<\/li>\n<\/ul>\n<p data-start=\"2373\" data-end=\"2452\">\ud83d\udc49 Soluci\u00f3n comprobada para proyectos de iluminaci\u00f3n exterior en M\u00e9xico y mercados similares.<\/p>\n<h2>Personalizaci\u00f3n disponible<\/h2>\n<ul data-start=\"2502\" data-end=\"2663\">\n<li data-section-id=\"ulpupu\" data-start=\"2502\" data-end=\"2544\">Color de la carcasa (azul, blanco o personalizado)<\/li>\n<li data-section-id=\"153pvsc\" data-start=\"2545\" data-end=\"2579\">Clasificaci\u00f3n IP (IP65 \/ IP66 \/ IP67)<\/li>\n<li data-section-id=\"7vpyus\" data-start=\"2580\" data-end=\"2612\">Ajuste de sensibilidad a la luz<\/li>\n<li data-section-id=\"ar7j7f\" data-start=\"2613\" data-end=\"2637\">Opciones de modo de fallo<\/li>\n<li data-section-id=\"qqg82f\" data-start=\"2638\" data-end=\"2663\">Personalizaci\u00f3n de voltaje<\/li>\n<\/ul>\n<h2 data-section-id=\"1wf2o8t\" data-start=\"2685\" data-end=\"2710\">Fabricaci\u00f3n confiable<\/h2>\n<ul data-start=\"2712\" data-end=\"2810\">\n<li data-section-id=\"1h6yisp\" data-start=\"2712\" data-end=\"2728\">Certificado CE<\/li>\n<li data-section-id=\"c0u2w5\" data-start=\"2729\" data-end=\"2754\">Cumple con la norma UL<\/li>\n<li data-section-id=\"c3hrvc\" data-start=\"2755\" data-end=\"2783\">Sistema de fabricaci\u00f3n ISO<\/li>\n<li data-section-id=\"1unoxk9\" data-start=\"2784\" data-end=\"2810\">Control de calidad estricto<\/li>\n<\/ul>\n<h2 data-section-id=\"yz0j93\" data-start=\"2835\" data-end=\"2855\">F\u00e1cil instalaci\u00f3n<\/h2>\n<ol data-start=\"2857\" data-end=\"3009\">\n<li data-section-id=\"4ainrx\" data-start=\"2857\" data-end=\"2911\">Instale la base 645\/645B en la luminaria.<\/li>\n<li data-section-id=\"1h0rk7f\" data-start=\"2912\" data-end=\"2931\">Conectar el cableado<\/li>\n<li data-section-id=\"1mqvevt\" data-start=\"2932\" data-end=\"2965\">Conecte el controlador LT104<\/li>\n<li data-section-id=\"5gxur9\" data-start=\"2966\" data-end=\"3009\">El sistema controla autom\u00e1ticamente la iluminaci\u00f3n.<\/li>\n<\/ol>\n<p><img decoding=\"async\" class=\"alignnone wp-image-5782\" src=\"http:\/\/leaditop.com\/wp-content\/uploads\/2026\/04\/photocell-and-receptacle-install.jpg\" alt=\"\" width=\"700\" height=\"700\" srcset=\"https:\/\/leaditop.com\/wp-content\/uploads\/2026\/04\/photocell-and-receptacle-install.jpg 900w, https:\/\/leaditop.com\/wp-content\/uploads\/2026\/04\/photocell-and-receptacle-install-300x300.jpg 300w, https:\/\/leaditop.com\/wp-content\/uploads\/2026\/04\/photocell-and-receptacle-install-150x150.jpg 150w, https:\/\/leaditop.com\/wp-content\/uploads\/2026\/04\/photocell-and-receptacle-install-768x768.jpg 768w, https:\/\/leaditop.com\/wp-content\/uploads\/2026\/04\/photocell-and-receptacle-install-12x12.jpg 12w, https:\/\/leaditop.com\/wp-content\/uploads\/2026\/04\/photocell-and-receptacle-install-600x600.jpg 600w, https:\/\/leaditop.com\/wp-content\/uploads\/2026\/04\/photocell-and-receptacle-install-100x100.jpg 100w\" sizes=\"(max-width: 700px) 100vw, 700px\" \/><\/p>\n<h2 data-section-id=\"1kkh1fc\" data-start=\"3030\" data-end=\"3069\">Obtenga su soluci\u00f3n completa de fotoc\u00e9lulas<\/h2>\n<p data-start=\"3071\" data-end=\"3132\">\u00bfBusca un sistema de fotoc\u00e9lulas fiable y listo para instalar?<\/p>\n<p data-start=\"3134\" data-end=\"3155\">Cont\u00e1ctanos hoy para:<\/p>\n<ul data-start=\"3157\" data-end=\"3218\">\n<li data-section-id=\"kcepqd\" data-start=\"3157\" data-end=\"3177\">Precios del kit completo<\/li>\n<li data-section-id=\"10uqc8k\" data-start=\"3178\" data-end=\"3199\">Apoyo t\u00e9cnico<\/li>\n<li data-section-id=\"1o0lk5b\" data-start=\"3200\" data-end=\"3218\">Solicitud de muestra<\/li>\n<\/ul>\n<p data-start=\"3220\" data-end=\"3267\">\ud83d\udc49 <a href=\"mailto:info@leaditop.com\" target=\"_blank\" rel=\"noopener\">Enviar consulta ahora<\/a><br data-start=\"3239\" data-end=\"3242\" \/>\ud83d\udc49<a href=\"https:\/\/api.whatsapp.com\/send\/?phone=8613421437146&amp;text=Welcome+to+Lead-Top+Electrical%21+Looking+for+photocontrols%2C+OEM%2FODM+services%2C+or+product+info%3F+Just+send+us+a+message+and+we%E2%80%99ll+get+back+to+you+quickly.&amp;type=phone_number&amp;app_absent=0\" target=\"_blank\" rel=\"noopener\"> Hable con nuestro ingeniero.<\/a><\/p>","protected":false},"excerpt":{"rendered":"<p>El controlador de iluminaci\u00f3n LT104 es un controlador de iluminaci\u00f3n inteligente y econ\u00f3mico, desarrollado especialmente para el mercado sudamericano, con el objetivo de ayudar a los usuarios a lograr una gesti\u00f3n energ\u00e9tica m\u00e1s eficiente. Este controlador, basado en tecnolog\u00eda avanzada de detecci\u00f3n de luz, ajusta autom\u00e1ticamente el encendido y apagado de los equipos de iluminaci\u00f3n seg\u00fan la intensidad de la luz externa, garantizando el apagado autom\u00e1tico durante el d\u00eda y el encendido autom\u00e1tico durante la noche, reduciendo eficazmente el consumo innecesario de energ\u00eda.<\/p>\n<p>Informaci\u00f3n del producto<br \/>\nModelo: LT104<br \/>\nEst\u00e1ndar: ANSI C136.10 y UL773<br \/>\nVoltaje nominal: 120 V-277 V<br \/>\nCarga nominal: 1000 W\/1800 VA<br \/>\nNiveles de luz de encendido: 5-15 Lux<br \/>\nRelaci\u00f3n de encendido\/apagado: 1:1,5<br \/>\nClasificaci\u00f3n de impermeabilidad: IP65\/66\/67<br \/>\nMOV: 160 julios\/220 julios\/475 julios\/525 julios<\/p>\n<p>Retardo de tiempo: 3-10 segundos<br \/>\nInterruptor: &gt;10000 operaciones de encendido\/apagado con carga nominal<br \/>\nConsumo de energ\u00eda: \u2264 0,5 vatios a 120 V CA<br \/>\nCubierta: polipropileno resistente a impactos y anti-UV<br \/>\nBase: tereftalato de polibutileno resistente a altas temperaturas<br \/>\nModo de falla: APAGADO (opcional: ENCENDIDO)<\/p>","protected":false},"featured_media":5781,"comment_status":"open","ping_status":"closed","template":"","meta":{"_seopress_robots_primary_cat":"none","_seopress_titles_title":"","_seopress_titles_desc":"","_seopress_robots_index":""},"product_brand":[],"product_cat":[37,28,41,30],"product_tag":[],"class_list":{"0":"post-5780","1":"product","2":"type-product","3":"status-publish","4":"has-post-thumbnail","6":"product_cat-nema-3-pin-receptacle","7":"product_cat-nema-connector","8":"product_cat-photocontrollers","9":"product_cat-twist-lock-photocontrollers","11":"first","12":"instock","13":"shipping-taxable","14":"product-type-simple"},"_links":{"self":[{"href":"https:\/\/leaditop.com\/es\/wp-json\/wp\/v2\/product\/5780","targetHints":{"allow":["GET"]}}],"collection":[{"href":"https:\/\/leaditop.com\/es\/wp-json\/wp\/v2\/product"}],"about":[{"href":"https:\/\/leaditop.com\/es\/wp-json\/wp\/v2\/types\/product"}],"replies":[{"embeddable":true,"href":"https:\/\/leaditop.com\/es\/wp-json\/wp\/v2\/comments?post=5780"}],"wp:featuredmedia":[{"embeddable":true,"href":"https:\/\/leaditop.com\/es\/wp-json\/wp\/v2\/media\/5781"}],"wp:attachment":[{"href":"https:\/\/leaditop.com\/es\/wp-json\/wp\/v2\/media?parent=5780"}],"wp:term":[{"taxonomy":"product_brand","embeddable":true,"href":"https:\/\/leaditop.com\/es\/wp-json\/wp\/v2\/product_brand?post=5780"},{"taxonomy":"product_cat","embeddable":true,"href":"https:\/\/leaditop.com\/es\/wp-json\/wp\/v2\/product_cat?post=5780"},{"taxonomy":"product_tag","embeddable":true,"href":"https:\/\/leaditop.com\/es\/wp-json\/wp\/v2\/product_tag?post=5780"}],"curies":[{"name":"gracias","href":"https:\/\/api.w.org\/{rel}","templated":true}]}}