{"id":5859,"date":"2026-05-07T16:39:52","date_gmt":"2026-05-07T08:39:52","guid":{"rendered":"https:\/\/leaditop.com\/?post_type=product&#038;p=5859"},"modified":"2026-05-07T16:59:42","modified_gmt":"2026-05-07T08:59:42","slug":"control-fotoelectrico-electronico-de-tipo-bloqueo-giratorio-de-alto-voltaje-lt124b","status":"publish","type":"product","link":"https:\/\/leaditop.com\/es\/product\/lt124b-high-voltage-twist-lock-eletronic-type-photo-control\/","title":{"rendered":"Control fotoel\u00e9ctrico electr\u00f3nico de tipo giro de alto voltaje LT124B"},"content":{"rendered":"<h3>Caracter\u00edsticas principales del fotocontrol de bloqueo giratorio de alto voltaje LT124B<\/h3>\n<p><img fetchpriority=\"high\" decoding=\"async\" class=\"alignnone size-large wp-image-5860\" src=\"http:\/\/leaditop.com\/wp-content\/uploads\/2026\/05\/LT124B-photocell-1024x522.jpg\" alt=\"\" width=\"800\" height=\"408\" srcset=\"https:\/\/leaditop.com\/wp-content\/uploads\/2026\/05\/LT124B-photocell-1024x522.jpg 1024w, https:\/\/leaditop.com\/wp-content\/uploads\/2026\/05\/LT124B-photocell-300x153.jpg 300w, https:\/\/leaditop.com\/wp-content\/uploads\/2026\/05\/LT124B-photocell-768x391.jpg 768w, https:\/\/leaditop.com\/wp-content\/uploads\/2026\/05\/LT124B-photocell-18x9.jpg 18w, https:\/\/leaditop.com\/wp-content\/uploads\/2026\/05\/LT124B-photocell-600x306.jpg 600w, https:\/\/leaditop.com\/wp-content\/uploads\/2026\/05\/LT124B-photocell.jpg 1472w\" sizes=\"(max-width: 800px) 100vw, 800px\" \/><\/p>\n<h4>Amplia compatibilidad con alto voltaje<\/h4>\n<p>Soportes <strong>120\u2013347 V CA<\/strong> voltaje de entrada, lo que lo hace ideal para sistemas de iluminaci\u00f3n exterior comerciales e industriales.<\/p>\n<h4>Tecnolog\u00eda de detecci\u00f3n de cruce por cero<\/h4>\n<p>Incorporado <strong>Detecci\u00f3n de cruce por cero<\/strong> Reduce el desgaste de los rel\u00e9s y mejora la fiabilidad de la conmutaci\u00f3n para una mayor vida \u00fatil.<\/p>\n<h4>Cumple con las normas ANSI y UL.<\/h4>\n<p>Dise\u00f1ado seg\u00fan <strong>Norma ANSI C136.10<\/strong> y <strong>UL773<\/strong> est\u00e1ndares para garantizar la compatibilidad y la seguridad en aplicaciones de iluminaci\u00f3n exterior.<\/p>\n<h4>Protecci\u00f3n contra sobretensiones de alta resistencia<\/h4>\n<p>Protecci\u00f3n contra sobretensiones opcional hasta <strong>10 kV \/ 5 kA<\/strong>, lo que ayuda a proteger los sistemas de iluminaci\u00f3n contra picos de voltaje y entornos de energ\u00eda inestables.<\/p>\n<h4>Rendimiento fiable en exteriores<\/h4>\n<p>Dise\u00f1ado para entornos exteriores adversos con:<\/p>\n<ul>\n<li>Protecci\u00f3n impermeable IP66<\/li>\n<li>Clasificaci\u00f3n IP67 opcional<\/li>\n<li>Carcasa de policarbonato resistente a los rayos UV<\/li>\n<li>Temperatura de funcionamiento de -40 \u00b0C a +70 \u00b0C.<\/li>\n<\/ul>\n<p><b>ESPECIFICACI\u00d3N T\u00c9CNICA<\/b><\/p>\n<table>\n<thead>\n<tr>\n<th>Par\u00e1metro<\/th>\n<th>Especificaci\u00f3n<\/th>\n<\/tr>\n<\/thead>\n<tbody>\n<tr>\n<td>Modelo<\/td>\n<td>LT124B<\/td>\n<\/tr>\n<tr>\n<td>Tipo de producto<\/td>\n<td>Control fotoel\u00e9ctrico electr\u00f3nico de alto voltaje con bloqueo giratorio<\/td>\n<\/tr>\n<tr>\n<td>Est\u00e1ndar<\/td>\n<td>ANSI C136.10 y UL773<\/td>\n<\/tr>\n<tr>\n<td>Voltaje nominal<\/td>\n<td>120\u2013347 V CA<\/td>\n<\/tr>\n<tr>\n<td>Frecuencia<\/td>\n<td>50\/60 Hz<\/td>\n<\/tr>\n<tr>\n<td>Carga nominal<\/td>\n<td>1000 W \/ 1800 VA<\/td>\n<\/tr>\n<tr>\n<td>Clasificaci\u00f3n de LED<\/td>\n<td>Balasto el\u00e9ctrico 5A<\/td>\n<\/tr>\n<tr>\n<td>Nivel de luz de encendido<\/td>\n<td>10\u201316 Lux<\/td>\n<\/tr>\n<tr>\n<td>Relaci\u00f3n ON\/OFF<\/td>\n<td>1:1.5<\/td>\n<\/tr>\n<tr>\n<td>Retraso<\/td>\n<td>2\u20135 segundos<\/td>\n<\/tr>\n<tr>\n<td>Temperatura de funcionamiento<\/td>\n<td>-40\u00b0C a +70\u00b0C<\/td>\n<\/tr>\n<tr>\n<td>Varistor de \u00f3xido met\u00e1lico (MOV)<\/td>\n<td>342 julios<\/td>\n<\/tr>\n<tr>\n<td>Protecci\u00f3n contra sobretensiones<\/td>\n<td>Est\u00e1ndar 6 kV\/3 kA (opcionalmente mejorado 10 kV\/5 kA)<\/td>\n<\/tr>\n<tr>\n<td>Cambiar de vida<\/td>\n<td>M\u00e1s de 10.000 operaciones de encendido\/apagado a carga nominal.<\/td>\n<\/tr>\n<tr>\n<td>Sensor de luz<\/td>\n<td>Fototransistor de filtro IR<\/td>\n<\/tr>\n<tr>\n<td>Consumo de energ\u00eda<\/td>\n<td>Consumo medio \u2264 0,5 W a 120 V CA<\/td>\n<\/tr>\n<tr>\n<td>Material de portada<\/td>\n<td>Policarbonato resistente a los impactos y a los rayos UV<\/td>\n<\/tr>\n<tr>\n<td>Material base<\/td>\n<td>Tereftalato de polibutileno (PBT) resistente a altas temperaturas<\/td>\n<\/tr>\n<tr>\n<td>Resistencia a las llamas<\/td>\n<td>UL94 V-0<\/td>\n<\/tr>\n<tr>\n<td>Modo de fallo<\/td>\n<td>Encendido\/Apagado (opcional)<\/td>\n<\/tr>\n<tr>\n<td>Protecci\u00f3n contra la entrada<\/td>\n<td>IP66 (opcional: IP67)<\/td>\n<\/tr>\n<tr>\n<td>Color de la carcasa<\/td>\n<td>Naranja est\u00e1ndar (otros colores opcionales)<\/td>\n<\/tr>\n<tr>\n<td>Tensi\u00f3n de funcionamiento m\u00ednima<\/td>\n<td>Funciona con hasta 80 VCA.<\/td>\n<\/tr>\n<tr>\n<td>Certificaciones<\/td>\n<td>Certificado UL, CE<\/td>\n<\/tr>\n<tr>\n<td>Aplicaciones<\/td>\n<td>Alumbrado p\u00fablico, alumbrado de carreteras, aparcamientos, alumbrado de seguridad, alumbrado de zonas p\u00fablicas<\/td>\n<\/tr>\n<\/tbody>\n<\/table>\n<h4>Rel\u00e9 sellado de larga duraci\u00f3n<\/h4>\n<p>Caracter\u00edsticas <strong>rel\u00e9 sellado fiable<\/strong> con m\u00e1s de <strong>10.000 ciclos de encendido\/apagado<\/strong> a carga nominal.<\/p>\n<h4>Dise\u00f1o energ\u00e9ticamente eficiente<\/h4>\n<p>Bajo consumo de energ\u00eda de menos de <strong>0,5 W a 120 V CA<\/strong>, lo que ayuda a reducir el consumo de energ\u00eda en modo de espera.<\/p>\n<h4>Detecci\u00f3n de luz de alta calidad<\/h4>\n<p>Equipado con un <strong>Fototransistor de filtro IR<\/strong> para un control preciso de la iluminaci\u00f3n desde el anochecer hasta el amanecer y una mayor resistencia a las falsas activaciones.<\/p>\n<h4>Carcasa resistente al fuego<\/h4>\n<p>La construcci\u00f3n ign\u00edfuga UL94 V-0 mejora la seguridad y la durabilidad del producto en aplicaciones exigentes.<\/p>\n<hr \/>\n<h3>Personalizaci\u00f3n flexible<\/h3>\n<p>Disponible con:<\/p>\n<ul>\n<li>Cubierta naranja est\u00e1ndar<\/li>\n<li>Colores de carcasa opcionales<\/li>\n<li>Modos de fallo activado\/fallo desactivado<\/li>\n<li>Opciones mejoradas de protecci\u00f3n contra sobretensiones<\/li>\n<li>Protecci\u00f3n IP67 opcional<\/li>\n<\/ul>\n<hr \/>\n<h3>Aplicaciones t\u00edpicas<\/h3>\n<ul>\n<li>Alumbrado p\u00fablico<\/li>\n<li>Iluminaci\u00f3n de carreteras<\/li>\n<li>Iluminaci\u00f3n del estacionamiento<\/li>\n<li>Iluminaci\u00f3n de seguridad<\/li>\n<li>Iluminaci\u00f3n de \u00e1reas p\u00fablicas<\/li>\n<li>Iluminaci\u00f3n industrial para exteriores<\/li>\n<li>Sistemas de alumbrado p\u00fablico inteligente<\/li>\n<\/ul>","protected":false},"excerpt":{"rendered":"<p>El fotocontrol de alto voltaje con bloqueo giratorio LT124B est\u00e1 dise\u00f1ado seg\u00fan las normas **ANSI C136.10** y **UL773** para garantizar una compatibilidad y seguridad fiables en aplicaciones de iluminaci\u00f3n exterior. Su construcci\u00f3n ign\u00edfuga UL94 V-0 mejora la seguridad y durabilidad del producto en aplicaciones exigentes.<\/p>\n<p>Informaci\u00f3n del producto<br \/>\nModelo: LT124B<br \/>\nEst\u00e1ndar: ANSI C136.10 y UL773<br \/>\nTensi\u00f3n nominal: 120V-347V<br \/>\nCarga nominal: 1000 W\/1800 VA<br \/>\nNiveles de luz de encendido: 10-16 Lux<br \/>\nRelaci\u00f3n de encendido\/apagado: 1:1,5<br \/>\nRetardo de tiempo: 2-5 segundos<br \/>\nProtecci\u00f3n contra sobretensiones: 342J<br \/>\nSensor de luz: Fototransistor con filtro IR<br \/>\nInterruptor: &gt;10000 operaciones de encendido\/apagado con carga nominal<br \/>\nConsumo de energ\u00eda: \u2264 0,5 vatios a 120 V CA<br \/>\nCubierta: polipropileno resistente a impactos y anti-UV<br \/>\nBase: tereftalato de polibutileno resistente a altas temperaturas<br \/>\nModo de falla: ENCENDIDO\/APAGADO<br \/>\nGrado de protecci\u00f3n IP: IP66 (Opcional: IP67)<\/p>","protected":false},"featured_media":5861,"comment_status":"open","ping_status":"closed","template":"","meta":{"_seopress_robots_primary_cat":"","_seopress_titles_title":"","_seopress_titles_desc":"","_seopress_robots_index":"","_seopress_analysis_target_kw":""},"product_brand":[],"product_cat":[41,183,30],"product_tag":[],"class_list":{"0":"post-5859","1":"product","2":"type-product","3":"status-publish","4":"has-post-thumbnail","6":"product_cat-photocontrollers","7":"product_cat-product","8":"product_cat-twist-lock-photocontrollers","10":"first","11":"instock","12":"shipping-taxable","13":"product-type-simple"},"_links":{"self":[{"href":"https:\/\/leaditop.com\/es\/wp-json\/wp\/v2\/product\/5859","targetHints":{"allow":["GET"]}}],"collection":[{"href":"https:\/\/leaditop.com\/es\/wp-json\/wp\/v2\/product"}],"about":[{"href":"https:\/\/leaditop.com\/es\/wp-json\/wp\/v2\/types\/product"}],"replies":[{"embeddable":true,"href":"https:\/\/leaditop.com\/es\/wp-json\/wp\/v2\/comments?post=5859"}],"wp:featuredmedia":[{"embeddable":true,"href":"https:\/\/leaditop.com\/es\/wp-json\/wp\/v2\/media\/5861"}],"wp:attachment":[{"href":"https:\/\/leaditop.com\/es\/wp-json\/wp\/v2\/media?parent=5859"}],"wp:term":[{"taxonomy":"product_brand","embeddable":true,"href":"https:\/\/leaditop.com\/es\/wp-json\/wp\/v2\/product_brand?post=5859"},{"taxonomy":"product_cat","embeddable":true,"href":"https:\/\/leaditop.com\/es\/wp-json\/wp\/v2\/product_cat?post=5859"},{"taxonomy":"product_tag","embeddable":true,"href":"https:\/\/leaditop.com\/es\/wp-json\/wp\/v2\/product_tag?post=5859"}],"curies":[{"name":"gracias","href":"https:\/\/api.w.org\/{rel}","templated":true}]}}