{"id":917,"date":"2023-10-27T16:10:00","date_gmt":"2023-10-27T08:10:00","guid":{"rendered":"https:\/\/leaditop.com\/?post_type=product&#038;p=917"},"modified":"2026-03-27T17:31:08","modified_gmt":"2026-03-27T09:31:08","slug":"toma-de-control-de-luz-de-fotocelula-de-bombilla-de-anochecer-a-amanecer","status":"publish","type":"product","link":"https:\/\/leaditop.com\/es\/product\/dusk-to-dawn-bulb-photocell-light-control-socket\/","title":{"rendered":"PORTAEQUIPAJE PARA FOTOC\u00c9LULA DE BOMBILLA DEL ATARDECER AL AMANECER E26\/E27 LT530"},"content":{"rendered":"<h2><img fetchpriority=\"high\" decoding=\"async\" class=\"alignnone size-full wp-image-5685\" src=\"http:\/\/leaditop.com\/wp-content\/uploads\/2023\/10\/LT530.jpg\" alt=\"\" width=\"650\" height=\"650\" srcset=\"https:\/\/leaditop.com\/wp-content\/uploads\/2023\/10\/LT530.jpg 650w, https:\/\/leaditop.com\/wp-content\/uploads\/2023\/10\/LT530-300x300.jpg 300w, https:\/\/leaditop.com\/wp-content\/uploads\/2023\/10\/LT530-150x150.jpg 150w, https:\/\/leaditop.com\/wp-content\/uploads\/2023\/10\/LT530-12x12.jpg 12w, https:\/\/leaditop.com\/wp-content\/uploads\/2023\/10\/LT530-600x600.jpg 600w, https:\/\/leaditop.com\/wp-content\/uploads\/2023\/10\/LT530-100x100.jpg 100w\" sizes=\"(max-width: 650px) 100vw, 650px\" \/><\/h2>\n<p><strong>ESPECIFICACI\u00d3N T\u00c9CNICA<\/strong><\/p>\n<table style=\"height: 754px;\" width=\"646\">\n<tbody>\n<tr>\n<td width=\"170\">Est\u00e1ndar<\/td>\n<td width=\"48\">UL496<\/td>\n<\/tr>\n<tr>\n<td>Voltios nominales<\/td>\n<td>120V\/240V<\/td>\n<\/tr>\n<tr>\n<td>Carga nominal<\/td>\n<td>150 W M\u00e1x.*<\/td>\n<\/tr>\n<tr>\n<td>Frecuencia<\/td>\n<td>50\/60 Hz<\/td>\n<\/tr>\n<tr>\n<td>Modo de fallo<\/td>\n<td>EN<\/td>\n<\/tr>\n<tr>\n<td>Niveles de luz de encendido<\/td>\n<td>10-16 Lux<\/td>\n<\/tr>\n<tr>\n<td>Niveles de apagado de la luz<\/td>\n<td>&lt;65 Lux<\/td>\n<\/tr>\n<tr>\n<td>\u00a1Hora de actuar!<\/td>\n<td>3-15 segundos<\/td>\n<\/tr>\n<tr>\n<td>Temperatura de funcionamiento<\/td>\n<td>-40\u2103 a +70\u2103<\/td>\n<\/tr>\n<tr>\n<td>Humedad relacionada<\/td>\n<td>96%<\/td>\n<\/tr>\n<tr>\n<td>Cambiar<\/td>\n<td>&gt; 5000 operaciones de encendido\/apagado a carga nominal<\/td>\n<\/tr>\n<tr>\n<td>Consumo de energ\u00eda<\/td>\n<td>\u2264 0,7 vatios a 120 VCA<\/td>\n<\/tr>\n<tr>\n<td>Tapa de la l\u00e1mpara<\/td>\n<td>E26\/E27**<\/td>\n<\/tr>\n<tr>\n<td>Portal\u00e1mparas<\/td>\n<td>E26\/E27**<\/td>\n<\/tr>\n<tr>\n<td>LT510: 100 W m\u00e1x.<\/td>\n<td><\/td>\n<\/tr>\n<tr>\n<td>** LT510: E12<\/td>\n<td><\/td>\n<\/tr>\n<\/tbody>\n<\/table>\n<h3>Caracter\u00edsticas:<\/h3>\n<ul>\n<li>Compatible con bombillas incandescentes, CFL y LED.<\/li>\n<li>Control de luz del anochecer al amanecer con ajuste autom\u00e1tico<\/li>\n<li>No requiere cableado, simplemente atorn\u00edllelo<\/li>\n<li>Enciende la luz al anochecer y la apaga al amanecer.<\/li>\n<li>El dise\u00f1o compacto se adapta a luminarias exteriores cerradas m\u00e1s peque\u00f1as<\/li>\n<li>Circuito de estado s\u00f3lido confiable y resistente a la intemperie<\/li>\n<\/ul>\n<h3>Aplicaciones:Nuestro producto es ampliamente utilizado en diversos entornos.<\/h3>\n<ul>\n<li>Alumbrado p\u00fablico<\/li>\n<li>Iluminaci\u00f3n LED para exteriores<\/li>\n<li>Iluminaci\u00f3n de carreteras<\/li>\n<li>Iluminaci\u00f3n del estacionamiento<\/li>\n<li>Iluminaci\u00f3n de \u00e1reas p\u00fablicas<\/li>\n<li>Iluminaci\u00f3n de estaciones de tren<\/li>\n<li>Aeropuertos<\/li>\n<li>Granjas<\/li>\n<li>Parques<\/li>\n<li>Escuelas<\/li>\n<\/ul>","protected":false},"excerpt":{"rendered":"<p>Nuestras fotoc\u00e9lulas para alumbrado p\u00fablico cumplen con la norma ANSI C136.10, lo que proporciona una soluci\u00f3n rentable y fiable para el control automatizado de la iluminaci\u00f3n desde el anochecer hasta el amanecer. Dise\u00f1adas para optimizar el rendimiento del sistema de iluminaci\u00f3n y ahorrar energ\u00eda, estas fotoc\u00e9lulas utilizan circuitos electr\u00f3nicos avanzados y un sensor de luz fototransistor estable para un encendido y apagado constante.<\/p>\n<p>Informaci\u00f3n del producto<br \/>\nModelo: LT530<br \/>\nEst\u00e1ndar: UL496<br \/>\nVoltaje nominal: 120 V\/220 V<br \/>\nCarga nominal: 150 W<br \/>\nModo de falla: ENCENDIDO<br \/>\nNiveles de luz de encendido: 10-16 Lux<br \/>\nApagar niveles de luz: &lt;65 Lux<br \/>\nTiempo de acci\u00f3n: 3-15 segundos<br \/>\nHumedad relacionada: 96%<br \/>\nVivienda: PET<\/p>","protected":false},"featured_media":5685,"comment_status":"open","ping_status":"closed","template":"","meta":{"_seopress_robots_primary_cat":"none","_seopress_titles_title":"","_seopress_titles_desc":"","_seopress_robots_index":"","_seopress_analysis_target_kw":""},"product_brand":[],"product_cat":[32,183],"product_tag":[],"class_list":{"0":"post-917","1":"product","2":"type-product","3":"status-publish","4":"has-post-thumbnail","6":"product_cat-bulb-holder-controllers","7":"product_cat-product","9":"first","10":"instock","11":"shipping-taxable","12":"product-type-simple"},"_links":{"self":[{"href":"https:\/\/leaditop.com\/es\/wp-json\/wp\/v2\/product\/917","targetHints":{"allow":["GET"]}}],"collection":[{"href":"https:\/\/leaditop.com\/es\/wp-json\/wp\/v2\/product"}],"about":[{"href":"https:\/\/leaditop.com\/es\/wp-json\/wp\/v2\/types\/product"}],"replies":[{"embeddable":true,"href":"https:\/\/leaditop.com\/es\/wp-json\/wp\/v2\/comments?post=917"}],"wp:featuredmedia":[{"embeddable":true,"href":"https:\/\/leaditop.com\/es\/wp-json\/wp\/v2\/media\/5685"}],"wp:attachment":[{"href":"https:\/\/leaditop.com\/es\/wp-json\/wp\/v2\/media?parent=917"}],"wp:term":[{"taxonomy":"product_brand","embeddable":true,"href":"https:\/\/leaditop.com\/es\/wp-json\/wp\/v2\/product_brand?post=917"},{"taxonomy":"product_cat","embeddable":true,"href":"https:\/\/leaditop.com\/es\/wp-json\/wp\/v2\/product_cat?post=917"},{"taxonomy":"product_tag","embeddable":true,"href":"https:\/\/leaditop.com\/es\/wp-json\/wp\/v2\/product_tag?post=917"}],"curies":[{"name":"gracias","href":"https:\/\/api.w.org\/{rel}","templated":true}]}}