{"id":946,"date":"2023-10-27T16:43:46","date_gmt":"2023-10-27T08:43:46","guid":{"rendered":"https:\/\/leaditop.com\/?post_type=product&#038;p=946"},"modified":"2025-09-26T17:08:10","modified_gmt":"2025-09-26T09:08:10","slug":"sensor-fotoelectrico-aprobado-por-ul-luz-fotocelula-de-anochecer-a-amanecer","status":"publish","type":"product","link":"https:\/\/leaditop.com\/es\/product\/ul-approved-photoelectric-sensor-dusk-to-dawn-photocell-light\/","title":{"rendered":"Sensor fotoel\u00e9ctrico LT112\/LT113 con aprobaci\u00f3n UL, luz fotoel\u00e9ctrica de anochecer a amanecer"},"content":{"rendered":"<p>&nbsp;<\/p>\n<p><iframe title=\"Conozca las fotoc\u00e9lulas de crep\u00fasculo a amanecer LT112 y LT113 #Photocontrol #OutdoorLighting\" width=\"800\" height=\"450\" src=\"https:\/\/www.youtube.com\/embed\/ISCw3tllrCY?feature=oembed\" frameborder=\"0\" allow=\"accelerometer; autoplay; clipboard-write; encrypted-media; gyroscope; picture-in-picture; web-share\" referrerpolicy=\"strict-origin-when-cross-origin\" allowfullscreen><\/iframe><\/p>\n<p>Las fotoc\u00e9lulas LT112 y LT113 son fotoc\u00e9lulas de funcionamiento t\u00e9rmico que funcionan desde el anochecer hasta el amanecer y est\u00e1n dise\u00f1adas para un alumbrado p\u00fablico y exterior confiable. <strong data-start=\"212\" data-end=\"238\">LT112 funciona a 240 V<\/strong>, mientras que el <strong data-start=\"250\" data-end=\"277\">LT113 admite 208\u2013277 V<\/strong>, ambos manejando hasta <strong data-start=\"299\" data-end=\"315\">2000 W\/2000 VA<\/strong> y <strong data-start=\"320\" data-end=\"332\">Cargas de 5A<\/strong> para un rendimiento consistente. Con <strong data-start=\"366\" data-end=\"397\">colores de carcasa personalizables<\/strong> y <strong data-start=\"402\" data-end=\"432\">Protecci\u00f3n impermeable IP67<\/strong>Estas fotoc\u00e9lulas ofrecen un funcionamiento duradero y de bajo consumo en cualquier entorno. LT112 y LT113: fotocontroles fiables para sistemas de iluminaci\u00f3n modernos.<\/p>\n<p><strong data-start=\"305\" data-end=\"336\">Colores de carcasa personalizables:<\/strong><\/p>\n<p><img fetchpriority=\"high\" decoding=\"async\" class=\"alignnone wp-image-4724 size-large\" src=\"http:\/\/leaditop.com\/wp-content\/uploads\/2023\/10\/custom-shell-color-e1758875155815-1024x560.jpg\" alt=\"\" width=\"800\" height=\"438\" srcset=\"https:\/\/leaditop.com\/wp-content\/uploads\/2023\/10\/custom-shell-color-e1758875155815-1024x560.jpg 1024w, https:\/\/leaditop.com\/wp-content\/uploads\/2023\/10\/custom-shell-color-e1758875155815-300x164.jpg 300w, https:\/\/leaditop.com\/wp-content\/uploads\/2023\/10\/custom-shell-color-e1758875155815-768x420.jpg 768w, https:\/\/leaditop.com\/wp-content\/uploads\/2023\/10\/custom-shell-color-e1758875155815-1536x840.jpg 1536w, https:\/\/leaditop.com\/wp-content\/uploads\/2023\/10\/custom-shell-color-e1758875155815-18x10.jpg 18w, https:\/\/leaditop.com\/wp-content\/uploads\/2023\/10\/custom-shell-color-e1758875155815-600x328.jpg 600w, https:\/\/leaditop.com\/wp-content\/uploads\/2023\/10\/custom-shell-color-e1758875155815.jpg 1706w\" sizes=\"(max-width: 800px) 100vw, 800px\" \/><\/p>\n<p><strong data-start=\"341\" data-end=\"371\">protecci\u00f3n impermeable:<\/strong><\/p>\n<p><iframe title=\"V\u00eddeo de prueba de impermeabilidad\" width=\"800\" height=\"450\" src=\"https:\/\/www.youtube.com\/embed\/vjJLxe0SQLE?feature=oembed\" frameborder=\"0\" allow=\"accelerometer; autoplay; clipboard-write; encrypted-media; gyroscope; picture-in-picture; web-share\" referrerpolicy=\"strict-origin-when-cross-origin\" allowfullscreen><\/iframe><\/p>\n<h3>Caracter\u00edsticas:<\/h3>\n<ul>\n<li>Cumple o supera la norma ANSI C136.10.<\/li>\n<li>Cumple con ROHS.<\/li>\n<li>Fabricado seg\u00fan certificado ISO.<\/li>\n<li>Sensor CDS.<\/li>\n<li>Retardo de apagado de 30 a 180 segundos.<\/li>\n<li>Cubierta marr\u00f3n est\u00e1ndar. Otros colores opcionales.<\/li>\n<li>IP66, IP67 opcional<\/li>\n<li>Peso neto: Aprox. 72 g<\/li>\n<\/ul>\n<p>&nbsp;<\/p>\n<h3>Aplicaciones:<\/h3>\n<p>Nuestro producto es ampliamente utilizado en diversos entornos,<\/p>\n<ul>\n<li>Alumbrado p\u00fablico<\/li>\n<li>Iluminaci\u00f3n LED para exteriores<\/li>\n<li>Iluminaci\u00f3n de carreteras<\/li>\n<li>Iluminaci\u00f3n del estacionamiento<\/li>\n<li>Iluminaci\u00f3n de \u00e1reas p\u00fablicas<\/li>\n<li>Iluminaci\u00f3n de estaciones de tren<\/li>\n<li>Aeropuertos<\/li>\n<li>Granjas<\/li>\n<li>Parques<\/li>\n<li>Escuelas<\/li>\n<\/ul>","protected":false},"excerpt":{"rendered":"<p>Nuestras fotoc\u00e9lulas para alumbrado p\u00fablico cumplen con la norma ANSI C136.10, lo que proporciona una soluci\u00f3n rentable y fiable para el control automatizado de la iluminaci\u00f3n desde el anochecer hasta el amanecer. Dise\u00f1adas para optimizar el rendimiento del sistema de iluminaci\u00f3n y ahorrar energ\u00eda, estas fotoc\u00e9lulas utilizan circuitos electr\u00f3nicos avanzados y un sensor de luz fototransistor estable para un encendido y apagado constante.<\/p>\n<p>Informaci\u00f3n del producto<br \/>\nModelo: LT112\/LT113<br \/>\nEst\u00e1ndar: ANSI C136.10 y UL773<br \/>\nVoltaje nominal: 240 V\/208-277 V<br \/>\nCarga nominal: Balasto electr\u00f3nico de 2000 W\/2000 VA\/5 A<br \/>\nNiveles de luz de encendido: 10-16 Lux<br \/>\nRelaci\u00f3n de encendido\/apagado: 1:5<\/p>\n<p>Retardo de tiempo: 30-180 segundos<br \/>\nInterruptor: &gt;5000 operaciones de encendido\/apagado con carga nominal<br \/>\nConsumo de energ\u00eda: \u2264 0,7 vatios a 120 V CA<br \/>\nCubierta: polipropileno resistente a impactos y anti-UV<br \/>\nBase: tereftalato de polibutileno resistente a altas temperaturas<br \/>\nModo de falla: ENCENDIDO<br \/>\nIP: 65\/67<\/p>","protected":false},"featured_media":2388,"comment_status":"open","ping_status":"closed","template":"","meta":{"_seopress_robots_primary_cat":"none","_seopress_titles_title":"","_seopress_titles_desc":"","_seopress_robots_index":""},"product_brand":[],"product_cat":[41],"product_tag":[],"class_list":{"0":"post-946","1":"product","2":"type-product","3":"status-publish","4":"has-post-thumbnail","6":"product_cat-photocontrollers","8":"first","9":"instock","10":"shipping-taxable","11":"product-type-simple"},"_links":{"self":[{"href":"https:\/\/leaditop.com\/es\/wp-json\/wp\/v2\/product\/946","targetHints":{"allow":["GET"]}}],"collection":[{"href":"https:\/\/leaditop.com\/es\/wp-json\/wp\/v2\/product"}],"about":[{"href":"https:\/\/leaditop.com\/es\/wp-json\/wp\/v2\/types\/product"}],"replies":[{"embeddable":true,"href":"https:\/\/leaditop.com\/es\/wp-json\/wp\/v2\/comments?post=946"}],"wp:featuredmedia":[{"embeddable":true,"href":"https:\/\/leaditop.com\/es\/wp-json\/wp\/v2\/media\/2388"}],"wp:attachment":[{"href":"https:\/\/leaditop.com\/es\/wp-json\/wp\/v2\/media?parent=946"}],"wp:term":[{"taxonomy":"product_brand","embeddable":true,"href":"https:\/\/leaditop.com\/es\/wp-json\/wp\/v2\/product_brand?post=946"},{"taxonomy":"product_cat","embeddable":true,"href":"https:\/\/leaditop.com\/es\/wp-json\/wp\/v2\/product_cat?post=946"},{"taxonomy":"product_tag","embeddable":true,"href":"https:\/\/leaditop.com\/es\/wp-json\/wp\/v2\/product_tag?post=946"}],"curies":[{"name":"gracias","href":"https:\/\/api.w.org\/{rel}","templated":true}]}}