{"id":950,"date":"2023-10-27T16:59:39","date_gmt":"2023-10-27T08:59:39","guid":{"rendered":"https:\/\/leaditop.com\/?post_type=product&#038;p=950"},"modified":"2025-10-17T11:41:44","modified_gmt":"2025-10-17T03:41:44","slug":"sensor-fotoelectrico-de-480-v-con-certificacion-ul-fotocontrol-control-de-iluminacion-de-farolas-led-interruptor-fotoelectrico","status":"publish","type":"product","link":"https:\/\/leaditop.com\/es\/product\/ul-approved-480v-photocell-sensor-photo-control-led-streetlight-lighting-control-photocontrol-photoelectric-sensor-switch\/","title":{"rendered":"Sensor de fotoc\u00e9lula de 480 V aprobado por UL LT115 Control de foto Iluminaci\u00f3n de farolas LED Interruptor de sensor fotoel\u00e9ctrico de fotocontrol"},"content":{"rendered":"<p><iframe title=\"\u00bfTiene problemas con el control de la iluminaci\u00f3n en entornos de alto voltaje? \u00a1El LT115 tiene la soluci\u00f3n!\" width=\"800\" height=\"450\" src=\"https:\/\/www.youtube.com\/embed\/ZgcAkUsqfWg?feature=oembed\" frameborder=\"0\" allow=\"accelerometer; autoplay; clipboard-write; encrypted-media; gyroscope; picture-in-picture; web-share\" referrerpolicy=\"strict-origin-when-cross-origin\" allowfullscreen><\/iframe><\/p>\n<p><span class=\"a_GcMg font-feature-liga-off font-feature-clig-off font-feature-calt-off text-decoration-none text-strikethrough-none\">El controlador de iluminaci\u00f3n LT115 est\u00e1 dise\u00f1ado espec\u00edficamente para redes el\u00e9ctricas industriales con <\/span><strong><span class=\"a_GcMg font-feature-liga-off font-feature-clig-off font-feature-calt-off text-decoration-none text-strikethrough-none\">est\u00e1ndares de alto voltaje<\/span><\/strong><span class=\"a_GcMg font-feature-liga-off font-feature-clig-off font-feature-calt-off text-decoration-none text-strikethrough-none\"> y <\/span><span class=\"a_GcMg font-feature-liga-off font-feature-clig-off font-feature-calt-off text-decoration-none text-strikethrough-none\"><strong>mercados extranjeros espec\u00edficos<\/strong>.<\/span><span class=\"a_GcMg font-feature-liga-off font-feature-clig-off font-feature-calt-off text-decoration-none text-strikethrough-none\"> Su voltaje nominal es de <\/span><strong><span class=\"a_GcMg font-feature-liga-off font-feature-clig-off font-feature-calt-off text-decoration-none text-strikethrough-none\">480 V (432-528 V)<\/span><\/strong><span class=\"a_GcMg font-feature-liga-off font-feature-clig-off font-feature-calt-off text-decoration-none text-strikethrough-none\"> lo hace muy adecuado para su uso en sistemas de alumbrado p\u00fablico en plantas industriales, grandes parques log\u00edsticos y otros lugares en <\/span><strong><span class=\"a_GcMg font-feature-liga-off font-feature-clig-off font-feature-calt-off text-decoration-none text-strikethrough-none\">Am\u00e9rica del norte<\/span><\/strong><span class=\"a_GcMg font-feature-liga-off font-feature-clig-off font-feature-calt-off text-decoration-none text-strikethrough-none\">, as\u00ed como para <\/span><strong><span class=\"a_GcMg font-feature-liga-off font-feature-clig-off font-feature-calt-off text-decoration-none text-strikethrough-none\">proyectos de alumbrado p\u00fablico en el extranjero<\/span><\/strong><span class=\"a_GcMg font-feature-liga-off font-feature-clig-off font-feature-calt-off text-decoration-none text-strikethrough-none\"> con est\u00e1ndares de red que pueden soportar un voltaje de 480 V.<\/span><\/p>\n<h3>Caracter\u00edsticas:<\/h3>\n<p>Admite m\u00faltiples voltajes de entrada<\/p>\n<p>Certificaci\u00f3n CE<\/p>\n<p>Cumple con ANSI C136.24 y UL773A<\/p>\n<p>&nbsp;<\/p>\n<h3>Aplicaciones:Nuestro producto es ampliamente utilizado en diversos entornos,<\/h3>\n<p>Alumbrado p\u00fablico<\/p>\n<p>Iluminaci\u00f3n LED para exteriores<\/p>\n<p>Iluminaci\u00f3n de carreteras<\/p>\n<p>Iluminaci\u00f3n del estacionamiento<\/p>\n<p>Iluminaci\u00f3n de \u00e1reas p\u00fablicas<\/p>\n<p>Iluminaci\u00f3n de estaciones de tren<\/p>\n<p>Aeropuertos<\/p>\n<p>Granjas<\/p>\n<p>Parques<\/p>\n<p>Escuelas<\/p>","protected":false},"excerpt":{"rendered":"<p>Nuestras fotoc\u00e9lulas para alumbrado p\u00fablico cumplen con la norma ANSI C136.10, lo que proporciona una soluci\u00f3n rentable y fiable para el control automatizado de la iluminaci\u00f3n desde el anochecer hasta el amanecer. Dise\u00f1adas para optimizar el rendimiento del sistema de iluminaci\u00f3n y ahorrar energ\u00eda, estas fotoc\u00e9lulas utilizan circuitos electr\u00f3nicos avanzados y un sensor de luz fototransistor estable para un encendido y apagado constante.<\/p>\n<p>Informaci\u00f3n del producto<br \/>\nModelo: LT115<br \/>\nEst\u00e1ndar: ANSI C136.10 y UL773<br \/>\nVoltaje nominal: 480 V (432-528 V)<br \/>\nCarga nominal: 2000 W\/2000 VA<br \/>\nNiveles de luz de encendido: 10-16 Lux<\/p>\n<p>Relaci\u00f3n de encendido\/apagado: 1:5<br \/>\nRetardo de tiempo: 30-180 segundos<br \/>\nInterruptor: &gt;5000 operaciones de encendido\/apagado con carga nominal<br \/>\nConsumo de energ\u00eda: \u2264 0,7 vatios a 120 V CA<br \/>\nCubierta: polipropileno resistente a impactos y anti-UV<br \/>\nBase: tereftalato de polibutileno resistente a altas temperaturas<br \/>\nModo de falla: ENCENDIDO<br \/>\nIP: 65\/67<\/p>","protected":false},"featured_media":2384,"comment_status":"open","ping_status":"closed","template":"","meta":{"_seopress_robots_primary_cat":"none","_seopress_titles_title":"","_seopress_titles_desc":"","_seopress_robots_index":""},"product_brand":[],"product_cat":[41],"product_tag":[],"class_list":{"0":"post-950","1":"product","2":"type-product","3":"status-publish","4":"has-post-thumbnail","6":"product_cat-photocontrollers","8":"first","9":"instock","10":"shipping-taxable","11":"product-type-simple"},"_links":{"self":[{"href":"https:\/\/leaditop.com\/es\/wp-json\/wp\/v2\/product\/950","targetHints":{"allow":["GET"]}}],"collection":[{"href":"https:\/\/leaditop.com\/es\/wp-json\/wp\/v2\/product"}],"about":[{"href":"https:\/\/leaditop.com\/es\/wp-json\/wp\/v2\/types\/product"}],"replies":[{"embeddable":true,"href":"https:\/\/leaditop.com\/es\/wp-json\/wp\/v2\/comments?post=950"}],"wp:featuredmedia":[{"embeddable":true,"href":"https:\/\/leaditop.com\/es\/wp-json\/wp\/v2\/media\/2384"}],"wp:attachment":[{"href":"https:\/\/leaditop.com\/es\/wp-json\/wp\/v2\/media?parent=950"}],"wp:term":[{"taxonomy":"product_brand","embeddable":true,"href":"https:\/\/leaditop.com\/es\/wp-json\/wp\/v2\/product_brand?post=950"},{"taxonomy":"product_cat","embeddable":true,"href":"https:\/\/leaditop.com\/es\/wp-json\/wp\/v2\/product_cat?post=950"},{"taxonomy":"product_tag","embeddable":true,"href":"https:\/\/leaditop.com\/es\/wp-json\/wp\/v2\/product_tag?post=950"}],"curies":[{"name":"gracias","href":"https:\/\/api.w.org\/{rel}","templated":true}]}}