{"id":972,"date":"2023-10-28T10:10:26","date_gmt":"2023-10-28T02:10:26","guid":{"rendered":"https:\/\/leaditop.com\/?post_type=product&#038;p=972"},"modified":"2025-12-25T15:16:13","modified_gmt":"2025-12-25T07:16:13","slug":"interruptor-fotoelectrico-con-bloqueo-giratorio-lt154e-sensor-de-fotocelula","status":"publish","type":"product","link":"https:\/\/leaditop.com\/es\/product\/twist-lock-photoelectric-switch-lt154e-photocell-sensor\/","title":{"rendered":"INTERRUPTOR FOTOEL\u00c9CTRICO DE BLOQUEO DE GIRO LT154E Sensor de fotoc\u00e9lula"},"content":{"rendered":"<p><iframe title=\"Presentamos la fotoc\u00e9lula LT154E: dise\u00f1ada para un control de iluminaci\u00f3n de alta tensi\u00f3n y alta fiabilidad. #SmartLighting\" width=\"800\" height=\"450\" src=\"https:\/\/www.youtube.com\/embed\/-QgjysrQ1P8?feature=oembed\" frameborder=\"0\" allow=\"accelerometer; autoplay; clipboard-write; encrypted-media; gyroscope; picture-in-picture; web-share\" referrerpolicy=\"strict-origin-when-cross-origin\" allowfullscreen><\/iframe><\/p>\n<h2>Caracter\u00edsticas:<\/h2>\n<ul>\n<li>Disponible en varios voltios (277-528 V).<\/li>\n<li>Detecci\u00f3n de cruce por cero<\/li>\n<li>Mejoras de la vida \u00fatil del dise\u00f1o<\/li>\n<li>Protecci\u00f3n contra sobrecorriente<\/li>\n<li>Cumple o supera la norma ANSI C136.10.<\/li>\n<li>Cumple con ROHS.<\/li>\n<li>Fabricado seg\u00fan la norma ISO<\/li>\n<li>Fototransistor con filtro IR.<\/li>\n<li>Placa de circuito impreso de fibra de vidrio FR4.<\/li>\n<li>Rel\u00e9 sellado fiable.<\/li>\n<li>MOV con una capacidad nominal de 640 julios (actualizable a 1280 julios).<\/li>\n<li>Retardo de apagado de 3 a 6 segundos.<\/li>\n<li>Cubierta amarilla est\u00e1ndar. Otros colores opcionales.<\/li>\n<li>IP66, IP67 opcional<\/li>\n<li>Cubierta de 3,0 mm de espesor<\/li>\n<li>10 a\u00f1os de garant\u00eda<\/li>\n<\/ul>\n<h3>Fotocontrol de alto voltaje y larga duraci\u00f3n para proyectos de iluminaci\u00f3n exterior exigentes<\/h3>\n<p>En carreteras, caminos y proyectos de iluminaci\u00f3n exterior a gran escala, <strong>La falla de la fotoc\u00e9lula no es un problema menor<\/strong>.<br \/>\nUn solo interruptor fotoel\u00e9ctrico poco confiable puede provocar:<\/p>\n<ul>\n<li>Luces que se quedan <strong>fuera de la noche<\/strong>, creando riesgos de seguridad<\/li>\n<li>Luces que se quedan <strong>encendido durante el d\u00eda<\/strong>, desperdiciando energ\u00eda<\/li>\n<li>Frecuente <strong>camiones rodando<\/strong>, aumentando los costos de operaci\u00f3n y mantenimiento<\/li>\n<li>Inspecciones fallidas debido a <strong>Incumplimiento de ANSI o UL<\/strong><\/li>\n<\/ul>\n<p>El <strong>Fotoc\u00e9lula de bloqueo giratorio LT154E<\/strong> Est\u00e1 dise\u00f1ado espec\u00edficamente para resolver estos problemas en <strong>Aplicaciones de alto voltaje, alta sobretensi\u00f3n y larga vida \u00fatil<\/strong>.<\/p>\n<h2>Dise\u00f1ado para resolver problemas del mundo real<\/h2>\n<h3>Problema 1: La corriente de entrada alta da\u00f1a las fotoc\u00e9lulas est\u00e1ndar<\/h3>\n<p>Los controladores LED modernos generan <strong>altas corrientes de entrada<\/strong>, lo que puede soldar los contactos del rel\u00e9 o acortar la vida \u00fatil del producto.<\/p>\n<p><strong>Soluci\u00f3n LT154E<\/strong><br \/>\n\u2714 <strong>Detecci\u00f3n de cruce por cero<\/strong> garantiza que la conmutaci\u00f3n se produzca en el punto \u00f3ptimo de la forma de onda de CA, lo que reduce dr\u00e1sticamente la tensi\u00f3n de entrada en el rel\u00e9 y extiende la vida \u00fatil.<\/p>\n<h3>Problema 2: Desajuste de voltaje en proyectos de 347 a 480 V<\/h3>\n<p>Muchos proyectos operan en <strong>347 V o 480 V<\/strong>, donde las fotoc\u00e9lulas est\u00e1ndar de 120\u2013277 V fallan o anulan las garant\u00edas.<\/p>\n<p><strong>Soluci\u00f3n LT154E<\/strong><br \/>\n\u2714 <strong>Dise\u00f1o multivoltaje (277\u2013528 V aplicables)<\/strong><br \/>\n\u2714 Totalmente compatible con <strong>ANSI C136.10 y UL773<\/strong>, lo que lo hace adecuado para las especificaciones municipales y de servicios p\u00fablicos de Am\u00e9rica del Norte.<\/p>\n<h3>Problema 3: Da\u00f1os por sobretensi\u00f3n causada por rayos e inestabilidad de la red<\/h3>\n<p>Los sistemas de iluminaci\u00f3n exterior est\u00e1n constantemente expuestos a sobretensiones provocadas por rayos y perturbaciones de la red.<\/p>\n<p><strong>Soluci\u00f3n LT154E<\/strong><br \/>\n\u2714 <strong>Protecci\u00f3n contra sobretensiones MOV de 640 J (actualizable a 1280 J)<\/strong><br \/>\n\u2714 Dise\u00f1ado para soportar sobretensiones repetidas sin fallas funcionales<br \/>\n\u2714 Ideal para autopistas, caminos abiertos y regiones propensas a tormentas.<\/p>\n<h3>Problema 4: Falla prematura en entornos hostiles<\/h3>\n<p>El calor, la exposici\u00f3n a los rayos UV, la humedad y el polvo son causas comunes de fallas prematuras de las fotoc\u00e9lulas.<\/p>\n<p><strong>Soluci\u00f3n LT154E<\/strong><br \/>\n\u2714 <strong>Est\u00e1ndar IP66, IP67 opcional<\/strong> para una mayor protecci\u00f3n impermeable<br \/>\n\u2714 <strong>Cubierta de polipropileno anti-UV de 3,0 mm de espesor<\/strong> Resiste el agrietamiento y la decoloraci\u00f3n<br \/>\n\u2714 <strong>Rel\u00e9 sellado + PCB de fibra de vidrio FR4<\/strong> para la estabilidad a largo plazo<br \/>\n\u2714 Rango de temperatura de funcionamiento: <strong>-40\u00b0C a +70\u00b0C<\/strong><\/p>\n<h2>Control de iluminaci\u00f3n estable en el que puede confiar<\/h2>\n<ul>\n<li><strong>Encender el nivel de luz<\/strong>: 10\u201316 Lux (personalizable)<\/li>\n<li><strong>Relaci\u00f3n ON\/OFF<\/strong>: 1 : 1,5 para un funcionamiento constante desde el anochecer hasta el amanecer<\/li>\n<li><strong>Retardo de tiempo<\/strong>:3 a 10 segundos para evitar cambios falsos debido a fuentes de luz transitorias<\/li>\n<li><strong>Cambiar la vida<\/strong>: &gt;10 000 ciclos de encendido\/apagado con carga nominal<\/li>\n<li><strong>Dise\u00f1o de vida<\/strong>:hasta <strong>90.000 horas<\/strong><\/li>\n<\/ul>\n<p>Esto garantiza <strong>comportamiento de iluminaci\u00f3n estable y predecible<\/strong> durante toda la vida de la luminaria.<\/p>\n<h2>Aplicaciones<\/h2>\n<p>El LT154E se utiliza ampliamente en proyectos donde <strong>El fracaso no es una opci\u00f3n<\/strong>:<\/p>\n<ul>\n<li>Carreteras y autopistas<\/li>\n<li>Alumbrado p\u00fablico municipal<\/li>\n<li>Estacionamientos y \u00e1reas p\u00fablicas<\/li>\n<li>Iluminaci\u00f3n perimetral y de seguridad<\/li>\n<li>Luminarias LED con controladores electr\u00f3nicos<\/li>\n<li>Sistemas HID, de inducci\u00f3n, fluorescentes y de carga mixta<\/li>\n<\/ul>\n<h2>\u00bfPor qu\u00e9 las empresas de EPC y servicios p\u00fablicos eligen el LT154E?<\/h2>\n<ul>\n<li>\u2714 <strong>Totalmente compatible<\/strong> con ANSI C136.10 y UL773<\/li>\n<li>\u2714 <strong>Listo para alto voltaje<\/strong> para sistemas de 347 a 480 V<\/li>\n<li>\u2714 <strong>garant\u00eda de 10 a\u00f1os<\/strong>, lo que refleja la confianza a largo plazo<\/li>\n<li>\u2714 Rendimiento comprobado en proyectos reales al aire libre<\/li>\n<li>\u2714 Par\u00e1metros personalizables (nivel de lux, retardo, modo de falla, color de la cubierta)<\/li>\n<\/ul>\n<h2>Una opci\u00f3n confiable para proyectos a largo plazo<\/h2>\n<p>El <strong>LT154E<\/strong> no est\u00e1 dise\u00f1ado para ser la fotoc\u00e9lula m\u00e1s barata del mercado, est\u00e1 dise\u00f1ado para ser <strong>El m\u00e1s confiable con m\u00e1s de 10 a\u00f1os de servicio.<\/strong>.<\/p>\n<p>Para los contratistas de EPC, las empresas de servicios p\u00fablicos y los fabricantes de iluminaci\u00f3n, eso significa:<\/p>\n<ul>\n<li>Menos fallos<\/li>\n<li>Costos de mantenimiento m\u00e1s bajos<\/li>\n<li>Mejor reputaci\u00f3n del proyecto<\/li>\n<li>Rendimiento predecible a largo plazo<\/li>\n<\/ul>\n<p><strong>El\u00e9ctrico con tapa de plomo<\/strong><br \/>\n<em>Fotoc\u00e9lulas de ingenier\u00eda que resuelven problemas en el campo, no s\u00f3lo en el papel.<\/em><\/p>","protected":false},"excerpt":{"rendered":"<p>Nuestras fotoc\u00e9lulas para alumbrado p\u00fablico cumplen con la norma ANSI C136.10, lo que proporciona una soluci\u00f3n rentable y fiable para el control automatizado de la iluminaci\u00f3n desde el anochecer hasta el amanecer. Dise\u00f1adas para optimizar el rendimiento del sistema de iluminaci\u00f3n y ahorrar energ\u00eda, estas fotoc\u00e9lulas utilizan circuitos electr\u00f3nicos avanzados y un sensor de luz fototransistor estable para un encendido y apagado constante.<\/p>\n<p>Informaci\u00f3n del producto<br \/>\nModelo: LT154E<br \/>\nEst\u00e1ndar: ANSI C136.10 y UL773<br \/>\nVoltaje nominal: 347-480 V (aplicable: 277-528 V)<br \/>\nCarga nominal: 1000 W\/1800 VA<br \/>\nClasificaci\u00f3n del LED: balasto electr\u00f3nico de 5 A<br \/>\nNiveles de luz de encendido: 10-16 Lux<\/p>\n<p>Relaci\u00f3n de encendido\/apagado: 1:1,5<br \/>\nRetardo de tiempo: 3-10 segundos<br \/>\nProtecci\u00f3n contra sobretensiones: 645 J<br \/>\nInterruptor: &gt;10000 operaciones de encendido\/apagado con carga nominal<br \/>\nConsumo de energ\u00eda: \u2264 0,7 vatios a 120 V CA<br \/>\nCubierta: polipropileno resistente a impactos y anti-UV<br \/>\nBase: tereftalato de polibutileno resistente a altas temperaturas<br \/>\nModo de falla: ENCENDIDO o APAGADO<\/p>","protected":false},"featured_media":2294,"comment_status":"open","ping_status":"closed","template":"","meta":{"_seopress_robots_primary_cat":"none","_seopress_titles_title":"","_seopress_titles_desc":"","_seopress_robots_index":""},"product_brand":[],"product_cat":[41],"product_tag":[],"class_list":{"0":"post-972","1":"product","2":"type-product","3":"status-publish","4":"has-post-thumbnail","6":"product_cat-photocontrollers","8":"first","9":"instock","10":"shipping-taxable","11":"product-type-simple"},"_links":{"self":[{"href":"https:\/\/leaditop.com\/es\/wp-json\/wp\/v2\/product\/972","targetHints":{"allow":["GET"]}}],"collection":[{"href":"https:\/\/leaditop.com\/es\/wp-json\/wp\/v2\/product"}],"about":[{"href":"https:\/\/leaditop.com\/es\/wp-json\/wp\/v2\/types\/product"}],"replies":[{"embeddable":true,"href":"https:\/\/leaditop.com\/es\/wp-json\/wp\/v2\/comments?post=972"}],"wp:featuredmedia":[{"embeddable":true,"href":"https:\/\/leaditop.com\/es\/wp-json\/wp\/v2\/media\/2294"}],"wp:attachment":[{"href":"https:\/\/leaditop.com\/es\/wp-json\/wp\/v2\/media?parent=972"}],"wp:term":[{"taxonomy":"product_brand","embeddable":true,"href":"https:\/\/leaditop.com\/es\/wp-json\/wp\/v2\/product_brand?post=972"},{"taxonomy":"product_cat","embeddable":true,"href":"https:\/\/leaditop.com\/es\/wp-json\/wp\/v2\/product_cat?post=972"},{"taxonomy":"product_tag","embeddable":true,"href":"https:\/\/leaditop.com\/es\/wp-json\/wp\/v2\/product_tag?post=972"}],"curies":[{"name":"gracias","href":"https:\/\/api.w.org\/{rel}","templated":true}]}}