{"id":973,"date":"2023-10-28T10:16:55","date_gmt":"2023-10-28T02:16:55","guid":{"rendered":"https:\/\/leaditop.com\/?post_type=product&#038;p=973"},"modified":"2025-09-26T17:26:22","modified_gmt":"2025-09-26T09:26:22","slug":"interruptor-fotoelectrico-con-bloqueo-giratorio-lt164-sensor-de-fotocelula-personalizado-para-control-de-alumbrado-publico","status":"publish","type":"product","link":"https:\/\/leaditop.com\/es\/product\/twist-lock-photoelectric-switch-lt164-customized-photocell-sensorfor-street-lighting-control\/","title":{"rendered":"INTERRUPTOR FOTOEL\u00c9CTRICO DE BLOQUEO DE GIRO LT164 Sensor de fotoc\u00e9lula personalizado para control de alumbrado p\u00fablico"},"content":{"rendered":"<p>&nbsp;<\/p>\n<p><iframe title=\"\u00bfSu iluminaci\u00f3n exterior est\u00e1 protegida contra sobretensiones?\" width=\"800\" height=\"450\" src=\"https:\/\/www.youtube.com\/embed\/FGnlclSIDOo?feature=oembed\" frameborder=\"0\" allow=\"accelerometer; autoplay; clipboard-write; encrypted-media; gyroscope; picture-in-picture; web-share\" referrerpolicy=\"strict-origin-when-cross-origin\" allowfullscreen><\/iframe><\/p>\n<p>El <strong data-start=\"97\" data-end=\"106\">LT164<\/strong> es una fotoc\u00e9lula electromagn\u00e9tica de anochecer a amanecer dise\u00f1ada para un control confiable de la iluminaci\u00f3n exterior. Construida con <strong data-start=\"211\" data-end=\"241\">Protecci\u00f3n impermeable IP67<\/strong>Resiste condiciones clim\u00e1ticas adversas y garantiza un rendimiento duradero. Equipado con un <strong data-start=\"339\" data-end=\"355\">MOV de 60 julios<\/strong> y <strong data-start=\"360\" data-end=\"384\">Protecci\u00f3n contra sobretensiones de 6 kV<\/strong>El LT164 protege su sistema de iluminaci\u00f3n contra picos de voltaje, proporcionando un funcionamiento confiable y energ\u00e9ticamente eficiente.<\/p>\n<p><img fetchpriority=\"high\" decoding=\"async\" class=\"alignnone wp-image-4728 size-full\" src=\"http:\/\/leaditop.com\/wp-content\/uploads\/2023\/10\/Twist-Lock-Photocell-3.jpg\" alt=\"\" width=\"588\" height=\"369\" srcset=\"https:\/\/leaditop.com\/wp-content\/uploads\/2023\/10\/Twist-Lock-Photocell-3.jpg 588w, https:\/\/leaditop.com\/wp-content\/uploads\/2023\/10\/Twist-Lock-Photocell-3-300x188.jpg 300w, https:\/\/leaditop.com\/wp-content\/uploads\/2023\/10\/Twist-Lock-Photocell-3-18x12.jpg 18w\" sizes=\"(max-width: 588px) 100vw, 588px\" \/><img decoding=\"async\" class=\"alignnone wp-image-4727\" src=\"http:\/\/leaditop.com\/wp-content\/uploads\/2023\/10\/lt164.jpg\" alt=\"\" width=\"515\" height=\"369\" srcset=\"https:\/\/leaditop.com\/wp-content\/uploads\/2023\/10\/lt164.jpg 1837w, https:\/\/leaditop.com\/wp-content\/uploads\/2023\/10\/lt164-300x215.jpg 300w, https:\/\/leaditop.com\/wp-content\/uploads\/2023\/10\/lt164-1024x734.jpg 1024w, https:\/\/leaditop.com\/wp-content\/uploads\/2023\/10\/lt164-768x551.jpg 768w, https:\/\/leaditop.com\/wp-content\/uploads\/2023\/10\/lt164-1536x1101.jpg 1536w, https:\/\/leaditop.com\/wp-content\/uploads\/2023\/10\/lt164-18x12.jpg 18w, https:\/\/leaditop.com\/wp-content\/uploads\/2023\/10\/lt164-600x430.jpg 600w\" sizes=\"(max-width: 515px) 100vw, 515px\" \/><\/p>\n<h3>Caracter\u00edsticas:<\/h3>\n<ul>\n<li>Admite m\u00faltiples voltajes de entrada<\/li>\n<li>Certificaci\u00f3n CE<\/li>\n<li>Cumple con ANSI C136.24 y UL773A<\/li>\n<\/ul>\n<p>&nbsp;<\/p>\n<h3>Aplicaciones:<\/h3>\n<p>Nuestro producto es ampliamente utilizado en diversos entornos,<\/p>\n<ul>\n<li>Alumbrado p\u00fablico<\/li>\n<li>Iluminaci\u00f3n LED para exteriores<\/li>\n<li>Iluminaci\u00f3n de carreteras<\/li>\n<li>Iluminaci\u00f3n del estacionamiento<\/li>\n<li>Iluminaci\u00f3n de \u00e1reas p\u00fablicas<\/li>\n<li>Iluminaci\u00f3n de estaciones de tren<\/li>\n<li>Aeropuertos<\/li>\n<li>Granjas<\/li>\n<li>Parques<\/li>\n<li>Escuelas<\/li>\n<\/ul>","protected":false},"excerpt":{"rendered":"<p>Nuestras fotoc\u00e9lulas para alumbrado p\u00fablico cumplen con la norma ANSI C136.10, lo que proporciona una soluci\u00f3n rentable y fiable para el control automatizado de la iluminaci\u00f3n desde el anochecer hasta el amanecer. Dise\u00f1adas para optimizar el rendimiento del sistema de iluminaci\u00f3n y ahorrar energ\u00eda, estas fotoc\u00e9lulas utilizan circuitos electr\u00f3nicos avanzados y un sensor de luz fototransistor estable para un encendido y apagado constante.<\/p>\n<p>Informaci\u00f3n del producto<br \/>\nModelo: LT164<br \/>\nEst\u00e1ndar: ANSI C136.10 y UL773<br \/>\nVoltaje nominal: 120 V\/240 V\/120 V-277 V<br \/>\nCarga nominal: 1000 W\/1800 VA<br \/>\nNiveles de luz de encendido: 10-16 Lux<br \/>\nNiveles de luz de apagado: &lt;65 Lux<\/p>\n<p>Relaci\u00f3n de encendido\/apagado: 1:1,5<br \/>\nRetardo de tiempo: &lt;1 segundo<br \/>\nProtecci\u00f3n contra sobretensiones: 320 J<br \/>\nSensor de luz: CDS<br \/>\nInterruptor: &gt;5000 operaciones de encendido\/apagado con carga nominal<br \/>\nConsumo de energ\u00eda: \u2264 0,7 vatios a 120 V CA<br \/>\nCubierta: polipropileno resistente a impactos y anti-UV<br \/>\nBase: tereftalato de polibutileno resistente a altas temperaturas<br \/>\nModo de falla: ENCENDIDO<\/p>","protected":false},"featured_media":2289,"comment_status":"open","ping_status":"closed","template":"","meta":{"_seopress_robots_primary_cat":"none","_seopress_titles_title":"","_seopress_titles_desc":"","_seopress_robots_index":"","_seopress_analysis_target_kw":""},"product_brand":[],"product_cat":[41],"product_tag":[],"class_list":{"0":"post-973","1":"product","2":"type-product","3":"status-publish","4":"has-post-thumbnail","6":"product_cat-photocontrollers","8":"first","9":"instock","10":"shipping-taxable","11":"product-type-simple"},"_links":{"self":[{"href":"https:\/\/leaditop.com\/es\/wp-json\/wp\/v2\/product\/973","targetHints":{"allow":["GET"]}}],"collection":[{"href":"https:\/\/leaditop.com\/es\/wp-json\/wp\/v2\/product"}],"about":[{"href":"https:\/\/leaditop.com\/es\/wp-json\/wp\/v2\/types\/product"}],"replies":[{"embeddable":true,"href":"https:\/\/leaditop.com\/es\/wp-json\/wp\/v2\/comments?post=973"}],"wp:featuredmedia":[{"embeddable":true,"href":"https:\/\/leaditop.com\/es\/wp-json\/wp\/v2\/media\/2289"}],"wp:attachment":[{"href":"https:\/\/leaditop.com\/es\/wp-json\/wp\/v2\/media?parent=973"}],"wp:term":[{"taxonomy":"product_brand","embeddable":true,"href":"https:\/\/leaditop.com\/es\/wp-json\/wp\/v2\/product_brand?post=973"},{"taxonomy":"product_cat","embeddable":true,"href":"https:\/\/leaditop.com\/es\/wp-json\/wp\/v2\/product_cat?post=973"},{"taxonomy":"product_tag","embeddable":true,"href":"https:\/\/leaditop.com\/es\/wp-json\/wp\/v2\/product_tag?post=973"}],"curies":[{"name":"gracias","href":"https:\/\/api.w.org\/{rel}","templated":true}]}}