{"id":1067,"date":"2023-10-28T15:02:47","date_gmt":"2023-10-28T07:02:47","guid":{"rendered":"https:\/\/leaditop.com\/?post_type=product&#038;p=1067"},"modified":"2025-09-04T16:31:10","modified_gmt":"2025-09-04T08:31:10","slug":"soquete-zhaga-conectado-dali-2-0-protocolo-e-0-10v-controle-de-escurecimento-luminaria-iluminacao","status":"publish","type":"product","link":"https:\/\/leaditop.com\/pt\/product\/zhaga-socket-connected-dali-2-0-protocol-and-0-10v-dimming-control-luminaire-lighting\/","title":{"rendered":"Vers\u00e3o mais recente do conector Zhaga Socket LT600 com protocolo D4i e controle de escurecimento de 0-10 V para lumin\u00e1rias de ilumina\u00e7\u00e3o"},"content":{"rendered":"<p>&nbsp;<\/p>\n<p><iframe title=\"Qual \u00e9 o seu problema com a ilumina\u00e7\u00e3o p\u00fablica? Por que escolher nosso soquete de fotoc\u00e9lula LT600? #ZhagaBook18#SmartCity\" width=\"800\" height=\"450\" src=\"https:\/\/www.youtube.com\/embed\/9gp_X9g6-O0?feature=oembed\" frameborder=\"0\" allow=\"accelerometer; autoplay; clipboard-write; encrypted-media; gyroscope; picture-in-picture; web-share\" referrerpolicy=\"strict-origin-when-cross-origin\" allowfullscreen><\/iframe><\/p>\n<h3>Para <strong>garantir confiabilidade a longo prazo<\/strong>, fizemos algumas melhorias importantes:<\/h3>\n<ol>\n<li><strong>Estabilidade de fio aprimorada \u2013 Tecnologia de crimpagem dupla<\/strong> garante uma conex\u00e3o de fio mais forte, melhorando a estabilidade e a vida \u00fatil do dispositivo.<\/li>\n<li><strong>Impermeabiliza\u00e7\u00e3o IP68 \u2013 <\/strong>A base do soquete \u00e9\u00a0<strong>selado com adesivo \u00e0 prova d&#039;\u00e1gua <\/strong>para evitar a entrada de umidade atrav\u00e9s das aberturas da fia\u00e7\u00e3o, reduzindo o risco de curto-circuitos ou danos.<\/li>\n<li>\u00a0<strong>Extremidades de fios estanhados<\/strong>\u00a0\u2013 Facilita uma instala\u00e7\u00e3o mais f\u00e1cil e conex\u00f5es mais confi\u00e1veis.<\/li>\n<li><strong>Fio selado n\u00e3o utilizado \u2013 <\/strong>Pr\u00e9-aplicado\u00a0<strong>termoencolh\u00edvel<\/strong> <strong>tubula\u00e7\u00e3o<\/strong>\u00a0elimina problemas de instala\u00e7\u00e3o e melhora o desempenho geral \u00e0 prova d&#039;\u00e1gua.<\/li>\n<li><strong>Com arruelas de press\u00e3o internas de a\u00e7o inoxid\u00e1vel 304 \u2013 <\/strong>oferecem excelentes capacidades antiderrapantes e antivibra\u00e7\u00e3o, al\u00e9m de resist\u00eancia superior \u00e0 corros\u00e3o e oxida\u00e7\u00e3o em ambientes marinhos com alta n\u00e9voa salina e umidade.<\/li>\n<\/ol>\n<p>Nossos soquetes ajudaram muitos clientes a aumentar a competitividade do produto, fortalecer a confian\u00e7a na marca e expandir seu alcance de mercado - por exemplo, sua empresa local\u00a0<strong>TAKTON<\/strong>.<\/p>\n<p><strong>Estabilidade de fio aprimorada<\/strong><\/p>\n<p><img fetchpriority=\"high\" decoding=\"async\" class=\"alignnone size-large wp-image-3994\" src=\"http:\/\/leaditop.com\/wp-content\/uploads\/2023\/10\/Enhanced-Wire-Stability-1024x821.png\" alt=\"\" width=\"800\" height=\"641\" srcset=\"https:\/\/leaditop.com\/wp-content\/uploads\/2023\/10\/Enhanced-Wire-Stability-1024x821.png 1024w, https:\/\/leaditop.com\/wp-content\/uploads\/2023\/10\/Enhanced-Wire-Stability-300x241.png 300w, https:\/\/leaditop.com\/wp-content\/uploads\/2023\/10\/Enhanced-Wire-Stability-768x616.png 768w, https:\/\/leaditop.com\/wp-content\/uploads\/2023\/10\/Enhanced-Wire-Stability-15x12.png 15w, https:\/\/leaditop.com\/wp-content\/uploads\/2023\/10\/Enhanced-Wire-Stability-600x481.png 600w, https:\/\/leaditop.com\/wp-content\/uploads\/2023\/10\/Enhanced-Wire-Stability.png 1506w\" sizes=\"(max-width: 800px) 100vw, 800px\" \/><\/p>\n<p><strong><b>Melhore o desempenho \u00e0 prova d&#039;\u00e1gua:\u00a0<\/b><\/strong>Soquete Zhaga IP68<\/p>\n<p><img decoding=\"async\" class=\"alignnone size-large wp-image-3993\" src=\"http:\/\/leaditop.com\/wp-content\/uploads\/2023\/10\/IP68-ZHAGA-SOCKET-1024x587.jpg\" alt=\"\" width=\"800\" height=\"459\" srcset=\"https:\/\/leaditop.com\/wp-content\/uploads\/2023\/10\/IP68-ZHAGA-SOCKET-1024x587.jpg 1024w, https:\/\/leaditop.com\/wp-content\/uploads\/2023\/10\/IP68-ZHAGA-SOCKET-300x172.jpg 300w, https:\/\/leaditop.com\/wp-content\/uploads\/2023\/10\/IP68-ZHAGA-SOCKET-768x440.jpg 768w, https:\/\/leaditop.com\/wp-content\/uploads\/2023\/10\/IP68-ZHAGA-SOCKET-1536x881.jpg 1536w, https:\/\/leaditop.com\/wp-content\/uploads\/2023\/10\/IP68-ZHAGA-SOCKET-18x10.jpg 18w, https:\/\/leaditop.com\/wp-content\/uploads\/2023\/10\/IP68-ZHAGA-SOCKET-600x344.jpg 600w, https:\/\/leaditop.com\/wp-content\/uploads\/2023\/10\/IP68-ZHAGA-SOCKET.jpg 1730w\" sizes=\"(max-width: 800px) 100vw, 800px\" \/><\/p>\n<p><strong>Melhora a resist\u00eancia \u00e0 oxida\u00e7\u00e3o e corros\u00e3o, prolongando assim a vida \u00fatil do soquete.<\/strong><\/p>\n<p><img decoding=\"async\" class=\"alignnone size-large wp-image-3992\" src=\"http:\/\/leaditop.com\/wp-content\/uploads\/2023\/10\/Improves-resistance-to-oxidation-and-corrosion-thereby-prolonging-the-lifespan-of-the-socket-1024x280.png\" alt=\"\" width=\"800\" height=\"219\" srcset=\"https:\/\/leaditop.com\/wp-content\/uploads\/2023\/10\/Improves-resistance-to-oxidation-and-corrosion-thereby-prolonging-the-lifespan-of-the-socket-1024x280.png 1024w, https:\/\/leaditop.com\/wp-content\/uploads\/2023\/10\/Improves-resistance-to-oxidation-and-corrosion-thereby-prolonging-the-lifespan-of-the-socket-300x82.png 300w, https:\/\/leaditop.com\/wp-content\/uploads\/2023\/10\/Improves-resistance-to-oxidation-and-corrosion-thereby-prolonging-the-lifespan-of-the-socket-768x210.png 768w, https:\/\/leaditop.com\/wp-content\/uploads\/2023\/10\/Improves-resistance-to-oxidation-and-corrosion-thereby-prolonging-the-lifespan-of-the-socket-1536x420.png 1536w, https:\/\/leaditop.com\/wp-content\/uploads\/2023\/10\/Improves-resistance-to-oxidation-and-corrosion-thereby-prolonging-the-lifespan-of-the-socket-18x5.png 18w, https:\/\/leaditop.com\/wp-content\/uploads\/2023\/10\/Improves-resistance-to-oxidation-and-corrosion-thereby-prolonging-the-lifespan-of-the-socket-600x164.png 600w, https:\/\/leaditop.com\/wp-content\/uploads\/2023\/10\/Improves-resistance-to-oxidation-and-corrosion-thereby-prolonging-the-lifespan-of-the-socket.png 1748w\" sizes=\"(max-width: 800px) 100vw, 800px\" \/><\/p>\n<p><strong>Melhora o desempenho \u00e0 prova d&#039;\u00e1gua + F\u00e1cil instala\u00e7\u00e3o\u00a0 \u00a0 \u00a0 \u00a0 \u00a0 \u00a0 \u00a0 \u00a0 \u00a0 \u00a0 \u00a0 \u00a0 \u00a0 \u00a0\u00a0<\/strong><\/p>\n<p><img loading=\"lazy\" decoding=\"async\" class=\"alignnone size-full wp-image-3991\" src=\"http:\/\/leaditop.com\/wp-content\/uploads\/2023\/10\/zhaga-Enhance-waterproof-performance-Easy-installation-.jpg\" alt=\"\" width=\"378\" height=\"472\" srcset=\"https:\/\/leaditop.com\/wp-content\/uploads\/2023\/10\/zhaga-Enhance-waterproof-performance-Easy-installation-.jpg 378w, https:\/\/leaditop.com\/wp-content\/uploads\/2023\/10\/zhaga-Enhance-waterproof-performance-Easy-installation--240x300.jpg 240w, https:\/\/leaditop.com\/wp-content\/uploads\/2023\/10\/zhaga-Enhance-waterproof-performance-Easy-installation--10x12.jpg 10w\" sizes=\"(max-width: 378px) 100vw, 378px\" \/><\/p>\n<p><strong>Extremidades de fio estanhadas + Tubo termoencolh\u00edvel para selar fios n\u00e3o utilizados<\/strong><\/p>\n<p><strong>(Marca l\u00edder)<\/strong><\/p>\n<p>&nbsp;<\/p>\n<h3>Caracter\u00edsticas:<\/h3>\n<p>Suporta m\u00faltiplas tens\u00f5es de entrada<\/p>\n<p>Certifica\u00e7\u00e3o CE<\/p>\n<p>Compat\u00edvel com ANSI C136.24 e UL773A<\/p>\n<p>&nbsp;<\/p>\n<h3>Aplica\u00e7\u00f5es:Nosso produto \u00e9 amplamente utilizado em v\u00e1rios ambientes,<\/h3>\n<p>Ilumina\u00e7\u00e3o p\u00fablica<\/p>\n<p>Ilumina\u00e7\u00e3o LED para exterior<\/p>\n<p>Ilumina\u00e7\u00e3o de rodovias<\/p>\n<p>Ilumina\u00e7\u00e3o de estacionamento<\/p>\n<p>Ilumina\u00e7\u00e3o de \u00e1reas p\u00fablicas<\/p>\n<p>Ilumina\u00e7\u00e3o de esta\u00e7\u00f5es ferrovi\u00e1rias<\/p>\n<p>Aeroportos<\/p>\n<p>Fazendas<\/p>\n<p>Parques<\/p>\n<p>Escolas<\/p>","protected":false},"excerpt":{"rendered":"<p>Nossas fotoc\u00e9lulas para ilumina\u00e7\u00e3o p\u00fablica atendem \u00e0 norma ANSI C136.10, proporcionando uma solu\u00e7\u00e3o econ\u00f4mica e confi\u00e1vel para o controle automatizado da ilumina\u00e7\u00e3o do anoitecer ao amanhecer. Projetadas para otimizar o desempenho do sistema de ilumina\u00e7\u00e3o e economizar energia, essas fotoc\u00e9lulas utilizam circuitos eletr\u00f4nicos avan\u00e7ados e um sensor de luz fototransistor est\u00e1vel para um funcionamento consistente de ligar\/desligar.<\/p>\n<p>Informa\u00e7\u00f5es do produto<br \/>\nModelo: LT600<br \/>\nPadr\u00e3o: Zhaga Livro 18<br \/>\nClassifica\u00e7\u00e3o: 1,5 A, 30 V<br \/>\nResist\u00eancia diel\u00e9trica: 10 kV para superf\u00edcie de montagem<br \/>\nContato 4PIN: Pino 1: 24 VCC (fio marrom)<br \/>\nPino 2: DALI \u2013 (Fio Cinza)<br \/>\nPino 3: DALI+ (Fio Violeta)<br \/>\nPino 4: E\/S geral (fio azul)<br \/>\nProte\u00e7\u00e3o de entrada: IP65<br \/>\nMateriais do inv\u00f3lucro: polibutileno tereftalato resistente a altas temperaturas<br \/>\nJunta: Materiais de sil\u00edcio<br \/>\nAnel de montagem: materiais de alum\u00ednio<br \/>\nFio: UL1015 18AWG*16cm<\/p>","protected":false},"featured_media":2274,"comment_status":"open","ping_status":"closed","template":"","meta":{"_seopress_robots_primary_cat":"none","_seopress_titles_title":"","_seopress_titles_desc":"","_seopress_robots_index":""},"product_brand":[],"product_cat":[183,26,35],"product_tag":[],"class_list":{"0":"post-1067","1":"product","2":"type-product","3":"status-publish","4":"has-post-thumbnail","6":"product_cat-product","7":"product_cat-zhaga-control","8":"product_cat-zhaga-sockcet","10":"first","11":"instock","12":"shipping-taxable","13":"product-type-simple"},"_links":{"self":[{"href":"https:\/\/leaditop.com\/pt\/wp-json\/wp\/v2\/product\/1067","targetHints":{"allow":["GET"]}}],"collection":[{"href":"https:\/\/leaditop.com\/pt\/wp-json\/wp\/v2\/product"}],"about":[{"href":"https:\/\/leaditop.com\/pt\/wp-json\/wp\/v2\/types\/product"}],"replies":[{"embeddable":true,"href":"https:\/\/leaditop.com\/pt\/wp-json\/wp\/v2\/comments?post=1067"}],"wp:featuredmedia":[{"embeddable":true,"href":"https:\/\/leaditop.com\/pt\/wp-json\/wp\/v2\/media\/2274"}],"wp:attachment":[{"href":"https:\/\/leaditop.com\/pt\/wp-json\/wp\/v2\/media?parent=1067"}],"wp:term":[{"taxonomy":"product_brand","embeddable":true,"href":"https:\/\/leaditop.com\/pt\/wp-json\/wp\/v2\/product_brand?post=1067"},{"taxonomy":"product_cat","embeddable":true,"href":"https:\/\/leaditop.com\/pt\/wp-json\/wp\/v2\/product_cat?post=1067"},{"taxonomy":"product_tag","embeddable":true,"href":"https:\/\/leaditop.com\/pt\/wp-json\/wp\/v2\/product_tag?post=1067"}],"curies":[{"name":"wp","href":"https:\/\/api.w.org\/{rel}","templated":true}]}}