{"id":1079,"date":"2023-10-28T15:08:10","date_gmt":"2023-10-28T07:08:10","guid":{"rendered":"https:\/\/leaditop.com\/?post_type=product&#038;p=1079"},"modified":"2025-09-23T17:11:53","modified_gmt":"2025-09-23T09:11:53","slug":"soquete-zhaga-conectado-dali-2-0-protocolo-e-0-10v-controle-de-escurecimento-luminaria-iluminacao-2","status":"publish","type":"product","link":"https:\/\/leaditop.com\/pt\/product\/zhaga-socket-connected-dali-2-0-protocol-and-0-10v-dimming-control-luminaire-lighting-2\/","title":{"rendered":"Zhaga Socket LT6002 conectado com protocolo DALI 2.0 e controle de dimeriza\u00e7\u00e3o de 0-10 V"},"content":{"rendered":"<p>Caracter\u00edsticas:<\/p>\n<p>\uf06cAtende ou excede o LIVRO 18 de ZHAGA<\/p>\n<p>\uf06cEm conformidade com ROHS.<\/p>\n<p>\uf06cFabricado de acordo com o certificado ISO.<\/p>\n<p>\uf06cAtraso de desligamento de 3 a 10 segundos.<\/p>\n<p>\uf06cProte\u00e7\u00e3o de entrada IP66<\/p>\n<p>&nbsp;<\/p>\n<h3 class=\"p1\">APLICA\u00c7\u00d5ES<\/h3>\n<ul class=\"ul1\">\n<li class=\"li1\">Lumin\u00e1rias de LED que exigem controle do anoitecer ao amanhecer.<\/li>\n<li class=\"li1\">Ilumina\u00e7\u00e3o de ruas e \u00e1reas<\/li>\n<li class=\"li1\">Lumin\u00e1rias para exterior<\/li>\n<li class=\"li1\">Sistema de Gest\u00e3o da Cidade<\/li>\n<\/ul>","protected":false},"excerpt":{"rendered":"<p class=\"p1\">A interface padronizada ZHAGA BOOK 18 do controlador de ilumina\u00e7\u00e3o ZHAGA da LEAD TOP \u00e9 aplic\u00e1vel ao driver DALI para controlar os dispositivos de ilumina\u00e7\u00e3o automaticamente de acordo com o n\u00edvel de ilumina\u00e7\u00e3o natural do ambiente, com circuito de microprocessador e fototransistor de filtro IR.<\/p>\n<p>Informa\u00e7\u00f5es do produto<br \/>\nModelo: LT6001<br \/>\nPadr\u00e3o: Zhaga Livro 18<br \/>\nTens\u00e3o nominal: 12-24 VCC<br \/>\nN\u00edveis de luz de ativa\u00e7\u00e3o: 10-16 Lux<br \/>\nRela\u00e7\u00e3o ON\/OFF: 1:1,5<br \/>\nAtraso de tempo: 3-10 segundos<br \/>\nTemperatura de opera\u00e7\u00e3o: -40\u2103 a +70\u2103<br \/>\nInterruptor: &gt;10000 opera\u00e7\u00f5es ON\/OFF<br \/>\nProte\u00e7\u00e3o de entrada: IP66<br \/>\nSensor de luz: \u2264 0,5 watts<br \/>\nCapa: Policarbonato resistente a impactos UV<br \/>\nBase: Polibutileno Tereftalato Resistente a Altas Temperaturas<br \/>\nModo de falha: LIGADO<\/p>","protected":false},"featured_media":4704,"comment_status":"open","ping_status":"closed","template":"","meta":{"_seopress_robots_primary_cat":"none","_seopress_titles_title":"","_seopress_titles_desc":"","_seopress_robots_index":""},"product_brand":[],"product_cat":[34],"product_tag":[],"class_list":{"0":"post-1079","1":"product","2":"type-product","3":"status-publish","4":"has-post-thumbnail","6":"product_cat-zhaga-sensor","8":"first","9":"instock","10":"shipping-taxable","11":"product-type-simple"},"_links":{"self":[{"href":"https:\/\/leaditop.com\/pt\/wp-json\/wp\/v2\/product\/1079","targetHints":{"allow":["GET"]}}],"collection":[{"href":"https:\/\/leaditop.com\/pt\/wp-json\/wp\/v2\/product"}],"about":[{"href":"https:\/\/leaditop.com\/pt\/wp-json\/wp\/v2\/types\/product"}],"replies":[{"embeddable":true,"href":"https:\/\/leaditop.com\/pt\/wp-json\/wp\/v2\/comments?post=1079"}],"wp:featuredmedia":[{"embeddable":true,"href":"https:\/\/leaditop.com\/pt\/wp-json\/wp\/v2\/media\/4704"}],"wp:attachment":[{"href":"https:\/\/leaditop.com\/pt\/wp-json\/wp\/v2\/media?parent=1079"}],"wp:term":[{"taxonomy":"product_brand","embeddable":true,"href":"https:\/\/leaditop.com\/pt\/wp-json\/wp\/v2\/product_brand?post=1079"},{"taxonomy":"product_cat","embeddable":true,"href":"https:\/\/leaditop.com\/pt\/wp-json\/wp\/v2\/product_cat?post=1079"},{"taxonomy":"product_tag","embeddable":true,"href":"https:\/\/leaditop.com\/pt\/wp-json\/wp\/v2\/product_tag?post=1079"}],"curies":[{"name":"wp","href":"https:\/\/api.w.org\/{rel}","templated":true}]}}