{"id":1083,"date":"2023-10-28T15:16:30","date_gmt":"2023-10-28T07:16:30","guid":{"rendered":"https:\/\/leaditop.com\/?post_type=product&#038;p=1083"},"modified":"2025-07-28T16:30:46","modified_gmt":"2025-07-28T08:30:46","slug":"interruptor-de-fotocelula-sem-fio-do-sistema-de-rua-da-cidade-inteligente-e-acessorios-de-fotocontrole-base-nema-base-de-fotocelula-de-7-pinos","status":"publish","type":"product","link":"https:\/\/leaditop.com\/pt\/product\/smart-city-street-system-wireless-photocell-switch-and-photocontrol-accessories-base-nema-7-pin-photocell-base\/","title":{"rendered":"Tampa do interruptor de fotoc\u00e9lula sem fio para ilumina\u00e7\u00e3o p\u00fablica Smart City LT100C e base de fotoc\u00e9lula NEMA 7 PIN LT100B"},"content":{"rendered":"<h2>DIMENS\u00c3O<\/h2>\n<p><img fetchpriority=\"high\" decoding=\"async\" class=\"alignnone size-large wp-image-3036\" src=\"http:\/\/leaditop.com\/wp-content\/uploads\/2023\/10\/DIMENSION-100-848x1024.png\" alt=\"\" width=\"800\" height=\"966\" srcset=\"https:\/\/leaditop.com\/wp-content\/uploads\/2023\/10\/DIMENSION-100-848x1024.png 848w, https:\/\/leaditop.com\/wp-content\/uploads\/2023\/10\/DIMENSION-100-248x300.png 248w, https:\/\/leaditop.com\/wp-content\/uploads\/2023\/10\/DIMENSION-100-768x927.png 768w, https:\/\/leaditop.com\/wp-content\/uploads\/2023\/10\/DIMENSION-100-1272x1536.png 1272w, https:\/\/leaditop.com\/wp-content\/uploads\/2023\/10\/DIMENSION-100-600x724.png 600w, https:\/\/leaditop.com\/wp-content\/uploads\/2023\/10\/DIMENSION-100.png 1466w\" sizes=\"(max-width: 800px) 100vw, 800px\" \/><\/p>\n<h2>Aplica\u00e7\u00f5es: Nosso produto \u00e9 amplamente utilizado em v\u00e1rios ambientes<\/h2>\n<ul>\n<li>Ilumina\u00e7\u00e3o p\u00fablica<\/li>\n<li>Ilumina\u00e7\u00e3o LED para exterior<\/li>\n<li>Ilumina\u00e7\u00e3o de rodovias<\/li>\n<li>Ilumina\u00e7\u00e3o de estacionamento<\/li>\n<li>Ilumina\u00e7\u00e3o de \u00e1reas p\u00fablicas<\/li>\n<li>Ilumina\u00e7\u00e3o de esta\u00e7\u00f5es ferrovi\u00e1rias<\/li>\n<li>Aeroportos<\/li>\n<li>Fazendas<\/li>\n<li>Parques<\/li>\n<li>Escolas<\/li>\n<\/ul>","protected":false},"excerpt":{"rendered":"<p>Nossas fotoc\u00e9lulas para ilumina\u00e7\u00e3o p\u00fablica atendem \u00e0 norma ANSI C136.10, proporcionando uma solu\u00e7\u00e3o econ\u00f4mica e confi\u00e1vel para o controle automatizado da ilumina\u00e7\u00e3o do anoitecer ao amanhecer. Projetadas para otimizar o desempenho do sistema de ilumina\u00e7\u00e3o e economizar energia, essas fotoc\u00e9lulas utilizam circuitos eletr\u00f4nicos avan\u00e7ados e um sensor de luz fototransistor est\u00e1vel para um funcionamento consistente de ligar\/desligar.<\/p>\n<p><strong>ESPECIFICA\u00c7\u00c3O T\u00c9CNICA<\/strong><br \/>\nBASE LT100B-5PIN &amp; 7PIN<br \/>\nPadr\u00e3o: ANSI C136.41-2013<br \/>\nTens\u00e3o nominal de alimenta\u00e7\u00e3o: 0-480 VCA (Contato: 0-30 VCC)<br \/>\nPot\u00eancia de carga nominal: 15A (Contato: 250mA)<br \/>\nBase: Resist\u00eancia a altas temperaturas<br \/>\nTereftalato de polibutileno (PBT)<br \/>\nPino de alimenta\u00e7\u00e3o: lat\u00e3o com chapa de estanho<br \/>\nPino de contato: Cobre fosforoso com estanhagem e<br \/>\nrevestimento de ouro no segmento de contato<br \/>\n5 posi\u00e7\u00f5es: 3 contatos de energia<br \/>\n2 contatos de escurecimento\/sinal<br \/>\n7 Posi\u00e7\u00e3o: 3 contatos de energia<br \/>\n4 contatos de escurecimento\/sinal<br \/>\nTemperatura de opera\u00e7\u00e3o: -40\u2103 a +70\u2103<\/p>\n<p>CAPA LT100C \u2013 C3090 &amp; C3100 &amp; C3130<br \/>\nMaterial: Resist\u00eancia ao impacto anti-UV<br \/>\nPolicarbonato<br \/>\nEspessura: 3 mm<br \/>\nAltura:<br \/>\nLT100C-C3090: 90 mm<br \/>\nLT100C-C3100: 100 mm<br \/>\nLT100C-C3130: 130 mm<br \/>\nTemperatura de opera\u00e7\u00e3o: -40\u2103 a +70\u2103<br \/>\nCor: Preto transparente<\/p>","protected":false},"featured_media":2319,"comment_status":"open","ping_status":"closed","template":"","meta":{"_seopress_robots_primary_cat":"none","_seopress_titles_title":"","_seopress_titles_desc":"","_seopress_robots_index":"","_seopress_analysis_target_kw":""},"product_brand":[],"product_cat":[33],"product_tag":[],"class_list":{"0":"post-1083","1":"product","2":"type-product","3":"status-publish","4":"has-post-thumbnail","6":"product_cat-photocell-switch-fittings","8":"first","9":"instock","10":"shipping-taxable","11":"product-type-simple"},"_links":{"self":[{"href":"https:\/\/leaditop.com\/pt\/wp-json\/wp\/v2\/product\/1083","targetHints":{"allow":["GET"]}}],"collection":[{"href":"https:\/\/leaditop.com\/pt\/wp-json\/wp\/v2\/product"}],"about":[{"href":"https:\/\/leaditop.com\/pt\/wp-json\/wp\/v2\/types\/product"}],"replies":[{"embeddable":true,"href":"https:\/\/leaditop.com\/pt\/wp-json\/wp\/v2\/comments?post=1083"}],"wp:featuredmedia":[{"embeddable":true,"href":"https:\/\/leaditop.com\/pt\/wp-json\/wp\/v2\/media\/2319"}],"wp:attachment":[{"href":"https:\/\/leaditop.com\/pt\/wp-json\/wp\/v2\/media?parent=1083"}],"wp:term":[{"taxonomy":"product_brand","embeddable":true,"href":"https:\/\/leaditop.com\/pt\/wp-json\/wp\/v2\/product_brand?post=1083"},{"taxonomy":"product_cat","embeddable":true,"href":"https:\/\/leaditop.com\/pt\/wp-json\/wp\/v2\/product_cat?post=1083"},{"taxonomy":"product_tag","embeddable":true,"href":"https:\/\/leaditop.com\/pt\/wp-json\/wp\/v2\/product_tag?post=1083"}],"curies":[{"name":"wp","href":"https:\/\/api.w.org\/{rel}","templated":true}]}}