{"id":2214,"date":"2024-04-17T10:51:45","date_gmt":"2024-04-17T02:51:45","guid":{"rendered":"https:\/\/leaditop.com\/?post_type=product&#038;p=2214"},"modified":"2024-05-08T13:06:38","modified_gmt":"2024-05-08T05:06:38","slug":"lt104-12-24-vdc-twist-lock-fotocontroladores-usados-para-luzes-de-paisagem-luzes-de-celeiro","status":"publish","type":"product","link":"https:\/\/leaditop.com\/pt\/product\/lt104-12-24-vdc-twist-lock-photocontrollers-used-for-landscape-lights-barn-lights\/","title":{"rendered":"Fotocontroladores LT104-12 e 24 VDC com trava girat\u00f3ria usados para luzes de paisagem\/luzes de celeiro"},"content":{"rendered":"<p>Caracter\u00edsticas:<\/p>\n<p>Lumin\u00e1rias LED que exigem controle do anoitecer ao amanhecer<\/p>\n<p>Certifica\u00e7\u00e3o CE<\/p>\n<p>Compat\u00edvel com ANSI C136.24 e UL773A<\/p>\n<p>&nbsp;<\/p>\n<p>Aplica\u00e7\u00f5es:Nosso produto \u00e9 amplamente utilizado em v\u00e1rios ambientes,<\/p>\n<p>Ilumina\u00e7\u00e3o p\u00fablica<\/p>\n<p>Ilumina\u00e7\u00e3o LED para exterior<\/p>\n<p>Ilumina\u00e7\u00e3o de rodovias<\/p>\n<p>Ilumina\u00e7\u00e3o de estacionamento<\/p>\n<p>Ilumina\u00e7\u00e3o de \u00e1reas p\u00fablicas<\/p>\n<p>Ilumina\u00e7\u00e3o de esta\u00e7\u00f5es ferrovi\u00e1rias<\/p>\n<p>Aeroportos<\/p>\n<p>Fazendas<\/p>\n<p>Escolas<\/p>\n<p>Luzes de paisagem<\/p>\n<p>Luzes de celeiro<\/p>","protected":false},"excerpt":{"rendered":"<p>Nossas fotoc\u00e9lulas para ilumina\u00e7\u00e3o p\u00fablica atendem \u00e0 norma ANSI C136.10, proporcionando uma solu\u00e7\u00e3o econ\u00f4mica e confi\u00e1vel para o controle automatizado da ilumina\u00e7\u00e3o do anoitecer ao amanhecer. Projetadas para otimizar o desempenho do sistema de ilumina\u00e7\u00e3o e economizar energia, essas fotoc\u00e9lulas utilizam circuitos eletr\u00f4nicos avan\u00e7ados e um sensor de luz fototransistor est\u00e1vel para um funcionamento consistente de ligar\/desligar.<\/p>\n<p>Informa\u00e7\u00f5es do produto<br \/>\nModelo: LT104-DC<br \/>\nPadr\u00e3o: ANSI C136.10 e UL773<br \/>\nTens\u00e3o nominal: 12 V-24 VCC<br \/>\nProte\u00e7\u00e3o de entrada: IP65<br \/>\nN\u00edveis de luz de ativa\u00e7\u00e3o: 10-16 Lux<br \/>\nRela\u00e7\u00e3o LIGADO\/DESLIGADO: 1:1,5<\/p>\n<p>Atraso de tempo: 30-10 segundos<br \/>\nInterruptor: &gt;10000 opera\u00e7\u00f5es ON\/OFF com carga nominal<br \/>\nConsumo de energia: \u2264 0,5 watts<br \/>\nCapa: Polipropileno resistente a impactos UV<br \/>\nBase: Polibutileno Tereftalato resistente a altas temperaturas<br \/>\nModo de falha: DESLIGADO (Opcional: LIGADO)<\/p>","protected":false},"featured_media":2265,"comment_status":"open","ping_status":"closed","template":"","meta":{"_seopress_robots_primary_cat":"none","_seopress_titles_title":"","_seopress_titles_desc":"","_seopress_robots_index":""},"product_brand":[],"product_cat":[41,183,30],"product_tag":[],"class_list":{"0":"post-2214","1":"product","2":"type-product","3":"status-publish","4":"has-post-thumbnail","6":"product_cat-photocontrollers","7":"product_cat-product","8":"product_cat-twist-lock-photocontrollers","10":"first","11":"instock","12":"shipping-taxable","13":"product-type-simple"},"_links":{"self":[{"href":"https:\/\/leaditop.com\/pt\/wp-json\/wp\/v2\/product\/2214","targetHints":{"allow":["GET"]}}],"collection":[{"href":"https:\/\/leaditop.com\/pt\/wp-json\/wp\/v2\/product"}],"about":[{"href":"https:\/\/leaditop.com\/pt\/wp-json\/wp\/v2\/types\/product"}],"replies":[{"embeddable":true,"href":"https:\/\/leaditop.com\/pt\/wp-json\/wp\/v2\/comments?post=2214"}],"wp:featuredmedia":[{"embeddable":true,"href":"https:\/\/leaditop.com\/pt\/wp-json\/wp\/v2\/media\/2265"}],"wp:attachment":[{"href":"https:\/\/leaditop.com\/pt\/wp-json\/wp\/v2\/media?parent=2214"}],"wp:term":[{"taxonomy":"product_brand","embeddable":true,"href":"https:\/\/leaditop.com\/pt\/wp-json\/wp\/v2\/product_brand?post=2214"},{"taxonomy":"product_cat","embeddable":true,"href":"https:\/\/leaditop.com\/pt\/wp-json\/wp\/v2\/product_cat?post=2214"},{"taxonomy":"product_tag","embeddable":true,"href":"https:\/\/leaditop.com\/pt\/wp-json\/wp\/v2\/product_tag?post=2214"}],"curies":[{"name":"wp","href":"https:\/\/api.w.org\/{rel}","templated":true}]}}