{"id":4058,"date":"2025-06-05T14:53:38","date_gmt":"2025-06-05T06:53:38","guid":{"rendered":"https:\/\/leaditop.com\/?post_type=product&#038;p=4058"},"modified":"2025-06-05T15:12:15","modified_gmt":"2025-06-05T07:12:15","slug":"receptaculo-de-fotocelula-de-7-pinos-lt605-ip67-de-alta-resistencia-a-agua","status":"publish","type":"product","link":"https:\/\/leaditop.com\/pt\/product\/lt605-ip67-high-waterproof-grade-7pin-photocell-receptacle\/","title":{"rendered":"Tomada de fotoc\u00e9lula LT605 IP67 de alta resist\u00eancia \u00e0 \u00e1gua com 7 pinos"},"content":{"rendered":"<p><strong>Tr\u00eas soquetes de alta resist\u00eancia \u00e0 \u00e1gua, estilos personaliz\u00e1veis<\/strong><\/p>\n<p><img fetchpriority=\"high\" decoding=\"async\" class=\"alignnone  wp-image-4063\" src=\"http:\/\/leaditop.com\/wp-content\/uploads\/2025\/06\/LT605-IP67-receptacle-15.jpg\" alt=\"\" width=\"330\" height=\"330\" srcset=\"https:\/\/leaditop.com\/wp-content\/uploads\/2025\/06\/LT605-IP67-receptacle-15.jpg 650w, https:\/\/leaditop.com\/wp-content\/uploads\/2025\/06\/LT605-IP67-receptacle-15-300x300.jpg 300w, https:\/\/leaditop.com\/wp-content\/uploads\/2025\/06\/LT605-IP67-receptacle-15-150x150.jpg 150w, https:\/\/leaditop.com\/wp-content\/uploads\/2025\/06\/LT605-IP67-receptacle-15-12x12.jpg 12w, https:\/\/leaditop.com\/wp-content\/uploads\/2025\/06\/LT605-IP67-receptacle-15-600x600.jpg 600w, https:\/\/leaditop.com\/wp-content\/uploads\/2025\/06\/LT605-IP67-receptacle-15-100x100.jpg 100w\" sizes=\"(max-width: 330px) 100vw, 330px\" \/><img decoding=\"async\" class=\"alignnone  wp-image-4062\" src=\"http:\/\/leaditop.com\/wp-content\/uploads\/2025\/06\/LT605-IP67-receptacle-14.jpg\" alt=\"\" width=\"330\" height=\"330\" srcset=\"https:\/\/leaditop.com\/wp-content\/uploads\/2025\/06\/LT605-IP67-receptacle-14.jpg 650w, https:\/\/leaditop.com\/wp-content\/uploads\/2025\/06\/LT605-IP67-receptacle-14-300x300.jpg 300w, https:\/\/leaditop.com\/wp-content\/uploads\/2025\/06\/LT605-IP67-receptacle-14-150x150.jpg 150w, https:\/\/leaditop.com\/wp-content\/uploads\/2025\/06\/LT605-IP67-receptacle-14-12x12.jpg 12w, https:\/\/leaditop.com\/wp-content\/uploads\/2025\/06\/LT605-IP67-receptacle-14-600x600.jpg 600w, https:\/\/leaditop.com\/wp-content\/uploads\/2025\/06\/LT605-IP67-receptacle-14-100x100.jpg 100w\" sizes=\"(max-width: 330px) 100vw, 330px\" \/><img decoding=\"async\" class=\"alignnone  wp-image-4060\" src=\"http:\/\/leaditop.com\/wp-content\/uploads\/2025\/06\/LT605-IP67-receptacle-12.jpg\" alt=\"\" width=\"330\" height=\"330\" srcset=\"https:\/\/leaditop.com\/wp-content\/uploads\/2025\/06\/LT605-IP67-receptacle-12.jpg 650w, https:\/\/leaditop.com\/wp-content\/uploads\/2025\/06\/LT605-IP67-receptacle-12-300x300.jpg 300w, https:\/\/leaditop.com\/wp-content\/uploads\/2025\/06\/LT605-IP67-receptacle-12-150x150.jpg 150w, https:\/\/leaditop.com\/wp-content\/uploads\/2025\/06\/LT605-IP67-receptacle-12-12x12.jpg 12w, https:\/\/leaditop.com\/wp-content\/uploads\/2025\/06\/LT605-IP67-receptacle-12-600x600.jpg 600w, https:\/\/leaditop.com\/wp-content\/uploads\/2025\/06\/LT605-IP67-receptacle-12-100x100.jpg 100w\" sizes=\"(max-width: 330px) 100vw, 330px\" \/><\/p>\n<p><iframe title=\"Seus conectores podem sobreviver \u00e0 chuva, poeira e condi\u00e7\u00f5es externas adversas? #fotoc\u00e9lula #smartlightcontrol\" width=\"800\" height=\"450\" src=\"https:\/\/www.youtube.com\/embed\/RIt8tNSDcN8?feature=oembed\" frameborder=\"0\" allow=\"accelerometer; autoplay; clipboard-write; encrypted-media; gyroscope; picture-in-picture; web-share\" referrerpolicy=\"strict-origin-when-cross-origin\" allowfullscreen><\/iframe><\/p>\n<p><strong>Caracter\u00edsticas:<\/strong><\/p>\n<p>Suporta m\u00faltiplas tens\u00f5es de entrada<\/p>\n<p>Certifica\u00e7\u00e3o CE<\/p>\n<p>Compat\u00edvel com ANSI C136.24 e UL773A<\/p>\n<p>&nbsp;<\/p>\n<p><strong>Aplica\u00e7\u00f5es:Nosso produto \u00e9 amplamente utilizado em v\u00e1rios ambientes,<\/strong><\/p>\n<p>Ilumina\u00e7\u00e3o p\u00fablica<\/p>\n<p>Ilumina\u00e7\u00e3o LED para exterior<\/p>\n<p>Ilumina\u00e7\u00e3o de rodovias<\/p>\n<p>Ilumina\u00e7\u00e3o de estacionamento<\/p>\n<p>Ilumina\u00e7\u00e3o de \u00e1reas p\u00fablicas<\/p>\n<p>Ilumina\u00e7\u00e3o de esta\u00e7\u00f5es ferrovi\u00e1rias<\/p>\n<p>Aeroportos<\/p>\n<p>Fazendas<\/p>\n<p>Parques<\/p>\n<p>Escolas<\/p>","protected":false},"excerpt":{"rendered":"<p>Nossas fotoc\u00e9lulas para ilumina\u00e7\u00e3o p\u00fablica atendem \u00e0 norma ANSI C136.10, proporcionando uma solu\u00e7\u00e3o econ\u00f4mica e confi\u00e1vel para o controle automatizado da ilumina\u00e7\u00e3o do anoitecer ao amanhecer. Projetadas para otimizar o desempenho do sistema de ilumina\u00e7\u00e3o e economizar energia, essas fotoc\u00e9lulas utilizam circuitos eletr\u00f4nicos avan\u00e7ados e um sensor de luz fototransistor est\u00e1vel para um funcionamento consistente de ligar\/desligar.<\/p>\n<p>Informa\u00e7\u00f5es do produto<br \/>\nModelo: LT605 IP67<br \/>\nPadr\u00e3o: ANSI C136.41 e UL773<br \/>\nClassifica\u00e7\u00e3o de tens\u00e3o: Cont. de energia: 480 V<br \/>\nContatos de dimeriza\u00e7\u00e3o: 30V<br \/>\nClassifica\u00e7\u00e3o atual: Corrente de contato: 15A<br \/>\nContatos de dimeriza\u00e7\u00e3o: 250mA<br \/>\nUmidade relativa: 99%<br \/>\nIsolamento: 2500V\/60Hz\/1min<br \/>\nCarca\u00e7a: Baquelite<br \/>\n7 Posi\u00e7\u00f5es: 3 contatos de energia, 4 contatos de escurecimento\/sinal<br \/>\nCabo: Linha de energia: UL1015 14AWG*30cm<br \/>\nLinha de Sinal: UL1015 18AWG*30cm<br \/>\nAcess\u00f3rio: Junta de silicone<\/p>","protected":false},"featured_media":4059,"comment_status":"open","ping_status":"closed","template":"","meta":{"_seopress_robots_primary_cat":"none","_seopress_titles_title":"","_seopress_titles_desc":"","_seopress_robots_index":""},"product_brand":[],"product_cat":[39],"product_tag":[],"class_list":{"0":"post-4058","1":"product","2":"type-product","3":"status-publish","4":"has-post-thumbnail","6":"product_cat-nema-7-pin-receptacle","8":"first","9":"instock","10":"shipping-taxable","11":"product-type-simple"},"_links":{"self":[{"href":"https:\/\/leaditop.com\/pt\/wp-json\/wp\/v2\/product\/4058","targetHints":{"allow":["GET"]}}],"collection":[{"href":"https:\/\/leaditop.com\/pt\/wp-json\/wp\/v2\/product"}],"about":[{"href":"https:\/\/leaditop.com\/pt\/wp-json\/wp\/v2\/types\/product"}],"replies":[{"embeddable":true,"href":"https:\/\/leaditop.com\/pt\/wp-json\/wp\/v2\/comments?post=4058"}],"wp:featuredmedia":[{"embeddable":true,"href":"https:\/\/leaditop.com\/pt\/wp-json\/wp\/v2\/media\/4059"}],"wp:attachment":[{"href":"https:\/\/leaditop.com\/pt\/wp-json\/wp\/v2\/media?parent=4058"}],"wp:term":[{"taxonomy":"product_brand","embeddable":true,"href":"https:\/\/leaditop.com\/pt\/wp-json\/wp\/v2\/product_brand?post=4058"},{"taxonomy":"product_cat","embeddable":true,"href":"https:\/\/leaditop.com\/pt\/wp-json\/wp\/v2\/product_cat?post=4058"},{"taxonomy":"product_tag","embeddable":true,"href":"https:\/\/leaditop.com\/pt\/wp-json\/wp\/v2\/product_tag?post=4058"}],"curies":[{"name":"wp","href":"https:\/\/api.w.org\/{rel}","templated":true}]}}