{"id":4083,"date":"2025-06-05T16:20:54","date_gmt":"2025-06-05T08:20:54","guid":{"rendered":"https:\/\/leaditop.com\/?post_type=product&#038;p=4083"},"modified":"2025-07-28T16:26:09","modified_gmt":"2025-07-28T08:26:09","slug":"sensor-fotocelula-de-haste-giratoria-de-180-graus-120-vca-com-tampa-de-protecao-solar-e-tubo-termoencolhivel-a-prova-dagua","status":"publish","type":"product","link":"https:\/\/leaditop.com\/pt\/product\/180-degree-rotate-stem-photocell-sensor-120vac-with-sunshade-cap-and-waterproof-heat-shrink-tubing\/","title":{"rendered":"Sensor fotoc\u00e9lula LT310F1F\/2F com haste girat\u00f3ria de 180 graus, 120 VCA, com tampa de prote\u00e7\u00e3o solar e tubo termorretr\u00e1til \u00e0 prova d&#039;\u00e1gua"},"content":{"rendered":"<p><img fetchpriority=\"high\" decoding=\"async\" class=\"alignnone wp-image-2402\" src=\"http:\/\/leaditop.com\/wp-content\/uploads\/2023\/10\/02-10.jpg\" alt=\"Fotoc\u00e9lula com fio LT310F\" width=\"400\" height=\"400\" srcset=\"https:\/\/leaditop.com\/wp-content\/uploads\/2023\/10\/02-10.jpg 650w, https:\/\/leaditop.com\/wp-content\/uploads\/2023\/10\/02-10-300x300.jpg 300w, https:\/\/leaditop.com\/wp-content\/uploads\/2023\/10\/02-10-150x150.jpg 150w, https:\/\/leaditop.com\/wp-content\/uploads\/2023\/10\/02-10-600x600.jpg 600w, https:\/\/leaditop.com\/wp-content\/uploads\/2023\/10\/02-10-100x100.jpg 100w\" sizes=\"(max-width: 400px) 100vw, 400px\" \/><\/p>\n<p>LT310F<\/p>\n<p><img decoding=\"async\" class=\"alignnone wp-image-4086\" src=\"http:\/\/leaditop.com\/wp-content\/uploads\/2025\/06\/310ff-photocell-3.jpg\" alt=\"\" width=\"400\" height=\"400\" srcset=\"https:\/\/leaditop.com\/wp-content\/uploads\/2025\/06\/310ff-photocell-3.jpg 650w, https:\/\/leaditop.com\/wp-content\/uploads\/2025\/06\/310ff-photocell-3-300x300.jpg 300w, https:\/\/leaditop.com\/wp-content\/uploads\/2025\/06\/310ff-photocell-3-150x150.jpg 150w, https:\/\/leaditop.com\/wp-content\/uploads\/2025\/06\/310ff-photocell-3-12x12.jpg 12w, https:\/\/leaditop.com\/wp-content\/uploads\/2025\/06\/310ff-photocell-3-600x600.jpg 600w, https:\/\/leaditop.com\/wp-content\/uploads\/2025\/06\/310ff-photocell-3-100x100.jpg 100w\" sizes=\"(max-width: 400px) 100vw, 400px\" \/><\/p>\n<p>LT310F com tampa de prote\u00e7\u00e3o solar e tubo termoencolh\u00edvel \u00e0 prova d&#039;\u00e1gua<\/p>\n<p>Este produto n\u00e3o vem equipado com uma capa de prote\u00e7\u00e3o solar por padr\u00e3o em aplica\u00e7\u00f5es convencionais. A capa de prote\u00e7\u00e3o solar \u00e9 selecionada apenas em cen\u00e1rios especiais onde a lumin\u00e1ria precisa estar sempre acesa (como por\u00f5es, \u00e1reas mal ventiladas, etc.) para evitar opera\u00e7\u00e3o incorreta do controle de ilumina\u00e7\u00e3o.<br \/>\nAl\u00e9m disso, a camada externa do cabo \u00e9 refor\u00e7ada com um tubo termoencolh\u00edvel, o que melhora significativamente o desempenho \u00e0 prova d&#039;\u00e1gua e a durabilidade do produto, tornando-o mais adequado para opera\u00e7\u00e3o est\u00e1vel de longo prazo em ambientes externos ou \u00famidos.<\/p>\n<p><strong>Caracter\u00edsticas:<\/strong><\/p>\n<p>Suporta m\u00faltiplas tens\u00f5es de entrada<\/p>\n<p>Certifica\u00e7\u00e3o CE<\/p>\n<p>Compat\u00edvel com ANSI C136.24 e UL773A<\/p>\n<p>&nbsp;<\/p>\n<p><strong>Aplica\u00e7\u00f5es:<\/strong>Nosso produto \u00e9 amplamente utilizado em v\u00e1rios ambientes,<\/p>\n<p>Ilumina\u00e7\u00e3o p\u00fablica<\/p>\n<p>Ilumina\u00e7\u00e3o LED para exterior<\/p>\n<p>Ilumina\u00e7\u00e3o de rodovias<\/p>\n<p>Ilumina\u00e7\u00e3o de estacionamento<\/p>\n<p>Ilumina\u00e7\u00e3o de \u00e1reas p\u00fablicas<\/p>\n<p>Ilumina\u00e7\u00e3o de esta\u00e7\u00f5es ferrovi\u00e1rias<\/p>\n<p>Aeroportos<\/p>\n<p>Fazendas<\/p>\n<p>Parques<\/p>\n<p>Escolas<\/p>","protected":false},"excerpt":{"rendered":"<p>Nossas fotoc\u00e9lulas para ilumina\u00e7\u00e3o p\u00fablica atendem \u00e0 norma ANSI C136.10, proporcionando uma solu\u00e7\u00e3o econ\u00f4mica e confi\u00e1vel para o controle automatizado da ilumina\u00e7\u00e3o do anoitecer ao amanhecer. Projetadas para otimizar o desempenho do sistema de ilumina\u00e7\u00e3o e economizar energia, essas fotoc\u00e9lulas utilizam circuitos eletr\u00f4nicos avan\u00e7ados e um sensor de luz fototransistor est\u00e1vel para um funcionamento consistente de ligar\/desligar.<\/p>\n<p>Informa\u00e7\u00f5es do produto<br \/>\nModelo: LT310F1F\/2F<br \/>\nPadr\u00e3o:ANSI C136.24 e UL773A<br \/>\nTens\u00e3o nominal: 120-277 V<br \/>\nCarga nominal: 1000W\/1800VA\/2A E-Ballast<br \/>\nReator el\u00e9trico 1000W\/1800VA\/5A<br \/>\nRela\u00e7\u00e3o LIGADO\/DESLIGADO: 1:1,5<\/p>\n<p>Modo de falha: LIGADO<br \/>\nN\u00edveis de luz de ativa\u00e7\u00e3o: 10-16 Lux<br \/>\nAtraso de tempo: 3-15 segundos<br \/>\nInterruptor: &gt;10000 opera\u00e7\u00f5es ON\/OFF com carga nominal<br \/>\nConsumo de energia: \u2264 0,7 watts a 120 VCA<br \/>\nSensor de luz: filtro infravermelho fototransistor<br \/>\nInv\u00f3lucro: Policarbonato (PC) resistente a impactos UV<br \/>\nCabo: UL1015 18AWG*16cm<\/p>","protected":false},"featured_media":4090,"comment_status":"open","ping_status":"closed","template":"","meta":{"_seopress_robots_primary_cat":"none","_seopress_titles_title":"","_seopress_titles_desc":"","_seopress_robots_index":"","_seopress_analysis_target_kw":""},"product_brand":[],"product_cat":[183,43,31],"product_tag":[],"class_list":{"0":"post-4083","1":"product","2":"type-product","3":"status-publish","4":"has-post-thumbnail","6":"product_cat-product","7":"product_cat-swivel-stem-control","8":"product_cat-wire-in-controllers","10":"first","11":"instock","12":"shipping-taxable","13":"product-type-simple"},"_links":{"self":[{"href":"https:\/\/leaditop.com\/pt\/wp-json\/wp\/v2\/product\/4083","targetHints":{"allow":["GET"]}}],"collection":[{"href":"https:\/\/leaditop.com\/pt\/wp-json\/wp\/v2\/product"}],"about":[{"href":"https:\/\/leaditop.com\/pt\/wp-json\/wp\/v2\/types\/product"}],"replies":[{"embeddable":true,"href":"https:\/\/leaditop.com\/pt\/wp-json\/wp\/v2\/comments?post=4083"}],"wp:featuredmedia":[{"embeddable":true,"href":"https:\/\/leaditop.com\/pt\/wp-json\/wp\/v2\/media\/4090"}],"wp:attachment":[{"href":"https:\/\/leaditop.com\/pt\/wp-json\/wp\/v2\/media?parent=4083"}],"wp:term":[{"taxonomy":"product_brand","embeddable":true,"href":"https:\/\/leaditop.com\/pt\/wp-json\/wp\/v2\/product_brand?post=4083"},{"taxonomy":"product_cat","embeddable":true,"href":"https:\/\/leaditop.com\/pt\/wp-json\/wp\/v2\/product_cat?post=4083"},{"taxonomy":"product_tag","embeddable":true,"href":"https:\/\/leaditop.com\/pt\/wp-json\/wp\/v2\/product_tag?post=4083"}],"curies":[{"name":"wp","href":"https:\/\/api.w.org\/{rel}","templated":true}]}}