{"id":5256,"date":"2026-01-09T14:26:23","date_gmt":"2026-01-09T06:26:23","guid":{"rendered":"https:\/\/leaditop.com\/?post_type=product&#038;p=5256"},"modified":"2026-01-09T14:33:05","modified_gmt":"2026-01-09T06:33:05","slug":"tampa-e-base-para-interruptor-fotocelula-sem-fio-de-iluminacao-publica-inteligente","status":"publish","type":"product","link":"https:\/\/leaditop.com\/pt\/product\/smart-city-street-light-wireless-photocell-switch-cover-and-base\/","title":{"rendered":"Tampa e base para interruptor fotoc\u00e9lula sem fio de ilumina\u00e7\u00e3o p\u00fablica inteligente"},"content":{"rendered":"<h3><img fetchpriority=\"high\" decoding=\"async\" class=\"alignnone  wp-image-5259\" src=\"http:\/\/leaditop.com\/wp-content\/uploads\/2026\/01\/3\u2018.jpg\" alt=\"\" width=\"727\" height=\"727\" srcset=\"https:\/\/leaditop.com\/wp-content\/uploads\/2026\/01\/3\u2018.jpg 650w, https:\/\/leaditop.com\/wp-content\/uploads\/2026\/01\/3\u2018-300x300.jpg 300w, https:\/\/leaditop.com\/wp-content\/uploads\/2026\/01\/3\u2018-150x150.jpg 150w, https:\/\/leaditop.com\/wp-content\/uploads\/2026\/01\/3\u2018-12x12.jpg 12w, https:\/\/leaditop.com\/wp-content\/uploads\/2026\/01\/3\u2018-600x600.jpg 600w, https:\/\/leaditop.com\/wp-content\/uploads\/2026\/01\/3\u2018-100x100.jpg 100w\" sizes=\"(max-width: 727px) 100vw, 727px\" \/><\/h3>\n<h3>DIMENS\u00c3O<\/h3>\n<p><img decoding=\"async\" class=\"alignnone  wp-image-3036\" src=\"http:\/\/leaditop.com\/wp-content\/uploads\/2023\/10\/DIMENSION-100-848x1024.png\" alt=\"\" width=\"800\" height=\"966\" srcset=\"https:\/\/leaditop.com\/wp-content\/uploads\/2023\/10\/DIMENSION-100-848x1024.png 848w, https:\/\/leaditop.com\/wp-content\/uploads\/2023\/10\/DIMENSION-100-248x300.png 248w, https:\/\/leaditop.com\/wp-content\/uploads\/2023\/10\/DIMENSION-100-768x927.png 768w, https:\/\/leaditop.com\/wp-content\/uploads\/2023\/10\/DIMENSION-100-1272x1536.png 1272w, https:\/\/leaditop.com\/wp-content\/uploads\/2023\/10\/DIMENSION-100-600x724.png 600w, https:\/\/leaditop.com\/wp-content\/uploads\/2023\/10\/DIMENSION-100.png 1466w\" sizes=\"(max-width: 800px) 100vw, 800px\" \/><\/p>\n<h2>Aplica\u00e7\u00f5es: Nosso produto \u00e9 amplamente utilizado em v\u00e1rios ambientes<\/h2>\n<ul>\n<li>Ilumina\u00e7\u00e3o p\u00fablica<\/li>\n<li>Ilumina\u00e7\u00e3o LED para exterior<\/li>\n<li>Ilumina\u00e7\u00e3o de rodovias<\/li>\n<li>Ilumina\u00e7\u00e3o de estacionamento<\/li>\n<li>Ilumina\u00e7\u00e3o de \u00e1reas p\u00fablicas<\/li>\n<li>Ilumina\u00e7\u00e3o de esta\u00e7\u00f5es ferrovi\u00e1rias<\/li>\n<li>Aeroportos<\/li>\n<li>Fazendas<\/li>\n<li>Parques<\/li>\n<li>Escolas<\/li>\n<\/ul>","protected":false},"excerpt":{"rendered":"<p>Nossas fotoc\u00e9lulas para ilumina\u00e7\u00e3o p\u00fablica atendem \u00e0 norma ANSI C136.10, proporcionando uma solu\u00e7\u00e3o econ\u00f4mica e confi\u00e1vel para o controle automatizado da ilumina\u00e7\u00e3o do anoitecer ao amanhecer. Projetadas para otimizar o desempenho do sistema de ilumina\u00e7\u00e3o e economizar energia, essas fotoc\u00e9lulas utilizam circuitos eletr\u00f4nicos avan\u00e7ados e um sensor de luz fototransistor est\u00e1vel para um funcionamento consistente de ligar\/desligar.<\/p>\n<p><strong>ESPECIFICA\u00c7\u00c3O T\u00c9CNICA<\/strong><br \/>\nBASE LT100B-5PIN &amp; 7PIN<br \/>\nPadr\u00e3o: ANSI C136.41-2013<br \/>\nTens\u00e3o nominal de alimenta\u00e7\u00e3o: 0-480 VCA (Contato: 0-30 VCC)<br \/>\nPot\u00eancia de carga nominal: 15A (Contato: 250mA)<br \/>\nBase: Resist\u00eancia a altas temperaturas<br \/>\nTereftalato de polibutileno (PBT)<br \/>\nPino de alimenta\u00e7\u00e3o: lat\u00e3o com chapa de estanho<br \/>\nPino de contato: Cobre fosforoso com estanhagem e<br \/>\nrevestimento de ouro no segmento de contato<br \/>\n5 posi\u00e7\u00f5es: 3 contatos de energia<br \/>\n2 contatos de escurecimento\/sinal<br \/>\n7 Posi\u00e7\u00e3o: 3 contatos de energia<br \/>\n4 contatos de escurecimento\/sinal<br \/>\nTemperatura de opera\u00e7\u00e3o: -40\u2103 a +70\u2103<\/p>\n<p>CAPA LT100C \u2013 C3090 &amp; C3100 &amp; C3130<br \/>\nMaterial: Resist\u00eancia ao impacto anti-UV<br \/>\nPolicarbonato<br \/>\nEspessura: 3 mm<br \/>\nAltura:<br \/>\nLT100C-C3090: 90 mm<br \/>\nLT100C-C3100: 100 mm<br \/>\nLT100C-C3130: 130 mm<br \/>\nTemperatura de opera\u00e7\u00e3o: -40\u2103 a +70\u2103<br \/>\nCor: Preto transparente<\/p>","protected":false},"featured_media":5259,"comment_status":"open","ping_status":"closed","template":"","meta":{"_seopress_robots_primary_cat":"none","_seopress_titles_title":"","_seopress_titles_desc":"","_seopress_robots_index":""},"product_brand":[],"product_cat":[33],"product_tag":[],"class_list":{"0":"post-5256","1":"product","2":"type-product","3":"status-publish","4":"has-post-thumbnail","6":"product_cat-photocell-switch-fittings","8":"first","9":"instock","10":"shipping-taxable","11":"product-type-simple"},"_links":{"self":[{"href":"https:\/\/leaditop.com\/pt\/wp-json\/wp\/v2\/product\/5256","targetHints":{"allow":["GET"]}}],"collection":[{"href":"https:\/\/leaditop.com\/pt\/wp-json\/wp\/v2\/product"}],"about":[{"href":"https:\/\/leaditop.com\/pt\/wp-json\/wp\/v2\/types\/product"}],"replies":[{"embeddable":true,"href":"https:\/\/leaditop.com\/pt\/wp-json\/wp\/v2\/comments?post=5256"}],"wp:featuredmedia":[{"embeddable":true,"href":"https:\/\/leaditop.com\/pt\/wp-json\/wp\/v2\/media\/5259"}],"wp:attachment":[{"href":"https:\/\/leaditop.com\/pt\/wp-json\/wp\/v2\/media?parent=5256"}],"wp:term":[{"taxonomy":"product_brand","embeddable":true,"href":"https:\/\/leaditop.com\/pt\/wp-json\/wp\/v2\/product_brand?post=5256"},{"taxonomy":"product_cat","embeddable":true,"href":"https:\/\/leaditop.com\/pt\/wp-json\/wp\/v2\/product_cat?post=5256"},{"taxonomy":"product_tag","embeddable":true,"href":"https:\/\/leaditop.com\/pt\/wp-json\/wp\/v2\/product_tag?post=5256"}],"curies":[{"name":"wp","href":"https:\/\/api.w.org\/{rel}","templated":true}]}}