{"id":5780,"date":"2026-04-16T16:27:26","date_gmt":"2026-04-16T08:27:26","guid":{"rendered":"https:\/\/leaditop.com\/?post_type=product&#038;p=5780"},"modified":"2026-04-16T17:13:58","modified_gmt":"2026-04-16T09:13:58","slug":"sistema-completo-de-controle-de-fotocelulas-lt104-645-645b-projetado-para-projetos-de-iluminacao-externa-no-mexico-e-em-mercados-globais","status":"publish","type":"product","link":"https:\/\/leaditop.com\/pt\/product\/complete-photocell-control-system-lt104-645-645b-designed-for-outdoor-lighting-projects-in-mexico-and-global-markets\/","title":{"rendered":"Sistema completo de controle de fotoc\u00e9lulas (LT104 + 645\/645B) projetado para projetos de ilumina\u00e7\u00e3o externa no M\u00e9xico e em mercados globais."},"content":{"rendered":"<h3><img fetchpriority=\"high\" decoding=\"async\" class=\"alignnone size-large wp-image-5761\" src=\"http:\/\/leaditop.com\/wp-content\/uploads\/2026\/04\/Outdoor-Lighting-Projects-in-Mexico-1024x576.jpg\" alt=\"\" width=\"800\" height=\"450\" srcset=\"https:\/\/leaditop.com\/wp-content\/uploads\/2026\/04\/Outdoor-Lighting-Projects-in-Mexico-1024x576.jpg 1024w, https:\/\/leaditop.com\/wp-content\/uploads\/2026\/04\/Outdoor-Lighting-Projects-in-Mexico-300x169.jpg 300w, https:\/\/leaditop.com\/wp-content\/uploads\/2026\/04\/Outdoor-Lighting-Projects-in-Mexico-768x432.jpg 768w, https:\/\/leaditop.com\/wp-content\/uploads\/2026\/04\/Outdoor-Lighting-Projects-in-Mexico-1536x864.jpg 1536w, https:\/\/leaditop.com\/wp-content\/uploads\/2026\/04\/Outdoor-Lighting-Projects-in-Mexico-18x10.jpg 18w, https:\/\/leaditop.com\/wp-content\/uploads\/2026\/04\/Outdoor-Lighting-Projects-in-Mexico-600x338.jpg 600w, https:\/\/leaditop.com\/wp-content\/uploads\/2026\/04\/Outdoor-Lighting-Projects-in-Mexico.jpg 1600w\" sizes=\"(max-width: 800px) 100vw, 800px\" \/><\/h3>\n<h2 data-section-id=\"1c0sjkj\" data-start=\"729\" data-end=\"775\">Simplifique a instala\u00e7\u00e3o da sua ilumina\u00e7\u00e3o externa.<\/h2>\n<p data-start=\"777\" data-end=\"960\">Este sistema completo de controle de fotoc\u00e9lulas combina o <strong data-start=\"829\" data-end=\"855\">Controlador de foto LT104<\/strong> com <strong data-start=\"829\" data-end=\"855\">LT<\/strong><strong data-start=\"861\" data-end=\"890\">Base e tampa 645\/645B<\/strong>, oferecendo uma solu\u00e7\u00e3o pronta para instalar em projetos de ilumina\u00e7\u00e3o externa. Projetado para projetos de ilumina\u00e7\u00e3o externa em <strong>M\u00e9xico e Mercados Globais<\/strong>.<\/p>\n<p data-start=\"962\" data-end=\"1024\">Sem problemas de compatibilidade. Sem necessidade de fornecedores adicionais. Basta conectar e usar.<\/p>\n<h3 data-section-id=\"1xxf8r4\" data-start=\"1031\" data-end=\"1038\">CTA<\/h3>\n<p data-start=\"1040\" data-end=\"1098\"><a href=\"https:\/\/leaditop.com\/pt\/contato\/\">\ud83d\udc49 Solicite o pre\u00e7o do kit completo<\/a><br data-start=\"1067\" data-end=\"1070\" \/>\ud83d\udc49 <a href=\"https:\/\/leaditop.com\/pt\/contato\/\" target=\"_blank\" rel=\"noopener\">Obtenha a ficha t\u00e9cnica.<\/a><\/p>\n<h2 data-section-id=\"107nyvd\" data-start=\"1119\" data-end=\"1162\">Cansado de comprar componentes separadamente?<\/h2>\n<ul data-start=\"1164\" data-end=\"1312\">\n<li data-section-id=\"1ueqey2\" data-start=\"1164\" data-end=\"1201\">A fotoc\u00e9lula e o soquete n\u00e3o s\u00e3o compat\u00edveis.<\/li>\n<li data-section-id=\"rlxy7k\" data-start=\"1202\" data-end=\"1239\">Problemas de compatibilidade de instala\u00e7\u00e3o<\/li>\n<li data-section-id=\"ivnxzb\" data-start=\"1240\" data-end=\"1279\">Atrasos causados por m\u00faltiplos fornecedores<\/li>\n<li data-section-id=\"1dvsom1\" data-start=\"1280\" data-end=\"1312\">Aumento da complexidade do projeto<\/li>\n<\/ul>\n<p data-start=\"1314\" data-end=\"1367\">\ud83d\udc49 Nossa solu\u00e7\u00e3o integrada resolve todos esses problemas.<\/p>\n<h2 data-section-id=\"tz3rre\" data-start=\"1386\" data-end=\"1416\">O que est\u00e1 inclu\u00eddo no kit?<\/h2>\n<h3 data-section-id=\"ge3g06\" data-start=\"1418\" data-end=\"1448\">1\ufe0f\u20e3 <a href=\"https:\/\/leaditop.com\/pt\/product\/fotocelda-led-streetlight-sensor-fotocelula-controle-de-iluminacao-fotocontrole-interruptor-sensor-fotoeletrico\/\" target=\"_blank\" rel=\"noopener\">Controlador de fotos LT104<\/a><\/h3>\n<p><iframe title=\"Fotocelda LED Streetlight Fotoc\u00e9lula Sensor LT104 l Interruptor Sensor Fotoel\u00e9trico #Fotocelda #fotoc\u00e9lula\" width=\"800\" height=\"450\" src=\"https:\/\/www.youtube.com\/embed\/Ydc493mXc7Y?feature=oembed\" frameborder=\"0\" allow=\"accelerometer; autoplay; clipboard-write; encrypted-media; gyroscope; picture-in-picture; web-share\" referrerpolicy=\"strict-origin-when-cross-origin\" allowfullscreen><\/iframe><\/p>\n<ul data-start=\"1450\" data-end=\"1686\">\n<li data-section-id=\"18vn82q\" data-start=\"1450\" data-end=\"1488\">Suporta corrente alternada de 120 a 277 V e corrente cont\u00ednua de 12\/24 V.<\/li>\n<li data-section-id=\"hndr5y\" data-start=\"1489\" data-end=\"1539\">Compat\u00edvel com l\u00e2mpadas LED, HID, fluorescentes e hal\u00f3genas.<\/li>\n<li data-section-id=\"cvwglc\" data-start=\"1540\" data-end=\"1575\">Compat\u00edvel com ANSI C136.24 e UL773A<\/li>\n<li data-section-id=\"xt5cwg\" data-start=\"1576\" data-end=\"1618\">Fun\u00e7\u00e3o de atraso integrada (3\u201310 segundos)<\/li>\n<li data-section-id=\"ewl08l\" data-start=\"1619\" data-end=\"1656\">Prote\u00e7\u00e3o contra surtos MOV (160 Joules)<\/li>\n<li data-section-id=\"1tbqwj7\" data-start=\"1657\" data-end=\"1686\">IP65 (IP66\/IP67 opcional)<\/li>\n<\/ul>\n<h3 data-section-id=\"1t1orqe\" data-start=\"1693\" data-end=\"1726\">2\ufe0f\u20e3<a href=\"https:\/\/leaditop.com\/pt\/product\/tomada-de-fotocelula-com-trava-pintwist-ip66-ansi-c136-41-nema-3-ultra-fina\/\" target=\"_blank\" rel=\"noopener\">LT645<\/a> \/<a href=\"https:\/\/leaditop.com\/pt\/product\/interruptor-de-controle-de-foto-eletronico-de-3-pinos-com-base-nema-de-alta-qualidade-sensor-externo-interruptor-de-luz-diurna-e-noturna\/\" target=\"_blank\" rel=\"noopener\"> Recaptador LT645B<\/a><\/h3>\n<ul data-start=\"1728\" data-end=\"1903\">\n<li data-section-id=\"15ah4vp\" data-start=\"1728\" data-end=\"1779\">Soquete padr\u00e3o para fotoc\u00e9lula, facilitando a instala\u00e7\u00e3o.<\/li>\n<li data-section-id=\"1cwte1s\" data-start=\"1780\" data-end=\"1825\">Alta resist\u00eancia \u00e0s intemp\u00e9ries para uso externo.<\/li>\n<li data-section-id=\"155ylg8\" data-start=\"1826\" data-end=\"1865\">Conex\u00e3o confi\u00e1vel com o controlador<\/li>\n<li data-section-id=\"h2loy0\" data-start=\"1866\" data-end=\"1903\">Projetado para durabilidade a longo prazo<\/li>\n<\/ul>\n<h2 data-section-id=\"14aymuq\" data-start=\"1926\" data-end=\"1968\">Por que escolher este kit completo de fotoc\u00e9lulas?<\/h2>\n<p data-start=\"1970\" data-end=\"2116\">\u2714 Instala\u00e7\u00e3o plug-and-play<br data-start=\"1998\" data-end=\"2001\" \/>\u2714 Compatibilidade garantida<br data-start=\"2027\" data-end=\"2030\" \/>\u2714 Tempo de aquisi\u00e7\u00e3o reduzido<br data-start=\"2053\" data-end=\"2056\" \/>\u2714 Menor risco do projeto<br data-start=\"2076\" data-end=\"2079\" \/>\u2714 Adequado para projetos de grande escala<\/p>\n<p data-start=\"2118\" data-end=\"2171\">\ud83d\udc49 Especialmente ideal para empreiteiros e distribuidores.<\/p>\n<h2 data-section-id=\"1umx629\" data-start=\"2196\" data-end=\"2235\">Projetado para aplica\u00e7\u00f5es no mundo real<\/h2>\n<p data-start=\"2237\" data-end=\"2252\">Amplamente utilizado em:<\/p>\n<ul data-start=\"2254\" data-end=\"2371\">\n<li data-section-id=\"br0xiv\" data-start=\"2254\" data-end=\"2273\">Ilumina\u00e7\u00e3o p\u00fablica<\/li>\n<li data-section-id=\"18l1mdz\" data-start=\"2274\" data-end=\"2294\">Ilumina\u00e7\u00e3o rodovi\u00e1ria<\/li>\n<li data-section-id=\"1ewazpg\" data-start=\"2295\" data-end=\"2311\">Estacionamentos<\/li>\n<li data-section-id=\"1wjwxot\" data-start=\"2312\" data-end=\"2328\">\u00c1reas p\u00fablicas<\/li>\n<li data-section-id=\"1jlxiqq\" data-start=\"2329\" data-end=\"2349\">Zonas industriais<\/li>\n<li data-section-id=\"1ntaav3\" data-start=\"2350\" data-end=\"2371\">Parques e escolas<\/li>\n<\/ul>\n<p data-start=\"2373\" data-end=\"2452\">\ud83d\udc49 Solu\u00e7\u00e3o comprovada para projetos de ilumina\u00e7\u00e3o externa no M\u00e9xico e em mercados similares.<\/p>\n<h2>Personaliza\u00e7\u00e3o dispon\u00edvel<\/h2>\n<ul data-start=\"2502\" data-end=\"2663\">\n<li data-section-id=\"ulpupu\" data-start=\"2502\" data-end=\"2544\">Cor da carca\u00e7a (azul, branca ou personalizada)<\/li>\n<li data-section-id=\"153pvsc\" data-start=\"2545\" data-end=\"2579\">Classifica\u00e7\u00e3o IP (IP65 \/ IP66 \/ IP67)<\/li>\n<li data-section-id=\"7vpyus\" data-start=\"2580\" data-end=\"2612\">Ajuste de sensibilidade \u00e0 luz<\/li>\n<li data-section-id=\"ar7j7f\" data-start=\"2613\" data-end=\"2637\">Op\u00e7\u00f5es de modo de falha<\/li>\n<li data-section-id=\"qqg82f\" data-start=\"2638\" data-end=\"2663\">Ajuste de voltagem<\/li>\n<\/ul>\n<h2 data-section-id=\"1wf2o8t\" data-start=\"2685\" data-end=\"2710\">Fabrica\u00e7\u00e3o confi\u00e1vel<\/h2>\n<ul data-start=\"2712\" data-end=\"2810\">\n<li data-section-id=\"1h6yisp\" data-start=\"2712\" data-end=\"2728\">Certificado CE<\/li>\n<li data-section-id=\"c0u2w5\" data-start=\"2729\" data-end=\"2754\">Em conformidade com a norma UL<\/li>\n<li data-section-id=\"c3hrvc\" data-start=\"2755\" data-end=\"2783\">Sistema de fabrica\u00e7\u00e3o ISO<\/li>\n<li data-section-id=\"1unoxk9\" data-start=\"2784\" data-end=\"2810\">Controle de qualidade rigoroso<\/li>\n<\/ul>\n<h2 data-section-id=\"yz0j93\" data-start=\"2835\" data-end=\"2855\">Instala\u00e7\u00e3o f\u00e1cil<\/h2>\n<ol data-start=\"2857\" data-end=\"3009\">\n<li data-section-id=\"4ainrx\" data-start=\"2857\" data-end=\"2911\">Instale a base 645\/645B na lumin\u00e1ria.<\/li>\n<li data-section-id=\"1h0rk7f\" data-start=\"2912\" data-end=\"2931\">Conecte a fia\u00e7\u00e3o.<\/li>\n<li data-section-id=\"1mqvevt\" data-start=\"2932\" data-end=\"2965\">Conecte o controlador LT104.<\/li>\n<li data-section-id=\"5gxur9\" data-start=\"2966\" data-end=\"3009\">O sistema controla automaticamente a ilumina\u00e7\u00e3o.<\/li>\n<\/ol>\n<p><img decoding=\"async\" class=\"alignnone wp-image-5782\" src=\"http:\/\/leaditop.com\/wp-content\/uploads\/2026\/04\/photocell-and-receptacle-install.jpg\" alt=\"\" width=\"700\" height=\"700\" srcset=\"https:\/\/leaditop.com\/wp-content\/uploads\/2026\/04\/photocell-and-receptacle-install.jpg 900w, https:\/\/leaditop.com\/wp-content\/uploads\/2026\/04\/photocell-and-receptacle-install-300x300.jpg 300w, https:\/\/leaditop.com\/wp-content\/uploads\/2026\/04\/photocell-and-receptacle-install-150x150.jpg 150w, https:\/\/leaditop.com\/wp-content\/uploads\/2026\/04\/photocell-and-receptacle-install-768x768.jpg 768w, https:\/\/leaditop.com\/wp-content\/uploads\/2026\/04\/photocell-and-receptacle-install-12x12.jpg 12w, https:\/\/leaditop.com\/wp-content\/uploads\/2026\/04\/photocell-and-receptacle-install-600x600.jpg 600w, https:\/\/leaditop.com\/wp-content\/uploads\/2026\/04\/photocell-and-receptacle-install-100x100.jpg 100w\" sizes=\"(max-width: 700px) 100vw, 700px\" \/><\/p>\n<h2 data-section-id=\"1kkh1fc\" data-start=\"3030\" data-end=\"3069\">Obtenha sua solu\u00e7\u00e3o completa para fotoc\u00e9lulas.<\/h2>\n<p data-start=\"3071\" data-end=\"3132\">Procura um sistema de fotoc\u00e9lulas confi\u00e1vel e pronto para instalar?<\/p>\n<p data-start=\"3134\" data-end=\"3155\">Entre em contato conosco hoje mesmo para:<\/p>\n<ul data-start=\"3157\" data-end=\"3218\">\n<li data-section-id=\"kcepqd\" data-start=\"3157\" data-end=\"3177\">Pre\u00e7o do kit completo<\/li>\n<li data-section-id=\"10uqc8k\" data-start=\"3178\" data-end=\"3199\">Suporte t\u00e9cnico<\/li>\n<li data-section-id=\"1o0lk5b\" data-start=\"3200\" data-end=\"3218\">Exemplo de solicita\u00e7\u00e3o<\/li>\n<\/ul>\n<p data-start=\"3220\" data-end=\"3267\">\ud83d\udc49 <a href=\"mailto:info@leaditop.com\" target=\"_blank\" rel=\"noopener\">Enviar consulta agora<\/a><br data-start=\"3239\" data-end=\"3242\" \/>\ud83d\udc49<a href=\"https:\/\/api.whatsapp.com\/send\/?phone=8613421437146&amp;text=Welcome+to+Lead-Top+Electrical%21+Looking+for+photocontrols%2C+OEM%2FODM+services%2C+or+product+info%3F+Just+send+us+a+message+and+we%E2%80%99ll+get+back+to+you+quickly.&amp;type=phone_number&amp;app_absent=0\" target=\"_blank\" rel=\"noopener\"> Fale com o nosso engenheiro.<\/a><\/p>","protected":false},"excerpt":{"rendered":"<p>O controlador de ilumina\u00e7\u00e3o LT104 \u00e9 um controlador de ilumina\u00e7\u00e3o inteligente e econ\u00f4mico, especialmente desenvolvido por n\u00f3s para o mercado sul-americano, com o objetivo de auxiliar os usu\u00e1rios a obterem uma gest\u00e3o de energia mais eficiente. Baseado em tecnologia avan\u00e7ada de detec\u00e7\u00e3o de luz, este controlador de ilumina\u00e7\u00e3o pode ajustar automaticamente o estado ligado\/desligado dos equipamentos de ilumina\u00e7\u00e3o de acordo com a intensidade da luz externa, garantindo desligamento autom\u00e1tico durante o dia e inicializa\u00e7\u00e3o autom\u00e1tica \u00e0 noite, reduzindo efetivamente o consumo desnecess\u00e1rio de energia.<\/p>\n<p>Informa\u00e7\u00f5es do produto<br \/>\nModelo: LT104<br \/>\nPadr\u00e3o: ANSI C136.10 e UL773<br \/>\nTens\u00e3o nominal: 120 V-277 V<br \/>\nCarga nominal: 1000W\/1800VA<br \/>\nN\u00edveis de luz de ativa\u00e7\u00e3o: 5-15 Lux<br \/>\nRela\u00e7\u00e3o LIGADO\/DESLIGADO: 1:1,5<br \/>\nClassifica\u00e7\u00e3o \u00e0 prova d&#039;\u00e1gua: IP65\/66\/67<br \/>\nMOV\uff1a160 Joule\/220 Joule\/475 Joule\/525 Joule<\/p>\n<p>Atraso de tempo: 3-10 segundos<br \/>\nInterruptor: &gt;10000 opera\u00e7\u00f5es ON\/OFF com carga nominal<br \/>\nConsumo de energia: \u2264 0,5 watts a 120 VCA<br \/>\nCapa: Polipropileno resistente a impactos UV<br \/>\nBase: Polibutileno Tereftalato resistente a altas temperaturas<br \/>\nModo de falha: DESLIGADO (Opcional: LIGADO)<\/p>","protected":false},"featured_media":5781,"comment_status":"open","ping_status":"closed","template":"","meta":{"_seopress_robots_primary_cat":"none","_seopress_titles_title":"","_seopress_titles_desc":"","_seopress_robots_index":""},"product_brand":[],"product_cat":[37,28,41,30],"product_tag":[],"class_list":{"0":"post-5780","1":"product","2":"type-product","3":"status-publish","4":"has-post-thumbnail","6":"product_cat-nema-3-pin-receptacle","7":"product_cat-nema-connector","8":"product_cat-photocontrollers","9":"product_cat-twist-lock-photocontrollers","11":"first","12":"instock","13":"shipping-taxable","14":"product-type-simple"},"_links":{"self":[{"href":"https:\/\/leaditop.com\/pt\/wp-json\/wp\/v2\/product\/5780","targetHints":{"allow":["GET"]}}],"collection":[{"href":"https:\/\/leaditop.com\/pt\/wp-json\/wp\/v2\/product"}],"about":[{"href":"https:\/\/leaditop.com\/pt\/wp-json\/wp\/v2\/types\/product"}],"replies":[{"embeddable":true,"href":"https:\/\/leaditop.com\/pt\/wp-json\/wp\/v2\/comments?post=5780"}],"wp:featuredmedia":[{"embeddable":true,"href":"https:\/\/leaditop.com\/pt\/wp-json\/wp\/v2\/media\/5781"}],"wp:attachment":[{"href":"https:\/\/leaditop.com\/pt\/wp-json\/wp\/v2\/media?parent=5780"}],"wp:term":[{"taxonomy":"product_brand","embeddable":true,"href":"https:\/\/leaditop.com\/pt\/wp-json\/wp\/v2\/product_brand?post=5780"},{"taxonomy":"product_cat","embeddable":true,"href":"https:\/\/leaditop.com\/pt\/wp-json\/wp\/v2\/product_cat?post=5780"},{"taxonomy":"product_tag","embeddable":true,"href":"https:\/\/leaditop.com\/pt\/wp-json\/wp\/v2\/product_tag?post=5780"}],"curies":[{"name":"wp","href":"https:\/\/api.w.org\/{rel}","templated":true}]}}