{"id":842,"date":"2023-10-27T09:32:28","date_gmt":"2023-10-27T01:32:28","guid":{"rendered":"https:\/\/leaditop.com\/?post_type=product&#038;p=842"},"modified":"2025-08-06T13:59:53","modified_gmt":"2025-08-06T05:59:53","slug":"10a-12v-110v-220v-interruptor-de-luz-liga-desliga-automatico-controle-de-luz-sensor-de-escuro-para-amanhecer","status":"publish","type":"product","link":"https:\/\/leaditop.com\/pt\/product\/10a-12v-110v-220v-auto-on-off-light-photocell-switch-control-dark-to-dawn-sensor\/","title":{"rendered":"Interruptor de luz fotoc\u00e9lula liga\/desliga autom\u00e1tico 10A 12V\/110V\/220V, sensor de escurid\u00e3o para amanhecer LT732"},"content":{"rendered":"<h3>Caracter\u00edsticas:<\/h3>\n<p>Suporta m\u00faltiplas tens\u00f5es de entrada<\/p>\n<p>Certifica\u00e7\u00e3o CE<\/p>\n<p>Compat\u00edvel com ANSI C136.24 e UL773A<\/p>\n<p>&nbsp;<\/p>\n<h3>Aplica\u00e7\u00f5es:Nosso produto \u00e9 amplamente utilizado em v\u00e1rios ambientes,<\/h3>\n<p>Ilumina\u00e7\u00e3o p\u00fablica<\/p>\n<p>Ilumina\u00e7\u00e3o LED para exterior<\/p>\n<p>Ilumina\u00e7\u00e3o de rodovias<\/p>\n<p>Ilumina\u00e7\u00e3o de estacionamento<\/p>\n<p>Ilumina\u00e7\u00e3o de \u00e1reas p\u00fablicas<\/p>\n<p>Ilumina\u00e7\u00e3o de esta\u00e7\u00f5es ferrovi\u00e1rias<\/p>\n<p>Aeroportos<\/p>\n<p>Fazendas<\/p>\n<p>Parques<\/p>\n<p>Escolas<\/p>","protected":false},"excerpt":{"rendered":"<p>Nossas fotoc\u00e9lulas para ilumina\u00e7\u00e3o p\u00fablica atendem \u00e0 norma ANSI C136.10, proporcionando uma solu\u00e7\u00e3o econ\u00f4mica e confi\u00e1vel para o controle automatizado da ilumina\u00e7\u00e3o do anoitecer ao amanhecer. Projetadas para otimizar o desempenho do sistema de ilumina\u00e7\u00e3o e economizar energia, essas fotoc\u00e9lulas utilizam circuitos eletr\u00f4nicos avan\u00e7ados e um sensor de luz fototransistor est\u00e1vel para um funcionamento consistente de ligar\/desligar.<\/p>\n<p>Especifica\u00e7\u00e3o t\u00e9cnica:<br \/>\nModelo: LT732<br \/>\nTens\u00e3o nominal: 240 V<br \/>\nClassifica\u00e7\u00e3o Classifica\u00e7\u00e3o: 10A<br \/>\nN\u00edveis de luz de ativa\u00e7\u00e3o: 10-16 lux<br \/>\nN\u00edveis de luz de desligamento: 65 Lux<br \/>\nAtraso de tempo: 30-100 segundos<br \/>\nPropor\u00e7\u00e3o ON\/OFF: 1:5<\/p>\n<p>Temperatura de opera\u00e7\u00e3o: -40\u2103 a +70\u2103<br \/>\nInterruptor: &gt;5000 opera\u00e7\u00f5es ON\/OFF com carga nominal<br \/>\nModo de falha: LIGADO<br \/>\nSensor de luz: c\u00e9lula de sulfeto de c\u00e1dmio (Cds)<br \/>\nConsumo de energia: \u2264 0,7 watts a 120 VCA<br \/>\nCapa: acr\u00edlico resistente a UV<br \/>\nBase: policarbonato resistente a impactos estabilizado por UV (PC)<br \/>\nCabo: UL1015 18AWG*16cm<\/p>","protected":false},"featured_media":843,"comment_status":"open","ping_status":"closed","template":"","meta":{"_seopress_robots_primary_cat":"none","_seopress_titles_title":"","_seopress_titles_desc":"","_seopress_robots_index":""},"product_brand":[],"product_cat":[42],"product_tag":[],"class_list":{"0":"post-842","1":"product","2":"type-product","3":"status-publish","4":"has-post-thumbnail","6":"product_cat-button-photocell","8":"first","9":"instock","10":"shipping-taxable","11":"product-type-simple"},"_links":{"self":[{"href":"https:\/\/leaditop.com\/pt\/wp-json\/wp\/v2\/product\/842","targetHints":{"allow":["GET"]}}],"collection":[{"href":"https:\/\/leaditop.com\/pt\/wp-json\/wp\/v2\/product"}],"about":[{"href":"https:\/\/leaditop.com\/pt\/wp-json\/wp\/v2\/types\/product"}],"replies":[{"embeddable":true,"href":"https:\/\/leaditop.com\/pt\/wp-json\/wp\/v2\/comments?post=842"}],"wp:featuredmedia":[{"embeddable":true,"href":"https:\/\/leaditop.com\/pt\/wp-json\/wp\/v2\/media\/843"}],"wp:attachment":[{"href":"https:\/\/leaditop.com\/pt\/wp-json\/wp\/v2\/media?parent=842"}],"wp:term":[{"taxonomy":"product_brand","embeddable":true,"href":"https:\/\/leaditop.com\/pt\/wp-json\/wp\/v2\/product_brand?post=842"},{"taxonomy":"product_cat","embeddable":true,"href":"https:\/\/leaditop.com\/pt\/wp-json\/wp\/v2\/product_cat?post=842"},{"taxonomy":"product_tag","embeddable":true,"href":"https:\/\/leaditop.com\/pt\/wp-json\/wp\/v2\/product_tag?post=842"}],"curies":[{"name":"wp","href":"https:\/\/api.w.org\/{rel}","templated":true}]}}