{"id":924,"date":"2023-10-27T16:17:45","date_gmt":"2023-10-27T08:17:45","guid":{"rendered":"https:\/\/leaditop.com\/?post_type=product&#038;p=924"},"modified":"2026-03-27T17:12:00","modified_gmt":"2026-03-27T09:12:00","slug":"soquetes-para-lampadas-do-crepusculo-ao-amanhecer-e26-e27-soquete-para-sensor-de-luz","status":"publish","type":"product","link":"https:\/\/leaditop.com\/pt\/product\/dusk-to-dawn-light-bulb-sockets-e26-e27-light-sensor-socket\/","title":{"rendered":"Soquetes para l\u00e2mpadas do crep\u00fasculo ao amanhecer LT560, soquete para sensor de luz E26 e e27"},"content":{"rendered":"<h3><\/h3>\n<h3><img fetchpriority=\"high\" decoding=\"async\" class=\"alignnone size-full wp-image-5677\" src=\"http:\/\/leaditop.com\/wp-content\/uploads\/2023\/10\/LT560.jpg\" alt=\"\" width=\"650\" height=\"650\" srcset=\"https:\/\/leaditop.com\/wp-content\/uploads\/2023\/10\/LT560.jpg 650w, https:\/\/leaditop.com\/wp-content\/uploads\/2023\/10\/LT560-300x300.jpg 300w, https:\/\/leaditop.com\/wp-content\/uploads\/2023\/10\/LT560-150x150.jpg 150w, https:\/\/leaditop.com\/wp-content\/uploads\/2023\/10\/LT560-12x12.jpg 12w, https:\/\/leaditop.com\/wp-content\/uploads\/2023\/10\/LT560-600x600.jpg 600w, https:\/\/leaditop.com\/wp-content\/uploads\/2023\/10\/LT560-100x100.jpg 100w\" sizes=\"(max-width: 650px) 100vw, 650px\" \/><\/h3>\n<h3>ESPECIFICA\u00c7\u00c3O T\u00c9CNICA<\/h3>\n<table style=\"height: 754px;\" width=\"646\">\n<tbody>\n<tr>\n<td width=\"170\">Padr\u00e3o<\/td>\n<td width=\"48\">UL496<\/td>\n<\/tr>\n<tr>\n<td>Tens\u00e3o nominal<\/td>\n<td>120V\/240V<\/td>\n<\/tr>\n<tr>\n<td>Carga nominal<\/td>\n<td>150 W m\u00e1x.*<\/td>\n<\/tr>\n<tr>\n<td>Freq\u00fc\u00eancia<\/td>\n<td>50\/60 Hz<\/td>\n<\/tr>\n<tr>\n<td>Modo de falha<\/td>\n<td>SOBRE<\/td>\n<\/tr>\n<tr>\n<td>N\u00edveis de ilumina\u00e7\u00e3o de ativa\u00e7\u00e3o<\/td>\n<td>10-16 Lux<\/td>\n<\/tr>\n<tr>\n<td>N\u00edveis de luz para desligar<\/td>\n<td>&lt;65 Lux<\/td>\n<\/tr>\n<tr>\n<td>Hora da A\u00e7\u00e3o<\/td>\n<td>3-15 segundos<\/td>\n<\/tr>\n<tr>\n<td>Temperatura de opera\u00e7\u00e3o<\/td>\n<td>-40\u2103 a +70\u2103<\/td>\n<\/tr>\n<tr>\n<td>Umidade relacionada<\/td>\n<td>96%<\/td>\n<\/tr>\n<tr>\n<td>Trocar<\/td>\n<td>&gt; 5000 opera\u00e7\u00f5es liga\/desliga com carga nominal<\/td>\n<\/tr>\n<tr>\n<td>Consumo de energia<\/td>\n<td>\u2264 0,7 watts a 120 VCA<\/td>\n<\/tr>\n<tr>\n<td>Tampa da l\u00e2mpada<\/td>\n<td>E26\/E27**<\/td>\n<\/tr>\n<tr>\n<td>Suporte para l\u00e2mpada<\/td>\n<td>E26\/E27**<\/td>\n<\/tr>\n<tr>\n<td>LT510: 100 W m\u00e1x.<\/td>\n<td><\/td>\n<\/tr>\n<tr>\n<td>** LT510: E12<\/td>\n<td><\/td>\n<\/tr>\n<\/tbody>\n<\/table>\n<h3>Caracter\u00edsticas:<\/h3>\n<ul>\n<li>Compat\u00edvel com l\u00e2mpadas incandescentes, CFL e LED<\/li>\n<li>Controle de luz autoapert\u00e1vel do crep\u00fasculo ao amanhecer<\/li>\n<li>N\u00e3o \u00e9 necess\u00e1ria fia\u00e7\u00e3o, basta parafusar<\/li>\n<li>Acende a luz ao anoitecer e apaga ao amanhecer<\/li>\n<li>O design compacto se adapta a lumin\u00e1rias externas menores e fechadas<\/li>\n<li>Circuitos de estado s\u00f3lido confi\u00e1veis e resistentes \u00e0s intemp\u00e9ries<\/li>\n<\/ul>\n<h3>Aplica\u00e7\u00f5es:<\/h3>\n<p>Nosso produto \u00e9 amplamente utilizado em v\u00e1rios ambientes,<\/p>\n<ul>\n<li>Ilumina\u00e7\u00e3o p\u00fablica<\/li>\n<li>Ilumina\u00e7\u00e3o LED para exterior<\/li>\n<li>Ilumina\u00e7\u00e3o de rodovias<\/li>\n<li>Ilumina\u00e7\u00e3o de estacionamento<\/li>\n<li>Ilumina\u00e7\u00e3o de \u00e1reas p\u00fablicas<\/li>\n<li>Ilumina\u00e7\u00e3o de esta\u00e7\u00f5es ferrovi\u00e1rias<\/li>\n<li>Aeroportos<\/li>\n<li>Fazendas<\/li>\n<li>Parques<\/li>\n<li>Escolas<\/li>\n<\/ul>","protected":false},"excerpt":{"rendered":"<p>Nossas fotoc\u00e9lulas para ilumina\u00e7\u00e3o p\u00fablica atendem \u00e0 norma ANSI C136.10, proporcionando uma solu\u00e7\u00e3o econ\u00f4mica e confi\u00e1vel para o controle automatizado da ilumina\u00e7\u00e3o do anoitecer ao amanhecer. Projetadas para otimizar o desempenho do sistema de ilumina\u00e7\u00e3o e economizar energia, essas fotoc\u00e9lulas utilizam circuitos eletr\u00f4nicos avan\u00e7ados e um sensor de luz fototransistor est\u00e1vel para um funcionamento consistente de ligar\/desligar.<\/p>\n<p>Informa\u00e7\u00f5es do produto<br \/>\nModelo: LT560<br \/>\nPadr\u00e3o: UL496<br \/>\nTens\u00e3o nominal: 120 V\/220 V<br \/>\nCarga nominal: 150 W<br \/>\nModo de falha: LIGADO<br \/>\nN\u00edveis de luz de ativa\u00e7\u00e3o: 10-16 Lux<br \/>\nDesligar n\u00edveis de luz: &lt;65 Lux<br \/>\nTempo de a\u00e7\u00e3o: 3-15 seg<br \/>\nUmidade relacionada: 96%<br \/>\nAlojamento: PET<\/p>","protected":false},"featured_media":5677,"comment_status":"open","ping_status":"closed","template":"","meta":{"_seopress_robots_primary_cat":"none","_seopress_titles_title":"","_seopress_titles_desc":"","_seopress_robots_index":""},"product_brand":[],"product_cat":[32],"product_tag":[],"class_list":{"0":"post-924","1":"product","2":"type-product","3":"status-publish","4":"has-post-thumbnail","6":"product_cat-bulb-holder-controllers","8":"first","9":"instock","10":"shipping-taxable","11":"product-type-simple"},"_links":{"self":[{"href":"https:\/\/leaditop.com\/pt\/wp-json\/wp\/v2\/product\/924","targetHints":{"allow":["GET"]}}],"collection":[{"href":"https:\/\/leaditop.com\/pt\/wp-json\/wp\/v2\/product"}],"about":[{"href":"https:\/\/leaditop.com\/pt\/wp-json\/wp\/v2\/types\/product"}],"replies":[{"embeddable":true,"href":"https:\/\/leaditop.com\/pt\/wp-json\/wp\/v2\/comments?post=924"}],"wp:featuredmedia":[{"embeddable":true,"href":"https:\/\/leaditop.com\/pt\/wp-json\/wp\/v2\/media\/5677"}],"wp:attachment":[{"href":"https:\/\/leaditop.com\/pt\/wp-json\/wp\/v2\/media?parent=924"}],"wp:term":[{"taxonomy":"product_brand","embeddable":true,"href":"https:\/\/leaditop.com\/pt\/wp-json\/wp\/v2\/product_brand?post=924"},{"taxonomy":"product_cat","embeddable":true,"href":"https:\/\/leaditop.com\/pt\/wp-json\/wp\/v2\/product_cat?post=924"},{"taxonomy":"product_tag","embeddable":true,"href":"https:\/\/leaditop.com\/pt\/wp-json\/wp\/v2\/product_tag?post=924"}],"curies":[{"name":"wp","href":"https:\/\/api.w.org\/{rel}","templated":true}]}}