{"id":950,"date":"2023-10-27T16:59:39","date_gmt":"2023-10-27T08:59:39","guid":{"rendered":"https:\/\/leaditop.com\/?post_type=product&#038;p=950"},"modified":"2025-10-17T11:41:44","modified_gmt":"2025-10-17T03:41:44","slug":"sensor-fotoeletrico-de-controle-de-iluminacao-publica-led-de-480-v-aprovado-pela-ul","status":"publish","type":"product","link":"https:\/\/leaditop.com\/pt\/product\/ul-approved-480v-photocell-sensor-photo-control-led-streetlight-lighting-control-photocontrol-photoelectric-sensor-switch\/","title":{"rendered":"Sensor fotoel\u00e9trico de 480 V aprovado pela UL LT115 Controle de foto Controle de ilumina\u00e7\u00e3o p\u00fablica LED Interruptor de sensor fotoel\u00e9trico"},"content":{"rendered":"<p><iframe title=\"Com dificuldades para controlar a ilumina\u00e7\u00e3o em ambientes de alta tens\u00e3o? A LT115 tem a solu\u00e7\u00e3o!\" width=\"800\" height=\"450\" src=\"https:\/\/www.youtube.com\/embed\/ZgcAkUsqfWg?feature=oembed\" frameborder=\"0\" allow=\"accelerometer; autoplay; clipboard-write; encrypted-media; gyroscope; picture-in-picture; web-share\" referrerpolicy=\"strict-origin-when-cross-origin\" allowfullscreen><\/iframe><\/p>\n<p><span class=\"a_GcMg font-feature-liga-off font-feature-clig-off font-feature-calt-off text-decoration-none text-strikethrough-none\">O controlador de luz LT115 foi projetado especificamente para redes de energia industriais com <\/span><strong><span class=\"a_GcMg font-feature-liga-off font-feature-clig-off font-feature-calt-off text-decoration-none text-strikethrough-none\">padr\u00f5es de alta tens\u00e3o<\/span><\/strong><span class=\"a_GcMg font-feature-liga-off font-feature-clig-off font-feature-calt-off text-decoration-none text-strikethrough-none\"> e <\/span><span class=\"a_GcMg font-feature-liga-off font-feature-clig-off font-feature-calt-off text-decoration-none text-strikethrough-none\"><strong>mercados estrangeiros espec\u00edficos<\/strong>.<\/span><span class=\"a_GcMg font-feature-liga-off font-feature-clig-off font-feature-calt-off text-decoration-none text-strikethrough-none\"> Sua tens\u00e3o nominal de <\/span><strong><span class=\"a_GcMg font-feature-liga-off font-feature-clig-off font-feature-calt-off text-decoration-none text-strikethrough-none\">480 V (432-528 V)<\/span><\/strong><span class=\"a_GcMg font-feature-liga-off font-feature-clig-off font-feature-calt-off text-decoration-none text-strikethrough-none\"> torna-o muito adequado para uso em sistemas de ilumina\u00e7\u00e3o p\u00fablica em plantas industriais, grandes parques log\u00edsticos e outros locais <\/span><strong><span class=\"a_GcMg font-feature-liga-off font-feature-clig-off font-feature-calt-off text-decoration-none text-strikethrough-none\">Am\u00e9rica do Norte<\/span><\/strong><span class=\"a_GcMg font-feature-liga-off font-feature-clig-off font-feature-calt-off text-decoration-none text-strikethrough-none\">, bem como para <\/span><strong><span class=\"a_GcMg font-feature-liga-off font-feature-clig-off font-feature-calt-off text-decoration-none text-strikethrough-none\">projetos de ilumina\u00e7\u00e3o p\u00fablica no exterior<\/span><\/strong><span class=\"a_GcMg font-feature-liga-off font-feature-clig-off font-feature-calt-off text-decoration-none text-strikethrough-none\"> com padr\u00f5es de rede que podem acomodar tens\u00e3o de 480 V.<\/span><\/p>\n<h3>Caracter\u00edsticas:<\/h3>\n<p>Suporta m\u00faltiplas tens\u00f5es de entrada<\/p>\n<p>Certifica\u00e7\u00e3o CE<\/p>\n<p>Compat\u00edvel com ANSI C136.24 e UL773A<\/p>\n<p>&nbsp;<\/p>\n<h3>Aplica\u00e7\u00f5es:Nosso produto \u00e9 amplamente utilizado em v\u00e1rios ambientes,<\/h3>\n<p>Ilumina\u00e7\u00e3o p\u00fablica<\/p>\n<p>Ilumina\u00e7\u00e3o LED para exterior<\/p>\n<p>Ilumina\u00e7\u00e3o de rodovias<\/p>\n<p>Ilumina\u00e7\u00e3o de estacionamento<\/p>\n<p>Ilumina\u00e7\u00e3o de \u00e1reas p\u00fablicas<\/p>\n<p>Ilumina\u00e7\u00e3o de esta\u00e7\u00f5es ferrovi\u00e1rias<\/p>\n<p>Aeroportos<\/p>\n<p>Fazendas<\/p>\n<p>Parques<\/p>\n<p>Escolas<\/p>","protected":false},"excerpt":{"rendered":"<p>Nossas fotoc\u00e9lulas para ilumina\u00e7\u00e3o p\u00fablica atendem \u00e0 norma ANSI C136.10, proporcionando uma solu\u00e7\u00e3o econ\u00f4mica e confi\u00e1vel para o controle automatizado da ilumina\u00e7\u00e3o do anoitecer ao amanhecer. Projetadas para otimizar o desempenho do sistema de ilumina\u00e7\u00e3o e economizar energia, essas fotoc\u00e9lulas utilizam circuitos eletr\u00f4nicos avan\u00e7ados e um sensor de luz fototransistor est\u00e1vel para um funcionamento consistente de ligar\/desligar.<\/p>\n<p>Informa\u00e7\u00f5es do produto<br \/>\nModelo: LT115<br \/>\nPadr\u00e3o: ANSI C136.10 e UL773<br \/>\nTens\u00e3o nominal: 480 V (432-528 V)<br \/>\nCarga nominal: 2000W\/2000VA<br \/>\nN\u00edveis de luz de ativa\u00e7\u00e3o: 10-16 Lux<\/p>\n<p>Propor\u00e7\u00e3o ON\/OFF: 1:5<br \/>\nAtraso de tempo: 30-180 segundos<br \/>\nInterruptor: &gt;5000 opera\u00e7\u00f5es ON\/OFF com carga nominal<br \/>\nConsumo de energia: \u2264 0,7 watts a 120 VCA<br \/>\nCapa: Polipropileno resistente a impactos UV<br \/>\nBase: Polibutileno Tereftalato resistente a altas temperaturas<br \/>\nModo de falha: LIGADO<br \/>\nIP: 65\/67<\/p>","protected":false},"featured_media":2384,"comment_status":"open","ping_status":"closed","template":"","meta":{"_seopress_robots_primary_cat":"none","_seopress_titles_title":"","_seopress_titles_desc":"","_seopress_robots_index":""},"product_brand":[],"product_cat":[41],"product_tag":[],"class_list":{"0":"post-950","1":"product","2":"type-product","3":"status-publish","4":"has-post-thumbnail","6":"product_cat-photocontrollers","8":"first","9":"instock","10":"shipping-taxable","11":"product-type-simple"},"_links":{"self":[{"href":"https:\/\/leaditop.com\/pt\/wp-json\/wp\/v2\/product\/950","targetHints":{"allow":["GET"]}}],"collection":[{"href":"https:\/\/leaditop.com\/pt\/wp-json\/wp\/v2\/product"}],"about":[{"href":"https:\/\/leaditop.com\/pt\/wp-json\/wp\/v2\/types\/product"}],"replies":[{"embeddable":true,"href":"https:\/\/leaditop.com\/pt\/wp-json\/wp\/v2\/comments?post=950"}],"wp:featuredmedia":[{"embeddable":true,"href":"https:\/\/leaditop.com\/pt\/wp-json\/wp\/v2\/media\/2384"}],"wp:attachment":[{"href":"https:\/\/leaditop.com\/pt\/wp-json\/wp\/v2\/media?parent=950"}],"wp:term":[{"taxonomy":"product_brand","embeddable":true,"href":"https:\/\/leaditop.com\/pt\/wp-json\/wp\/v2\/product_brand?post=950"},{"taxonomy":"product_cat","embeddable":true,"href":"https:\/\/leaditop.com\/pt\/wp-json\/wp\/v2\/product_cat?post=950"},{"taxonomy":"product_tag","embeddable":true,"href":"https:\/\/leaditop.com\/pt\/wp-json\/wp\/v2\/product_tag?post=950"}],"curies":[{"name":"wp","href":"https:\/\/api.w.org\/{rel}","templated":true}]}}