{"id":3842,"date":"2025-03-10T13:26:43","date_gmt":"2025-03-10T05:26:43","guid":{"rendered":"https:\/\/leaditop.com\/?page_id=3842"},"modified":"2025-03-10T13:37:52","modified_gmt":"2025-03-10T05:37:52","slug":"recursos","status":"publish","type":"page","link":"https:\/\/leaditop.com\/pt_pt\/resources\/","title":{"rendered":"Recursos"},"content":{"rendered":"<div data-elementor-type=\"wp-page\" data-elementor-id=\"3842\" class=\"elementor elementor-3842\" data-elementor-post-type=\"page\">\n\t\t\t\t\t\t<section class=\"elementor-section elementor-top-section elementor-element elementor-element-46bbd8fc elementor-section-content-middle elementor-section-boxed elementor-section-height-default elementor-section-height-default\" data-id=\"46bbd8fc\" data-element_type=\"section\" data-e-type=\"section\" data-settings=\"{&quot;background_background&quot;:&quot;classic&quot;}\">\n\t\t\t\t\t\t\t<div class=\"elementor-background-overlay\"><\/div>\n\t\t\t\t\t\t\t<div class=\"elementor-container elementor-column-gap-no\">\n\t\t\t\t\t<div class=\"elementor-column elementor-col-100 elementor-top-column elementor-element elementor-element-72fef0b2\" data-id=\"72fef0b2\" data-element_type=\"column\" data-e-type=\"column\">\n\t\t\t<div class=\"elementor-widget-wrap elementor-element-populated\">\n\t\t\t\t\t\t<div class=\"elementor-element elementor-element-236d081c elementor-headline--style-highlight elementor-invisible elementor-widget elementor-widget-animated-headline\" data-id=\"236d081c\" data-element_type=\"widget\" data-e-type=\"widget\" data-settings=\"{&quot;highlight_animation_duration&quot;:0,&quot;marker&quot;:&quot;underline&quot;,&quot;_animation&quot;:&quot;zoomIn&quot;,&quot;headline_style&quot;:&quot;highlight&quot;}\" data-widget_type=\"animated-headline.default\">\n\t\t\t\t<div class=\"elementor-widget-container\">\n\t\t\t\t\t\t\t<h1 class=\"elementor-headline\">\n\t\t\t\t\t<span class=\"elementor-headline-plain-text elementor-headline-text-wrapper\">Fornecer recursos de ponta<\/span>\n\t\t\t\t<span class=\"elementor-headline-dynamic-wrapper elementor-headline-text-wrapper\">\n\t\t\t\t<\/span>\n\t\t\t\t<\/h1>\n\t\t\t\t\t\t<\/div>\n\t\t\t\t<\/div>\n\t\t\t\t<div class=\"elementor-element elementor-element-376d81e2 elementor-invisible elementor-widget elementor-widget-heading\" data-id=\"376d81e2\" data-element_type=\"widget\" data-e-type=\"widget\" data-settings=\"{&quot;_animation&quot;:&quot;fadeInUp&quot;}\" data-widget_type=\"heading.default\">\n\t\t\t\t<div class=\"elementor-widget-container\">\n\t\t\t\t\t<p class=\"elementor-heading-title elementor-size-default\">Bem-vindo ao Centro de Informa\u00e7\u00f5es | Encontre rapidamente os guias e documentos de que precisa. Clique na imagem ou no texto correspondente para acessar rapidamente a p\u00e1gina com instru\u00e7\u00f5es detalhadas passo a passo e dicas pr\u00e1ticas.<\/p>\t\t\t\t<\/div>\n\t\t\t\t<\/div>\n\t\t\t\t\t<\/div>\n\t\t<\/div>\n\t\t\t\t\t<\/div>\n\t\t<\/section>\n\t\t\t\t<section class=\"elementor-section elementor-top-section elementor-element elementor-element-2f14516 elementor-section-content-middle elementor-section-boxed elementor-section-height-default elementor-section-height-default\" data-id=\"2f14516\" data-element_type=\"section\" data-e-type=\"section\">\n\t\t\t\t\t\t<div class=\"elementor-container elementor-column-gap-no\">\n\t\t\t\t\t<div class=\"elementor-column elementor-col-100 elementor-top-column elementor-element elementor-element-cbca034 animated-slow elementor-invisible\" data-id=\"cbca034\" data-element_type=\"column\" data-e-type=\"column\" data-settings=\"{&quot;background_background&quot;:&quot;classic&quot;,&quot;animation&quot;:&quot;fadeInRight&quot;,&quot;animation_delay&quot;:200}\">\n\t\t\t<div class=\"elementor-widget-wrap elementor-element-populated\">\n\t\t\t\t\t\t<section class=\"elementor-section elementor-inner-section elementor-element elementor-element-54ba005 elementor-section-boxed elementor-section-height-default elementor-section-height-default\" data-id=\"54ba005\" data-element_type=\"section\" data-e-type=\"section\">\n\t\t\t\t\t\t<div class=\"elementor-container elementor-column-gap-default\">\n\t\t\t\t\t<div class=\"elementor-column elementor-col-33 elementor-inner-column elementor-element elementor-element-6f1530b elementor-invisible\" data-id=\"6f1530b\" data-element_type=\"column\" data-e-type=\"column\" data-settings=\"{&quot;background_background&quot;:&quot;classic&quot;,&quot;animation&quot;:&quot;fadeInLeft&quot;,&quot;animation_delay&quot;:400}\">\n\t\t\t<div class=\"elementor-widget-wrap elementor-element-populated\">\n\t\t\t\t\t\t<div class=\"elementor-element elementor-element-f410075 elementor-position-top elementor-widget elementor-widget-image-box\" data-id=\"f410075\" data-element_type=\"widget\" data-e-type=\"widget\" data-widget_type=\"image-box.default\">\n\t\t\t\t<div class=\"elementor-widget-container\">\n\t\t\t\t\t<div class=\"elementor-image-box-wrapper\"><figure class=\"elementor-image-box-img\"><a href=\"https:\/\/leaditop.com\/pt_pt\/guia-completo-para-varios-diagramas-de-fiacao-de-fotocelulas\/\" tabindex=\"-1\"><img fetchpriority=\"high\" decoding=\"async\" width=\"1500\" height=\"1361\" src=\"https:\/\/leaditop.com\/wp-content\/uploads\/2025\/02\/Wall-mounted-photocontrol.-2.jpg\" class=\"attachment-full size-full wp-image-3751\" alt=\"\" srcset=\"https:\/\/leaditop.com\/wp-content\/uploads\/2025\/02\/Wall-mounted-photocontrol.-2.jpg 1500w, https:\/\/leaditop.com\/wp-content\/uploads\/2025\/02\/Wall-mounted-photocontrol.-2-300x272.jpg 300w, https:\/\/leaditop.com\/wp-content\/uploads\/2025\/02\/Wall-mounted-photocontrol.-2-1024x929.jpg 1024w, https:\/\/leaditop.com\/wp-content\/uploads\/2025\/02\/Wall-mounted-photocontrol.-2-768x697.jpg 768w, https:\/\/leaditop.com\/wp-content\/uploads\/2025\/02\/Wall-mounted-photocontrol.-2-600x544.jpg 600w\" sizes=\"(max-width: 1500px) 100vw, 1500px\" \/><\/a><\/figure><div class=\"elementor-image-box-content\"><div class=\"elementor-image-box-title\"><a href=\"https:\/\/leaditop.com\/pt_pt\/guia-completo-para-varios-diagramas-de-fiacao-de-fotocelulas\/\">Guias de diagramas de fia\u00e7\u00e3o de fotoc\u00e9lulas<\/a><\/div><p class=\"elementor-image-box-description\">M\u00e9todos de fia\u00e7\u00e3o detalhados para fotoc\u00e9lulas de encaixe girat\u00f3rio, bot\u00e3o, soquete de l\u00e2mpada e Zhaga.\n\n\n\n\n\n\n<\/p><\/div><\/div>\t\t\t\t<\/div>\n\t\t\t\t<\/div>\n\t\t\t\t\t<\/div>\n\t\t<\/div>\n\t\t\t\t<div class=\"elementor-column elementor-col-33 elementor-inner-column elementor-element elementor-element-64467c4 elementor-invisible\" data-id=\"64467c4\" data-element_type=\"column\" data-e-type=\"column\" data-settings=\"{&quot;background_background&quot;:&quot;classic&quot;,&quot;animation&quot;:&quot;fadeInLeft&quot;,&quot;animation_delay&quot;:400}\">\n\t\t\t<div class=\"elementor-widget-wrap elementor-element-populated\">\n\t\t\t\t\t\t<div class=\"elementor-element elementor-element-274ce4c elementor-position-top elementor-widget elementor-widget-image-box\" data-id=\"274ce4c\" data-element_type=\"widget\" data-e-type=\"widget\" data-widget_type=\"image-box.default\">\n\t\t\t\t<div class=\"elementor-widget-container\">\n\t\t\t\t\t<div class=\"elementor-image-box-wrapper\"><figure class=\"elementor-image-box-img\"><a href=\"https:\/\/leaditop.com\/pt_pt\/produto-2\/solucao-de-controlador-de-iluminacao\/\" tabindex=\"-1\"><img decoding=\"async\" width=\"1122\" height=\"803\" src=\"https:\/\/leaditop.com\/wp-content\/uploads\/2024\/12\/\u672a\u6807\u9898-12-e1736408671776.jpg\" class=\"attachment-full size-full wp-image-3478\" alt=\"\" srcset=\"https:\/\/leaditop.com\/wp-content\/uploads\/2024\/12\/\u672a\u6807\u9898-12-e1736408671776.jpg 1122w, https:\/\/leaditop.com\/wp-content\/uploads\/2024\/12\/\u672a\u6807\u9898-12-e1736408671776-300x215.jpg 300w, https:\/\/leaditop.com\/wp-content\/uploads\/2024\/12\/\u672a\u6807\u9898-12-e1736408671776-1024x733.jpg 1024w, https:\/\/leaditop.com\/wp-content\/uploads\/2024\/12\/\u672a\u6807\u9898-12-e1736408671776-768x550.jpg 768w, https:\/\/leaditop.com\/wp-content\/uploads\/2024\/12\/\u672a\u6807\u9898-12-e1736408671776-600x429.jpg 600w\" sizes=\"(max-width: 1122px) 100vw, 1122px\" \/><\/a><\/figure><div class=\"elementor-image-box-content\"><div class=\"elementor-image-box-title\"><a href=\"https:\/\/leaditop.com\/pt_pt\/produto-2\/solucao-de-controlador-de-iluminacao\/\">solu\u00e7\u00e3o de controlador de ilumina\u00e7\u00e3o<\/a><\/div><p class=\"elementor-image-box-description\">Produtos especializados para controle de ilumina\u00e7\u00e3o em licita\u00e7\u00f5es de postes de ilumina\u00e7\u00e3o p\u00fablica e solu\u00e7\u00f5es personalizadas de ilumina\u00e7\u00e3o inteligente para o mercado sul-americano.<\/p><\/div><\/div>\t\t\t\t<\/div>\n\t\t\t\t<\/div>\n\t\t\t\t\t<\/div>\n\t\t<\/div>\n\t\t\t\t<div class=\"elementor-column elementor-col-33 elementor-inner-column elementor-element elementor-element-fe3a4a4 elementor-invisible\" data-id=\"fe3a4a4\" data-element_type=\"column\" data-e-type=\"column\" data-settings=\"{&quot;background_background&quot;:&quot;classic&quot;,&quot;animation&quot;:&quot;fadeInLeft&quot;,&quot;animation_delay&quot;:400}\">\n\t\t\t<div class=\"elementor-widget-wrap elementor-element-populated\">\n\t\t\t\t\t\t<div class=\"elementor-element elementor-element-4bcd019 elementor-position-top elementor-widget elementor-widget-image-box\" data-id=\"4bcd019\" data-element_type=\"widget\" data-e-type=\"widget\" data-widget_type=\"image-box.default\">\n\t\t\t\t<div class=\"elementor-widget-container\">\n\t\t\t\t\t<div class=\"elementor-image-box-wrapper\"><figure class=\"elementor-image-box-img\"><a href=\"https:\/\/leaditop.com\/pt_pt\/centro-de-equipamentos\/\" tabindex=\"-1\"><img decoding=\"async\" width=\"1298\" height=\"818\" src=\"https:\/\/leaditop.com\/wp-content\/uploads\/2024\/05\/Lux-tester.png\" class=\"attachment-full size-full wp-image-2521\" alt=\"\" srcset=\"https:\/\/leaditop.com\/wp-content\/uploads\/2024\/05\/Lux-tester.png 1298w, https:\/\/leaditop.com\/wp-content\/uploads\/2024\/05\/Lux-tester-300x189.png 300w, https:\/\/leaditop.com\/wp-content\/uploads\/2024\/05\/Lux-tester-1024x645.png 1024w, https:\/\/leaditop.com\/wp-content\/uploads\/2024\/05\/Lux-tester-768x484.png 768w, https:\/\/leaditop.com\/wp-content\/uploads\/2024\/05\/Lux-tester-600x378.png 600w\" sizes=\"(max-width: 1298px) 100vw, 1298px\" \/><\/a><\/figure><div class=\"elementor-image-box-content\"><div class=\"elementor-image-box-title\"><a href=\"https:\/\/leaditop.com\/pt_pt\/centro-de-equipamentos\/\">Centro de Equipamentos<\/a><\/div><p class=\"elementor-image-box-description\">Testador de lux | Testador de combust\u00e3o UL94-V0 | Testador de impermeabilidade IP | Testador IK | Simulador de fonte de luz | Simulador de ambiente de n\u00e9voa salina | Testador UV | Testador de prote\u00e7\u00e3o contra surtos MOV | M\u00e1quina de teste de envelhecimento\n<\/p><\/div><\/div>\t\t\t\t<\/div>\n\t\t\t\t<\/div>\n\t\t\t\t\t<\/div>\n\t\t<\/div>\n\t\t\t\t\t<\/div>\n\t\t<\/section>\n\t\t\t\t\t<\/div>\n\t\t<\/div>\n\t\t\t\t\t<\/div>\n\t\t<\/section>\n\t\t\t\t<section class=\"elementor-section elementor-top-section elementor-element elementor-element-45f099ca elementor-section-boxed elementor-section-height-default elementor-section-height-default\" data-id=\"45f099ca\" data-element_type=\"section\" data-e-type=\"section\">\n\t\t\t\t\t\t<div class=\"elementor-container elementor-column-gap-no\">\n\t\t\t\t\t<div class=\"elementor-column elementor-col-100 elementor-top-column elementor-element elementor-element-51e0e9b2\" data-id=\"51e0e9b2\" data-element_type=\"column\" data-e-type=\"column\">\n\t\t\t<div class=\"elementor-widget-wrap elementor-element-populated\">\n\t\t\t\t\t\t<div class=\"elementor-element elementor-element-37144ecd elementor-widget elementor-widget-heading\" data-id=\"37144ecd\" data-element_type=\"widget\" data-e-type=\"widget\" data-widget_type=\"heading.default\">\n\t\t\t\t<div class=\"elementor-widget-container\">\n\t\t\t\t\t<div class=\"elementor-heading-title elementor-size-default\">liderar o topo<\/div>\t\t\t\t<\/div>\n\t\t\t\t<\/div>\n\t\t\t\t\t<\/div>\n\t\t<\/div>\n\t\t\t\t\t<\/div>\n\t\t<\/section>\n\t\t\t\t<\/div>","protected":false},"excerpt":{"rendered":"<p>Lead-top Provide Resources Welcome to the Information Center | Quickly find the guides and documents you need Click on the corresponding image or text to quickly jump to the relevant page for detailed step-by-step instructions and practical tips Photocell Wiring Diagram Guides Detailed Wiring Methods for Twist-Lock, Button, Bulb-Holder, and Zhaga Photocells lighting controller solution [&hellip;]<\/p>\n","protected":false},"author":1,"featured_media":0,"parent":0,"menu_order":0,"comment_status":"closed","ping_status":"closed","template":"","meta":{"_seopress_robots_primary_cat":"","_seopress_titles_title":"","_seopress_titles_desc":"","_seopress_robots_index":"","footnotes":""},"class_list":["post-3842","page","type-page","status-publish","hentry"],"_links":{"self":[{"href":"https:\/\/leaditop.com\/pt_pt\/wp-json\/wp\/v2\/pages\/3842","targetHints":{"allow":["GET"]}}],"collection":[{"href":"https:\/\/leaditop.com\/pt_pt\/wp-json\/wp\/v2\/pages"}],"about":[{"href":"https:\/\/leaditop.com\/pt_pt\/wp-json\/wp\/v2\/types\/page"}],"author":[{"embeddable":true,"href":"https:\/\/leaditop.com\/pt_pt\/wp-json\/wp\/v2\/users\/1"}],"replies":[{"embeddable":true,"href":"https:\/\/leaditop.com\/pt_pt\/wp-json\/wp\/v2\/comments?post=3842"}],"version-history":[{"count":10,"href":"https:\/\/leaditop.com\/pt_pt\/wp-json\/wp\/v2\/pages\/3842\/revisions"}],"predecessor-version":[{"id":3889,"href":"https:\/\/leaditop.com\/pt_pt\/wp-json\/wp\/v2\/pages\/3842\/revisions\/3889"}],"wp:attachment":[{"href":"https:\/\/leaditop.com\/pt_pt\/wp-json\/wp\/v2\/media?parent=3842"}],"curies":[{"name":"wp","href":"https:\/\/api.w.org\/{rel}","templated":true}]}}