{"id":1029,"date":"2023-10-28T13:19:12","date_gmt":"2023-10-28T05:19:12","guid":{"rendered":"https:\/\/leaditop.com\/?post_type=product&#038;p=1029"},"modified":"2025-07-31T17:26:56","modified_gmt":"2025-07-31T09:26:56","slug":"interruptor-crepuscular-externo-interruptor-com-sensor-fotocelula-interruptor-com-sensor-de-luz-diurna-interruptor-com-sensor-crepuscular","status":"publish","type":"product","link":"https:\/\/leaditop.com\/pt_pt\/product\/outdoor-twilight-switch-photocell-sensor-switch-photocell-daylight-sensor-switch-dusk-to-dawn-sensor-switch\/","title":{"rendered":"Interruptor de luz externo\/interruptor com sensor fotoc\u00e9lula LT655, sensor de luz diurna fotoc\u00e9lula, sensor crepuscular."},"content":{"rendered":"<h2>Caracter\u00edsticas:<\/h2>\n<p>Suporta m\u00faltiplas tens\u00f5es de entrada.<br \/>\nCertifica\u00e7\u00e3o CE<br \/>\nEm conformidade com as normas ANSI C136.24 e UL773A.<\/p>\n<h2>Aplica\u00e7\u00f5es:<\/h2>\n<p>Nosso produto \u00e9 amplamente utilizado em diversos ambientes.<\/p>\n<ul>\n<li>Ilumina\u00e7\u00e3o p\u00fablica<\/li>\n<li>Ilumina\u00e7\u00e3o LED externa<\/li>\n<li>Ilumina\u00e7\u00e3o de rodovias<\/li>\n<li>Ilumina\u00e7\u00e3o do estacionamento<\/li>\n<li>Ilumina\u00e7\u00e3o de \u00e1reas p\u00fablicas<\/li>\n<li>Ilumina\u00e7\u00e3o das esta\u00e7\u00f5es ferrovi\u00e1rias<\/li>\n<li>Aeroportos<\/li>\n<li>Fazendas<\/li>\n<li>Parques<\/li>\n<li>Escolas<\/li>\n<\/ul>\n<h2>DIMENS\u00c3O<\/h2>\n<p><img fetchpriority=\"high\" decoding=\"async\" class=\"alignnone wp-image-3041\" src=\"http:\/\/leaditop.com\/wp-content\/uploads\/2024\/10\/DIMENSION-1.png\" alt=\"\" width=\"800\" height=\"381\" srcset=\"https:\/\/leaditop.com\/wp-content\/uploads\/2024\/10\/DIMENSION-1.png 1016w, https:\/\/leaditop.com\/wp-content\/uploads\/2024\/10\/DIMENSION-1-300x143.png 300w, https:\/\/leaditop.com\/wp-content\/uploads\/2024\/10\/DIMENSION-1-768x366.png 768w, https:\/\/leaditop.com\/wp-content\/uploads\/2024\/10\/DIMENSION-1-600x286.png 600w\" sizes=\"(max-width: 800px) 100vw, 800px\" \/><\/p>","protected":false},"excerpt":{"rendered":"<p>Nossas fotoc\u00e9lulas para ilumina\u00e7\u00e3o p\u00fablica atendem \u00e0 norma ANSI C136.10, oferecendo uma solu\u00e7\u00e3o confi\u00e1vel e com \u00f3timo custo-benef\u00edcio para o controle automatizado da ilumina\u00e7\u00e3o do anoitecer ao amanhecer. Projetadas para otimizar o desempenho do sistema de ilumina\u00e7\u00e3o e economizar energia, essas fotoc\u00e9lulas utilizam circuitos eletr\u00f4nicos avan\u00e7ados e um sensor de luz fototransistor est\u00e1vel para um funcionamento consistente de ligar\/desligar.<\/p>\n<p>Informa\u00e7\u00f5es sobre o produto<br \/>\nModelo: LT655<br \/>\nNorma: BS5972<br \/>\nTens\u00e3o nominal: 480V<br \/>\nFrequ\u00eancia: 50-60 Hz<br \/>\nCarga nominal: 15A\/1000W\/1800VA<br \/>\nTemperatura de opera\u00e7\u00e3o: -40\u2103 a +70\u2103<br \/>\nUmidade relacionada: 99%<br \/>\nIsolamento: 2500V\/60Hz\/1min<br \/>\nCarca\u00e7a: Baquelite<\/p>","protected":false},"featured_media":1031,"comment_status":"open","ping_status":"closed","template":"","meta":{"_seopress_robots_primary_cat":"none","_seopress_titles_title":"","_seopress_titles_desc":"","_seopress_robots_index":"","_seopress_analysis_target_kw":""},"product_brand":[],"product_cat":[37],"product_tag":[],"class_list":{"0":"post-1029","1":"product","2":"type-product","3":"status-publish","4":"has-post-thumbnail","6":"product_cat-nema-3-pin-receptacle","8":"first","9":"instock","10":"shipping-taxable","11":"product-type-simple"},"_links":{"self":[{"href":"https:\/\/leaditop.com\/pt_pt\/wp-json\/wp\/v2\/product\/1029","targetHints":{"allow":["GET"]}}],"collection":[{"href":"https:\/\/leaditop.com\/pt_pt\/wp-json\/wp\/v2\/product"}],"about":[{"href":"https:\/\/leaditop.com\/pt_pt\/wp-json\/wp\/v2\/types\/product"}],"replies":[{"embeddable":true,"href":"https:\/\/leaditop.com\/pt_pt\/wp-json\/wp\/v2\/comments?post=1029"}],"wp:featuredmedia":[{"embeddable":true,"href":"https:\/\/leaditop.com\/pt_pt\/wp-json\/wp\/v2\/media\/1031"}],"wp:attachment":[{"href":"https:\/\/leaditop.com\/pt_pt\/wp-json\/wp\/v2\/media?parent=1029"}],"wp:term":[{"taxonomy":"product_brand","embeddable":true,"href":"https:\/\/leaditop.com\/pt_pt\/wp-json\/wp\/v2\/product_brand?post=1029"},{"taxonomy":"product_cat","embeddable":true,"href":"https:\/\/leaditop.com\/pt_pt\/wp-json\/wp\/v2\/product_cat?post=1029"},{"taxonomy":"product_tag","embeddable":true,"href":"https:\/\/leaditop.com\/pt_pt\/wp-json\/wp\/v2\/product_tag?post=1029"}],"curies":[{"name":"wp","href":"https:\/\/api.w.org\/{rel}","templated":true}]}}