{"id":2204,"date":"2024-04-17T10:23:02","date_gmt":"2024-04-17T02:23:02","guid":{"rendered":"https:\/\/leaditop.com\/?post_type=product&#038;p=2204"},"modified":"2024-08-09T09:40:22","modified_gmt":"2024-08-09T01:40:22","slug":"lt310a-12-48vdc-com-fio-fotocelula-para-iluminacao-de-jardins-e-celeiros","status":"publish","type":"product","link":"https:\/\/leaditop.com\/pt_pt\/product\/lt310a-12-48vdc-wire-in-type-photo-control-used-for-landscape-lights-barn-lights\/","title":{"rendered":"Fotoc\u00e9lula LT310A 12-48VDC com fio, utilizada para ilumina\u00e7\u00e3o de jardins e celeiros."},"content":{"rendered":"<div class=\"elementor-element elementor-element-36d2212 elementor-widget elementor-widget-woocommerce-product-title elementor-page-title elementor-widget-heading\" data-id=\"36d2212\" data-element_type=\"widget\" data-widget_type=\"woocommerce-product-title.default\">\n<div class=\"elementor-widget-container\">\n<p>Caracter\u00edsticas:<\/p>\n<p>Suporta m\u00faltiplas tens\u00f5es de entrada.<\/p>\n<p>Certifica\u00e7\u00e3o CE<\/p>\n<p>Em conformidade com as normas ANSI C136.24 e UL773A.<\/p>\n<\/div>\n<\/div>\n<div class=\"elementor-element elementor-element-c3cb823 elementor-widget elementor-widget-woocommerce-product-content\" data-id=\"c3cb823\" data-element_type=\"widget\" data-widget_type=\"woocommerce-product-content.default\">\n<div class=\"elementor-widget-container\">\n<p>&nbsp;<\/p>\n<p>Aplica\u00e7\u00f5es: Nosso produto \u00e9 amplamente utilizado em diversos ambientes.,<\/p>\n<p>Ilumina\u00e7\u00e3o p\u00fablica<\/p>\n<p>Ilumina\u00e7\u00e3o LED externa<\/p>\n<p>Ilumina\u00e7\u00e3o de rodovias<\/p>\n<p>Ilumina\u00e7\u00e3o do estacionamento<\/p>\n<p>Ilumina\u00e7\u00e3o de \u00e1reas p\u00fablicas<\/p>\n<p>Ilumina\u00e7\u00e3o das esta\u00e7\u00f5es ferrovi\u00e1rias<\/p>\n<p>Luzes de paisagem<\/p>\n<p>Luzes de celeiro<\/p>\n<\/div>\n<\/div>","protected":false},"excerpt":{"rendered":"<p>Nossas fotoc\u00e9lulas para ilumina\u00e7\u00e3o p\u00fablica atendem \u00e0 norma ANSI C136.10, oferecendo uma solu\u00e7\u00e3o confi\u00e1vel e com \u00f3timo custo-benef\u00edcio para o controle automatizado da ilumina\u00e7\u00e3o do anoitecer ao amanhecer. Projetadas para otimizar o desempenho do sistema de ilumina\u00e7\u00e3o e economizar energia, essas fotoc\u00e9lulas utilizam circuitos eletr\u00f4nicos avan\u00e7ados e um sensor de luz fototransistor est\u00e1vel para um funcionamento consistente de ligar\/desligar.<\/p>\n<p>O modelo LT310A \u00e9 adequado para ilumina\u00e7\u00e3o de jardins, parques, pontos de carregamento, etc.<\/p>\n<p>Informa\u00e7\u00f5es sobre o produto<br \/>\nModelo: LT310A-DC<br \/>\nPadr\u00e3o:ANSI C136.24 e UL773A<br \/>\nTens\u00e3o nominal: 12-48 VCC<br \/>\nCarga nominal: 10A<br \/>\nModo de falha: LIGADO\/DESLIGADO<\/p>\n<p>Atraso de tempo: 3 a 10 segundos<br \/>\nRela\u00e7\u00e3o LIGADO\/DESLIGADO: 1:1,5<br \/>\nN\u00edveis de ilumina\u00e7\u00e3o acionada: 10-16 Lux<br \/>\nInterruptor: &gt;10000 opera\u00e7\u00f5es ON\/OFF com carga nominal<br \/>\nConsumo de energia: \u2264 0,5 watts<\/p>\n<p>&nbsp;<\/p>\n<p>&nbsp;<\/p>","protected":false},"featured_media":2307,"comment_status":"open","ping_status":"closed","template":"","meta":{"_seopress_robots_primary_cat":"none","_seopress_titles_title":"","_seopress_titles_desc":"","_seopress_robots_index":"","_seopress_analysis_target_kw":""},"product_brand":[],"product_cat":[42,183,31],"product_tag":[],"class_list":{"0":"post-2204","1":"product","2":"type-product","3":"status-publish","4":"has-post-thumbnail","6":"product_cat-button-photocell","7":"product_cat-product","8":"product_cat-wire-in-controllers","10":"first","11":"instock","12":"shipping-taxable","13":"product-type-simple"},"_links":{"self":[{"href":"https:\/\/leaditop.com\/pt_pt\/wp-json\/wp\/v2\/product\/2204","targetHints":{"allow":["GET"]}}],"collection":[{"href":"https:\/\/leaditop.com\/pt_pt\/wp-json\/wp\/v2\/product"}],"about":[{"href":"https:\/\/leaditop.com\/pt_pt\/wp-json\/wp\/v2\/types\/product"}],"replies":[{"embeddable":true,"href":"https:\/\/leaditop.com\/pt_pt\/wp-json\/wp\/v2\/comments?post=2204"}],"wp:featuredmedia":[{"embeddable":true,"href":"https:\/\/leaditop.com\/pt_pt\/wp-json\/wp\/v2\/media\/2307"}],"wp:attachment":[{"href":"https:\/\/leaditop.com\/pt_pt\/wp-json\/wp\/v2\/media?parent=2204"}],"wp:term":[{"taxonomy":"product_brand","embeddable":true,"href":"https:\/\/leaditop.com\/pt_pt\/wp-json\/wp\/v2\/product_brand?post=2204"},{"taxonomy":"product_cat","embeddable":true,"href":"https:\/\/leaditop.com\/pt_pt\/wp-json\/wp\/v2\/product_cat?post=2204"},{"taxonomy":"product_tag","embeddable":true,"href":"https:\/\/leaditop.com\/pt_pt\/wp-json\/wp\/v2\/product_tag?post=2204"}],"curies":[{"name":"wp","href":"https:\/\/api.w.org\/{rel}","templated":true}]}}