{"id":2997,"date":"2024-10-14T13:37:35","date_gmt":"2024-10-14T05:37:35","guid":{"rendered":"https:\/\/leaditop.com\/?post_type=product&#038;p=2997"},"modified":"2025-06-26T17:43:17","modified_gmt":"2025-06-26T09:43:17","slug":"lt520-soquete-fotocelula-para-lampada-e26-e27-com-sensor-crepuscular","status":"publish","type":"product","link":"https:\/\/leaditop.com\/pt_pt\/product\/lt520-dusk-to-dawn-e26-e27-bulb-photocell-light-control-socket\/","title":{"rendered":"Soquetes para l\u00e2mpadas LT520 com sensor crepuscular E26 e E27"},"content":{"rendered":"<p>&nbsp;<\/p>\n<p><iframe title=\"Procurando uma maneira f\u00e1cil de automatizar sua ilumina\u00e7\u00e3o? Fotoc\u00e9lula #, suporte para l\u00e2mpada #, sensor crepuscular\/amanhecer #.\" width=\"800\" height=\"450\" src=\"https:\/\/www.youtube.com\/embed\/zaoEUH82vR0?feature=oembed\" frameborder=\"0\" allow=\"accelerometer; autoplay; clipboard-write; encrypted-media; gyroscope; picture-in-picture; web-share\" referrerpolicy=\"strict-origin-when-cross-origin\" allowfullscreen><\/iframe><\/p>\n<h2><strong>Principais caracter\u00edsticas<\/strong><\/h2>\n<ul>\n<li>\u00a0Compat\u00edvel com l\u00e2mpadas incandescentes, fluorescentes compactas e de LED.<\/li>\n<li>Controle de luz com ajuste autom\u00e1tico do anoitecer ao amanhecer<\/li>\n<li>Sem necessidade de fia\u00e7\u00e3o, basta enroscar.<\/li>\n<li>Acende a luz ao anoitecer e apaga ao amanhecer.<\/li>\n<li>O design compacto \u00e9 adequado para lumin\u00e1rias externas fechadas de menor porte.<\/li>\n<li>Circuitos de estado s\u00f3lido resistentes \u00e0s intemp\u00e9ries e confi\u00e1veis.<\/li>\n<\/ul>\n<h2>Por que escolher o LT520?<\/h2>\n<p><span data-slate-fragment=\"JTVCJTdCJTIydHlwZSUyMiUzQSUyMnBhcmFncmFwaCUyMiUyQyUyMmNoaWxkcmVuJTIyJTNBJTVCJTdCJTIyaWQlMjIlM0ElMjJCUEpMVzF4QUtWJTIyJTJDJTIycGFyYUlkeCUyMiUzQTAlMkMlMjJzcmMlMjIlM0ElMjJUaGlzJTIwYnVsYiUyMHNvY2tldCUyMGZlYXR1cmVzJTIwYW4lMjBpbnRlZ3JhdGVkJTIwcGhvdG9jZWxsJTIwc2Vuc29yJTIwZm9yJTIwYXV0b21hdGljJTIwbGlnaHRpbmclMkMlMjBzdXBwb3J0cyUyMHN0YW5kYXJkJTIwRTI2JTJGRTI3JTIwYnVsYnMlMjBmb3IlMjBlYXN5JTIwaW5zdGFsbGF0aW9uJTIwYW5kJTIwd2lkZSUyMGNvbXBhdGliaWxpdHklMkMlMjBhbmQlMjBpbmNsdWRlcyUyMGElMjBzcHJpbmctbG9hZGVkJTIwY29udGFjdCVFMiU4MCU5NHNpbXBseSUyMHJvdGF0ZSUyMGl0JTIwdG8lMjBhZGp1c3QlMjB0aGUlMjBzZW5zb3IlMjBpbiUyMGFueSUyMGRpcmVjdGlvbi4lMjIlMkMlMjJkc3QlMjIlM0ElMjIlRTglQUYlQTUlRTclODElQUYlRTYlQjMlQTElRTYlOEYlOTIlRTUlQkElQTclRTUlODUlQjclRTYlOUMlODklRTclOTQlQTglRTQlQkElOEUlRTglODclQUElRTUlOEElQTglRTclODUlQTclRTYlOTglOEUlRTclOUElODQlRTklOUIlODYlRTYlODglOTAlRTUlODUlODklRTclOTQlQjUlRTYlQjElQTAlRTQlQkMlQTAlRTYlODQlOUYlRTUlOTklQTglRUYlQkMlOEMlRTYlOTQlQUYlRTYlOEMlODElRTYlQTAlODclRTUlODclODZFMjYlMkZFMjclRTclODElQUYlRTYlQjMlQTElRUYlQkMlOEMlRTQlQkUlQkYlRTQlQkElOEUlRTUlQUUlODklRTglQTMlODUlRTUlOTIlOEMlRTUlQjklQkYlRTYlQjMlOUIlRTUlODUlQkMlRTUlQUUlQjklRUYlQkMlOEMlRTUlQjklQjYlRTUlOEMlODUlRTYlOEIlQUMlRTQlQjglODAlRTQlQjglQUElRTUlQkMlQjklRTclQjAlQTclRTUlQkMlOEYlRTglQTclQTYlRTclODIlQjklRTIlODAlOTQlRTIlODAlOTQlRTUlOEYlQUElRTklOUMlODAlRTYlOTclOEIlRTglQkQlQUMlRTUlQUUlODMlRTUlOEQlQjMlRTUlOEYlQUYlRTUlOUMlQTglRTQlQkIlQkIlRTQlQkQlOTUlRTYlOTYlQjklRTUlOTAlOTElRTQlQjglOEElRTglQjAlODMlRTYlOTUlQjQlRTQlQkMlQTAlRTYlODQlOUYlRTUlOTklQTglRTMlODAlODIlMjIlMkMlMjJtZXRhZGF0YSUyMiUzQSUyMiUyMiUyQyUyMm1hdGNoZXMlMjIlM0FudWxsJTJDJTIybWV0YURhdGElMjIlM0ElNUIlNUQlMkMlMjJ0ZXh0JTIyJTNBJTIyVGhpcyUyMGJ1bGIlMjBzb2NrZXQlMjBmZWF0dXJlcyUyMGFuJTIwaW50ZWdyYXRlZCUyMHBob3RvY2VsbCUyMHNlbnNvciUyMGZvciUyMGF1dG9tYXRpYyUyMGxpZ2h0aW5nJTJDJTIwc3VwcG9ydHMlMjBzdGFuZGFyZCUyMEUyNiUyRkUyNyUyMGJ1bGJzJTIwZm9yJTIwZWFzeSUyMGluc3RhbGxhdGlvbiUyMGFuZCUyMHdpZGUlMjBjb21wYXRpYmlsaXR5JTJDJTIwYW5kJTIwaW5jbHVkZXMlMjBhJTIwc3ByaW5nLWxvYWRlZCUyMGNvbnRhY3QlRTIlODAlOTRzaW1wbHklMjByb3RhdGUlMjBpdCUyMHRvJTIwYWRqdXN0JTIwdGhlJTIwc2Vuc29yJTIwaW4lMjBhbnklMjBkaXJlY3Rpb24uJTIyJTdEJTVEJTdEJTVE\">Este soquete para l\u00e2mpada possui um sensor fotoc\u00e9lula integrado para acendimento autom\u00e1tico, suporta l\u00e2mpadas padr\u00e3o E26\/E27 para f\u00e1cil instala\u00e7\u00e3o e ampla compatibilidade, e inclui um contato com mola \u2014 basta gir\u00e1-lo para ajustar o sensor em qualquer dire\u00e7\u00e3o.<\/span><\/p>\n<h2>Aplica\u00e7\u00f5es: Nosso produto \u00e9 amplamente utilizado em diversos ambientes.<\/h2>\n<ul>\n<li>Ilumina\u00e7\u00e3o p\u00fablica<\/li>\n<li>Ilumina\u00e7\u00e3o LED externa<\/li>\n<li>Ilumina\u00e7\u00e3o de rodovias<\/li>\n<li>Ilumina\u00e7\u00e3o do estacionamento<\/li>\n<li>Ilumina\u00e7\u00e3o de \u00e1reas p\u00fablicas<\/li>\n<li>Ilumina\u00e7\u00e3o das esta\u00e7\u00f5es ferrovi\u00e1rias<\/li>\n<li>Aeroportos<\/li>\n<li>Fazendas<\/li>\n<li>Parques<\/li>\n<li>Escolas<\/li>\n<\/ul>","protected":false},"excerpt":{"rendered":"<p>Este soquete para l\u00e2mpada possui um sensor fotoc\u00e9lula integrado para acendimento autom\u00e1tico, suporta l\u00e2mpadas padr\u00e3o E26\/E27 para f\u00e1cil instala\u00e7\u00e3o e ampla compatibilidade, e inclui um <strong>contato com mola<\/strong>\u2014basta gir\u00e1-lo para ajustar o sensor em qualquer dire\u00e7\u00e3o.<\/p>\n<p>Informa\u00e7\u00f5es sobre o produto<br \/>\nModelo: LT520<br \/>\nNorma: UL496<br \/>\nTens\u00e3o nominal: 120V\/220V<br \/>\nPot\u00eancia nominal: 150 W m\u00e1x.<br \/>\nModo de falha: LIGADO<br \/>\nN\u00edveis de ilumina\u00e7\u00e3o: 10-16 Lux<br \/>\nN\u00edveis de luz apagada: &lt;65 Lux<br \/>\nTempo de a\u00e7\u00e3o: 3-15 segundos<br \/>\nUmidade relacionada: 96%<br \/>\nAlojamento: PET<\/p>","protected":false},"featured_media":2780,"comment_status":"open","ping_status":"closed","template":"","meta":{"_seopress_robots_primary_cat":"none","_seopress_titles_title":"","_seopress_titles_desc":"","_seopress_robots_index":"","_seopress_analysis_target_kw":""},"product_brand":[],"product_cat":[32,183],"product_tag":[],"class_list":{"0":"post-2997","1":"product","2":"type-product","3":"status-publish","4":"has-post-thumbnail","6":"product_cat-bulb-holder-controllers","7":"product_cat-product","9":"first","10":"instock","11":"shipping-taxable","12":"product-type-simple"},"_links":{"self":[{"href":"https:\/\/leaditop.com\/pt_pt\/wp-json\/wp\/v2\/product\/2997","targetHints":{"allow":["GET"]}}],"collection":[{"href":"https:\/\/leaditop.com\/pt_pt\/wp-json\/wp\/v2\/product"}],"about":[{"href":"https:\/\/leaditop.com\/pt_pt\/wp-json\/wp\/v2\/types\/product"}],"replies":[{"embeddable":true,"href":"https:\/\/leaditop.com\/pt_pt\/wp-json\/wp\/v2\/comments?post=2997"}],"wp:featuredmedia":[{"embeddable":true,"href":"https:\/\/leaditop.com\/pt_pt\/wp-json\/wp\/v2\/media\/2780"}],"wp:attachment":[{"href":"https:\/\/leaditop.com\/pt_pt\/wp-json\/wp\/v2\/media?parent=2997"}],"wp:term":[{"taxonomy":"product_brand","embeddable":true,"href":"https:\/\/leaditop.com\/pt_pt\/wp-json\/wp\/v2\/product_brand?post=2997"},{"taxonomy":"product_cat","embeddable":true,"href":"https:\/\/leaditop.com\/pt_pt\/wp-json\/wp\/v2\/product_cat?post=2997"},{"taxonomy":"product_tag","embeddable":true,"href":"https:\/\/leaditop.com\/pt_pt\/wp-json\/wp\/v2\/product_tag?post=2997"}],"curies":[{"name":"wp","href":"https:\/\/api.w.org\/{rel}","templated":true}]}}