{"id":3008,"date":"2024-10-14T14:26:02","date_gmt":"2024-10-14T06:26:02","guid":{"rendered":"https:\/\/leaditop.com\/?post_type=product&#038;p=3008"},"modified":"2026-03-27T17:01:17","modified_gmt":"2026-03-27T09:01:17","slug":"lt540-soquete-fotocelula-para-lampada-e26-e27-com-sensor-crepuscular","status":"publish","type":"product","link":"https:\/\/leaditop.com\/pt_pt\/product\/lt540-dusk-to-dawn-e26-e27-bulb-photocell-light-control-socket\/","title":{"rendered":"Soquete fotoc\u00e9lula LT540 para l\u00e2mpada E26\/E27 com sensor crepuscular."},"content":{"rendered":"<section class=\"elementor-section elementor-top-section elementor-element elementor-element-d5f06a5 custom-ele-section-css elementor-section-boxed elementor-section-height-default elementor-section-height-default\" data-id=\"d5f06a5\" data-element_type=\"section\">\n<div class=\"elementor-container elementor-column-gap-default\">\n<div class=\"elementor-column elementor-col-100 elementor-top-column elementor-element elementor-element-4fab112\" data-id=\"4fab112\" data-element_type=\"column\">\n<div class=\"elementor-widget-wrap elementor-element-populated\">\n<div class=\"elementor-element elementor-element-c3cb823 elementor-widget elementor-widget-woocommerce-product-content\" data-id=\"c3cb823\" data-element_type=\"widget\" data-widget_type=\"woocommerce-product-content.default\">\n<div class=\"elementor-widget-container\">\n<h2><img fetchpriority=\"high\" decoding=\"async\" class=\"alignnone wp-image-5675 size-medium\" src=\"http:\/\/leaditop.com\/wp-content\/uploads\/2024\/10\/lt540-300x300.jpg\" alt=\"\" width=\"300\" height=\"300\" srcset=\"https:\/\/leaditop.com\/wp-content\/uploads\/2024\/10\/lt540-300x300.jpg 300w, https:\/\/leaditop.com\/wp-content\/uploads\/2024\/10\/lt540-150x150.jpg 150w, https:\/\/leaditop.com\/wp-content\/uploads\/2024\/10\/lt540-12x12.jpg 12w, https:\/\/leaditop.com\/wp-content\/uploads\/2024\/10\/lt540-600x600.jpg 600w, https:\/\/leaditop.com\/wp-content\/uploads\/2024\/10\/lt540-100x100.jpg 100w, https:\/\/leaditop.com\/wp-content\/uploads\/2024\/10\/lt540.jpg 650w\" sizes=\"(max-width: 300px) 100vw, 300px\" \/> <img decoding=\"async\" class=\"alignnone wp-image-5674 size-medium\" src=\"http:\/\/leaditop.com\/wp-content\/uploads\/2024\/10\/540-1-300x300.jpg\" alt=\"\" width=\"300\" height=\"300\" srcset=\"https:\/\/leaditop.com\/wp-content\/uploads\/2024\/10\/540-1-300x300.jpg 300w, https:\/\/leaditop.com\/wp-content\/uploads\/2024\/10\/540-1-150x150.jpg 150w, https:\/\/leaditop.com\/wp-content\/uploads\/2024\/10\/540-1-12x12.jpg 12w, https:\/\/leaditop.com\/wp-content\/uploads\/2024\/10\/540-1-600x600.jpg 600w, https:\/\/leaditop.com\/wp-content\/uploads\/2024\/10\/540-1-100x100.jpg 100w, https:\/\/leaditop.com\/wp-content\/uploads\/2024\/10\/540-1.jpg 650w\" sizes=\"(max-width: 300px) 100vw, 300px\" \/> <img decoding=\"async\" class=\"alignnone wp-image-5673 size-medium\" src=\"http:\/\/leaditop.com\/wp-content\/uploads\/2024\/10\/LT540_1-300x300.jpg\" alt=\"\" width=\"300\" height=\"300\" srcset=\"https:\/\/leaditop.com\/wp-content\/uploads\/2024\/10\/LT540_1-300x300.jpg 300w, https:\/\/leaditop.com\/wp-content\/uploads\/2024\/10\/LT540_1-150x150.jpg 150w, https:\/\/leaditop.com\/wp-content\/uploads\/2024\/10\/LT540_1-12x12.jpg 12w, https:\/\/leaditop.com\/wp-content\/uploads\/2024\/10\/LT540_1-600x600.jpg 600w, https:\/\/leaditop.com\/wp-content\/uploads\/2024\/10\/LT540_1-100x100.jpg 100w, https:\/\/leaditop.com\/wp-content\/uploads\/2024\/10\/LT540_1.jpg 650w\" sizes=\"(max-width: 300px) 100vw, 300px\" \/><\/h2>\n<h2><strong>Principais caracter\u00edsticas<\/strong><\/h2>\n<ul>\n<li>\u00a0Compat\u00edvel com l\u00e2mpadas incandescentes, fluorescentes compactas e de LED.<\/li>\n<li>Controle de luz com ajuste autom\u00e1tico do anoitecer ao amanhecer<\/li>\n<li>Sem necessidade de fia\u00e7\u00e3o, basta enroscar.<\/li>\n<li>Acende a luz ao anoitecer e apaga ao amanhecer.<\/li>\n<li>O design compacto \u00e9 adequado para lumin\u00e1rias externas fechadas de menor porte.<\/li>\n<li>Circuitos de estado s\u00f3lido resistentes \u00e0s intemp\u00e9ries e confi\u00e1veis.<\/li>\n<\/ul>\n<h2>Por que escolher o LT540?<\/h2>\n<p>Este soquete para l\u00e2mpada possui um sensor fotoc\u00e9lula integrado, garantindo que seus espa\u00e7os internos ou externos estejam bem iluminados quando necess\u00e1rio. Ele suporta l\u00e2mpadas padr\u00e3o E26\/E27, facilitando a instala\u00e7\u00e3o e sendo compat\u00edvel com a maioria das l\u00e2mpadas dispon\u00edveis no mercado.<\/p>\n<h2>Aplica\u00e7\u00f5es: Nosso produto \u00e9 amplamente utilizado em diversos ambientes.<\/h2>\n<ul>\n<li>Ilumina\u00e7\u00e3o p\u00fablica<\/li>\n<li>Ilumina\u00e7\u00e3o LED externa<\/li>\n<li>Ilumina\u00e7\u00e3o de rodovias<\/li>\n<li>Ilumina\u00e7\u00e3o do estacionamento<\/li>\n<li>Ilumina\u00e7\u00e3o de \u00e1reas p\u00fablicas<\/li>\n<li>Ilumina\u00e7\u00e3o das esta\u00e7\u00f5es ferrovi\u00e1rias<\/li>\n<li>Aeroportos<\/li>\n<li>Fazendas<\/li>\n<li>Parques<\/li>\n<li>Escolas<\/li>\n<\/ul>\n<\/div>\n<\/div>\n<\/div>\n<\/div>\n<\/div>\n<\/section>\n<section class=\"elementor-section elementor-top-section elementor-element elementor-element-51b9af4 custom-ele-section-css elementor-section-boxed elementor-section-height-default elementor-section-height-default\" data-id=\"51b9af4\" data-element_type=\"section\">\n<div class=\"elementor-container elementor-column-gap-default\">\n<div class=\"elementor-column elementor-col-100 elementor-top-column elementor-element elementor-element-b6aa3a4\" data-id=\"b6aa3a4\" data-element_type=\"column\">\n<div class=\"elementor-widget-wrap elementor-element-populated\">\n<div class=\"elementor-element elementor-element-0acab08 elementor-grid-4 elementor-grid-tablet-3 elementor-grid-mobile-2 elementor-products-grid elementor-wc-products show-heading-yes elementor-widget elementor-widget-woocommerce-product-related\" data-id=\"0acab08\" data-element_type=\"widget\" data-widget_type=\"woocommerce-product-related.default\">\n<div class=\"elementor-widget-container\"><\/div>\n<\/div>\n<\/div>\n<\/div>\n<\/div>\n<\/section>","protected":false},"excerpt":{"rendered":"<p>Nossas fotoc\u00e9lulas para ilumina\u00e7\u00e3o p\u00fablica atendem \u00e0 norma ANSI C136.10, oferecendo uma solu\u00e7\u00e3o confi\u00e1vel e com \u00f3timo custo-benef\u00edcio para o controle automatizado da ilumina\u00e7\u00e3o do anoitecer ao amanhecer. Projetadas para otimizar o desempenho do sistema de ilumina\u00e7\u00e3o e economizar energia, essas fotoc\u00e9lulas utilizam circuitos eletr\u00f4nicos avan\u00e7ados e um sensor de luz fototransistor est\u00e1vel para um funcionamento consistente de ligar\/desligar.<\/p>\n<p>Informa\u00e7\u00f5es sobre o produto<br \/>\nModelo: LT540<br \/>\nNorma: UL496<br \/>\nTens\u00e3o nominal: 120V\/220V<br \/>\nPot\u00eancia nominal: 150W<br \/>\nModo de falha: LIGADO<br \/>\nN\u00edveis de ilumina\u00e7\u00e3o: 10-16 Lux<br \/>\nN\u00edveis de luz apagada: &lt;65 Lux<br \/>\nTempo de a\u00e7\u00e3o: 3-15 segundos<br \/>\nUmidade relacionada: 96%<br \/>\nAlojamento: PET<\/p>","protected":false},"featured_media":5675,"comment_status":"open","ping_status":"closed","template":"","meta":{"_seopress_robots_primary_cat":"none","_seopress_titles_title":"","_seopress_titles_desc":"","_seopress_robots_index":"","_seopress_analysis_target_kw":""},"product_brand":[],"product_cat":[32,183],"product_tag":[],"class_list":{"0":"post-3008","1":"product","2":"type-product","3":"status-publish","4":"has-post-thumbnail","6":"product_cat-bulb-holder-controllers","7":"product_cat-product","9":"first","10":"instock","11":"shipping-taxable","12":"product-type-simple"},"_links":{"self":[{"href":"https:\/\/leaditop.com\/pt_pt\/wp-json\/wp\/v2\/product\/3008","targetHints":{"allow":["GET"]}}],"collection":[{"href":"https:\/\/leaditop.com\/pt_pt\/wp-json\/wp\/v2\/product"}],"about":[{"href":"https:\/\/leaditop.com\/pt_pt\/wp-json\/wp\/v2\/types\/product"}],"replies":[{"embeddable":true,"href":"https:\/\/leaditop.com\/pt_pt\/wp-json\/wp\/v2\/comments?post=3008"}],"wp:featuredmedia":[{"embeddable":true,"href":"https:\/\/leaditop.com\/pt_pt\/wp-json\/wp\/v2\/media\/5675"}],"wp:attachment":[{"href":"https:\/\/leaditop.com\/pt_pt\/wp-json\/wp\/v2\/media?parent=3008"}],"wp:term":[{"taxonomy":"product_brand","embeddable":true,"href":"https:\/\/leaditop.com\/pt_pt\/wp-json\/wp\/v2\/product_brand?post=3008"},{"taxonomy":"product_cat","embeddable":true,"href":"https:\/\/leaditop.com\/pt_pt\/wp-json\/wp\/v2\/product_cat?post=3008"},{"taxonomy":"product_tag","embeddable":true,"href":"https:\/\/leaditop.com\/pt_pt\/wp-json\/wp\/v2\/product_tag?post=3008"}],"curies":[{"name":"wp","href":"https:\/\/api.w.org\/{rel}","templated":true}]}}