{"id":3018,"date":"2024-10-14T14:44:14","date_gmt":"2024-10-14T06:44:14","guid":{"rendered":"https:\/\/leaditop.com\/?post_type=product&#038;p=3018"},"modified":"2024-10-14T14:44:14","modified_gmt":"2024-10-14T06:44:14","slug":"sensor-de-interruptor-de-luz-lt310b","status":"publish","type":"product","link":"https:\/\/leaditop.com\/pt_pt\/product\/lt310b-light-ploe-light-switch-sensor\/","title":{"rendered":"Sensor de interruptor de luz LT310B Light Ploe"},"content":{"rendered":"<p>DIMENS\u00c3O<\/p>\n<p><img fetchpriority=\"high\" decoding=\"async\" class=\"alignnone wp-image-3022 size-large\" src=\"http:\/\/leaditop.com\/wp-content\/uploads\/2024\/10\/DIMENSION-1024x590.png\" alt=\"\" width=\"800\" height=\"461\" srcset=\"https:\/\/leaditop.com\/wp-content\/uploads\/2024\/10\/DIMENSION-1024x590.png 1024w, https:\/\/leaditop.com\/wp-content\/uploads\/2024\/10\/DIMENSION-300x173.png 300w, https:\/\/leaditop.com\/wp-content\/uploads\/2024\/10\/DIMENSION-768x442.png 768w, https:\/\/leaditop.com\/wp-content\/uploads\/2024\/10\/DIMENSION-600x345.png 600w, https:\/\/leaditop.com\/wp-content\/uploads\/2024\/10\/DIMENSION.png 1136w\" sizes=\"(max-width: 800px) 100vw, 800px\" \/><\/p>\n<p>DIAGRAMA DE FIA\u00c7\u00c3O<\/p>\n<p><img decoding=\"async\" class=\"alignnone wp-image-3021 size-large\" src=\"http:\/\/leaditop.com\/wp-content\/uploads\/2024\/10\/WIRING-DIAGRAM-1024x583.png\" alt=\"\" width=\"800\" height=\"455\" srcset=\"https:\/\/leaditop.com\/wp-content\/uploads\/2024\/10\/WIRING-DIAGRAM-1024x583.png 1024w, https:\/\/leaditop.com\/wp-content\/uploads\/2024\/10\/WIRING-DIAGRAM-300x171.png 300w, https:\/\/leaditop.com\/wp-content\/uploads\/2024\/10\/WIRING-DIAGRAM-768x437.png 768w, https:\/\/leaditop.com\/wp-content\/uploads\/2024\/10\/WIRING-DIAGRAM-600x341.png 600w, https:\/\/leaditop.com\/wp-content\/uploads\/2024\/10\/WIRING-DIAGRAM.png 1202w\" sizes=\"(max-width: 800px) 100vw, 800px\" \/><\/p>","protected":false},"excerpt":{"rendered":"<p>Nossas fotoc\u00e9lulas para ilumina\u00e7\u00e3o p\u00fablica atendem \u00e0 norma ANSI C136.10, oferecendo uma solu\u00e7\u00e3o confi\u00e1vel e com \u00f3timo custo-benef\u00edcio para o controle automatizado da ilumina\u00e7\u00e3o do anoitecer ao amanhecer. Projetadas para otimizar o desempenho do sistema de ilumina\u00e7\u00e3o e economizar energia, essas fotoc\u00e9lulas utilizam circuitos eletr\u00f4nicos avan\u00e7ados e um sensor de luz fototransistor est\u00e1vel para um funcionamento consistente de ligar\/desligar.<\/p>\n<p>Informa\u00e7\u00f5es sobre o produto<br \/>\nModelo: LT310B<br \/>\nPadr\u00e3o:ANSI C136.24 e UL773A<br \/>\nTens\u00e3o nominal: 120-277V (aplic\u00e1vel: 105V-305V)<br \/>\nPot\u00eancia nominal: 1000 W\/1800 VA<\/p>\n<p>Atraso de tempo: 3-15 segundos<br \/>\nRela\u00e7\u00e3o LIGADO\/DESLIGADO: 1:1,5<br \/>\nN\u00edveis de ilumina\u00e7\u00e3o acionada: 10-16 Lux<br \/>\nInterruptor: &gt;10000 opera\u00e7\u00f5es ON\/OFF com carga nominal<br \/>\nConsumo de energia: \u2264 0,7 watts a 120 VCA<br \/>\nSensor de luz: Fototransistor com filtro infravermelho<br \/>\nCabo: UL1015 18AWG*16cm<\/p>","protected":false},"featured_media":2429,"comment_status":"open","ping_status":"closed","template":"","meta":{"_seopress_robots_primary_cat":"","_seopress_titles_title":"","_seopress_titles_desc":"","_seopress_robots_index":"","_seopress_analysis_target_kw":""},"product_brand":[],"product_cat":[42,183,31],"product_tag":[],"class_list":{"0":"post-3018","1":"product","2":"type-product","3":"status-publish","4":"has-post-thumbnail","6":"product_cat-button-photocell","7":"product_cat-product","8":"product_cat-wire-in-controllers","10":"first","11":"instock","12":"shipping-taxable","13":"product-type-simple"},"_links":{"self":[{"href":"https:\/\/leaditop.com\/pt_pt\/wp-json\/wp\/v2\/product\/3018","targetHints":{"allow":["GET"]}}],"collection":[{"href":"https:\/\/leaditop.com\/pt_pt\/wp-json\/wp\/v2\/product"}],"about":[{"href":"https:\/\/leaditop.com\/pt_pt\/wp-json\/wp\/v2\/types\/product"}],"replies":[{"embeddable":true,"href":"https:\/\/leaditop.com\/pt_pt\/wp-json\/wp\/v2\/comments?post=3018"}],"wp:featuredmedia":[{"embeddable":true,"href":"https:\/\/leaditop.com\/pt_pt\/wp-json\/wp\/v2\/media\/2429"}],"wp:attachment":[{"href":"https:\/\/leaditop.com\/pt_pt\/wp-json\/wp\/v2\/media?parent=3018"}],"wp:term":[{"taxonomy":"product_brand","embeddable":true,"href":"https:\/\/leaditop.com\/pt_pt\/wp-json\/wp\/v2\/product_brand?post=3018"},{"taxonomy":"product_cat","embeddable":true,"href":"https:\/\/leaditop.com\/pt_pt\/wp-json\/wp\/v2\/product_cat?post=3018"},{"taxonomy":"product_tag","embeddable":true,"href":"https:\/\/leaditop.com\/pt_pt\/wp-json\/wp\/v2\/product_tag?post=3018"}],"curies":[{"name":"wp","href":"https:\/\/api.w.org\/{rel}","templated":true}]}}