{"id":4073,"date":"2025-06-05T15:28:38","date_gmt":"2025-06-05T07:28:38","guid":{"rendered":"https:\/\/leaditop.com\/?post_type=product&#038;p=4073"},"modified":"2025-06-05T15:38:34","modified_gmt":"2025-06-05T07:38:34","slug":"tomada-lt625-ip67-de-alta-resistencia-a-agua-com-rotacao-de-360-e-encaixe-giratorio-nema-de-3-pinos","status":"publish","type":"product","link":"https:\/\/leaditop.com\/pt_pt\/product\/lt625-ip67-high-waterproof-socket-360-rotate-nema-3-pin-twist-lock-socket\/","title":{"rendered":"Tomada LT625 IP67 de alta resist\u00eancia \u00e0 \u00e1gua com rota\u00e7\u00e3o de 360\u00b0 e conector NEMA de 3 pinos com trava girat\u00f3ria."},"content":{"rendered":"<p><iframe title=\"Seus conectores resistem \u00e0 chuva, poeira e condi\u00e7\u00f5es externas adversas? Fotoc\u00e9lula #, controle de luz inteligente #.\" width=\"800\" height=\"450\" src=\"https:\/\/www.youtube.com\/embed\/RIt8tNSDcN8?feature=oembed\" frameborder=\"0\" allow=\"accelerometer; autoplay; clipboard-write; encrypted-media; gyroscope; picture-in-picture; web-share\" referrerpolicy=\"strict-origin-when-cross-origin\" allowfullscreen><\/iframe><\/p>\n<p><strong>Caracter\u00edsticas:<\/strong><\/p>\n<p>Suporta m\u00faltiplas tens\u00f5es de entrada.<\/p>\n<p>Certifica\u00e7\u00e3o CE<\/p>\n<p>Em conformidade com as normas ANSI C136.24 e UL773A.<\/p>\n<p>&nbsp;<\/p>\n<p><strong>Aplica\u00e7\u00f5es:<\/strong>Nosso produto \u00e9 amplamente utilizado em diversos ambientes.,<\/p>\n<p>Ilumina\u00e7\u00e3o p\u00fablica<\/p>\n<p>Ilumina\u00e7\u00e3o LED externa<\/p>\n<p>Ilumina\u00e7\u00e3o de rodovias<\/p>\n<p>Ilumina\u00e7\u00e3o do estacionamento<\/p>\n<p>Ilumina\u00e7\u00e3o de \u00e1reas p\u00fablicas<\/p>\n<p>Ilumina\u00e7\u00e3o das esta\u00e7\u00f5es ferrovi\u00e1rias<\/p>\n<p>Aeroportos<\/p>\n<p>Fazendas<\/p>\n<p>Parques<\/p>\n<p>Escolas<\/p>","protected":false},"excerpt":{"rendered":"<p>Nossas fotoc\u00e9lulas para ilumina\u00e7\u00e3o p\u00fablica atendem \u00e0 norma ANSI C136.10, oferecendo uma solu\u00e7\u00e3o confi\u00e1vel e com \u00f3timo custo-benef\u00edcio para o controle automatizado da ilumina\u00e7\u00e3o do anoitecer ao amanhecer. Projetadas para otimizar o desempenho do sistema de ilumina\u00e7\u00e3o e economizar energia, essas fotoc\u00e9lulas utilizam circuitos eletr\u00f4nicos avan\u00e7ados e um sensor de luz fototransistor est\u00e1vel para um funcionamento consistente de ligar\/desligar.<\/p>\n<p>Informa\u00e7\u00f5es sobre o produto<br \/>\nModelo: LT625 IP67<br \/>\nNorma: ANSI C136.10 e UL773<br \/>\nTens\u00e3o nominal: 480V<br \/>\nFrequ\u00eancia: 50-60 Hz<br \/>\nCarga nominal: 15A\/1000W\/1800VA<br \/>\nTemperatura de opera\u00e7\u00e3o: -40\u2103 a +70\u2103<br \/>\nUmidade relacionada: 99%<br \/>\nIsolamento: 2500V\/60Hz\/1min<br \/>\nCarca\u00e7a: Baquelite<br \/>\nAcess\u00f3rio: Junta de silicone<br \/>\nCabo: UL1015 14AWG*30cm<\/p>","protected":false},"featured_media":4076,"comment_status":"open","ping_status":"closed","template":"","meta":{"_seopress_robots_primary_cat":"none","_seopress_titles_title":"","_seopress_titles_desc":"","_seopress_robots_index":""},"product_brand":[],"product_cat":[37,183],"product_tag":[],"class_list":{"0":"post-4073","1":"product","2":"type-product","3":"status-publish","4":"has-post-thumbnail","6":"product_cat-nema-3-pin-receptacle","7":"product_cat-product","9":"first","10":"instock","11":"shipping-taxable","12":"product-type-simple"},"_links":{"self":[{"href":"https:\/\/leaditop.com\/pt_pt\/wp-json\/wp\/v2\/product\/4073","targetHints":{"allow":["GET"]}}],"collection":[{"href":"https:\/\/leaditop.com\/pt_pt\/wp-json\/wp\/v2\/product"}],"about":[{"href":"https:\/\/leaditop.com\/pt_pt\/wp-json\/wp\/v2\/types\/product"}],"replies":[{"embeddable":true,"href":"https:\/\/leaditop.com\/pt_pt\/wp-json\/wp\/v2\/comments?post=4073"}],"wp:featuredmedia":[{"embeddable":true,"href":"https:\/\/leaditop.com\/pt_pt\/wp-json\/wp\/v2\/media\/4076"}],"wp:attachment":[{"href":"https:\/\/leaditop.com\/pt_pt\/wp-json\/wp\/v2\/media?parent=4073"}],"wp:term":[{"taxonomy":"product_brand","embeddable":true,"href":"https:\/\/leaditop.com\/pt_pt\/wp-json\/wp\/v2\/product_brand?post=4073"},{"taxonomy":"product_cat","embeddable":true,"href":"https:\/\/leaditop.com\/pt_pt\/wp-json\/wp\/v2\/product_cat?post=4073"},{"taxonomy":"product_tag","embeddable":true,"href":"https:\/\/leaditop.com\/pt_pt\/wp-json\/wp\/v2\/product_tag?post=4073"}],"curies":[{"name":"wp","href":"https:\/\/api.w.org\/{rel}","templated":true}]}}