{"id":4091,"date":"2025-06-05T16:49:02","date_gmt":"2025-06-05T08:49:02","guid":{"rendered":"https:\/\/leaditop.com\/?post_type=product&#038;p=4091"},"modified":"2025-07-28T16:25:22","modified_gmt":"2025-07-28T08:25:22","slug":"ultimos-modelos-1-5a-30v-tomada-zhaga","status":"publish","type":"product","link":"https:\/\/leaditop.com\/pt_pt\/product\/latest-models-1-5a-30v-zhaga-socket\/","title":{"rendered":"Tomada Zhaga LT600, modelo mais recente, 1,5 A, 30 V"},"content":{"rendered":"<h3><\/h3>\n<p><iframe title=\"Qual \u00e9 o problema com a sua ilumina\u00e7\u00e3o p\u00fablica? Por que escolher o nosso soquete fotoc\u00e9lula LT600? #ZhagaBook18#SmartCity\" width=\"800\" height=\"450\" src=\"https:\/\/www.youtube.com\/embed\/9gp_X9g6-O0?feature=oembed\" frameborder=\"0\" allow=\"accelerometer; autoplay; clipboard-write; encrypted-media; gyroscope; picture-in-picture; web-share\" referrerpolicy=\"strict-origin-when-cross-origin\" allowfullscreen><\/iframe><\/p>\n<h3>Para <strong>garantir confiabilidade a longo prazo<\/strong>, Fizemos algumas melhorias importantes:<\/h3>\n<ol>\n<li><strong>Estabilidade aprimorada dos fios \u2013 Tecnologia de crimpagem dupla<\/strong> Garante uma conex\u00e3o de fios mais forte, melhorando a estabilidade e a vida \u00fatil da fixa\u00e7\u00e3o.<\/li>\n<li><strong>Resist\u00eancia \u00e0 \u00e1gua IP68 \u2013 <\/strong>A base do soquete \u00e9\u00a0<strong>selado com adesivo \u00e0 prova d&#039;\u00e1gua <\/strong>Para evitar a entrada de umidade atrav\u00e9s das frestas na fia\u00e7\u00e3o, reduzindo o risco de curtos-circuitos ou danos.<\/li>\n<li>\u00a0<strong>Terminais de fio estanhados<\/strong>\u00a0\u2013 Facilita a instala\u00e7\u00e3o e proporciona conex\u00f5es mais confi\u00e1veis.<\/li>\n<li><strong>Fio selado e n\u00e3o utilizado \u2013 <\/strong>Pr\u00e9-aplicado\u00a0<strong>termorretr\u00e1til<\/strong> <strong>tubula\u00e7\u00e3o<\/strong>\u00a0Elimina as dificuldades de instala\u00e7\u00e3o e melhora o desempenho geral de impermeabiliza\u00e7\u00e3o.<\/li>\n<li><strong>Com arruelas de press\u00e3o internas de a\u00e7o inoxid\u00e1vel 304 \u2013 <\/strong>Oferecem excelentes propriedades antiderrapantes e antivibra\u00e7\u00e3o, al\u00e9m de resist\u00eancia superior \u00e0 corros\u00e3o e oxida\u00e7\u00e3o em ambientes marinhos com alta concentra\u00e7\u00e3o de n\u00e9voa salina e umidade.<\/li>\n<\/ol>\n<p>Nossos soquetes ajudaram muitos clientes a aumentar a competitividade de seus produtos, fortalecer a confian\u00e7a na marca e expandir seu alcance de mercado \u2014 por exemplo, sua empresa local.\u00a0<strong>TAKTON<\/strong>.<\/p>\n<p><strong>Estabilidade aprimorada do fio<\/strong><\/p>\n<p><img fetchpriority=\"high\" decoding=\"async\" class=\"alignnone size-large wp-image-3994\" src=\"http:\/\/leaditop.com\/wp-content\/uploads\/2023\/10\/Enhanced-Wire-Stability-1024x821.png\" alt=\"\" width=\"800\" height=\"641\" srcset=\"https:\/\/leaditop.com\/wp-content\/uploads\/2023\/10\/Enhanced-Wire-Stability-1024x821.png 1024w, https:\/\/leaditop.com\/wp-content\/uploads\/2023\/10\/Enhanced-Wire-Stability-300x241.png 300w, https:\/\/leaditop.com\/wp-content\/uploads\/2023\/10\/Enhanced-Wire-Stability-768x616.png 768w, https:\/\/leaditop.com\/wp-content\/uploads\/2023\/10\/Enhanced-Wire-Stability-15x12.png 15w, https:\/\/leaditop.com\/wp-content\/uploads\/2023\/10\/Enhanced-Wire-Stability-600x481.png 600w, https:\/\/leaditop.com\/wp-content\/uploads\/2023\/10\/Enhanced-Wire-Stability.png 1506w\" sizes=\"(max-width: 800px) 100vw, 800px\" \/><\/p>\n<p><strong><b>Melhorar o desempenho \u00e0 prova d&#039;\u00e1gua:\u00a0<\/b><\/strong>Tomada Zhaga IP68<\/p>\n<p><img decoding=\"async\" class=\"alignnone size-large wp-image-3993\" src=\"http:\/\/leaditop.com\/wp-content\/uploads\/2023\/10\/IP68-ZHAGA-SOCKET-1024x587.jpg\" alt=\"\" width=\"800\" height=\"459\" srcset=\"https:\/\/leaditop.com\/wp-content\/uploads\/2023\/10\/IP68-ZHAGA-SOCKET-1024x587.jpg 1024w, https:\/\/leaditop.com\/wp-content\/uploads\/2023\/10\/IP68-ZHAGA-SOCKET-300x172.jpg 300w, https:\/\/leaditop.com\/wp-content\/uploads\/2023\/10\/IP68-ZHAGA-SOCKET-768x440.jpg 768w, https:\/\/leaditop.com\/wp-content\/uploads\/2023\/10\/IP68-ZHAGA-SOCKET-1536x881.jpg 1536w, https:\/\/leaditop.com\/wp-content\/uploads\/2023\/10\/IP68-ZHAGA-SOCKET-18x10.jpg 18w, https:\/\/leaditop.com\/wp-content\/uploads\/2023\/10\/IP68-ZHAGA-SOCKET-600x344.jpg 600w, https:\/\/leaditop.com\/wp-content\/uploads\/2023\/10\/IP68-ZHAGA-SOCKET.jpg 1730w\" sizes=\"(max-width: 800px) 100vw, 800px\" \/><\/p>\n<p><strong>Melhora a resist\u00eancia \u00e0 oxida\u00e7\u00e3o e \u00e0 corros\u00e3o, prolongando assim a vida \u00fatil do soquete.<\/strong><\/p>\n<p><img decoding=\"async\" class=\"alignnone size-large wp-image-3992\" src=\"http:\/\/leaditop.com\/wp-content\/uploads\/2023\/10\/Improves-resistance-to-oxidation-and-corrosion-thereby-prolonging-the-lifespan-of-the-socket-1024x280.png\" alt=\"\" width=\"800\" height=\"219\" srcset=\"https:\/\/leaditop.com\/wp-content\/uploads\/2023\/10\/Improves-resistance-to-oxidation-and-corrosion-thereby-prolonging-the-lifespan-of-the-socket-1024x280.png 1024w, https:\/\/leaditop.com\/wp-content\/uploads\/2023\/10\/Improves-resistance-to-oxidation-and-corrosion-thereby-prolonging-the-lifespan-of-the-socket-300x82.png 300w, https:\/\/leaditop.com\/wp-content\/uploads\/2023\/10\/Improves-resistance-to-oxidation-and-corrosion-thereby-prolonging-the-lifespan-of-the-socket-768x210.png 768w, https:\/\/leaditop.com\/wp-content\/uploads\/2023\/10\/Improves-resistance-to-oxidation-and-corrosion-thereby-prolonging-the-lifespan-of-the-socket-1536x420.png 1536w, https:\/\/leaditop.com\/wp-content\/uploads\/2023\/10\/Improves-resistance-to-oxidation-and-corrosion-thereby-prolonging-the-lifespan-of-the-socket-18x5.png 18w, https:\/\/leaditop.com\/wp-content\/uploads\/2023\/10\/Improves-resistance-to-oxidation-and-corrosion-thereby-prolonging-the-lifespan-of-the-socket-600x164.png 600w, https:\/\/leaditop.com\/wp-content\/uploads\/2023\/10\/Improves-resistance-to-oxidation-and-corrosion-thereby-prolonging-the-lifespan-of-the-socket.png 1748w\" sizes=\"(max-width: 800px) 100vw, 800px\" \/><\/p>\n<p><strong>Melhor desempenho \u00e0 prova d&#039;\u00e1gua + F\u00e1cil instala\u00e7\u00e3o\u00a0 \u00a0 \u00a0 \u00a0 \u00a0 \u00a0 \u00a0 \u00a0 \u00a0 \u00a0 \u00a0 \u00a0 \u00a0 \u00a0\u00a0<\/strong><\/p>\n<p><img loading=\"lazy\" decoding=\"async\" class=\"alignnone size-full wp-image-3991\" src=\"http:\/\/leaditop.com\/wp-content\/uploads\/2023\/10\/zhaga-Enhance-waterproof-performance-Easy-installation-.jpg\" alt=\"\" width=\"378\" height=\"472\" srcset=\"https:\/\/leaditop.com\/wp-content\/uploads\/2023\/10\/zhaga-Enhance-waterproof-performance-Easy-installation-.jpg 378w, https:\/\/leaditop.com\/wp-content\/uploads\/2023\/10\/zhaga-Enhance-waterproof-performance-Easy-installation--240x300.jpg 240w, https:\/\/leaditop.com\/wp-content\/uploads\/2023\/10\/zhaga-Enhance-waterproof-performance-Easy-installation--10x12.jpg 10w\" sizes=\"(max-width: 378px) 100vw, 378px\" \/><\/p>\n<p><strong>Terminais de fio estanhados + tubo termorretr\u00e1til para selar o fio n\u00e3o utilizado<\/strong><\/p>\n<p><strong>(Marca l\u00edder de mercado)<\/strong><\/p>\n<p>&nbsp;<\/p>\n<h3>Caracter\u00edsticas:<\/h3>\n<p>Suporta m\u00faltiplas tens\u00f5es de entrada.<\/p>\n<p>Certifica\u00e7\u00e3o CE<\/p>\n<p>Em conformidade com as normas ANSI C136.24 e UL773A.<\/p>\n<p>&nbsp;<\/p>\n<h3>Aplica\u00e7\u00f5es: Nosso produto \u00e9 amplamente utilizado em diversos ambientes.,<\/h3>\n<p>Ilumina\u00e7\u00e3o p\u00fablica<\/p>\n<p>Ilumina\u00e7\u00e3o LED externa<\/p>\n<p>Ilumina\u00e7\u00e3o de rodovias<\/p>\n<p>Ilumina\u00e7\u00e3o do estacionamento<\/p>\n<p>Ilumina\u00e7\u00e3o de \u00e1reas p\u00fablicas<\/p>\n<p>Ilumina\u00e7\u00e3o das esta\u00e7\u00f5es ferrovi\u00e1rias<\/p>\n<p>Aeroportos<\/p>\n<p>Fazendas<\/p>\n<p>Parques<\/p>\n<p>Escolas<\/p>","protected":false},"excerpt":{"rendered":"<p>O LT600 \u00e9 um soquete robusto, em conformidade com o padr\u00e3o Zhaga Book 18, projetado para ilumina\u00e7\u00e3o p\u00fablica inteligente e ambientes agressivos. Com classifica\u00e7\u00e3o IP68 de resist\u00eancia \u00e0 \u00e1gua, rigidez diel\u00e9trica de 10 kV e arruelas de press\u00e3o em a\u00e7o inoxid\u00e1vel 304 de grau mar\u00edtimo, garante confiabilidade em condi\u00e7\u00f5es de alta umidade e n\u00e9voa salina. Com fios UL1015 de dupla crimpagem, conectores estanhados e tubos termorretr\u00e1teis pr\u00e9-selados, simplifica a instala\u00e7\u00e3o e aumenta a vida \u00fatil. O suporte para fotoc\u00e9lulas em conformidade com a norma ANSI C136.10 e a compatibilidade com DALI (24 VCC\/DALI\u00b1\/E\/S) o tornam ideal para sistemas de ilumina\u00e7\u00e3o automatizados.<\/p>\n<p>Informa\u00e7\u00f5es sobre o produto<br \/>\nModelo: LT600<br \/>\nPadr\u00e3o: Livro 18 de Zhao<br \/>\nClassifica\u00e7\u00e3o: 1,5 A, 30 V<br \/>\nRigidez diel\u00e9trica: 10 kV at\u00e9 a superf\u00edcie de montagem<br \/>\nConector de 4 pinos: Pino 1: 24 VCC (Fio marrom)<br \/>\nPino 2: DALI \u2013 (Fio Cinza)<br \/>\nPino 3: DALI+ (Fio Violeta)<br \/>\nPino 4: Entrada\/Sa\u00edda Geral (Fio Azul)<br \/>\nGrau de prote\u00e7\u00e3o contra entrada de \u00e1gua e poeira: IP65<br \/>\nMateriais da carca\u00e7a: Polibutileno tereftalato resistente a altas temperaturas<br \/>\nJunta: Materiais de silicone<br \/>\nAnel de montagem: Materiais de alum\u00ednio<br \/>\nFio: UL1015 18AWG*16cm<\/p>","protected":false},"featured_media":4092,"comment_status":"open","ping_status":"closed","template":"","meta":{"_seopress_robots_primary_cat":"none","_seopress_titles_title":"","_seopress_titles_desc":"","_seopress_robots_index":"","_seopress_analysis_target_kw":""},"product_brand":[],"product_cat":[183,26,35],"product_tag":[],"class_list":{"0":"post-4091","1":"product","2":"type-product","3":"status-publish","4":"has-post-thumbnail","6":"product_cat-product","7":"product_cat-zhaga-control","8":"product_cat-zhaga-sockcet","10":"first","11":"instock","12":"shipping-taxable","13":"product-type-simple"},"_links":{"self":[{"href":"https:\/\/leaditop.com\/pt_pt\/wp-json\/wp\/v2\/product\/4091","targetHints":{"allow":["GET"]}}],"collection":[{"href":"https:\/\/leaditop.com\/pt_pt\/wp-json\/wp\/v2\/product"}],"about":[{"href":"https:\/\/leaditop.com\/pt_pt\/wp-json\/wp\/v2\/types\/product"}],"replies":[{"embeddable":true,"href":"https:\/\/leaditop.com\/pt_pt\/wp-json\/wp\/v2\/comments?post=4091"}],"wp:featuredmedia":[{"embeddable":true,"href":"https:\/\/leaditop.com\/pt_pt\/wp-json\/wp\/v2\/media\/4092"}],"wp:attachment":[{"href":"https:\/\/leaditop.com\/pt_pt\/wp-json\/wp\/v2\/media?parent=4091"}],"wp:term":[{"taxonomy":"product_brand","embeddable":true,"href":"https:\/\/leaditop.com\/pt_pt\/wp-json\/wp\/v2\/product_brand?post=4091"},{"taxonomy":"product_cat","embeddable":true,"href":"https:\/\/leaditop.com\/pt_pt\/wp-json\/wp\/v2\/product_cat?post=4091"},{"taxonomy":"product_tag","embeddable":true,"href":"https:\/\/leaditop.com\/pt_pt\/wp-json\/wp\/v2\/product_tag?post=4091"}],"curies":[{"name":"wp","href":"https:\/\/api.w.org\/{rel}","templated":true}]}}