{"id":4702,"date":"2025-09-23T16:50:31","date_gmt":"2025-09-23T08:50:31","guid":{"rendered":"https:\/\/leaditop.com\/?post_type=product&#038;p=4702"},"modified":"2025-09-24T14:15:58","modified_gmt":"2025-09-24T06:15:58","slug":"tomada-sem-fio-zhaga-lt600-5-altamente-a-prova-dagua-ip68-e-personalizavel","status":"publish","type":"product","link":"https:\/\/leaditop.com\/pt_pt\/product\/customizable-highly-waterproof-ip68-wireless-zhaga-socket-lt600-5\/","title":{"rendered":"Tomada sem fio Zhaga LT600-5, altamente \u00e0 prova d&#039;\u00e1gua (IP68), personaliz\u00e1vel e resistente \u00e0 \u00e1gua."},"content":{"rendered":"<h3><\/h3>\n<p><iframe title=\"A mais recente s\u00e9rie de tomadas Zhaga possui um design altamente resistente \u00e0 \u00e1gua, com classifica\u00e7\u00e3o IP68, al\u00e9m de suporte para personaliza\u00e7\u00e3o.\" width=\"800\" height=\"450\" src=\"https:\/\/www.youtube.com\/embed\/Y5me3PHf1AY?feature=oembed\" frameborder=\"0\" allow=\"accelerometer; autoplay; clipboard-write; encrypted-media; gyroscope; picture-in-picture; web-share\" referrerpolicy=\"strict-origin-when-cross-origin\" allowfullscreen><\/iframe><\/p>\n<h3>Tomadas zhaga personaliz\u00e1veis, atualmente 6 modelos dispon\u00edveis.<\/h3>\n<p>1.<a href=\"https:\/\/leaditop.com\/pt_pt\/product\/ultimos-modelos-1-5a-30v-tomada-zhaga\/\">soquete zhaga b\u00e1sico:<\/a><\/p>\n<p><a href=\"https:\/\/leaditop.com\/pt_pt\/product\/ultimos-modelos-1-5a-30v-tomada-zhaga\/\"><img fetchpriority=\"high\" decoding=\"async\" class=\"alignnone wp-image-4094 size-full\" src=\"http:\/\/leaditop.com\/wp-content\/uploads\/2025\/06\/zhaga-sensor-4.jpg\" alt=\"\" width=\"650\" height=\"650\" srcset=\"https:\/\/leaditop.com\/wp-content\/uploads\/2025\/06\/zhaga-sensor-4.jpg 650w, https:\/\/leaditop.com\/wp-content\/uploads\/2025\/06\/zhaga-sensor-4-300x300.jpg 300w, https:\/\/leaditop.com\/wp-content\/uploads\/2025\/06\/zhaga-sensor-4-150x150.jpg 150w, https:\/\/leaditop.com\/wp-content\/uploads\/2025\/06\/zhaga-sensor-4-12x12.jpg 12w, https:\/\/leaditop.com\/wp-content\/uploads\/2025\/06\/zhaga-sensor-4-600x600.jpg 600w, https:\/\/leaditop.com\/wp-content\/uploads\/2025\/06\/zhaga-sensor-4-100x100.jpg 100w\" sizes=\"(max-width: 650px) 100vw, 650px\" \/><\/a><\/p>\n<p>2.<a href=\"https:\/\/leaditop.com\/pt_pt\/product\/modelos-personalizaveis-e-atualizados-altamente-a-prova-dagua-soquete-zhaga-lt600\/\">Soquete zhaga-1 personalizado e atualizado<\/a><\/p>\n<p><a href=\"https:\/\/leaditop.com\/pt_pt\/product\/modelos-personalizaveis-e-atualizados-altamente-a-prova-dagua-soquete-zhaga-lt600\/\"><img decoding=\"async\" class=\"alignnone wp-image-4664 size-full\" src=\"http:\/\/leaditop.com\/wp-content\/uploads\/2025\/09\/zhaga-LT600-3.jpg\" alt=\"\" width=\"650\" height=\"650\" srcset=\"https:\/\/leaditop.com\/wp-content\/uploads\/2025\/09\/zhaga-LT600-3.jpg 650w, https:\/\/leaditop.com\/wp-content\/uploads\/2025\/09\/zhaga-LT600-3-300x300.jpg 300w, https:\/\/leaditop.com\/wp-content\/uploads\/2025\/09\/zhaga-LT600-3-150x150.jpg 150w, https:\/\/leaditop.com\/wp-content\/uploads\/2025\/09\/zhaga-LT600-3-12x12.jpg 12w, https:\/\/leaditop.com\/wp-content\/uploads\/2025\/09\/zhaga-LT600-3-600x600.jpg 600w, https:\/\/leaditop.com\/wp-content\/uploads\/2025\/09\/zhaga-LT600-3-100x100.jpg 100w\" sizes=\"(max-width: 650px) 100vw, 650px\" \/><\/a><\/p>\n<p>3.<a href=\"https:\/\/leaditop.com\/pt_pt\/product\/modelos-personalizaveis-e-atualizados-ip68-altamente-a-prova-dagua-soquete-zhaga-lt600-2\/\">Soquete zhaga-2 personalizado e atualizado<\/a><\/p>\n<p><a href=\"https:\/\/leaditop.com\/pt_pt\/product\/modelos-personalizaveis-e-atualizados-ip68-altamente-a-prova-dagua-soquete-zhaga-lt600-2\/\"><img decoding=\"async\" class=\"alignnone size-full wp-image-4673\" src=\"http:\/\/leaditop.com\/wp-content\/uploads\/2025\/09\/zhaga-LT600-5-1.jpg\" alt=\"\" width=\"650\" height=\"650\" srcset=\"https:\/\/leaditop.com\/wp-content\/uploads\/2025\/09\/zhaga-LT600-5-1.jpg 650w, https:\/\/leaditop.com\/wp-content\/uploads\/2025\/09\/zhaga-LT600-5-1-300x300.jpg 300w, https:\/\/leaditop.com\/wp-content\/uploads\/2025\/09\/zhaga-LT600-5-1-150x150.jpg 150w, https:\/\/leaditop.com\/wp-content\/uploads\/2025\/09\/zhaga-LT600-5-1-12x12.jpg 12w, https:\/\/leaditop.com\/wp-content\/uploads\/2025\/09\/zhaga-LT600-5-1-600x600.jpg 600w, https:\/\/leaditop.com\/wp-content\/uploads\/2025\/09\/zhaga-LT600-5-1-100x100.jpg 100w\" sizes=\"(max-width: 650px) 100vw, 650px\" \/><\/a><\/p>\n<p>4.<a href=\"https:\/\/leaditop.com\/pt_pt\/product\/tomada-zhuga-lt600-3-personalizavel-altamente-a-prova-dagua-ip68-com-suporte\/\">Soquete Zhaga-3 personaliz\u00e1vel e atualizado (com suporte)<\/a><\/p>\n<p><a href=\"https:\/\/leaditop.com\/pt_pt\/product\/tomada-zhuga-lt600-3-personalizavel-altamente-a-prova-dagua-ip68-com-suporte\/\"><img loading=\"lazy\" decoding=\"async\" class=\"alignnone wp-image-4681 size-full\" src=\"http:\/\/leaditop.com\/wp-content\/uploads\/2025\/09\/zhaga-LT600-With-stand-6.jpg\" alt=\"\" width=\"650\" height=\"650\" srcset=\"https:\/\/leaditop.com\/wp-content\/uploads\/2025\/09\/zhaga-LT600-With-stand-6.jpg 650w, https:\/\/leaditop.com\/wp-content\/uploads\/2025\/09\/zhaga-LT600-With-stand-6-300x300.jpg 300w, https:\/\/leaditop.com\/wp-content\/uploads\/2025\/09\/zhaga-LT600-With-stand-6-150x150.jpg 150w, https:\/\/leaditop.com\/wp-content\/uploads\/2025\/09\/zhaga-LT600-With-stand-6-12x12.jpg 12w, https:\/\/leaditop.com\/wp-content\/uploads\/2025\/09\/zhaga-LT600-With-stand-6-600x600.jpg 600w, https:\/\/leaditop.com\/wp-content\/uploads\/2025\/09\/zhaga-LT600-With-stand-6-100x100.jpg 100w\" sizes=\"(max-width: 650px) 100vw, 650px\" \/><\/a><\/p>\n<p>5.<a href=\"https:\/\/leaditop.com\/pt_pt\/product\/tomada-zhaga-lt600-4-personalizavel-altamente-a-prova-dagua-ip68-com-suporte\/\">Soquete Zhaga-4 personaliz\u00e1vel e atualizado (com suporte)<\/a><\/p>\n<p><a href=\"https:\/\/leaditop.com\/pt_pt\/product\/tomada-zhaga-lt600-4-personalizavel-altamente-a-prova-dagua-ip68-com-suporte\/\"><img loading=\"lazy\" decoding=\"async\" class=\"alignnone size-full wp-image-4686\" src=\"http:\/\/leaditop.com\/wp-content\/uploads\/2025\/09\/zhaga-LT600-With-stand5.jpg\" alt=\"\" width=\"650\" height=\"650\" srcset=\"https:\/\/leaditop.com\/wp-content\/uploads\/2025\/09\/zhaga-LT600-With-stand5.jpg 650w, https:\/\/leaditop.com\/wp-content\/uploads\/2025\/09\/zhaga-LT600-With-stand5-300x300.jpg 300w, https:\/\/leaditop.com\/wp-content\/uploads\/2025\/09\/zhaga-LT600-With-stand5-150x150.jpg 150w, https:\/\/leaditop.com\/wp-content\/uploads\/2025\/09\/zhaga-LT600-With-stand5-12x12.jpg 12w, https:\/\/leaditop.com\/wp-content\/uploads\/2025\/09\/zhaga-LT600-With-stand5-600x600.jpg 600w, https:\/\/leaditop.com\/wp-content\/uploads\/2025\/09\/zhaga-LT600-With-stand5-100x100.jpg 100w\" sizes=\"(max-width: 650px) 100vw, 650px\" \/><\/a><\/p>\n<p>6.<a href=\"https:\/\/leaditop.com\/pt_pt\/product\/tomada-sem-fio-zhaga-lt600-5-altamente-a-prova-dagua-ip68-e-personalizavel\/\">Soquete zhaga-5 (sem fio) personaliz\u00e1vel e atualizado<\/a><\/p>\n<p><a href=\"https:\/\/leaditop.com\/pt_pt\/product\/tomada-sem-fio-zhaga-lt600-5-altamente-a-prova-dagua-ip68-e-personalizavel\/\"><img loading=\"lazy\" decoding=\"async\" class=\"alignnone size-full wp-image-4693\" src=\"http:\/\/leaditop.com\/wp-content\/uploads\/2025\/09\/zhaga-socket-600-wireless16.jpg\" alt=\"\" width=\"650\" height=\"650\" srcset=\"https:\/\/leaditop.com\/wp-content\/uploads\/2025\/09\/zhaga-socket-600-wireless16.jpg 650w, https:\/\/leaditop.com\/wp-content\/uploads\/2025\/09\/zhaga-socket-600-wireless16-300x300.jpg 300w, https:\/\/leaditop.com\/wp-content\/uploads\/2025\/09\/zhaga-socket-600-wireless16-150x150.jpg 150w, https:\/\/leaditop.com\/wp-content\/uploads\/2025\/09\/zhaga-socket-600-wireless16-12x12.jpg 12w, https:\/\/leaditop.com\/wp-content\/uploads\/2025\/09\/zhaga-socket-600-wireless16-600x600.jpg 600w, https:\/\/leaditop.com\/wp-content\/uploads\/2025\/09\/zhaga-socket-600-wireless16-100x100.jpg 100w\" sizes=\"(max-width: 650px) 100vw, 650px\" \/><\/a><\/p>\n<p>Acess\u00f3rios zhaga<\/p>\n<p><img loading=\"lazy\" decoding=\"async\" class=\"alignnone size-full wp-image-4698\" src=\"http:\/\/leaditop.com\/wp-content\/uploads\/2025\/09\/zhaga-Accessories2.jpg\" alt=\"\" width=\"650\" height=\"650\" srcset=\"https:\/\/leaditop.com\/wp-content\/uploads\/2025\/09\/zhaga-Accessories2.jpg 650w, https:\/\/leaditop.com\/wp-content\/uploads\/2025\/09\/zhaga-Accessories2-300x300.jpg 300w, https:\/\/leaditop.com\/wp-content\/uploads\/2025\/09\/zhaga-Accessories2-150x150.jpg 150w, https:\/\/leaditop.com\/wp-content\/uploads\/2025\/09\/zhaga-Accessories2-12x12.jpg 12w, https:\/\/leaditop.com\/wp-content\/uploads\/2025\/09\/zhaga-Accessories2-600x600.jpg 600w, https:\/\/leaditop.com\/wp-content\/uploads\/2025\/09\/zhaga-Accessories2-100x100.jpg 100w\" sizes=\"(max-width: 650px) 100vw, 650px\" \/><\/p>","protected":false},"excerpt":{"rendered":"<p>O LT600 \u00e9 um soquete robusto, em conformidade com o padr\u00e3o Zhaga Book 18, projetado para ilumina\u00e7\u00e3o p\u00fablica inteligente e ambientes agressivos. Com classifica\u00e7\u00e3o IP68 de resist\u00eancia \u00e0 \u00e1gua, rigidez diel\u00e9trica de 10 kV e arruelas de press\u00e3o em a\u00e7o inoxid\u00e1vel 304 de grau mar\u00edtimo, garante confiabilidade em condi\u00e7\u00f5es de alta umidade e n\u00e9voa salina. Com fios UL1015 de dupla crimpagem, conectores estanhados e tubos termorretr\u00e1teis pr\u00e9-selados, simplifica a instala\u00e7\u00e3o e aumenta a vida \u00fatil. O suporte para fotoc\u00e9lulas em conformidade com a norma ANSI C136.10 e a compatibilidade com DALI (24 VCC\/DALI\u00b1\/E\/S) o tornam ideal para sistemas de ilumina\u00e7\u00e3o automatizados.<\/p>\n<p>Informa\u00e7\u00f5es sobre o produto<br \/>\nModelo: LT600<br \/>\nPadr\u00e3o: Livro 18 de Zhao<br \/>\nClassifica\u00e7\u00e3o: 1,5 A, 30 V<br \/>\nRigidez diel\u00e9trica: 10 kV at\u00e9 a superf\u00edcie de montagem<br \/>\nConector de 4 pinos: Pino 1: 24 VCC (Fio marrom)<br \/>\nPino 2: DALI \u2013 (Fio Cinza)<br \/>\nPino 3: DALI+ (Fio Violeta)<br \/>\nPino 4: Entrada\/Sa\u00edda Geral (Fio Azul)<br \/>\nGrau de prote\u00e7\u00e3o contra entrada de \u00e1gua e poeira: IP65<br \/>\nMateriais da carca\u00e7a: Polibutileno tereftalato resistente a altas temperaturas<br \/>\nJunta: Materiais de silicone<br \/>\nAnel de montagem: Materiais de alum\u00ednio<br \/>\nFio: UL1015 18AWG*16cm<\/p>","protected":false},"featured_media":4693,"comment_status":"open","ping_status":"closed","template":"","meta":{"_seopress_robots_primary_cat":"none","_seopress_titles_title":"","_seopress_titles_desc":"","_seopress_robots_index":""},"product_brand":[],"product_cat":[183,26,35],"product_tag":[205],"class_list":{"0":"post-4702","1":"product","2":"type-product","3":"status-publish","4":"has-post-thumbnail","6":"product_cat-product","7":"product_cat-zhaga-control","8":"product_cat-zhaga-sockcet","9":"product_tag-zhaga-socket","11":"first","12":"instock","13":"shipping-taxable","14":"product-type-simple"},"_links":{"self":[{"href":"https:\/\/leaditop.com\/pt_pt\/wp-json\/wp\/v2\/product\/4702","targetHints":{"allow":["GET"]}}],"collection":[{"href":"https:\/\/leaditop.com\/pt_pt\/wp-json\/wp\/v2\/product"}],"about":[{"href":"https:\/\/leaditop.com\/pt_pt\/wp-json\/wp\/v2\/types\/product"}],"replies":[{"embeddable":true,"href":"https:\/\/leaditop.com\/pt_pt\/wp-json\/wp\/v2\/comments?post=4702"}],"wp:featuredmedia":[{"embeddable":true,"href":"https:\/\/leaditop.com\/pt_pt\/wp-json\/wp\/v2\/media\/4693"}],"wp:attachment":[{"href":"https:\/\/leaditop.com\/pt_pt\/wp-json\/wp\/v2\/media?parent=4702"}],"wp:term":[{"taxonomy":"product_brand","embeddable":true,"href":"https:\/\/leaditop.com\/pt_pt\/wp-json\/wp\/v2\/product_brand?post=4702"},{"taxonomy":"product_cat","embeddable":true,"href":"https:\/\/leaditop.com\/pt_pt\/wp-json\/wp\/v2\/product_cat?post=4702"},{"taxonomy":"product_tag","embeddable":true,"href":"https:\/\/leaditop.com\/pt_pt\/wp-json\/wp\/v2\/product_tag?post=4702"}],"curies":[{"name":"wp","href":"https:\/\/api.w.org\/{rel}","templated":true}]}}