{"id":4703,"date":"2025-09-23T16:52:51","date_gmt":"2025-09-23T08:52:51","guid":{"rendered":"https:\/\/leaditop.com\/?post_type=product&#038;p=4703"},"modified":"2025-09-23T17:08:06","modified_gmt":"2025-09-23T09:08:06","slug":"controlador-de-iluminacao-zhaga-lt6001-de-12-24-vcc-conectado","status":"publish","type":"product","link":"https:\/\/leaditop.com\/pt_pt\/product\/12-24vdc-zhaga-lighting-controller-lt6001-connected\/","title":{"rendered":"Controlador de ilumina\u00e7\u00e3o ZHAGA LT6001 conectado, 12-24 VCC"},"content":{"rendered":"<h3>diagrama de fia\u00e7\u00e3o do sensor zhaga LT6001<\/h3>\n<p><img fetchpriority=\"high\" decoding=\"async\" class=\"alignnone size-large wp-image-4707\" src=\"http:\/\/leaditop.com\/wp-content\/uploads\/2025\/09\/LT6001-wiring-diagram-1024x580.png\" alt=\"\" width=\"800\" height=\"453\" srcset=\"https:\/\/leaditop.com\/wp-content\/uploads\/2025\/09\/LT6001-wiring-diagram-1024x580.png 1024w, https:\/\/leaditop.com\/wp-content\/uploads\/2025\/09\/LT6001-wiring-diagram-300x170.png 300w, https:\/\/leaditop.com\/wp-content\/uploads\/2025\/09\/LT6001-wiring-diagram-768x435.png 768w, https:\/\/leaditop.com\/wp-content\/uploads\/2025\/09\/LT6001-wiring-diagram-18x10.png 18w, https:\/\/leaditop.com\/wp-content\/uploads\/2025\/09\/LT6001-wiring-diagram-600x340.png 600w, https:\/\/leaditop.com\/wp-content\/uploads\/2025\/09\/LT6001-wiring-diagram.png 1242w\" sizes=\"(max-width: 800px) 100vw, 800px\" \/><\/p>\n<h3>dimens\u00e3o do sensor zhaga LT6001<\/h3>\n<p><img decoding=\"async\" class=\"alignnone size-large wp-image-4708\" src=\"http:\/\/leaditop.com\/wp-content\/uploads\/2025\/09\/LT6001-dimension-1024x528.png\" alt=\"\" width=\"800\" height=\"413\" srcset=\"https:\/\/leaditop.com\/wp-content\/uploads\/2025\/09\/LT6001-dimension-1024x528.png 1024w, https:\/\/leaditop.com\/wp-content\/uploads\/2025\/09\/LT6001-dimension-300x155.png 300w, https:\/\/leaditop.com\/wp-content\/uploads\/2025\/09\/LT6001-dimension-768x396.png 768w, https:\/\/leaditop.com\/wp-content\/uploads\/2025\/09\/LT6001-dimension-18x9.png 18w, https:\/\/leaditop.com\/wp-content\/uploads\/2025\/09\/LT6001-dimension-600x310.png 600w, https:\/\/leaditop.com\/wp-content\/uploads\/2025\/09\/LT6001-dimension.png 1244w\" sizes=\"(max-width: 800px) 100vw, 800px\" \/><\/p>\n<h3>CARACTER\u00cdSTICAS<\/h3>\n<p>\uf06cAtende ou supera os requisitos do ZHAGA BOOK 18<\/p>\n<p>\uf06cEm conformidade com a RoHS.<\/p>\n<p>\uf06cFabricado de acordo com a certifica\u00e7\u00e3o ISO.<\/p>\n<p>\uf06cAtraso de desligamento de 3 a 10 segundos.<\/p>\n<p>\uf06cProte\u00e7\u00e3o contra entrada de \u00e1gua e poeira IP66<\/p>\n<p>&nbsp;<\/p>\n<h3>APLICA\u00c7\u00d5ES<\/h3>\n<p>\uf06c Lumin\u00e1rias LED que requerem controle do anoitecer ao amanhecer.<\/p>\n<p>\uf06c Ilumina\u00e7\u00e3o p\u00fablica e de \u00e1reas externas<\/p>\n<p>\uf06c Lumin\u00e1rias para exterior<\/p>\n<p>\uf06c Sistema de Gest\u00e3o Urbana<\/p>\n<p><img decoding=\"async\" class=\"alignnone  wp-image-2836\" src=\"http:\/\/leaditop.com\/wp-content\/uploads\/2024\/09\/zhaga-1.jpg\" alt=\"\" width=\"808\" height=\"431\" srcset=\"https:\/\/leaditop.com\/wp-content\/uploads\/2024\/09\/zhaga-1.jpg 992w, https:\/\/leaditop.com\/wp-content\/uploads\/2024\/09\/zhaga-1-300x160.jpg 300w, https:\/\/leaditop.com\/wp-content\/uploads\/2024\/09\/zhaga-1-768x410.jpg 768w, https:\/\/leaditop.com\/wp-content\/uploads\/2024\/09\/zhaga-1-600x320.jpg 600w\" sizes=\"(max-width: 808px) 100vw, 808px\" \/><\/p>","protected":false},"excerpt":{"rendered":"<p>A interface padronizada ZHAGA BOOK 18 do controlador de ilumina\u00e7\u00e3o ZHAGA da LEAD TOP \u00e9 aplic\u00e1vel a drivers de dimeriza\u00e7\u00e3o de 0-10V para controlar automaticamente as lumin\u00e1rias de acordo com o n\u00edvel de ilumina\u00e7\u00e3o natural ambiente, com circuito de microprocessador e fototransistor com filtro IR.<\/p>\n<p>Informa\u00e7\u00f5es sobre o produto<br \/>\nModelo: LT6001<br \/>\nPadr\u00e3o: Livro 18 de Zhao<br \/>\nTens\u00e3o nominal: 12-24 VCC<br \/>\nN\u00edveis de ilumina\u00e7\u00e3o acionada: 10-16 Lux<br \/>\nRela\u00e7\u00e3o LIGADO\/DESLIGADO: 1:1,5<br \/>\nTempo de atraso: 3 a 10 segundos<br \/>\nTemperatura de opera\u00e7\u00e3o: -40\u2103 a +70\u2103<br \/>\nInterruptor: &gt;10000 opera\u00e7\u00f5es de LIGAR\/DESLIGAR<br \/>\nGrau de prote\u00e7\u00e3o contra entrada de \u00e1gua e poeira: IP66<br \/>\nSensor de luz: \u2264 0,5 watts<br \/>\nRevestimento: Policarbonato resistente a impactos e raios UV<br \/>\nBase: Polibutileno Tereftalato Resistente a Altas Temperaturas<br \/>\nModo de falha: LIGADO<\/p>","protected":false},"featured_media":4706,"comment_status":"open","ping_status":"closed","template":"","meta":{"_seopress_robots_primary_cat":"none","_seopress_titles_title":"","_seopress_titles_desc":"","_seopress_robots_index":""},"product_brand":[],"product_cat":[34],"product_tag":[],"class_list":{"0":"post-4703","1":"product","2":"type-product","3":"status-publish","4":"has-post-thumbnail","6":"product_cat-zhaga-sensor","8":"first","9":"instock","10":"shipping-taxable","11":"product-type-simple"},"_links":{"self":[{"href":"https:\/\/leaditop.com\/pt_pt\/wp-json\/wp\/v2\/product\/4703","targetHints":{"allow":["GET"]}}],"collection":[{"href":"https:\/\/leaditop.com\/pt_pt\/wp-json\/wp\/v2\/product"}],"about":[{"href":"https:\/\/leaditop.com\/pt_pt\/wp-json\/wp\/v2\/types\/product"}],"replies":[{"embeddable":true,"href":"https:\/\/leaditop.com\/pt_pt\/wp-json\/wp\/v2\/comments?post=4703"}],"wp:featuredmedia":[{"embeddable":true,"href":"https:\/\/leaditop.com\/pt_pt\/wp-json\/wp\/v2\/media\/4706"}],"wp:attachment":[{"href":"https:\/\/leaditop.com\/pt_pt\/wp-json\/wp\/v2\/media?parent=4703"}],"wp:term":[{"taxonomy":"product_brand","embeddable":true,"href":"https:\/\/leaditop.com\/pt_pt\/wp-json\/wp\/v2\/product_brand?post=4703"},{"taxonomy":"product_cat","embeddable":true,"href":"https:\/\/leaditop.com\/pt_pt\/wp-json\/wp\/v2\/product_cat?post=4703"},{"taxonomy":"product_tag","embeddable":true,"href":"https:\/\/leaditop.com\/pt_pt\/wp-json\/wp\/v2\/product_tag?post=4703"}],"curies":[{"name":"wp","href":"https:\/\/api.w.org\/{rel}","templated":true}]}}