{"id":4713,"date":"2025-09-24T11:32:37","date_gmt":"2025-09-24T03:32:37","guid":{"rendered":"https:\/\/leaditop.com\/?post_type=product&#038;p=4713"},"modified":"2025-09-24T14:09:10","modified_gmt":"2025-09-24T06:09:10","slug":"tomada-de-controle-de-iluminacao-publica-com-dimerizacao-dali-0-10v-lt605-de-7-pinos-com-suporte","status":"publish","type":"product","link":"https:\/\/leaditop.com\/pt_pt\/product\/0-10v-dali-dimming-street-light-control-receptacle-lt605-7-pin-with-bracket\/","title":{"rendered":"Tomada de controle de ilumina\u00e7\u00e3o p\u00fablica com dimeriza\u00e7\u00e3o DALI 0-10V LT605 de 7 pinos com suporte."},"content":{"rendered":"<p><a href=\"https:\/\/leaditop.com\/pt_pt\/product\/tomada-de-controle-de-iluminacao-publica-com-dimerizacao-dali-0-10v-lt605-tomada-de-fotocelula-de-7-pinos-com-dimerizacao-dali-0-10v\/\">RECEPT\u00c1CULO LT605 DE 7 PINOS<\/a><\/p>\n<p><img fetchpriority=\"high\" decoding=\"async\" class=\"alignnone wp-image-3924 size-full\" src=\"http:\/\/leaditop.com\/wp-content\/uploads\/2024\/10\/LT-605-04.jpg\" alt=\"\" width=\"650\" height=\"650\" srcset=\"https:\/\/leaditop.com\/wp-content\/uploads\/2024\/10\/LT-605-04.jpg 650w, https:\/\/leaditop.com\/wp-content\/uploads\/2024\/10\/LT-605-04-300x300.jpg 300w, https:\/\/leaditop.com\/wp-content\/uploads\/2024\/10\/LT-605-04-150x150.jpg 150w, https:\/\/leaditop.com\/wp-content\/uploads\/2024\/10\/LT-605-04-600x600.jpg 600w, https:\/\/leaditop.com\/wp-content\/uploads\/2024\/10\/LT-605-04-100x100.jpg 100w\" sizes=\"(max-width: 650px) 100vw, 650px\" \/><\/p>\n<p><a href=\"https:\/\/leaditop.com\/pt_pt\/product\/tomada-de-controle-de-iluminacao-publica-com-dimerizacao-dali-0-10v-lt605-de-7-pinos-com-suporte\/\">LT605 7PIN com suporte<\/a><\/p>\n<p><img decoding=\"async\" class=\"alignnone size-full wp-image-4715\" src=\"http:\/\/leaditop.com\/wp-content\/uploads\/2025\/09\/LT605-7PIN-With-Stand-2.jpg\" alt=\"\" width=\"650\" height=\"650\" srcset=\"https:\/\/leaditop.com\/wp-content\/uploads\/2025\/09\/LT605-7PIN-With-Stand-2.jpg 650w, https:\/\/leaditop.com\/wp-content\/uploads\/2025\/09\/LT605-7PIN-With-Stand-2-300x300.jpg 300w, https:\/\/leaditop.com\/wp-content\/uploads\/2025\/09\/LT605-7PIN-With-Stand-2-150x150.jpg 150w, https:\/\/leaditop.com\/wp-content\/uploads\/2025\/09\/LT605-7PIN-With-Stand-2-12x12.jpg 12w, https:\/\/leaditop.com\/wp-content\/uploads\/2025\/09\/LT605-7PIN-With-Stand-2-600x600.jpg 600w, https:\/\/leaditop.com\/wp-content\/uploads\/2025\/09\/LT605-7PIN-With-Stand-2-100x100.jpg 100w\" sizes=\"(max-width: 650px) 100vw, 650px\" \/><\/p>\n<p><a href=\"https:\/\/leaditop.com\/pt_pt\/product\/interruptor-fotoeletrico-inteligente-de-7-pinos-compativel-com-tomada-de-dimerizacao-com-trava-giratoria-controlador-automatico-de-iluminacao-publica\/\">Tomada LT605 girat\u00f3ria 360\u00b0<\/a><\/p>\n<p><img decoding=\"async\" class=\"alignnone size-full wp-image-2821\" src=\"http:\/\/leaditop.com\/wp-content\/uploads\/2024\/09\/LT605R-360\u00b0Tool-Rotatable-Dimming-7P-Connector.jpg\" alt=\"\" width=\"650\" height=\"650\" srcset=\"https:\/\/leaditop.com\/wp-content\/uploads\/2024\/09\/LT605R-360\u00b0Tool-Rotatable-Dimming-7P-Connector.jpg 650w, https:\/\/leaditop.com\/wp-content\/uploads\/2024\/09\/LT605R-360\u00b0Tool-Rotatable-Dimming-7P-Connector-300x300.jpg 300w, https:\/\/leaditop.com\/wp-content\/uploads\/2024\/09\/LT605R-360\u00b0Tool-Rotatable-Dimming-7P-Connector-150x150.jpg 150w, https:\/\/leaditop.com\/wp-content\/uploads\/2024\/09\/LT605R-360\u00b0Tool-Rotatable-Dimming-7P-Connector-600x600.jpg 600w, https:\/\/leaditop.com\/wp-content\/uploads\/2024\/09\/LT605R-360\u00b0Tool-Rotatable-Dimming-7P-Connector-100x100.jpg 100w\" sizes=\"(max-width: 650px) 100vw, 650px\" \/><\/p>\n<p><a href=\"https:\/\/leaditop.com\/pt_pt\/product\/receptaculo-de-fotocelula-de-7-pinos-lt605-com-alta-classificacao-de-impermeabilidade-ip67\/\">recept\u00e1culo de fotoc\u00e9lula lt605 de 7 pinos com alta classifica\u00e7\u00e3o de impermeabilidade IP67<\/a><\/p>\n<p><img loading=\"lazy\" decoding=\"async\" class=\"alignnone size-full wp-image-4059\" src=\"http:\/\/leaditop.com\/wp-content\/uploads\/2025\/06\/LT605-IP67-receptacle-1.jpg\" alt=\"\" width=\"650\" height=\"650\" srcset=\"https:\/\/leaditop.com\/wp-content\/uploads\/2025\/06\/LT605-IP67-receptacle-1.jpg 650w, https:\/\/leaditop.com\/wp-content\/uploads\/2025\/06\/LT605-IP67-receptacle-1-300x300.jpg 300w, https:\/\/leaditop.com\/wp-content\/uploads\/2025\/06\/LT605-IP67-receptacle-1-150x150.jpg 150w, https:\/\/leaditop.com\/wp-content\/uploads\/2025\/06\/LT605-IP67-receptacle-1-12x12.jpg 12w, https:\/\/leaditop.com\/wp-content\/uploads\/2025\/06\/LT605-IP67-receptacle-1-600x600.jpg 600w, https:\/\/leaditop.com\/wp-content\/uploads\/2025\/06\/LT605-IP67-receptacle-1-100x100.jpg 100w\" sizes=\"(max-width: 650px) 100vw, 650px\" \/><\/p>\n<p>&nbsp;<\/p>\n<p>&nbsp;<\/p>\n<h3>Caracter\u00edsticas:<\/h3>\n<p>Suporta m\u00faltiplas tens\u00f5es de entrada.<\/p>\n<p>Certifica\u00e7\u00e3o CE<\/p>\n<p>Em conformidade com as normas ANSI C136.24 e UL773A.<\/p>\n<p>&nbsp;<\/p>\n<h3>Aplica\u00e7\u00f5es:<\/h3>\n<p>Nosso produto \u00e9 amplamente utilizado em diversos ambientes.,<\/p>\n<p>Ilumina\u00e7\u00e3o p\u00fablica<\/p>\n<p>Ilumina\u00e7\u00e3o LED externa<\/p>\n<p>Ilumina\u00e7\u00e3o de rodovias<\/p>\n<p>Ilumina\u00e7\u00e3o do estacionamento<\/p>\n<p>Ilumina\u00e7\u00e3o de \u00e1reas p\u00fablicas<\/p>\n<p>Ilumina\u00e7\u00e3o das esta\u00e7\u00f5es ferrovi\u00e1rias<\/p>\n<p>Aeroportos<\/p>\n<p>Fazendas<\/p>\n<p>Parques<\/p>\n<p>Escolas<\/p>","protected":false},"excerpt":{"rendered":"<p>A tomada da s\u00e9rie LT605, uma nova tomada com dimeriza\u00e7\u00e3o em conformidade com a norma ANSI C136.41, \u00e9 ideal para ilumina\u00e7\u00e3o externa comercial e de servi\u00e7os p\u00fablicos. Dispon\u00edvel com 5 ou 7 fios e 2 ou 4 contatos de dimeriza\u00e7\u00e3o, suporta m\u00e9todos de dimeriza\u00e7\u00e3o de 0-30 VCC ou Interface de Ilumina\u00e7\u00e3o Endere\u00e7\u00e1vel Digital (DALI), proporcionando uma interconex\u00e3o de energia confi\u00e1vel com tr\u00eas contatos de travamento por tor\u00e7\u00e3o robustos.<\/p>\n<p>Informa\u00e7\u00f5es sobre o produto<br \/>\nModelo: LT605 - Com suporte<br \/>\nNorma: ANSI C136.41 e UL773<br \/>\nClassifica\u00e7\u00e3o de tens\u00e3o: Contatos de energia: 480V<br \/>\nContatos de dimeriza\u00e7\u00e3o: 30V<br \/>\nClassifica\u00e7\u00e3o atual: Contatos de energia: 15A<br \/>\nContatos de dimeriza\u00e7\u00e3o: 250 mA<br \/>\nUmidade relacionada: 99%<br \/>\nIsolamento: 3000V\/60Hz\/1min<br \/>\nCarca\u00e7a: Baquelite<br \/>\n7 posi\u00e7\u00f5es: 3 contatos de alimenta\u00e7\u00e3o, 4 contatos de dimeriza\u00e7\u00e3o\/sinaliza\u00e7\u00e3o<br \/>\nCabo: Linha de alimenta\u00e7\u00e3o: UL1015 14AWG*30cm<br \/>\nCabo de sinal: UL1015 18AWG*30cm<br \/>\nAcess\u00f3rio: Junta de silicone<\/p>","protected":false},"featured_media":4716,"comment_status":"open","ping_status":"closed","template":"","meta":{"_seopress_robots_primary_cat":"none","_seopress_titles_title":"","_seopress_titles_desc":"","_seopress_robots_index":""},"product_brand":[],"product_cat":[39],"product_tag":[],"class_list":{"0":"post-4713","1":"product","2":"type-product","3":"status-publish","4":"has-post-thumbnail","6":"product_cat-nema-7-pin-receptacle","8":"first","9":"instock","10":"shipping-taxable","11":"product-type-simple"},"_links":{"self":[{"href":"https:\/\/leaditop.com\/pt_pt\/wp-json\/wp\/v2\/product\/4713","targetHints":{"allow":["GET"]}}],"collection":[{"href":"https:\/\/leaditop.com\/pt_pt\/wp-json\/wp\/v2\/product"}],"about":[{"href":"https:\/\/leaditop.com\/pt_pt\/wp-json\/wp\/v2\/types\/product"}],"replies":[{"embeddable":true,"href":"https:\/\/leaditop.com\/pt_pt\/wp-json\/wp\/v2\/comments?post=4713"}],"wp:featuredmedia":[{"embeddable":true,"href":"https:\/\/leaditop.com\/pt_pt\/wp-json\/wp\/v2\/media\/4716"}],"wp:attachment":[{"href":"https:\/\/leaditop.com\/pt_pt\/wp-json\/wp\/v2\/media?parent=4713"}],"wp:term":[{"taxonomy":"product_brand","embeddable":true,"href":"https:\/\/leaditop.com\/pt_pt\/wp-json\/wp\/v2\/product_brand?post=4713"},{"taxonomy":"product_cat","embeddable":true,"href":"https:\/\/leaditop.com\/pt_pt\/wp-json\/wp\/v2\/product_cat?post=4713"},{"taxonomy":"product_tag","embeddable":true,"href":"https:\/\/leaditop.com\/pt_pt\/wp-json\/wp\/v2\/product_tag?post=4713"}],"curies":[{"name":"wp","href":"https:\/\/api.w.org\/{rel}","templated":true}]}}