{"id":5859,"date":"2026-05-07T16:39:52","date_gmt":"2026-05-07T08:39:52","guid":{"rendered":"https:\/\/leaditop.com\/?post_type=product&#038;p=5859"},"modified":"2026-05-07T16:59:42","modified_gmt":"2026-05-07T08:59:42","slug":"fotocontrolador-eletronico-de-alta-tensao-tipo-trava-giratoria-lt124b","status":"publish","type":"product","link":"https:\/\/leaditop.com\/pt_pt\/product\/lt124b-high-voltage-twist-lock-eletronic-type-photo-control\/","title":{"rendered":"Fotocontrolador eletr\u00f4nico de alta tens\u00e3o LT124B com trava girat\u00f3ria"},"content":{"rendered":"<h3>Principais caracter\u00edsticas do fotocontrolador LT124B de alta tens\u00e3o com trava girat\u00f3ria.<\/h3>\n<p><img fetchpriority=\"high\" decoding=\"async\" class=\"alignnone size-large wp-image-5860\" src=\"http:\/\/leaditop.com\/wp-content\/uploads\/2026\/05\/LT124B-photocell-1024x522.jpg\" alt=\"\" width=\"800\" height=\"408\" srcset=\"https:\/\/leaditop.com\/wp-content\/uploads\/2026\/05\/LT124B-photocell-1024x522.jpg 1024w, https:\/\/leaditop.com\/wp-content\/uploads\/2026\/05\/LT124B-photocell-300x153.jpg 300w, https:\/\/leaditop.com\/wp-content\/uploads\/2026\/05\/LT124B-photocell-768x391.jpg 768w, https:\/\/leaditop.com\/wp-content\/uploads\/2026\/05\/LT124B-photocell-18x9.jpg 18w, https:\/\/leaditop.com\/wp-content\/uploads\/2026\/05\/LT124B-photocell-600x306.jpg 600w, https:\/\/leaditop.com\/wp-content\/uploads\/2026\/05\/LT124B-photocell.jpg 1472w\" sizes=\"(max-width: 800px) 100vw, 800px\" \/><\/p>\n<h4>Ampla compatibilidade com alta tens\u00e3o<\/h4>\n<p>Suportes <strong>120\u2013347 V CA<\/strong> tens\u00e3o de entrada, tornando-o ideal para sistemas de ilumina\u00e7\u00e3o externa comerciais e industriais.<\/p>\n<h4>Tecnologia de detec\u00e7\u00e3o de cruzamento zero<\/h4>\n<p>Embutido <strong>Detec\u00e7\u00e3o de cruzamento por zero<\/strong> Reduz o desgaste do rel\u00e9 e melhora a confiabilidade da comuta\u00e7\u00e3o, prolongando sua vida \u00fatil.<\/p>\n<h4>Em conformidade com as normas ANSI e UL.<\/h4>\n<p>Projetado de acordo com <strong>ANSI C136.10<\/strong> e <strong>UL773<\/strong> Padr\u00f5es para compatibilidade e seguran\u00e7a confi\u00e1veis em aplica\u00e7\u00f5es de ilumina\u00e7\u00e3o externa.<\/p>\n<h4>Prote\u00e7\u00e3o robusta contra surtos<\/h4>\n<p>Prote\u00e7\u00e3o opcional contra surtos at\u00e9 <strong>10KV \/ 5KA<\/strong>, ajudando a proteger os sistemas de ilumina\u00e7\u00e3o contra picos de tens\u00e3o e ambientes de energia inst\u00e1veis.<\/p>\n<h4>Desempenho confi\u00e1vel em ambientes externos<\/h4>\n<p>Projetado para ambientes externos adversos com:<\/p>\n<ul>\n<li>Prote\u00e7\u00e3o \u00e0 prova d&#039;\u00e1gua IP66<\/li>\n<li>Classifica\u00e7\u00e3o IP67 opcional<\/li>\n<li>Carca\u00e7a de policarbonato resistente aos raios UV<\/li>\n<li>Temperatura de opera\u00e7\u00e3o de -40\u00b0C a +70\u00b0C<\/li>\n<\/ul>\n<p><b>ESPECIFICA\u00c7\u00d5ES T\u00c9CNICAS<\/b><\/p>\n<table>\n<thead>\n<tr>\n<th>Par\u00e2metro<\/th>\n<th>Especifica\u00e7\u00e3o<\/th>\n<\/tr>\n<\/thead>\n<tbody>\n<tr>\n<td>Modelo<\/td>\n<td>LT124B<\/td>\n<\/tr>\n<tr>\n<td>Tipo de produto<\/td>\n<td>Fotocontrolador eletr\u00f4nico de alta tens\u00e3o com trava girat\u00f3ria<\/td>\n<\/tr>\n<tr>\n<td>Padr\u00e3o<\/td>\n<td>ANSI C136.10 e UL773<\/td>\n<\/tr>\n<tr>\n<td>Tens\u00e3o nominal<\/td>\n<td>120\u2013347 V CA<\/td>\n<\/tr>\n<tr>\n<td>Freq\u00fc\u00eancia<\/td>\n<td>50\/60 Hz<\/td>\n<\/tr>\n<tr>\n<td>Carga nominal<\/td>\n<td>1000 W \/ 1800 VA<\/td>\n<\/tr>\n<tr>\n<td>Classifica\u00e7\u00e3o LED<\/td>\n<td>5A E-Balast<\/td>\n<\/tr>\n<tr>\n<td>N\u00edvel de ilumina\u00e7\u00e3o de ativa\u00e7\u00e3o<\/td>\n<td>10\u201316 Lux<\/td>\n<\/tr>\n<tr>\n<td>Rela\u00e7\u00e3o LIGADO\/DESLIGADO<\/td>\n<td>1:1.5<\/td>\n<\/tr>\n<tr>\n<td>Atraso de tempo<\/td>\n<td>2\u20135 segundos<\/td>\n<\/tr>\n<tr>\n<td>Temperatura de opera\u00e7\u00e3o<\/td>\n<td>-40\u00b0C a +70\u00b0C<\/td>\n<\/tr>\n<tr>\n<td>Varistor de \u00f3xido met\u00e1lico (MOV)<\/td>\n<td>342 Joules<\/td>\n<\/tr>\n<tr>\n<td>Prote\u00e7\u00e3o contra surtos<\/td>\n<td>Padr\u00e3o 6KV\/3KA (Opcional: vers\u00e3o aprimorada de 10KV\/5KA)<\/td>\n<\/tr>\n<tr>\n<td>Switch Life<\/td>\n<td>&gt;10.000 opera\u00e7\u00f5es de ligar\/desligar com carga nominal<\/td>\n<\/tr>\n<tr>\n<td>Sensor de luz<\/td>\n<td>Fototransistor de filtro IR<\/td>\n<\/tr>\n<tr>\n<td>Consumo de energia<\/td>\n<td>Consumo m\u00e9dio \u2264 0,5 W a 120 VCA<\/td>\n<\/tr>\n<tr>\n<td>Material de cobertura<\/td>\n<td>Policarbonato resistente a impactos e raios UV<\/td>\n<\/tr>\n<tr>\n<td>Material base<\/td>\n<td>Polibutileno tereftalato (PBT) resistente a altas temperaturas<\/td>\n<\/tr>\n<tr>\n<td>Resist\u00eancia \u00e0 chama<\/td>\n<td>UL94 V-0<\/td>\n<\/tr>\n<tr>\n<td>Modo de falha<\/td>\n<td>LIGADO\/DESLIGADO (Opcional)<\/td>\n<\/tr>\n<tr>\n<td>Prote\u00e7\u00e3o contra entrada<\/td>\n<td>IP66 (Opcional: IP67)<\/td>\n<\/tr>\n<tr>\n<td>Cor da carca\u00e7a<\/td>\n<td>Laranja padr\u00e3o (outras cores opcionais)<\/td>\n<\/tr>\n<tr>\n<td>Tens\u00e3o m\u00ednima de opera\u00e7\u00e3o<\/td>\n<td>Opera com tens\u00e3o m\u00ednima de 80 VCA.<\/td>\n<\/tr>\n<tr>\n<td>Certifica\u00e7\u00f5es<\/td>\n<td>Listado pela UL, CE<\/td>\n<\/tr>\n<tr>\n<td>Aplica\u00e7\u00f5es<\/td>\n<td>Ilumina\u00e7\u00e3o p\u00fablica, ilumina\u00e7\u00e3o de rodovias, estacionamentos, ilumina\u00e7\u00e3o de seguran\u00e7a, ilumina\u00e7\u00e3o de \u00e1reas p\u00fablicas<\/td>\n<\/tr>\n<\/tbody>\n<\/table>\n<h4>Rel\u00e9 selado de longa dura\u00e7\u00e3o<\/h4>\n<p>Apresenta um <strong>rel\u00e9 selado confi\u00e1vel<\/strong> com mais de <strong>10.000 ciclos de comuta\u00e7\u00e3o ON\/OFF<\/strong> sob carga nominal.<\/p>\n<h4>Design com efici\u00eancia energ\u00e9tica<\/h4>\n<p>Baixo consumo de energia, inferior a <strong>0,5 W a 120 VCA<\/strong>, ajudando a reduzir o consumo de energia em modo de espera.<\/p>\n<h4>Sensor de luz de alta qualidade<\/h4>\n<p>Equipado com um <strong>Fototransistor de filtro IR<\/strong> Para um controle preciso da ilumina\u00e7\u00e3o do anoitecer ao amanhecer e maior resist\u00eancia a acionamentos falsos.<\/p>\n<h4>Carca\u00e7a resistente a chamas<\/h4>\n<p>A constru\u00e7\u00e3o resistente \u00e0 chama UL94 V-0 aumenta a seguran\u00e7a e a durabilidade do produto em aplica\u00e7\u00f5es exigentes.<\/p>\n<hr \/>\n<h3>Personaliza\u00e7\u00e3o flex\u00edvel<\/h3>\n<p>Dispon\u00edvel com:<\/p>\n<ul>\n<li>Padr\u00e3o de cobertura laranja<\/li>\n<li>Cores opcionais para a carca\u00e7a<\/li>\n<li>Modos Falha LIGADA \/ Falha DESLIGADA<\/li>\n<li>Op\u00e7\u00f5es aprimoradas de prote\u00e7\u00e3o contra surtos<\/li>\n<li>Prote\u00e7\u00e3o IP67 opcional<\/li>\n<\/ul>\n<hr \/>\n<h3>Aplica\u00e7\u00f5es t\u00edpicas<\/h3>\n<ul>\n<li>Ilumina\u00e7\u00e3o p\u00fablica<\/li>\n<li>Ilumina\u00e7\u00e3o rodovi\u00e1ria<\/li>\n<li>Ilumina\u00e7\u00e3o do estacionamento<\/li>\n<li>Ilumina\u00e7\u00e3o de seguran\u00e7a<\/li>\n<li>Ilumina\u00e7\u00e3o de \u00e1reas p\u00fablicas<\/li>\n<li>Ilumina\u00e7\u00e3o externa industrial<\/li>\n<li>sistemas de ilumina\u00e7\u00e3o urbana inteligentes<\/li>\n<\/ul>","protected":false},"excerpt":{"rendered":"<p>O fotocontrolador LT124B de alta tens\u00e3o com trava girat\u00f3ria foi projetado de acordo com as normas **ANSI C136.10** e **UL773**, garantindo compatibilidade e seguran\u00e7a confi\u00e1veis em aplica\u00e7\u00f5es de ilumina\u00e7\u00e3o externa. Sua constru\u00e7\u00e3o resistente a chamas (UL94 V-0) aumenta a seguran\u00e7a e a durabilidade do produto em aplica\u00e7\u00f5es exigentes.<\/p>\n<p>Informa\u00e7\u00f5es sobre o produto<br \/>\nModelo: LT124B<br \/>\nNorma: ANSI C136.10 e UL773<br \/>\nTens\u00e3o nominal: 120V-347V<br \/>\nPot\u00eancia nominal: 1000 W\/1800 VA<br \/>\nN\u00edveis de ilumina\u00e7\u00e3o acionada: 10-16 Lux<br \/>\nRela\u00e7\u00e3o LIGADO\/DESLIGADO: 1:1,5<br \/>\nAtraso de tempo: 2 a 5 segundos<br \/>\nProte\u00e7\u00e3o contra surtos: 342J<br \/>\nSensor de luz: Fototransistor com filtro infravermelho<br \/>\nInterruptor: &gt;10000 opera\u00e7\u00f5es ON\/OFF com carga nominal<br \/>\nConsumo de energia: \u2264 0,5 watts a 120 VCA<br \/>\nCapa: Polipropileno resistente a impactos e raios UV<br \/>\nBase: Polibutileno Tereftalato Resistente a Altas Temperaturas<br \/>\nModo de falha: LIGADO\/DESLIGADO<br \/>\nGrau de prote\u00e7\u00e3o contra entrada de \u00e1gua e poeira: IP66 (Opcional: IP67)<\/p>","protected":false},"featured_media":5861,"comment_status":"open","ping_status":"closed","template":"","meta":{"_seopress_robots_primary_cat":"","_seopress_titles_title":"","_seopress_titles_desc":"","_seopress_robots_index":"","_seopress_analysis_target_kw":""},"product_brand":[],"product_cat":[41,183,30],"product_tag":[],"class_list":{"0":"post-5859","1":"product","2":"type-product","3":"status-publish","4":"has-post-thumbnail","6":"product_cat-photocontrollers","7":"product_cat-product","8":"product_cat-twist-lock-photocontrollers","10":"first","11":"instock","12":"shipping-taxable","13":"product-type-simple"},"_links":{"self":[{"href":"https:\/\/leaditop.com\/pt_pt\/wp-json\/wp\/v2\/product\/5859","targetHints":{"allow":["GET"]}}],"collection":[{"href":"https:\/\/leaditop.com\/pt_pt\/wp-json\/wp\/v2\/product"}],"about":[{"href":"https:\/\/leaditop.com\/pt_pt\/wp-json\/wp\/v2\/types\/product"}],"replies":[{"embeddable":true,"href":"https:\/\/leaditop.com\/pt_pt\/wp-json\/wp\/v2\/comments?post=5859"}],"wp:featuredmedia":[{"embeddable":true,"href":"https:\/\/leaditop.com\/pt_pt\/wp-json\/wp\/v2\/media\/5861"}],"wp:attachment":[{"href":"https:\/\/leaditop.com\/pt_pt\/wp-json\/wp\/v2\/media?parent=5859"}],"wp:term":[{"taxonomy":"product_brand","embeddable":true,"href":"https:\/\/leaditop.com\/pt_pt\/wp-json\/wp\/v2\/product_brand?post=5859"},{"taxonomy":"product_cat","embeddable":true,"href":"https:\/\/leaditop.com\/pt_pt\/wp-json\/wp\/v2\/product_cat?post=5859"},{"taxonomy":"product_tag","embeddable":true,"href":"https:\/\/leaditop.com\/pt_pt\/wp-json\/wp\/v2\/product_tag?post=5859"}],"curies":[{"name":"wp","href":"https:\/\/api.w.org\/{rel}","templated":true}]}}