{"id":790,"date":"2023-10-26T13:51:26","date_gmt":"2023-10-26T05:51:26","guid":{"rendered":"https:\/\/leaditop.com\/?post_type=product&#038;p=790"},"modified":"2026-01-09T13:38:50","modified_gmt":"2026-01-09T05:38:50","slug":"controle-de-iluminacao-fotoeletrica-sensor-de-iluminacao-fotocontrole-fotocelula","status":"publish","type":"product","link":"https:\/\/leaditop.com\/pt_pt\/product\/photoelectric-lighting-control-lighting-sensor-photo-control-photocell\/","title":{"rendered":"Interruptor de sensor fotoc\u00e9lula liga\/desliga autom\u00e1tico AC\/DC 12V 24V 220V para ilumina\u00e7\u00e3o p\u00fablica, modelos LT711, LT712, LT721 e LT722."},"content":{"rendered":"<h2 data-start=\"81\" data-end=\"117\">Fotoc\u00e9lula t\u00e9rmica LT712 com fio<\/h2>\n<p data-start=\"118\" data-end=\"182\"><strong data-start=\"118\" data-end=\"182\">Controle confi\u00e1vel do anoitecer ao amanhecer para ilumina\u00e7\u00e3o fluorescente e HPS.<\/strong><\/p>\n<p><iframe title=\"Procurando uma fotoc\u00e9lula confi\u00e1vel para climas rigorosos? Fotoc\u00e9lula #, Fotoc\u00e9lula de entrada de ar #WireIn, Fotoc\u00e9lula #StreetLighting\" width=\"800\" height=\"450\" src=\"https:\/\/www.youtube.com\/embed\/25PesMDWg7Y?feature=oembed\" frameborder=\"0\" allow=\"accelerometer; autoplay; clipboard-write; encrypted-media; gyroscope; picture-in-picture; web-share\" referrerpolicy=\"strict-origin-when-cross-origin\" allowfullscreen><\/iframe><\/p>\n<p data-start=\"184\" data-end=\"445\">O <strong data-start=\"188\" data-end=\"223\">Fotoc\u00e9lula t\u00e9rmica LT712 com fio<\/strong> \u00e9 especificamente projetado para <strong data-start=\"253\" data-end=\"322\">Aplica\u00e7\u00f5es de ilumina\u00e7\u00e3o externa na Am\u00e9rica do Sul e no Sudeste Asi\u00e1tico<\/strong>, onde <strong data-start=\"330\" data-end=\"392\">altas temperaturas, umidade e condi\u00e7\u00f5es de energia inst\u00e1veis<\/strong> imp\u00f5em maiores exig\u00eancias aos componentes de controle de ilumina\u00e7\u00e3o.<\/p>\n<p data-start=\"447\" data-end=\"775\">Ao contr\u00e1rio das fotoc\u00e9lulas eletr\u00f4nicas padr\u00e3o, a LT712 adota uma <strong data-start=\"501\" data-end=\"530\">estrutura de controle t\u00e9rmico<\/strong>, ajudando a reduzir o impacto da corrente de pico durante a inicializa\u00e7\u00e3o da l\u00e2mpada. Isso a torna particularmente adequada para <strong data-start=\"641\" data-end=\"710\">l\u00e2mpadas fluorescentes e sistemas de ilumina\u00e7\u00e3o de s\u00f3dio de alta press\u00e3o (HPS)<\/strong>, prolongando efetivamente a vida \u00fatil da l\u00e2mpada e melhorando a estabilidade do sistema.<\/p>\n<p data-start=\"777\" data-end=\"1049\">Com <strong data-start=\"782\" data-end=\"814\">classifica\u00e7\u00f5es de corrente personaliz\u00e1veis<\/strong>, Com op\u00e7\u00f5es de fia\u00e7\u00e3o flex\u00edveis e um design compacto para instala\u00e7\u00e3o com fios, o LT712 \u00e9 amplamente utilizado em <strong data-start=\"895\" data-end=\"976\">Ilumina\u00e7\u00e3o p\u00fablica, lumin\u00e1rias industriais, ilumina\u00e7\u00e3o agr\u00edcola e lumin\u00e1rias para \u00e1reas p\u00fablicas.<\/strong>, oferecendo uma solu\u00e7\u00e3o de controle do anoitecer ao amanhecer confi\u00e1vel e com boa rela\u00e7\u00e3o custo-benef\u00edcio.<\/p>\n<hr data-start=\"1051\" data-end=\"1054\" \/>\n<h3 data-start=\"1056\" data-end=\"1083\">Principais caracter\u00edsticas e benef\u00edcios<\/h3>\n<ul data-start=\"1085\" data-end=\"1724\">\n<li data-start=\"1085\" data-end=\"1222\">\n<p data-start=\"1087\" data-end=\"1222\"><strong data-start=\"1087\" data-end=\"1123\">Projeto de fotocontrole do tipo t\u00e9rmico<\/strong><br data-start=\"1123\" data-end=\"1126\" \/>Ajuda a proteger as l\u00e2mpadas contra altas correntes de pico durante a inicializa\u00e7\u00e3o, reduzindo a falha prematura das l\u00e2mpadas.<\/p>\n<\/li>\n<li data-start=\"1224\" data-end=\"1360\">\n<p data-start=\"1226\" data-end=\"1360\"><strong data-start=\"1226\" data-end=\"1258\">Op\u00e7\u00f5es de corrente personaliz\u00e1veis<\/strong><br data-start=\"1258\" data-end=\"1261\" \/>Dispon\u00edvel em <strong data-start=\"1276\" data-end=\"1286\">3A, 6A<\/strong>, e outras classifica\u00e7\u00f5es atuais mediante solicita\u00e7\u00e3o para corresponder a diferentes cargas de lumin\u00e1rias.<\/p>\n<\/li>\n<li data-start=\"1362\" data-end=\"1484\">\n<p data-start=\"1364\" data-end=\"1484\"><strong data-start=\"1364\" data-end=\"1404\">Desempenho est\u00e1vel em climas rigorosos<\/strong><br data-start=\"1404\" data-end=\"1407\" \/>Projetado para <strong data-start=\"1422\" data-end=\"1457\">alta temperatura, alta umidade<\/strong>, e longos hor\u00e1rios de funcionamento.<\/p>\n<\/li>\n<li data-start=\"1486\" data-end=\"1601\">\n<p data-start=\"1488\" data-end=\"1601\"><strong data-start=\"1488\" data-end=\"1519\">Instala\u00e7\u00e3o simples com fios<\/strong><br data-start=\"1519\" data-end=\"1522\" \/>A configura\u00e7\u00e3o de 3 fios permite f\u00e1cil integra\u00e7\u00e3o em lumin\u00e1rias existentes.<\/p>\n<\/li>\n<li data-start=\"1603\" data-end=\"1724\">\n<p data-start=\"1605\" data-end=\"1724\"><strong data-start=\"1605\" data-end=\"1633\">Custo-benef\u00edcio e durabilidade<\/strong><br data-start=\"1633\" data-end=\"1636\" \/>Ideal para projetos de grande escala que exigem desempenho confi\u00e1vel com or\u00e7amentos controlados.<\/p>\n<\/li>\n<\/ul>\n<hr data-start=\"1726\" data-end=\"1729\" \/>\n<h3 data-start=\"1731\" data-end=\"1755\">Aplica\u00e7\u00f5es t\u00edpicas<\/h3>\n<ul data-start=\"1757\" data-end=\"1982\">\n<li data-start=\"1757\" data-end=\"1791\">\n<p data-start=\"1759\" data-end=\"1791\"><strong data-start=\"1759\" data-end=\"1791\">Sistemas de ilumina\u00e7\u00e3o fluorescente<\/strong><\/p>\n<\/li>\n<li data-start=\"1792\" data-end=\"1830\">\n<p data-start=\"1794\" data-end=\"1830\"><strong data-start=\"1794\" data-end=\"1830\">L\u00e2mpadas de s\u00f3dio de alta press\u00e3o (HPS)<\/strong><\/p>\n<\/li>\n<li data-start=\"1831\" data-end=\"1864\">\n<p data-start=\"1833\" data-end=\"1864\"><strong data-start=\"1833\" data-end=\"1864\">Ilumina\u00e7\u00e3o p\u00fablica e de vias<\/strong><\/p>\n<\/li>\n<li data-start=\"1865\" data-end=\"1902\">\n<p data-start=\"1867\" data-end=\"1902\"><strong data-start=\"1867\" data-end=\"1902\">Ilumina\u00e7\u00e3o industrial e de f\u00e1brica<\/strong><\/p>\n<\/li>\n<li data-start=\"1903\" data-end=\"1941\">\n<p data-start=\"1905\" data-end=\"1941\"><strong data-start=\"1905\" data-end=\"1941\">Ilumina\u00e7\u00e3o para fazendas, celeiros e \u00e1reas de servi\u00e7o<\/strong><\/p>\n<\/li>\n<li data-start=\"1942\" data-end=\"1982\">\n<p data-start=\"1944\" data-end=\"1982\"><strong data-start=\"1944\" data-end=\"1982\">Ilumina\u00e7\u00e3o de \u00e1reas p\u00fablicas e per\u00edmetro<\/strong><\/p>\n<\/li>\n<\/ul>\n<hr data-start=\"1984\" data-end=\"1987\" \/>\n<h3 data-start=\"1989\" data-end=\"2010\">Por que escolher o LT712?<\/h3>\n<p data-start=\"2012\" data-end=\"2327\">Para mercados onde as condi\u00e7\u00f5es ambientais s\u00e3o exigentes e os custos de manuten\u00e7\u00e3o devem ser controlados, <strong data-start=\"2111\" data-end=\"2158\">O LT712 oferece uma solu\u00e7\u00e3o comprovada e pr\u00e1tica.<\/strong>. Seu design com fotoc\u00e9lula t\u00e9rmica, classifica\u00e7\u00f5es de corrente personaliz\u00e1veis e opera\u00e7\u00e3o est\u00e1vel do anoitecer ao amanhecer fazem dele uma escolha confi\u00e1vel para distribuidores, OEMs e empreiteiros de projetos.<\/p>\n<blockquote data-start=\"2329\" data-end=\"2493\">\n<p data-start=\"2331\" data-end=\"2493\"><strong data-start=\"2331\" data-end=\"2392\">LT712 \u2014 Projetado para os desafios reais da ilumina\u00e7\u00e3o externa.<\/strong><br data-start=\"2392\" data-end=\"2395\" \/><strong data-start=\"2397\" data-end=\"2420\">Eletricidade com topo de chumbo<\/strong> Oferece solu\u00e7\u00f5es de fotocontrole confi\u00e1veis e adaptadas \u00e0s necessidades do mercado local.<\/p>\n<\/blockquote>\n<h3>Caracter\u00edsticas:<\/h3>\n<ul>\n<li>Suporta m\u00faltiplas tens\u00f5es de entrada.<\/li>\n<li>Certifica\u00e7\u00e3o CE<\/li>\n<li>Em conformidade com as normas ANSI C136.24 e UL773A.<\/li>\n<\/ul>\n<h3>Aplica\u00e7\u00f5es: Nosso produto \u00e9 amplamente utilizado em diversos ambientes.,<\/h3>\n<ul>\n<li>Ilumina\u00e7\u00e3o p\u00fablica<\/li>\n<li>Ilumina\u00e7\u00e3o LED externa<\/li>\n<li>Ilumina\u00e7\u00e3o de rodovias<\/li>\n<li>Ilumina\u00e7\u00e3o do estacionamento<\/li>\n<li>Ilumina\u00e7\u00e3o de \u00e1reas p\u00fablicas<\/li>\n<li>Ilumina\u00e7\u00e3o das esta\u00e7\u00f5es ferrovi\u00e1rias<\/li>\n<li>Aeroportos<\/li>\n<li>Fazendas<\/li>\n<li>Parques<\/li>\n<li>Escolas<\/li>\n<\/ul>\n<p>&nbsp;<\/p>","protected":false},"excerpt":{"rendered":"<p>Nossas fotoc\u00e9lulas para ilumina\u00e7\u00e3o p\u00fablica atendem \u00e0 norma ANSI C136.10, oferecendo uma solu\u00e7\u00e3o confi\u00e1vel e com \u00f3timo custo-benef\u00edcio para o controle automatizado da ilumina\u00e7\u00e3o do anoitecer ao amanhecer. Projetadas para otimizar o desempenho do sistema de ilumina\u00e7\u00e3o e economizar energia, essas fotoc\u00e9lulas utilizam circuitos eletr\u00f4nicos avan\u00e7ados e um sensor de luz fototransistor est\u00e1vel para um funcionamento consistente de ligar\/desligar.<\/p>\n<p>Informa\u00e7\u00f5es sobre o produto<br \/>\nModelo: LT711, LT712, LT721 e LT722<br \/>\nPadr\u00e3o:ANSI C136.24 e UL773A<br \/>\nTens\u00e3o nominal: 120V\/240V<br \/>\nCorrente nominal: 3A\/6A\/15A<br \/>\nN\u00edveis de ilumina\u00e7\u00e3o (ligar\/desligar): 10-16 Lux\/65 Lux<\/p>\n<p>Tempo de atraso: 30-100 segundos<br \/>\nVida \u00fatil el\u00e9trica: &gt;5000 ciclos<br \/>\nModo de falha: LIGADO<br \/>\nConsumo de energia: \u2264 0,7 watts a 120 VCA<br \/>\nCabo: UL1015 18AWG*16cm<\/p>","protected":false},"featured_media":2447,"comment_status":"open","ping_status":"closed","template":"","meta":{"_seopress_robots_primary_cat":"none","_seopress_titles_title":"","_seopress_titles_desc":"","_seopress_robots_index":"","_seopress_analysis_target_kw":""},"product_brand":[],"product_cat":[42],"product_tag":[],"class_list":{"0":"post-790","1":"product","2":"type-product","3":"status-publish","4":"has-post-thumbnail","6":"product_cat-button-photocell","8":"first","9":"instock","10":"shipping-taxable","11":"product-type-simple"},"_links":{"self":[{"href":"https:\/\/leaditop.com\/pt_pt\/wp-json\/wp\/v2\/product\/790","targetHints":{"allow":["GET"]}}],"collection":[{"href":"https:\/\/leaditop.com\/pt_pt\/wp-json\/wp\/v2\/product"}],"about":[{"href":"https:\/\/leaditop.com\/pt_pt\/wp-json\/wp\/v2\/types\/product"}],"replies":[{"embeddable":true,"href":"https:\/\/leaditop.com\/pt_pt\/wp-json\/wp\/v2\/comments?post=790"}],"wp:featuredmedia":[{"embeddable":true,"href":"https:\/\/leaditop.com\/pt_pt\/wp-json\/wp\/v2\/media\/2447"}],"wp:attachment":[{"href":"https:\/\/leaditop.com\/pt_pt\/wp-json\/wp\/v2\/media?parent=790"}],"wp:term":[{"taxonomy":"product_brand","embeddable":true,"href":"https:\/\/leaditop.com\/pt_pt\/wp-json\/wp\/v2\/product_brand?post=790"},{"taxonomy":"product_cat","embeddable":true,"href":"https:\/\/leaditop.com\/pt_pt\/wp-json\/wp\/v2\/product_cat?post=790"},{"taxonomy":"product_tag","embeddable":true,"href":"https:\/\/leaditop.com\/pt_pt\/wp-json\/wp\/v2\/product_tag?post=790"}],"curies":[{"name":"wp","href":"https:\/\/api.w.org\/{rel}","templated":true}]}}