{"id":940,"date":"2023-10-27T16:35:48","date_gmt":"2023-10-27T08:35:48","guid":{"rendered":"https:\/\/leaditop.com\/?post_type=product&#038;p=940"},"modified":"2025-09-24T10:15:31","modified_gmt":"2025-09-24T02:15:31","slug":"sensor-fotoeletrico-de-120v-aprovado-para-controle-de-iluminacao-publica-led-controle-de-fotocontrole-interruptor-fotoeletrico","status":"publish","type":"product","link":"https:\/\/leaditop.com\/pt_pt\/product\/120v-approved-photocell-sensor-photo-control-led-streetlight-lighting-control-photocontrol-photoelectric-sensor-switch\/","title":{"rendered":"Sensor fotoel\u00e9trico LT111 com aprova\u00e7\u00e3o t\u00e9rmica de 120V para ilumina\u00e7\u00e3o p\u00fablica LED."},"content":{"rendered":"<p><iframe title=\"Seu poste de ilumina\u00e7\u00e3o p\u00fablica \u00e9 inteligente o suficiente para economizar energia e reduzir custos? #leadtop #smartlight\" width=\"800\" height=\"450\" src=\"https:\/\/www.youtube.com\/embed\/IG3o8sbvwJ0?feature=oembed\" frameborder=\"0\" allow=\"accelerometer; autoplay; clipboard-write; encrypted-media; gyroscope; picture-in-picture; web-share\" referrerpolicy=\"strict-origin-when-cross-origin\" allowfullscreen><\/iframe><\/p>\n<h3>Dimens\u00e3o:<\/h3>\n<p><img fetchpriority=\"high\" decoding=\"async\" class=\"alignnone size-full wp-image-4711\" src=\"http:\/\/leaditop.com\/wp-content\/uploads\/2023\/10\/LT111-Photo-Control-dimension.png\" alt=\"\" width=\"548\" height=\"536\" srcset=\"https:\/\/leaditop.com\/wp-content\/uploads\/2023\/10\/LT111-Photo-Control-dimension.png 548w, https:\/\/leaditop.com\/wp-content\/uploads\/2023\/10\/LT111-Photo-Control-dimension-300x293.png 300w, https:\/\/leaditop.com\/wp-content\/uploads\/2023\/10\/LT111-Photo-Control-dimension-12x12.png 12w\" sizes=\"(max-width: 548px) 100vw, 548px\" \/><\/p>\n<h3>Diagrama de fia\u00e7\u00e3o:<\/h3>\n<p><img decoding=\"async\" class=\"alignnone size-full wp-image-4712\" src=\"http:\/\/leaditop.com\/wp-content\/uploads\/2023\/10\/LT111-Photo-Control-wiring-diagram.png\" alt=\"\" width=\"916\" height=\"466\" srcset=\"https:\/\/leaditop.com\/wp-content\/uploads\/2023\/10\/LT111-Photo-Control-wiring-diagram.png 916w, https:\/\/leaditop.com\/wp-content\/uploads\/2023\/10\/LT111-Photo-Control-wiring-diagram-300x153.png 300w, https:\/\/leaditop.com\/wp-content\/uploads\/2023\/10\/LT111-Photo-Control-wiring-diagram-768x391.png 768w, https:\/\/leaditop.com\/wp-content\/uploads\/2023\/10\/LT111-Photo-Control-wiring-diagram-18x9.png 18w, https:\/\/leaditop.com\/wp-content\/uploads\/2023\/10\/LT111-Photo-Control-wiring-diagram-600x305.png 600w\" sizes=\"(max-width: 916px) 100vw, 916px\" \/><\/p>\n<h3>Caracter\u00edsticas:<\/h3>\n<p>Suporta m\u00faltiplas tens\u00f5es de entrada.<\/p>\n<p>Certifica\u00e7\u00e3o CE<\/p>\n<p>Em conformidade com as normas ANSI C136.24 e UL773A.<\/p>\n<p>&nbsp;<\/p>\n<h3>Aplica\u00e7\u00f5es:<\/h3>\n<p>Nosso produto \u00e9 amplamente utilizado em diversos ambientes.,<\/p>\n<p>Ilumina\u00e7\u00e3o p\u00fablica<\/p>\n<p>Ilumina\u00e7\u00e3o LED externa<\/p>\n<p>Ilumina\u00e7\u00e3o de rodovias<\/p>\n<p>Ilumina\u00e7\u00e3o do estacionamento<\/p>\n<p>Ilumina\u00e7\u00e3o de \u00e1reas p\u00fablicas<\/p>\n<p>Ilumina\u00e7\u00e3o das esta\u00e7\u00f5es ferrovi\u00e1rias<\/p>\n<p>Aeroportos<\/p>\n<p>Fazendas<\/p>\n<p>Parques<\/p>\n<p>Escolas<\/p>","protected":false},"excerpt":{"rendered":"<p>Nossas fotoc\u00e9lulas de ilumina\u00e7\u00e3o p\u00fablica s\u00e3o <strong>ANSI C136.10<\/strong> Em conformidade com as normas, essas fotoc\u00e9lulas oferecem uma solu\u00e7\u00e3o econ\u00f4mica e confi\u00e1vel para o controle automatizado de ilumina\u00e7\u00e3o do anoitecer ao amanhecer. Projetadas para otimizar o desempenho do sistema de ilumina\u00e7\u00e3o e economizar energia, elas utilizam circuitos eletr\u00f4nicos avan\u00e7ados e um sensor de luz fototransistor est\u00e1vel para um funcionamento consistente de ligar\/desligar.<strong>O LT111 est\u00e1 dispon\u00edvel com carca\u00e7a cinza ou transparente, e a classifica\u00e7\u00e3o de impermeabilidade tamb\u00e9m pode ser personalizada.<\/strong><\/p>\n<p>Informa\u00e7\u00f5es sobre o produto<br \/>\nModelo: LT111<br \/>\nNorma: ANSI C136.10 e UL773<br \/>\nTens\u00e3o nominal: 120V<br \/>\nPot\u00eancia nominal: 1800W\/1800VA\/5A Reator eletr\u00f4nico<br \/>\nN\u00edveis de ilumina\u00e7\u00e3o acionada: 10-16 Lux<br \/>\nRela\u00e7\u00e3o LIGADO\/DESLIGADO: 1:5<\/p>\n<p>Atraso de tempo: 30-180 segundos<br \/>\nInterruptor: &gt;5000 opera\u00e7\u00f5es liga\/desliga com carga nominal<br \/>\nConsumo de energia: \u2264 0,7 watts a 120 VCA<br \/>\nCapa: Polipropileno resistente a impactos e raios UV<br \/>\nBase: Polibutileno Tereftalato Resistente a Altas Temperaturas<br \/>\nModo de falha: LIGADO<br \/>\nIP:66\/67<\/p>","protected":false},"featured_media":4710,"comment_status":"open","ping_status":"closed","template":"","meta":{"_seopress_robots_primary_cat":"none","_seopress_titles_title":"","_seopress_titles_desc":"","_seopress_robots_index":""},"product_brand":[],"product_cat":[41],"product_tag":[],"class_list":{"0":"post-940","1":"product","2":"type-product","3":"status-publish","4":"has-post-thumbnail","6":"product_cat-photocontrollers","8":"first","9":"instock","10":"shipping-taxable","11":"product-type-simple"},"_links":{"self":[{"href":"https:\/\/leaditop.com\/pt_pt\/wp-json\/wp\/v2\/product\/940","targetHints":{"allow":["GET"]}}],"collection":[{"href":"https:\/\/leaditop.com\/pt_pt\/wp-json\/wp\/v2\/product"}],"about":[{"href":"https:\/\/leaditop.com\/pt_pt\/wp-json\/wp\/v2\/types\/product"}],"replies":[{"embeddable":true,"href":"https:\/\/leaditop.com\/pt_pt\/wp-json\/wp\/v2\/comments?post=940"}],"wp:featuredmedia":[{"embeddable":true,"href":"https:\/\/leaditop.com\/pt_pt\/wp-json\/wp\/v2\/media\/4710"}],"wp:attachment":[{"href":"https:\/\/leaditop.com\/pt_pt\/wp-json\/wp\/v2\/media?parent=940"}],"wp:term":[{"taxonomy":"product_brand","embeddable":true,"href":"https:\/\/leaditop.com\/pt_pt\/wp-json\/wp\/v2\/product_brand?post=940"},{"taxonomy":"product_cat","embeddable":true,"href":"https:\/\/leaditop.com\/pt_pt\/wp-json\/wp\/v2\/product_cat?post=940"},{"taxonomy":"product_tag","embeddable":true,"href":"https:\/\/leaditop.com\/pt_pt\/wp-json\/wp\/v2\/product_tag?post=940"}],"curies":[{"name":"wp","href":"https:\/\/api.w.org\/{rel}","templated":true}]}}