{"id":946,"date":"2023-10-27T16:43:46","date_gmt":"2023-10-27T08:43:46","guid":{"rendered":"https:\/\/leaditop.com\/?post_type=product&#038;p=946"},"modified":"2025-09-26T17:08:10","modified_gmt":"2025-09-26T09:08:10","slug":"sensor-fotoeletrico-com-aprovacao-ul-fotocelula-para-deteccao-de-luz-do-anoitecer-ao-amanhecer","status":"publish","type":"product","link":"https:\/\/leaditop.com\/pt_pt\/product\/ul-approved-photoelectric-sensor-dusk-to-dawn-photocell-light\/","title":{"rendered":"Sensor fotoel\u00e9trico LT112\/LT113 com aprova\u00e7\u00e3o UL, fotoc\u00e9lula para detec\u00e7\u00e3o de luz crepuscular ao amanhecer."},"content":{"rendered":"<p>&nbsp;<\/p>\n<p><iframe title=\"Conhe\u00e7a as fotoc\u00e9lulas crepusculares LT112 e LT113 com sensor crepuscular #Photocontrol #OutdoorLighting\" width=\"800\" height=\"450\" src=\"https:\/\/www.youtube.com\/embed\/ISCw3tllrCY?feature=oembed\" frameborder=\"0\" allow=\"accelerometer; autoplay; clipboard-write; encrypted-media; gyroscope; picture-in-picture; web-share\" referrerpolicy=\"strict-origin-when-cross-origin\" allowfullscreen><\/iframe><\/p>\n<p>Os modelos LT112 e LT113 s\u00e3o fotoc\u00e9lulas t\u00e9rmicas com acionamento crepuscular, projetadas para ilumina\u00e7\u00e3o confi\u00e1vel de ruas e \u00e1reas externas. <strong data-start=\"212\" data-end=\"238\">O LT112 opera em 240V.<\/strong>, enquanto o <strong data-start=\"250\" data-end=\"277\">O LT113 suporta 208\u2013277V<\/strong>, ambos suportando at\u00e9 <strong data-start=\"299\" data-end=\"315\">2000W\/2000VA<\/strong> e <strong data-start=\"320\" data-end=\"332\">cargas de 5A<\/strong> Para um desempenho consistente. Com <strong data-start=\"366\" data-end=\"397\">cores de revestimento personaliz\u00e1veis<\/strong> e <strong data-start=\"402\" data-end=\"432\">Prote\u00e7\u00e3o \u00e0 prova d&#039;\u00e1gua IP67<\/strong>, Essas fotoc\u00e9lulas oferecem opera\u00e7\u00e3o duradoura e com efici\u00eancia energ\u00e9tica em qualquer ambiente. LT112 e LT113 \u2014 fotocontroladores confi\u00e1veis para sistemas de ilumina\u00e7\u00e3o modernos.<\/p>\n<p><strong data-start=\"305\" data-end=\"336\">Cores de revestimento personaliz\u00e1veis:<\/strong><\/p>\n<p><img fetchpriority=\"high\" decoding=\"async\" class=\"alignnone wp-image-4724 size-large\" src=\"http:\/\/leaditop.com\/wp-content\/uploads\/2023\/10\/custom-shell-color-e1758875155815-1024x560.jpg\" alt=\"\" width=\"800\" height=\"438\" srcset=\"https:\/\/leaditop.com\/wp-content\/uploads\/2023\/10\/custom-shell-color-e1758875155815-1024x560.jpg 1024w, https:\/\/leaditop.com\/wp-content\/uploads\/2023\/10\/custom-shell-color-e1758875155815-300x164.jpg 300w, https:\/\/leaditop.com\/wp-content\/uploads\/2023\/10\/custom-shell-color-e1758875155815-768x420.jpg 768w, https:\/\/leaditop.com\/wp-content\/uploads\/2023\/10\/custom-shell-color-e1758875155815-1536x840.jpg 1536w, https:\/\/leaditop.com\/wp-content\/uploads\/2023\/10\/custom-shell-color-e1758875155815-18x10.jpg 18w, https:\/\/leaditop.com\/wp-content\/uploads\/2023\/10\/custom-shell-color-e1758875155815-600x328.jpg 600w, https:\/\/leaditop.com\/wp-content\/uploads\/2023\/10\/custom-shell-color-e1758875155815.jpg 1706w\" sizes=\"(max-width: 800px) 100vw, 800px\" \/><\/p>\n<p><strong data-start=\"341\" data-end=\"371\">prote\u00e7\u00e3o \u00e0 prova d&#039;\u00e1gua:<\/strong><\/p>\n<p><iframe title=\"V\u00eddeo de teste de impermeabilidade\" width=\"800\" height=\"450\" src=\"https:\/\/www.youtube.com\/embed\/vjJLxe0SQLE?feature=oembed\" frameborder=\"0\" allow=\"accelerometer; autoplay; clipboard-write; encrypted-media; gyroscope; picture-in-picture; web-share\" referrerpolicy=\"strict-origin-when-cross-origin\" allowfullscreen><\/iframe><\/p>\n<h3>Caracter\u00edsticas:<\/h3>\n<ul>\n<li>Atende ou excede a norma ANSI C136.10.<\/li>\n<li>Em conformidade com a RoHS.<\/li>\n<li>Fabricado de acordo com a certifica\u00e7\u00e3o ISO.<\/li>\n<li>Sensor CDS.<\/li>\n<li>Atraso de desligamento de 30 a 180 segundos.<\/li>\n<li>Capa padr\u00e3o na cor bord\u00f4. Outras cores opcionais.<\/li>\n<li>IP66, IP67 opcional<\/li>\n<li>Peso l\u00edquido: Aprox. 72g<\/li>\n<\/ul>\n<p>&nbsp;<\/p>\n<h3>Aplica\u00e7\u00f5es:<\/h3>\n<p>Nosso produto \u00e9 amplamente utilizado em diversos ambientes.,<\/p>\n<ul>\n<li>Ilumina\u00e7\u00e3o p\u00fablica<\/li>\n<li>Ilumina\u00e7\u00e3o LED externa<\/li>\n<li>Ilumina\u00e7\u00e3o de rodovias<\/li>\n<li>Ilumina\u00e7\u00e3o do estacionamento<\/li>\n<li>Ilumina\u00e7\u00e3o de \u00e1reas p\u00fablicas<\/li>\n<li>Ilumina\u00e7\u00e3o das esta\u00e7\u00f5es ferrovi\u00e1rias<\/li>\n<li>Aeroportos<\/li>\n<li>Fazendas<\/li>\n<li>Parques<\/li>\n<li>Escolas<\/li>\n<\/ul>","protected":false},"excerpt":{"rendered":"<p>Nossas fotoc\u00e9lulas para ilumina\u00e7\u00e3o p\u00fablica atendem \u00e0 norma ANSI C136.10, oferecendo uma solu\u00e7\u00e3o confi\u00e1vel e com \u00f3timo custo-benef\u00edcio para o controle automatizado da ilumina\u00e7\u00e3o do anoitecer ao amanhecer. Projetadas para otimizar o desempenho do sistema de ilumina\u00e7\u00e3o e economizar energia, essas fotoc\u00e9lulas utilizam circuitos eletr\u00f4nicos avan\u00e7ados e um sensor de luz fototransistor est\u00e1vel para um funcionamento consistente de ligar\/desligar.<\/p>\n<p>Informa\u00e7\u00f5es sobre o produto<br \/>\nModelo: LT112\/LT113<br \/>\nNorma: ANSI C136.10 e UL773<br \/>\nTens\u00e3o nominal: 240V\/208-277V<br \/>\nPot\u00eancia nominal: 2000W\/2000VA\/5A Reator eletr\u00f4nico<br \/>\nN\u00edveis de ilumina\u00e7\u00e3o acionada: 10-16 Lux<br \/>\nRela\u00e7\u00e3o LIGADO\/DESLIGADO: 1:5<\/p>\n<p>Atraso de tempo: 30-180 segundos<br \/>\nInterruptor: &gt;5000 opera\u00e7\u00f5es liga\/desliga com carga nominal<br \/>\nConsumo de energia: \u2264 0,7 watts a 120 VCA<br \/>\nCapa: Polipropileno resistente a impactos e raios UV<br \/>\nBase: Polibutileno Tereftalato Resistente a Altas Temperaturas<br \/>\nModo de falha: LIGADO<br \/>\nIP: 65\/67<\/p>","protected":false},"featured_media":2388,"comment_status":"open","ping_status":"closed","template":"","meta":{"_seopress_robots_primary_cat":"none","_seopress_titles_title":"","_seopress_titles_desc":"","_seopress_robots_index":"","_seopress_analysis_target_kw":""},"product_brand":[],"product_cat":[41],"product_tag":[],"class_list":{"0":"post-946","1":"product","2":"type-product","3":"status-publish","4":"has-post-thumbnail","6":"product_cat-photocontrollers","8":"first","9":"instock","10":"shipping-taxable","11":"product-type-simple"},"_links":{"self":[{"href":"https:\/\/leaditop.com\/pt_pt\/wp-json\/wp\/v2\/product\/946","targetHints":{"allow":["GET"]}}],"collection":[{"href":"https:\/\/leaditop.com\/pt_pt\/wp-json\/wp\/v2\/product"}],"about":[{"href":"https:\/\/leaditop.com\/pt_pt\/wp-json\/wp\/v2\/types\/product"}],"replies":[{"embeddable":true,"href":"https:\/\/leaditop.com\/pt_pt\/wp-json\/wp\/v2\/comments?post=946"}],"wp:featuredmedia":[{"embeddable":true,"href":"https:\/\/leaditop.com\/pt_pt\/wp-json\/wp\/v2\/media\/2388"}],"wp:attachment":[{"href":"https:\/\/leaditop.com\/pt_pt\/wp-json\/wp\/v2\/media?parent=946"}],"wp:term":[{"taxonomy":"product_brand","embeddable":true,"href":"https:\/\/leaditop.com\/pt_pt\/wp-json\/wp\/v2\/product_brand?post=946"},{"taxonomy":"product_cat","embeddable":true,"href":"https:\/\/leaditop.com\/pt_pt\/wp-json\/wp\/v2\/product_cat?post=946"},{"taxonomy":"product_tag","embeddable":true,"href":"https:\/\/leaditop.com\/pt_pt\/wp-json\/wp\/v2\/product_tag?post=946"}],"curies":[{"name":"wp","href":"https:\/\/api.w.org\/{rel}","templated":true}]}}