{"id":950,"date":"2023-10-27T16:59:39","date_gmt":"2023-10-27T08:59:39","guid":{"rendered":"https:\/\/leaditop.com\/?post_type=product&#038;p=950"},"modified":"2025-10-17T11:41:44","modified_gmt":"2025-10-17T03:41:44","slug":"sensor-fotoeletrico-de-480v-com-aprovacao-ul-para-controle-de-iluminacao-publica-led-controle-de-luz-e-interruptor-fotoeletrico","status":"publish","type":"product","link":"https:\/\/leaditop.com\/pt_pt\/product\/ul-approved-480v-photocell-sensor-photo-control-led-streetlight-lighting-control-photocontrol-photoelectric-sensor-switch\/","title":{"rendered":"Sensor fotoel\u00e9trico LT115 de 480V com aprova\u00e7\u00e3o UL para controle de ilumina\u00e7\u00e3o p\u00fablica LED."},"content":{"rendered":"<p><iframe title=\"Com dificuldades no controle de ilumina\u00e7\u00e3o em ambientes de alta tens\u00e3o? O LT115 tem a solu\u00e7\u00e3o!\" width=\"800\" height=\"450\" src=\"https:\/\/www.youtube.com\/embed\/ZgcAkUsqfWg?feature=oembed\" frameborder=\"0\" allow=\"accelerometer; autoplay; clipboard-write; encrypted-media; gyroscope; picture-in-picture; web-share\" referrerpolicy=\"strict-origin-when-cross-origin\" allowfullscreen><\/iframe><\/p>\n<p><span class=\"a_GcMg font-feature-liga-off font-feature-clig-off font-feature-calt-off text-decoration-none text-strikethrough-none\">O controlador de ilumina\u00e7\u00e3o LT115 foi projetado especificamente para redes el\u00e9tricas industriais com <\/span><strong><span class=\"a_GcMg font-feature-liga-off font-feature-clig-off font-feature-calt-off text-decoration-none text-strikethrough-none\">padr\u00f5es de alta tens\u00e3o<\/span><\/strong><span class=\"a_GcMg font-feature-liga-off font-feature-clig-off font-feature-calt-off text-decoration-none text-strikethrough-none\"> e <\/span><span class=\"a_GcMg font-feature-liga-off font-feature-clig-off font-feature-calt-off text-decoration-none text-strikethrough-none\"><strong>mercados estrangeiros espec\u00edficos<\/strong>.<\/span><span class=\"a_GcMg font-feature-liga-off font-feature-clig-off font-feature-calt-off text-decoration-none text-strikethrough-none\"> Sua tens\u00e3o nominal \u00e9 de <\/span><strong><span class=\"a_GcMg font-feature-liga-off font-feature-clig-off font-feature-calt-off text-decoration-none text-strikethrough-none\">480V (432-528V)<\/span><\/strong><span class=\"a_GcMg font-feature-liga-off font-feature-clig-off font-feature-calt-off text-decoration-none text-strikethrough-none\"> Isso o torna muito adequado para uso em sistemas de ilumina\u00e7\u00e3o p\u00fablica em instala\u00e7\u00f5es industriais, grandes parques log\u00edsticos e outros locais. <\/span><strong><span class=\"a_GcMg font-feature-liga-off font-feature-clig-off font-feature-calt-off text-decoration-none text-strikethrough-none\">Am\u00e9rica do Norte<\/span><\/strong><span class=\"a_GcMg font-feature-liga-off font-feature-clig-off font-feature-calt-off text-decoration-none text-strikethrough-none\">, bem como para <\/span><strong><span class=\"a_GcMg font-feature-liga-off font-feature-clig-off font-feature-calt-off text-decoration-none text-strikethrough-none\">projetos de ilumina\u00e7\u00e3o p\u00fablica no exterior<\/span><\/strong><span class=\"a_GcMg font-feature-liga-off font-feature-clig-off font-feature-calt-off text-decoration-none text-strikethrough-none\"> com padr\u00f5es de rede que suportam tens\u00e3o de 480V.<\/span><\/p>\n<h3>Caracter\u00edsticas:<\/h3>\n<p>Suporta m\u00faltiplas tens\u00f5es de entrada.<\/p>\n<p>Certifica\u00e7\u00e3o CE<\/p>\n<p>Em conformidade com as normas ANSI C136.24 e UL773A.<\/p>\n<p>&nbsp;<\/p>\n<h3>Aplica\u00e7\u00f5es: Nosso produto \u00e9 amplamente utilizado em diversos ambientes.,<\/h3>\n<p>Ilumina\u00e7\u00e3o p\u00fablica<\/p>\n<p>Ilumina\u00e7\u00e3o LED externa<\/p>\n<p>Ilumina\u00e7\u00e3o de rodovias<\/p>\n<p>Ilumina\u00e7\u00e3o do estacionamento<\/p>\n<p>Ilumina\u00e7\u00e3o de \u00e1reas p\u00fablicas<\/p>\n<p>Ilumina\u00e7\u00e3o das esta\u00e7\u00f5es ferrovi\u00e1rias<\/p>\n<p>Aeroportos<\/p>\n<p>Fazendas<\/p>\n<p>Parques<\/p>\n<p>Escolas<\/p>","protected":false},"excerpt":{"rendered":"<p>Nossas fotoc\u00e9lulas para ilumina\u00e7\u00e3o p\u00fablica atendem \u00e0 norma ANSI C136.10, oferecendo uma solu\u00e7\u00e3o confi\u00e1vel e com \u00f3timo custo-benef\u00edcio para o controle automatizado da ilumina\u00e7\u00e3o do anoitecer ao amanhecer. Projetadas para otimizar o desempenho do sistema de ilumina\u00e7\u00e3o e economizar energia, essas fotoc\u00e9lulas utilizam circuitos eletr\u00f4nicos avan\u00e7ados e um sensor de luz fototransistor est\u00e1vel para um funcionamento consistente de ligar\/desligar.<\/p>\n<p>Informa\u00e7\u00f5es sobre o produto<br \/>\nModelo: LT115<br \/>\nNorma: ANSI C136.10 e UL773<br \/>\nTens\u00e3o nominal: 480V (432-528V)<br \/>\nPot\u00eancia nominal: 2000 W\/2000 VA<br \/>\nN\u00edveis de ilumina\u00e7\u00e3o acionada: 10-16 Lux<\/p>\n<p>Rela\u00e7\u00e3o LIGADO\/DESLIGADO: 1:5<br \/>\nAtraso de tempo: 30-180 segundos<br \/>\nInterruptor: &gt;5000 opera\u00e7\u00f5es liga\/desliga com carga nominal<br \/>\nConsumo de energia: \u2264 0,7 watts a 120 VCA<br \/>\nCapa: Polipropileno resistente a impactos e raios UV<br \/>\nBase: Polibutileno Tereftalato Resistente a Altas Temperaturas<br \/>\nModo de falha: LIGADO<br \/>\nIP: 65\/67<\/p>","protected":false},"featured_media":2384,"comment_status":"open","ping_status":"closed","template":"","meta":{"_seopress_robots_primary_cat":"none","_seopress_titles_title":"","_seopress_titles_desc":"","_seopress_robots_index":""},"product_brand":[],"product_cat":[41],"product_tag":[],"class_list":{"0":"post-950","1":"product","2":"type-product","3":"status-publish","4":"has-post-thumbnail","6":"product_cat-photocontrollers","8":"first","9":"instock","10":"shipping-taxable","11":"product-type-simple"},"_links":{"self":[{"href":"https:\/\/leaditop.com\/pt_pt\/wp-json\/wp\/v2\/product\/950","targetHints":{"allow":["GET"]}}],"collection":[{"href":"https:\/\/leaditop.com\/pt_pt\/wp-json\/wp\/v2\/product"}],"about":[{"href":"https:\/\/leaditop.com\/pt_pt\/wp-json\/wp\/v2\/types\/product"}],"replies":[{"embeddable":true,"href":"https:\/\/leaditop.com\/pt_pt\/wp-json\/wp\/v2\/comments?post=950"}],"wp:featuredmedia":[{"embeddable":true,"href":"https:\/\/leaditop.com\/pt_pt\/wp-json\/wp\/v2\/media\/2384"}],"wp:attachment":[{"href":"https:\/\/leaditop.com\/pt_pt\/wp-json\/wp\/v2\/media?parent=950"}],"wp:term":[{"taxonomy":"product_brand","embeddable":true,"href":"https:\/\/leaditop.com\/pt_pt\/wp-json\/wp\/v2\/product_brand?post=950"},{"taxonomy":"product_cat","embeddable":true,"href":"https:\/\/leaditop.com\/pt_pt\/wp-json\/wp\/v2\/product_cat?post=950"},{"taxonomy":"product_tag","embeddable":true,"href":"https:\/\/leaditop.com\/pt_pt\/wp-json\/wp\/v2\/product_tag?post=950"}],"curies":[{"name":"wp","href":"https:\/\/api.w.org\/{rel}","templated":true}]}}