{"id":964,"date":"2023-10-27T17:37:12","date_gmt":"2023-10-27T09:37:12","guid":{"rendered":"https:\/\/leaditop.com\/?post_type=product&#038;p=964"},"modified":"2025-12-17T17:59:37","modified_gmt":"2025-12-17T09:59:37","slug":"interruptor-automatico-com-sensor-de-luminosidade-externa-para-iluminacao-led","status":"publish","type":"product","link":"https:\/\/leaditop.com\/pt_pt\/product\/outdoor-automatic-daylight-sensor-switch-for-led-light\/","title":{"rendered":"Interruptor de sensor de luz diurna autom\u00e1tico externo LT134 para ilumina\u00e7\u00e3o LED"},"content":{"rendered":"<p><iframe title=\"Ilumina\u00e7\u00e3o municipal - Fotocontrolador especial LT134 para licita\u00e7\u00e3o\" width=\"800\" height=\"450\" src=\"https:\/\/www.youtube.com\/embed\/P5MWw0tsCHo?feature=oembed\" frameborder=\"0\" allow=\"accelerometer; autoplay; clipboard-write; encrypted-media; gyroscope; picture-in-picture; web-share\" referrerpolicy=\"strict-origin-when-cross-origin\" allowfullscreen><\/iframe><\/p>\n<h2 data-start=\"129\" data-end=\"173\">Fotoc\u00e9lula de longa dura\u00e7\u00e3o com cruzamento zero LT134<\/h2>\n<p data-start=\"174\" data-end=\"233\"><strong data-start=\"174\" data-end=\"233\">Fotocontrole de n\u00edvel municipal para ilumina\u00e7\u00e3o p\u00fablica e de \u00e1reas externas.<\/strong><\/p>\n<p data-start=\"235\" data-end=\"630\">O <strong data-start=\"239\" data-end=\"258\">Fotoc\u00e9lula LT134<\/strong> \u00e9 um fotocontrolador eletr\u00f4nico de longa dura\u00e7\u00e3o com detec\u00e7\u00e3o de cruzamento zero, desenvolvido especificamente para <strong data-start=\"340\" data-end=\"398\">projetos de licita\u00e7\u00e3o municipais na Am\u00e9rica Central e do Sul<\/strong>. Projetado para atender aos rigorosos padr\u00f5es. <strong data-start=\"434\" data-end=\"485\">normas el\u00e9tricas, ambientais e de seguran\u00e7a<\/strong>, LT134 atende plenamente aos requisitos de <strong data-start=\"525\" data-end=\"557\">ANSI C136.10-2017 e UL 773<\/strong>, garantindo uma aprova\u00e7\u00e3o tranquila e um desempenho confi\u00e1vel em mercados regulamentados.<\/p>\n<p data-start=\"632\" data-end=\"980\">Projetado para durabilidade e estabilidade, o LT134 \u00e9 amplamente utilizado em <strong data-start=\"697\" data-end=\"800\">Ilumina\u00e7\u00e3o p\u00fablica, vias, estacionamentos, ilumina\u00e7\u00e3o de seguran\u00e7a e sistemas de ilumina\u00e7\u00e3o externa comercial.<\/strong>. Sua avan\u00e7ada tecnologia de cruzamento por zero reduz efetivamente a corrente de pico, tornando-a especialmente adequada para aplica\u00e7\u00f5es modernas. <strong data-start=\"917\" data-end=\"935\">Lumin\u00e1rias LED<\/strong> e grandes redes de ilumina\u00e7\u00e3o p\u00fablica.<\/p>\n<p data-start=\"982\" data-end=\"1209\">Ao ligar automaticamente a ilumina\u00e7\u00e3o ao anoitecer e deslig\u00e1-la ao amanhecer, o LT134 auxilia os munic\u00edpios. <strong data-start=\"1073\" data-end=\"1102\">reduzir o consumo de energia<\/strong>, prolongar a vida \u00fatil da lumin\u00e1ria e garantir um desempenho de ilumina\u00e7\u00e3o consistente em diferentes condi\u00e7\u00f5es ambientais.<\/p>\n<h3 data-start=\"1216\" data-end=\"1234\">Principais vantagens<\/h3>\n<ul data-start=\"1236\" data-end=\"2019\">\n<li data-start=\"1236\" data-end=\"1387\">\n<p data-start=\"1238\" data-end=\"1387\"><strong data-start=\"1238\" data-end=\"1276\">Tecnologia de Detec\u00e7\u00e3o de Cruzamento por Zero<\/strong><br data-start=\"1276\" data-end=\"1279\" \/>Minimiza a corrente de pico e protege os drivers e reatores de LED, melhorando a confiabilidade e a vida \u00fatil do sistema.<\/p>\n<\/li>\n<li data-start=\"1389\" data-end=\"1500\">\n<p data-start=\"1391\" data-end=\"1500\"><strong data-start=\"1391\" data-end=\"1413\">Ampla faixa de tens\u00e3o<\/strong><br data-start=\"1413\" data-end=\"1416\" \/>Tens\u00e3o aplic\u00e1vel: <strong data-start=\"1438\" data-end=\"1461\">105\u2013305 VCA, 50\/60 Hz<\/strong>, Ideal para ambientes de rede inst\u00e1veis.<\/p>\n<\/li>\n<li data-start=\"1502\" data-end=\"1647\">\n<p data-start=\"1504\" data-end=\"1647\"><strong data-start=\"1504\" data-end=\"1529\">Alta prote\u00e7\u00e3o contra surtos<\/strong><br data-start=\"1529\" data-end=\"1532\" \/>MOV classificado at\u00e9 <strong data-start=\"1550\" data-end=\"1579\">1425 Joules (20kA \/ 10kV)<\/strong>, proporcionando excelente prote\u00e7\u00e3o contra raios e picos de energia.<\/p>\n<\/li>\n<li data-start=\"1649\" data-end=\"1782\">\n<p data-start=\"1651\" data-end=\"1782\"><strong data-start=\"1651\" data-end=\"1681\">Durabilidade de n\u00edvel municipal<\/strong><br data-start=\"1681\" data-end=\"1684\" \/>Rel\u00e9 selado, placa de circuito impresso em fibra de vidro FR4 e inv\u00f3lucro resistente aos raios UV garantem desempenho externo de longa dura\u00e7\u00e3o.<\/p>\n<\/li>\n<li data-start=\"1784\" data-end=\"1897\">\n<p data-start=\"1786\" data-end=\"1897\"><strong data-start=\"1786\" data-end=\"1807\">Longa vida \u00fatil<\/strong><br data-start=\"1807\" data-end=\"1810\" \/>Mais do que <strong data-start=\"1822\" data-end=\"1864\">15.000 ciclos liga\/desliga com carga nominal.<\/strong>, com um <strong data-start=\"1874\" data-end=\"1896\">Garantia de 8 a 10 anos<\/strong>.<\/p>\n<\/li>\n<li data-start=\"1899\" data-end=\"2019\">\n<p data-start=\"1901\" data-end=\"2019\"><strong data-start=\"1901\" data-end=\"1938\">Prote\u00e7\u00e3o ambiental superior<\/strong><br data-start=\"1938\" data-end=\"1941\" \/>Padr\u00e3o <strong data-start=\"1952\" data-end=\"1960\">IP66<\/strong>, opcional <strong data-start=\"1971\" data-end=\"1979\">IP67<\/strong>, Adequado para condi\u00e7\u00f5es externas adversas.<\/p>\n<\/li>\n<\/ul>\n<h3 data-start=\"2026\" data-end=\"2051\">Op\u00e7\u00f5es de personaliza\u00e7\u00e3o<\/h3>\n<p data-start=\"2053\" data-end=\"2140\">O LT134 oferece ampla personaliza\u00e7\u00e3o para atender a diferentes requisitos de projetos e licita\u00e7\u00f5es:<\/p>\n<ul data-start=\"2142\" data-end=\"2467\">\n<li data-start=\"2142\" data-end=\"2223\">\n<p data-start=\"2144\" data-end=\"2223\"><strong data-start=\"2144\" data-end=\"2159\">Cor da capa<\/strong>Preto \/ Verde \/ Azul \/ Transparente (cores personalizadas dispon\u00edveis)<\/p>\n<\/li>\n<li data-start=\"2224\" data-end=\"2275\">\n<p data-start=\"2226\" data-end=\"2275\"><strong data-start=\"2226\" data-end=\"2259\">N\u00edveis de lux para ligar\/desligar<\/strong>: Personaliz\u00e1vel<\/p>\n<\/li>\n<li data-start=\"2276\" data-end=\"2335\">\n<p data-start=\"2278\" data-end=\"2335\"><strong data-start=\"2278\" data-end=\"2292\">Atraso de tempo<\/strong>Configur\u00e1vel de acordo com as necessidades do projeto.<\/p>\n<\/li>\n<li data-start=\"2336\" data-end=\"2374\">\n<p data-start=\"2338\" data-end=\"2374\"><strong data-start=\"2338\" data-end=\"2351\">Modo de falha<\/strong>: Falha DESLIGADA ou Falha LIGADA<\/p>\n<\/li>\n<li data-start=\"2375\" data-end=\"2426\">\n<p data-start=\"2377\" data-end=\"2426\"><strong data-start=\"2377\" data-end=\"2403\">N\u00edvel de prote\u00e7\u00e3o contra surtos<\/strong>: 475J \/ 950J \/ 1425J<\/p>\n<\/li>\n<li data-start=\"2427\" data-end=\"2467\">\n<p data-start=\"2429\" data-end=\"2467\"><strong data-start=\"2429\" data-end=\"2451\">Prote\u00e7\u00e3o contra entrada<\/strong>IP66 ou IP67<\/p>\n<\/li>\n<\/ul>\n<h3 data-start=\"2474\" data-end=\"2504\">Normas e Certifica\u00e7\u00f5es<\/h3>\n<ul data-start=\"2506\" data-end=\"2614\">\n<li data-start=\"2506\" data-end=\"2531\">\n<p data-start=\"2508\" data-end=\"2531\"><strong data-start=\"2508\" data-end=\"2529\">ANSI C136.10-2017<\/strong><\/p>\n<\/li>\n<li data-start=\"2532\" data-end=\"2546\">\n<p data-start=\"2534\" data-end=\"2546\"><strong data-start=\"2534\" data-end=\"2544\">UL 773<\/strong><\/p>\n<\/li>\n<li data-start=\"2547\" data-end=\"2569\">\n<p data-start=\"2549\" data-end=\"2569\"><strong data-start=\"2549\" data-end=\"2567\">UL \/ CE \/ RoHS<\/strong><\/p>\n<\/li>\n<li data-start=\"2570\" data-end=\"2596\">\n<p data-start=\"2572\" data-end=\"2596\"><strong data-start=\"2572\" data-end=\"2594\">Classifica\u00e7\u00e3o de impacto IK08<\/strong><\/p>\n<\/li>\n<li data-start=\"2597\" data-end=\"2614\">\n<p data-start=\"2599\" data-end=\"2614\"><strong data-start=\"2599\" data-end=\"2614\">IP66 \/ IP67<\/strong><\/p>\n<\/li>\n<\/ul>\n<h3 data-start=\"2621\" data-end=\"2645\">Aplica\u00e7\u00f5es t\u00edpicas<\/h3>\n<ul data-start=\"2647\" data-end=\"2805\">\n<li data-start=\"2647\" data-end=\"2688\">\n<p data-start=\"2649\" data-end=\"2688\">Ilumina\u00e7\u00e3o p\u00fablica municipal<\/p>\n<\/li>\n<li data-start=\"2689\" data-end=\"2722\">\n<p data-start=\"2691\" data-end=\"2722\">Ilumina\u00e7\u00e3o do estacionamento e da \u00e1rea<\/p>\n<\/li>\n<li data-start=\"2723\" data-end=\"2758\">\n<p data-start=\"2725\" data-end=\"2758\">Ilumina\u00e7\u00e3o de seguran\u00e7a e per\u00edmetro<\/p>\n<\/li>\n<li data-start=\"2759\" data-end=\"2805\">\n<p data-start=\"2761\" data-end=\"2805\">Ilumina\u00e7\u00e3o externa comercial e industrial<\/p>\n<\/li>\n<\/ul>\n<p data-start=\"2812\" data-end=\"2975\"><strong data-start=\"2812\" data-end=\"2831\">Fotoc\u00e9lula LT134<\/strong> \u2014 uma solu\u00e7\u00e3o comprovada e de alto desempenho para <strong data-start=\"2874\" data-end=\"2905\">projetos de ilumina\u00e7\u00e3o municipal<\/strong>, proporcionando confiabilidade, conformidade e efici\u00eancia energ\u00e9tica a longo prazo.<\/p>\n<h3>ESPECIFICA\u00c7\u00d5ES T\u00c9CNICAS<\/h3>\n<table style=\"height: 632px;\" width=\"1146\">\n<tbody>\n<tr>\n<td width=\"162\">Padr\u00e3o<\/td>\n<td width=\"225\">ANSI C136.10 e UL773<\/td>\n<\/tr>\n<tr>\n<td rowspan=\"2\">Tens\u00e3o nominal<\/td>\n<td>120V-277V<\/td>\n<\/tr>\n<tr>\n<td>(Aplic\u00e1vel: 105-305V)<\/td>\n<\/tr>\n<tr>\n<td>Freq\u00fc\u00eancia<\/td>\n<td>50\/60 Hz<\/td>\n<\/tr>\n<tr>\n<td>Carga nominal<\/td>\n<td>1000W\/1800VA<\/td>\n<\/tr>\n<tr>\n<td rowspan=\"2\">Classifica\u00e7\u00e3o LED<\/td>\n<td>Reator eletr\u00f4nico 8A @ 120 VCA<\/td>\n<\/tr>\n<tr>\n<td>Reator eletr\u00f4nico 5A @ 208-277 VCA<\/td>\n<\/tr>\n<tr>\n<td>N\u00edveis de ilumina\u00e7\u00e3o de ativa\u00e7\u00e3o<\/td>\n<td>10-16 Lux<\/td>\n<\/tr>\n<tr>\n<td>Rela\u00e7\u00e3o LIGADO\/DESLIGADO<\/td>\n<td>01:01.5<\/td>\n<\/tr>\n<tr>\n<td>Atraso de tempo<\/td>\n<td>3-6 segundos<\/td>\n<\/tr>\n<tr>\n<td>Temperatura de opera\u00e7\u00e3o<\/td>\n<td>-40\u2103 a +70\u2103<\/td>\n<\/tr>\n<tr>\n<td rowspan=\"2\">Trocar<\/td>\n<td>&gt; 15.000 opera\u00e7\u00f5es de ligar\/desligar<\/td>\n<\/tr>\n<tr>\n<td>com carga nominal<\/td>\n<\/tr>\n<tr>\n<td>Sensor de luz<\/td>\n<td>Fototransistor de filtro IR<\/td>\n<\/tr>\n<tr>\n<td>Consumo de energia<\/td>\n<td>\u2264 0,5 watts a 120 VCA<\/td>\n<\/tr>\n<tr>\n<td>Cobrir<\/td>\n<td>Polipropileno resistente a impactos e raios UV<\/td>\n<\/tr>\n<tr>\n<td rowspan=\"2\">Base<\/td>\n<td>Resist\u00eancia a altas temperaturas<\/td>\n<\/tr>\n<tr>\n<td>Polibutileno Tereftalato (PBT)<\/td>\n<\/tr>\n<\/tbody>\n<\/table>\n<h3>Aplica\u00e7\u00f5es:<\/h3>\n<p>Nosso produto \u00e9 amplamente utilizado em diversos ambientes.,<\/p>\n<p>Ilumina\u00e7\u00e3o p\u00fablica<\/p>\n<p>Ilumina\u00e7\u00e3o LED externa<\/p>\n<p>Ilumina\u00e7\u00e3o de rodovias<\/p>\n<p>Ilumina\u00e7\u00e3o do estacionamento<\/p>\n<p>Ilumina\u00e7\u00e3o de \u00e1reas p\u00fablicas<\/p>\n<p>Ilumina\u00e7\u00e3o das esta\u00e7\u00f5es ferrovi\u00e1rias<\/p>\n<p>Aeroportos<\/p>\n<p>Fazendas<\/p>\n<p>Parques<\/p>\n<p>Escolas<\/p>","protected":false},"excerpt":{"rendered":"<p>Nossas fotoc\u00e9lulas para ilumina\u00e7\u00e3o p\u00fablica atendem \u00e0 norma ANSI C136.10, oferecendo uma solu\u00e7\u00e3o confi\u00e1vel e com \u00f3timo custo-benef\u00edcio para o controle automatizado da ilumina\u00e7\u00e3o do anoitecer ao amanhecer. Projetadas para otimizar o desempenho do sistema de ilumina\u00e7\u00e3o e economizar energia, essas fotoc\u00e9lulas utilizam circuitos eletr\u00f4nicos avan\u00e7ados e um sensor de luz fototransistor est\u00e1vel para um funcionamento consistente de ligar\/desligar.<\/p>\n<p>Informa\u00e7\u00f5es sobre o produto<br \/>\nModelo: LT134<br \/>\nNorma: ANSI C136.10 e UL773<br \/>\nTens\u00e3o nominal: 120V-277V (Aplic\u00e1vel: 105-305V)<br \/>\nPot\u00eancia nominal: 1000 W\/1800 VA<br \/>\nClassifica\u00e7\u00e3o do LED: Reator eletr\u00f4nico 8A a 120 VCA<br \/>\nReator eletr\u00f4nico 5A a 277 VCA<br \/>\nN\u00edveis de ilumina\u00e7\u00e3o acionada: 10-16 Lux<br \/>\nRela\u00e7\u00e3o LIGADO\/DESLIGADO: 1:1,5<\/p>\n<p>Atraso de tempo: 3 a 10 segundos<br \/>\nProte\u00e7\u00e3o contra surtos: 640J<br \/>\nInterruptor: &gt;10000 opera\u00e7\u00f5es ON\/OFF com carga nominal<br \/>\nConsumo de energia: \u2264 0,7 watts a 120 VCA<br \/>\nCapa: Polipropileno resistente a impactos e raios UV<br \/>\nBase: Polibutileno Tereftalato Resistente a Altas Temperaturas<br \/>\nModo de falha: LIGADO ou DESLIGADO<\/p>","protected":false},"featured_media":2302,"comment_status":"open","ping_status":"closed","template":"","meta":{"_seopress_robots_primary_cat":"none","_seopress_titles_title":"","_seopress_titles_desc":"","_seopress_robots_index":""},"product_brand":[],"product_cat":[41],"product_tag":[],"class_list":{"0":"post-964","1":"product","2":"type-product","3":"status-publish","4":"has-post-thumbnail","6":"product_cat-photocontrollers","8":"first","9":"instock","10":"shipping-taxable","11":"product-type-simple"},"_links":{"self":[{"href":"https:\/\/leaditop.com\/pt_pt\/wp-json\/wp\/v2\/product\/964","targetHints":{"allow":["GET"]}}],"collection":[{"href":"https:\/\/leaditop.com\/pt_pt\/wp-json\/wp\/v2\/product"}],"about":[{"href":"https:\/\/leaditop.com\/pt_pt\/wp-json\/wp\/v2\/types\/product"}],"replies":[{"embeddable":true,"href":"https:\/\/leaditop.com\/pt_pt\/wp-json\/wp\/v2\/comments?post=964"}],"wp:featuredmedia":[{"embeddable":true,"href":"https:\/\/leaditop.com\/pt_pt\/wp-json\/wp\/v2\/media\/2302"}],"wp:attachment":[{"href":"https:\/\/leaditop.com\/pt_pt\/wp-json\/wp\/v2\/media?parent=964"}],"wp:term":[{"taxonomy":"product_brand","embeddable":true,"href":"https:\/\/leaditop.com\/pt_pt\/wp-json\/wp\/v2\/product_brand?post=964"},{"taxonomy":"product_cat","embeddable":true,"href":"https:\/\/leaditop.com\/pt_pt\/wp-json\/wp\/v2\/product_cat?post=964"},{"taxonomy":"product_tag","embeddable":true,"href":"https:\/\/leaditop.com\/pt_pt\/wp-json\/wp\/v2\/product_tag?post=964"}],"curies":[{"name":"wp","href":"https:\/\/api.w.org\/{rel}","templated":true}]}}