{"id":972,"date":"2023-10-28T10:10:26","date_gmt":"2023-10-28T02:10:26","guid":{"rendered":"https:\/\/leaditop.com\/?post_type=product&#038;p=972"},"modified":"2025-12-25T15:16:13","modified_gmt":"2025-12-25T07:16:13","slug":"interruptor-fotoeletrico-de-trava-giratoria-lt154e-sensor-de-fotocelula","status":"publish","type":"product","link":"https:\/\/leaditop.com\/pt_pt\/product\/twist-lock-photoelectric-switch-lt154e-photocell-sensor\/","title":{"rendered":"Interruptor fotoel\u00e9trico com trava girat\u00f3ria LT154E Sensor de fotoc\u00e9lula"},"content":{"rendered":"<p><iframe title=\"Conhe\u00e7a a fotoc\u00e9lula LT154E \u2014 Projetada para controle de ilumina\u00e7\u00e3o de alta tens\u00e3o e alta confiabilidade #SmartLighting\" width=\"800\" height=\"450\" src=\"https:\/\/www.youtube.com\/embed\/-QgjysrQ1P8?feature=oembed\" frameborder=\"0\" allow=\"accelerometer; autoplay; clipboard-write; encrypted-media; gyroscope; picture-in-picture; web-share\" referrerpolicy=\"strict-origin-when-cross-origin\" allowfullscreen><\/iframe><\/p>\n<h2>Caracter\u00edsticas:<\/h2>\n<ul>\n<li>Dispon\u00edvel em m\u00faltiplas voltagens: 277-528V<\/li>\n<li>Detec\u00e7\u00e3o de cruzamento por zero<\/li>\n<li>Melhorias no Design de Vida<\/li>\n<li>Prote\u00e7\u00e3o contra alta corrente de pico<\/li>\n<li>Atende ou excede a norma ANSI C136.10.<\/li>\n<li>Em conformidade com a RoHS.<\/li>\n<li>Fabricado de acordo com a norma ISO.<\/li>\n<li>Fototransistor com filtro IR.<\/li>\n<li>Placa de circuito impresso em fibra de vidro FR4.<\/li>\n<li>Rel\u00e9 selado confi\u00e1vel.<\/li>\n<li>MOV com classifica\u00e7\u00e3o de 640 Joules (pode ser atualizado para 1280 Joules)<\/li>\n<li>Atraso de desligamento de 3 a 6 segundos.<\/li>\n<li>Capa amarela padr\u00e3o. Outras cores opcionais.<\/li>\n<li>IP66, IP67 opcional<\/li>\n<li>Capa com 3,0 mm de espessura<\/li>\n<li>Garantia de 10 anos<\/li>\n<\/ul>\n<h3>Fotocontrolador de alta tens\u00e3o e longa dura\u00e7\u00e3o para projetos de ilumina\u00e7\u00e3o externa exigentes.<\/h3>\n<p>Em projetos de ilumina\u00e7\u00e3o de rodovias, vias p\u00fablicas e grandes espa\u00e7os externos, <strong>A falha da fotoc\u00e9lula n\u00e3o \u00e9 um problema pequeno.<\/strong>.<br \/>\nUm \u00fanico interruptor fotoel\u00e9trico n\u00e3o confi\u00e1vel pode levar a:<\/p>\n<ul>\n<li>Luzes acesas <strong>folga \u00e0 noite<\/strong>, criando riscos de seguran\u00e7a<\/li>\n<li>Luzes acesas <strong>durante o dia<\/strong>, desperdi\u00e7ando energia<\/li>\n<li>Freq\u00fcente <strong>caminh\u00e3o capota<\/strong>, aumentando os custos de opera\u00e7\u00e3o e manuten\u00e7\u00e3o<\/li>\n<li>Inspe\u00e7\u00f5es reprovadas devido a <strong>N\u00e3o conformidade com as normas ANSI ou UL<\/strong><\/li>\n<\/ul>\n<p>O <strong>Fotoc\u00e9lula LT154E com trava girat\u00f3ria<\/strong> \u00e9 projetado especificamente para resolver esses problemas em <strong>Aplica\u00e7\u00f5es de alta tens\u00e3o, alta sobretens\u00e3o e longa vida \u00fatil<\/strong>.<\/p>\n<h2>Projetado para resolver problemas do mundo real<\/h2>\n<h3>Problema 1: Corrente de pico elevada danifica fotoc\u00e9lulas padr\u00e3o<\/h3>\n<p>Os drivers de LED modernos geram <strong>altas correntes de entrada<\/strong>, o que pode soldar os contatos do rel\u00e9 ou reduzir a vida \u00fatil do produto.<\/p>\n<p><strong>Solu\u00e7\u00e3o LT154E<\/strong><br \/>\n\u2714 <strong>Detec\u00e7\u00e3o de cruzamento por zero<\/strong> Garante que a comuta\u00e7\u00e3o ocorra no ponto ideal da forma de onda CA, reduzindo drasticamente a tens\u00e3o de pico no rel\u00e9 e prolongando sua vida \u00fatil.<\/p>\n<h3>Problema 2: Descompasso de tens\u00e3o em projetos de 347\u2013480V<\/h3>\n<p>Muitos projetos operam em <strong>347V ou 480V<\/strong>, onde as fotoc\u00e9lulas padr\u00e3o de 120\u2013277V falham ou invalidam as garantias.<\/p>\n<p><strong>Solu\u00e7\u00e3o LT154E<\/strong><br \/>\n\u2714 <strong>Design multivoltagem (aplic\u00e1vel a 277\u2013528V)<\/strong><br \/>\n\u2714 Totalmente em conformidade com <strong>ANSI C136.10 e UL773<\/strong>, tornando-o adequado para as especifica\u00e7\u00f5es de servi\u00e7os p\u00fablicos e municipais da Am\u00e9rica do Norte.<\/p>\n<h3>Problema 3: Danos causados por sobretens\u00e3o devido a raios e instabilidade da rede el\u00e9trica<\/h3>\n<p>Os sistemas de ilumina\u00e7\u00e3o externa est\u00e3o constantemente expostos a surtos de energia causados por raios e a perturba\u00e7\u00f5es na rede el\u00e9trica.<\/p>\n<p><strong>Solu\u00e7\u00e3o LT154E<\/strong><br \/>\n\u2714 <strong>Prote\u00e7\u00e3o contra surtos MOV com classifica\u00e7\u00e3o de 640J (atualiz\u00e1vel para 1280J)<\/strong><br \/>\n\u2714 Projetado para suportar surtos de tens\u00e3o repetidos sem falhas funcionais.<br \/>\n\u2714 Ideal para rodovias, estradas abertas e regi\u00f5es propensas a tempestades<\/p>\n<h3>Problema 4: Falha prematura em ambientes hostis<\/h3>\n<p>Calor, exposi\u00e7\u00e3o aos raios UV, umidade e poeira s\u00e3o causas comuns de falha prematura das fotoc\u00e9lulas.<\/p>\n<p><strong>Solu\u00e7\u00e3o LT154E<\/strong><br \/>\n\u2714 <strong>IP66 padr\u00e3o, IP67 opcional<\/strong> para uma prote\u00e7\u00e3o imperme\u00e1vel aprimorada<br \/>\n\u2714 <strong>Capa de polipropileno anti-UV com 3,0 mm de espessura<\/strong> Resiste a rachaduras e descolora\u00e7\u00e3o.<br \/>\n\u2714 <strong>Rel\u00e9 selado + placa de circuito impresso de fibra de vidro FR4<\/strong> para estabilidade a longo prazo<br \/>\n\u2714 Faixa de temperatura de opera\u00e7\u00e3o: <strong>-40\u00b0C a +70\u00b0C<\/strong><\/p>\n<h2>Controle de ilumina\u00e7\u00e3o est\u00e1vel em que voc\u00ea pode confiar.<\/h2>\n<ul>\n<li><strong>N\u00edvel de luz de ativa\u00e7\u00e3o<\/strong>: 10\u201316 Lux (personaliz\u00e1vel)<\/li>\n<li><strong>Rela\u00e7\u00e3o LIGADO\/DESLIGADO<\/strong>: 1 : 1,5 para opera\u00e7\u00e3o consistente do anoitecer ao amanhecer<\/li>\n<li><strong>Atraso de tempo<\/strong>: 3\u201310 segundos para evitar comuta\u00e7\u00e3o falsa devido a fontes de luz transit\u00f3rias<\/li>\n<li><strong>Mude a vida<\/strong>&gt;10.000 ciclos LIGADO\/DESLIGADO com carga nominal<\/li>\n<li><strong>Design de vida<\/strong>: at\u00e9 <strong>90.000 horas<\/strong><\/li>\n<\/ul>\n<p>Isso garante <strong>comportamento de ilumina\u00e7\u00e3o est\u00e1vel e previs\u00edvel<\/strong> ao longo da vida \u00fatil da lumin\u00e1ria.<\/p>\n<h2>Aplica\u00e7\u00f5es<\/h2>\n<p>O LT154E \u00e9 amplamente utilizado em projetos onde <strong>Falhar n\u00e3o \u00e9 uma op\u00e7\u00e3o.<\/strong>:<\/p>\n<ul>\n<li>Rodovias e estradas<\/li>\n<li>Ilumina\u00e7\u00e3o p\u00fablica municipal<\/li>\n<li>Estacionamentos e \u00e1reas p\u00fablicas<\/li>\n<li>Ilumina\u00e7\u00e3o de seguran\u00e7a e per\u00edmetro<\/li>\n<li>Lumin\u00e1rias LED com drivers eletr\u00f4nicos<\/li>\n<li>Sistemas HID, de indu\u00e7\u00e3o, fluorescentes e de carga mista<\/li>\n<\/ul>\n<h2>Por que as empresas de EPC e concession\u00e1rias de servi\u00e7os p\u00fablicos escolhem o LT154E?<\/h2>\n<ul>\n<li>\u2714 <strong>Totalmente em conformidade<\/strong> com ANSI C136.10 e UL773<\/li>\n<li>\u2714 <strong>Preparado para alta tens\u00e3o<\/strong> para sistemas de 347\u2013480 V<\/li>\n<li>\u2714 <strong>Garantia de 10 anos<\/strong>, refletindo confian\u00e7a a longo prazo<\/li>\n<li>\u2714 Desempenho comprovado em projetos reais ao ar livre<\/li>\n<li>\u2714 Par\u00e2metros personaliz\u00e1veis (n\u00edvel de lux, atraso, modo de falha, cor da cobertura)<\/li>\n<\/ul>\n<h2>Uma escolha confi\u00e1vel para projetos de longo prazo.<\/h2>\n<p>O <strong>LT154E<\/strong> N\u00e3o foi projetada para ser a fotoc\u00e9lula mais barata do mercado \u2014 foi projetada para ser <strong>O mais confi\u00e1vel, com mais de 10 anos de servi\u00e7o.<\/strong>.<\/p>\n<p>Para empreiteiras EPC, concession\u00e1rias de servi\u00e7os p\u00fablicos e fabricantes de ilumina\u00e7\u00e3o, isso significa:<\/p>\n<ul>\n<li>Menos falhas<\/li>\n<li>Custos de manuten\u00e7\u00e3o mais baixos<\/li>\n<li>Melhor reputa\u00e7\u00e3o do projeto<\/li>\n<li>Desempenho previs\u00edvel a longo prazo<\/li>\n<\/ul>\n<p><strong>Eletricidade com topo de chumbo<\/strong><br \/>\n<em>Desenvolver fotoc\u00e9lulas que resolvam problemas na pr\u00e1tica \u2014 e n\u00e3o apenas no papel.<\/em><\/p>","protected":false},"excerpt":{"rendered":"<p>Nossas fotoc\u00e9lulas para ilumina\u00e7\u00e3o p\u00fablica atendem \u00e0 norma ANSI C136.10, oferecendo uma solu\u00e7\u00e3o confi\u00e1vel e com \u00f3timo custo-benef\u00edcio para o controle automatizado da ilumina\u00e7\u00e3o do anoitecer ao amanhecer. Projetadas para otimizar o desempenho do sistema de ilumina\u00e7\u00e3o e economizar energia, essas fotoc\u00e9lulas utilizam circuitos eletr\u00f4nicos avan\u00e7ados e um sensor de luz fototransistor est\u00e1vel para um funcionamento consistente de ligar\/desligar.<\/p>\n<p>Informa\u00e7\u00f5es sobre o produto<br \/>\nModelo: LT154E<br \/>\nNorma: ANSI C136.10 e UL773<br \/>\nTens\u00e3o nominal: 347-480V (Aplic\u00e1vel: 277-528V)<br \/>\nPot\u00eancia nominal: 1000 W\/1800 VA<br \/>\nClassifica\u00e7\u00e3o LED: Reator E de 5A<br \/>\nN\u00edveis de ilumina\u00e7\u00e3o acionada: 10-16 Lux<\/p>\n<p>Rela\u00e7\u00e3o LIGADO\/DESLIGADO: 1:1,5<br \/>\nAtraso de tempo: 3 a 10 segundos<br \/>\nProte\u00e7\u00e3o contra surtos: 645J<br \/>\nInterruptor: &gt;10000 opera\u00e7\u00f5es ON\/OFF com carga nominal<br \/>\nConsumo de energia: \u2264 0,7 watts a 120 VCA<br \/>\nCapa: Polipropileno resistente a impactos e raios UV<br \/>\nBase: Polibutileno Tereftalato Resistente a Altas Temperaturas<br \/>\nModo de falha: LIGADO ou DESLIGADO<\/p>","protected":false},"featured_media":2294,"comment_status":"open","ping_status":"closed","template":"","meta":{"_seopress_robots_primary_cat":"none","_seopress_titles_title":"","_seopress_titles_desc":"","_seopress_robots_index":""},"product_brand":[],"product_cat":[41],"product_tag":[],"class_list":{"0":"post-972","1":"product","2":"type-product","3":"status-publish","4":"has-post-thumbnail","6":"product_cat-photocontrollers","8":"first","9":"instock","10":"shipping-taxable","11":"product-type-simple"},"_links":{"self":[{"href":"https:\/\/leaditop.com\/pt_pt\/wp-json\/wp\/v2\/product\/972","targetHints":{"allow":["GET"]}}],"collection":[{"href":"https:\/\/leaditop.com\/pt_pt\/wp-json\/wp\/v2\/product"}],"about":[{"href":"https:\/\/leaditop.com\/pt_pt\/wp-json\/wp\/v2\/types\/product"}],"replies":[{"embeddable":true,"href":"https:\/\/leaditop.com\/pt_pt\/wp-json\/wp\/v2\/comments?post=972"}],"wp:featuredmedia":[{"embeddable":true,"href":"https:\/\/leaditop.com\/pt_pt\/wp-json\/wp\/v2\/media\/2294"}],"wp:attachment":[{"href":"https:\/\/leaditop.com\/pt_pt\/wp-json\/wp\/v2\/media?parent=972"}],"wp:term":[{"taxonomy":"product_brand","embeddable":true,"href":"https:\/\/leaditop.com\/pt_pt\/wp-json\/wp\/v2\/product_brand?post=972"},{"taxonomy":"product_cat","embeddable":true,"href":"https:\/\/leaditop.com\/pt_pt\/wp-json\/wp\/v2\/product_cat?post=972"},{"taxonomy":"product_tag","embeddable":true,"href":"https:\/\/leaditop.com\/pt_pt\/wp-json\/wp\/v2\/product_tag?post=972"}],"curies":[{"name":"wp","href":"https:\/\/api.w.org\/{rel}","templated":true}]}}