{"id":978,"date":"2023-10-28T10:24:48","date_gmt":"2023-10-28T02:24:48","guid":{"rendered":"https:\/\/leaditop.com\/?post_type=product&#038;p=978"},"modified":"2025-06-26T17:28:32","modified_gmt":"2025-06-26T09:28:32","slug":"capacitor-de-curto-circuito-fotocelula-lt1sc-fotocontrolador","status":"publish","type":"product","link":"https:\/\/leaditop.com\/pt_pt\/product\/shorting-cap-photocell-lt1sc-photo-controller-shorting-cap\/","title":{"rendered":"Tampa de curto-circuito para fotoc\u00e9lula LT1SC - Tampa de curto-circuito para controlador de fotoc\u00e9lula"},"content":{"rendered":"<p>&nbsp;<\/p>\n<p><iframe title=\"Precisa de um capacitor de curto-circuito? #leadtop #photocell #shortingcap #smartlight\" width=\"800\" height=\"450\" src=\"https:\/\/www.youtube.com\/embed\/9srwNR8jd88?feature=oembed\" frameborder=\"0\" allow=\"accelerometer; autoplay; clipboard-write; encrypted-media; gyroscope; picture-in-picture; web-share\" referrerpolicy=\"strict-origin-when-cross-origin\" allowfullscreen><\/iframe><\/p>\n<p><strong>Principais caracter\u00edsticas:<\/strong><\/p>\n<p>Classifica\u00e7\u00e3o IP67 \u2013 Resistente \u00e0 \u00e1gua e poeira<br \/>\nModo de funcionamento cont\u00ednuo \u2013 Quando instalado em lumin\u00e1rias, mant\u00e9m a alimenta\u00e7\u00e3o constante.<\/p>\n<p><strong>Casos de uso t\u00edpicos:<\/strong><\/p>\n<ul>\n<li>Fase de comissionamento e instala\u00e7\u00e3o<\/li>\n<li>Situa\u00e7\u00f5es de resolu\u00e7\u00e3o de problemas ou manuten\u00e7\u00e3o<\/li>\n<li>Projetos que n\u00e3o requerem funcionalidade de fotoc\u00e9lula<\/li>\n<li>Solu\u00e7\u00e3o tempor\u00e1ria enquanto se aguarda a substitui\u00e7\u00e3o do fotocontrolador.<\/li>\n<li>Testes de f\u00e1brica antes do envio da lumin\u00e1ria<\/li>\n<\/ul>","protected":false},"excerpt":{"rendered":"<p>Capacitores de curto-circuito, destinados a <strong>uso tempor\u00e1rio ou especial<\/strong>, n\u00e3o possuem capacidade de detec\u00e7\u00e3o de luz, mant\u00eam as lumin\u00e1rias ligadas 24 horas por dia, 7 dias por semana, sem habilitar o controle autom\u00e1tico, e as vers\u00f5es de alta qualidade normalmente est\u00e3o em conformidade com <strong>ANSI C136.10<\/strong> padr\u00f5es.<\/p>\n<p>Informa\u00e7\u00f5es sobre o produto<br \/>\nModelo: LT1SC<br \/>\nNorma: ANSI C136.10 e UL773<br \/>\nTens\u00e3o nominal: 0-480V<br \/>\nCarga nominal: 15A<br \/>\nCapa: Polipropileno resistente a impactos e raios UV<br \/>\nBase: Polibutileno Tereftalato Resistente a Altas Temperaturas<br \/>\nProte\u00e7\u00e3o contra entrada de \u00e1gua e poeira: IP66<\/p>","protected":false},"featured_media":2283,"comment_status":"open","ping_status":"closed","template":"","meta":{"_seopress_robots_primary_cat":"none","_seopress_titles_title":"","_seopress_titles_desc":"","_seopress_robots_index":""},"product_brand":[],"product_cat":[29],"product_tag":[],"class_list":{"0":"post-978","1":"product","2":"type-product","3":"status-publish","4":"has-post-thumbnail","6":"product_cat-shorting-cap","8":"first","9":"instock","10":"shipping-taxable","11":"product-type-simple"},"_links":{"self":[{"href":"https:\/\/leaditop.com\/pt_pt\/wp-json\/wp\/v2\/product\/978","targetHints":{"allow":["GET"]}}],"collection":[{"href":"https:\/\/leaditop.com\/pt_pt\/wp-json\/wp\/v2\/product"}],"about":[{"href":"https:\/\/leaditop.com\/pt_pt\/wp-json\/wp\/v2\/types\/product"}],"replies":[{"embeddable":true,"href":"https:\/\/leaditop.com\/pt_pt\/wp-json\/wp\/v2\/comments?post=978"}],"wp:featuredmedia":[{"embeddable":true,"href":"https:\/\/leaditop.com\/pt_pt\/wp-json\/wp\/v2\/media\/2283"}],"wp:attachment":[{"href":"https:\/\/leaditop.com\/pt_pt\/wp-json\/wp\/v2\/media?parent=978"}],"wp:term":[{"taxonomy":"product_brand","embeddable":true,"href":"https:\/\/leaditop.com\/pt_pt\/wp-json\/wp\/v2\/product_brand?post=978"},{"taxonomy":"product_cat","embeddable":true,"href":"https:\/\/leaditop.com\/pt_pt\/wp-json\/wp\/v2\/product_cat?post=978"},{"taxonomy":"product_tag","embeddable":true,"href":"https:\/\/leaditop.com\/pt_pt\/wp-json\/wp\/v2\/product_tag?post=978"}],"curies":[{"name":"wp","href":"https:\/\/api.w.org\/{rel}","templated":true}]}}