{"id":989,"date":"2023-10-28T10:35:31","date_gmt":"2023-10-28T02:35:31","guid":{"rendered":"https:\/\/leaditop.com\/?post_type=product&#038;p=989"},"modified":"2026-05-07T16:38:23","modified_gmt":"2026-05-07T08:38:23","slug":"controle-de-fotocelula-para-iluminacao-publica-com-dimerizacao-lt100-0-10v-sensor-de-controle-de-luz-com-fotocelula","status":"publish","type":"product","link":"https:\/\/leaditop.com\/pt_pt\/product\/dimming-street-lighting-photocell-control-lt100-0-10v-dimming-lightcontrol-sensor-photocell\/","title":{"rendered":"Controle de ilumina\u00e7\u00e3o p\u00fablica com fotoc\u00e9lula para dimeriza\u00e7\u00e3o LT100 0-10V, sensor de controle de luz."},"content":{"rendered":"<h3>Principais caracter\u00edsticas do fotocontrolador de dimeriza\u00e7\u00e3o inteligente LT100<\/h3>\n<p><img fetchpriority=\"high\" decoding=\"async\" class=\"alignnone size-full wp-image-5858\" src=\"http:\/\/leaditop.com\/wp-content\/uploads\/2023\/10\/\u622a\u5c4f2026-05-07-16.31.44.png\" alt=\"\" width=\"926\" height=\"420\" srcset=\"https:\/\/leaditop.com\/wp-content\/uploads\/2023\/10\/\u622a\u5c4f2026-05-07-16.31.44.png 926w, https:\/\/leaditop.com\/wp-content\/uploads\/2023\/10\/\u622a\u5c4f2026-05-07-16.31.44-300x136.png 300w, https:\/\/leaditop.com\/wp-content\/uploads\/2023\/10\/\u622a\u5c4f2026-05-07-16.31.44-768x348.png 768w, https:\/\/leaditop.com\/wp-content\/uploads\/2023\/10\/\u622a\u5c4f2026-05-07-16.31.44-18x8.png 18w, https:\/\/leaditop.com\/wp-content\/uploads\/2023\/10\/\u622a\u5c4f2026-05-07-16.31.44-600x272.png 600w\" sizes=\"(max-width: 926px) 100vw, 926px\" \/><\/p>\n<h4>Controle de dimeriza\u00e7\u00e3o inteligente<\/h4>\n<p>Suporta ambos <strong>0-10V<\/strong> e <strong>Escurecimento DALI \u00e0 meia-noite<\/strong>, ajudando a reduzir o consumo de energia e a polui\u00e7\u00e3o luminosa durante as horas noturnas de baixo tr\u00e1fego.<\/p>\n<h4>Em conformidade com as normas ANSI e UL.<\/h4>\n<p>Projetado de acordo com <strong>ANSI C136.41<\/strong> e <strong>UL773<\/strong> normas para compatibilidade confi\u00e1vel com sistemas de ilumina\u00e7\u00e3o externa.<\/p>\n<h4>Ampla compatibilidade de voltagem<\/h4>\n<p>Opera com <strong>120-277 VCA<\/strong> tens\u00e3o de entrada e permanece funcional at\u00e9 <strong>85 VCA<\/strong>, Adequado para diversas aplica\u00e7\u00f5es de ilumina\u00e7\u00e3o em todo o mundo.<\/p>\n<h4>Prote\u00e7\u00e3o robusta contra surtos<\/h4>\n<p>Embutido <strong>Prote\u00e7\u00e3o contra surtos MOV de 640 Joules<\/strong> (Atualiz\u00e1vel para 1280J) ajuda a proteger os sistemas de ilumina\u00e7\u00e3o contra picos de tens\u00e3o e ambientes externos adversos.<\/p>\n<h4>Tecnologia de cruzamento por zero<\/h4>\n<p>Integrado <strong>Detec\u00e7\u00e3o de cruzamento por zero<\/strong> Melhora o desempenho do rel\u00e9 e prolonga a vida \u00fatil do produto, reduzindo o estresse el\u00e9trico durante a comuta\u00e7\u00e3o.<\/p>\n<p><b>ESPECIFICA\u00c7\u00d5ES T\u00c9CNICAS <\/b><\/p>\n<table style=\"height: 992px;\" width=\"853\">\n<tbody>\n<tr>\n<td width=\"199\">Padr\u00e3o<\/td>\n<td width=\"48\">ANSI C136.10 e ANSI C136.41 e UL773<\/td>\n<\/tr>\n<tr>\n<td>Tens\u00e3o nominal<\/td>\n<td>120-277V<\/td>\n<\/tr>\n<tr>\n<td>Freq\u00fc\u00eancia<\/td>\n<td>50\/60 Hz<\/td>\n<\/tr>\n<tr>\n<td>Carga nominal<\/td>\n<td>1000W\/1800VA<\/td>\n<\/tr>\n<tr>\n<td>Classifica\u00e7\u00e3o LED<\/td>\n<td>5A E-Balast<\/td>\n<\/tr>\n<tr>\n<td>N\u00edveis de ilumina\u00e7\u00e3o de ativa\u00e7\u00e3o<\/td>\n<td>10-16 Lux<\/td>\n<\/tr>\n<tr>\n<td>Rela\u00e7\u00e3o LIGADO\/DESLIGADO<\/td>\n<td>01:01.5<\/td>\n<\/tr>\n<tr>\n<td>Atraso de tempo<\/td>\n<td>2-5 segundos<\/td>\n<\/tr>\n<tr>\n<td>Temperatura de opera\u00e7\u00e3o<\/td>\n<td>-40\u2103 a +70\u2103<\/td>\n<\/tr>\n<tr>\n<td>Varistor de \u00f3xido met\u00e1lico<\/td>\n<td>475 Joules \/ 525 Joules \/ 950 Joules<\/td>\n<\/tr>\n<tr>\n<td>Prote\u00e7\u00e3o contra surtos conforme ANSI C136.10<\/td>\n<td>T\u00edpico 6KV\/3KA ou aprimorado 10KV\/5KA<\/td>\n<\/tr>\n<tr>\n<td>Trocar<\/td>\n<td>&gt; 10.000 opera\u00e7\u00f5es liga\/desliga com carga nominal<\/td>\n<\/tr>\n<tr>\n<td>Sensor de luz<\/td>\n<td>Fototransistor de filtro IR<\/td>\n<\/tr>\n<tr>\n<td>Consumo de energia<\/td>\n<td>Consumo m\u00e9dio \u2264 0,5 watts a 120 VCA<\/td>\n<\/tr>\n<tr>\n<td>Cobrir<\/td>\n<td>Policarbonato resistente a impactos e raios UV<\/td>\n<\/tr>\n<tr>\n<td>Base<\/td>\n<td>Polibutileno Tereftalato Resistente a Altas Temperaturas<\/td>\n<\/tr>\n<tr>\n<td>Modo de falha<\/td>\n<td>LIGADO \/ DESLIGADO<\/td>\n<\/tr>\n<tr>\n<td>Prote\u00e7\u00e3o contra entrada<\/td>\n<td>IP66 (Opcional: IP67)<\/td>\n<\/tr>\n<\/tbody>\n<\/table>\n<hr \/>\n<h3>Desempenho confi\u00e1vel em ambientes externos<\/h3>\n<p>Projetado para ambientes externos exigentes com:<\/p>\n<ul>\n<li>Padr\u00e3o de prote\u00e7\u00e3o IP65<\/li>\n<li>Classifica\u00e7\u00e3o de impermeabilidade opcional IP66\/IP67<\/li>\n<li>Carca\u00e7a de policarbonato resistente aos raios UV<\/li>\n<li>Temperatura de opera\u00e7\u00e3o de -40\u00b0C a +70\u00b0C<\/li>\n<\/ul>\n<p>&nbsp;<\/p>\n<hr \/>\n<h3>Compat\u00edvel com v\u00e1rios tipos de ilumina\u00e7\u00e3o<\/h3>\n<p>Indicado para:<\/p>\n<ul>\n<li>Ilumina\u00e7\u00e3o LED<\/li>\n<li>Ilumina\u00e7\u00e3o HID<\/li>\n<li>L\u00e2mpadas de indu\u00e7\u00e3o<\/li>\n<li>Sistemas fluorescentes<\/li>\n<li>Sistemas de halog\u00eanio<\/li>\n<\/ul>\n<p>Ideal para ilumina\u00e7\u00e3o p\u00fablica, estacionamentos, rodovias, ilumina\u00e7\u00e3o de seguran\u00e7a e ilumina\u00e7\u00e3o de \u00e1reas p\u00fablicas.<\/p>\n<hr \/>\n<h3>Design industrial dur\u00e1vel<\/h3>\n<p>Caracter\u00edsticas:<\/p>\n<ul>\n<li>estrutura de rel\u00e9 selada<\/li>\n<li>Placa de circuito impresso de fibra de vidro FR4<\/li>\n<li>Placa de circuito impresso com revestimento conformal para prote\u00e7\u00e3o contra umidade.<\/li>\n<li>sensor fototransistor de filtro IR<\/li>\n<\/ul>\n<p>Garante o funcionamento est\u00e1vel a longo prazo em ambientes adversos.<\/p>\n<hr \/>\n<h3>Economia de energia com escurecimento noturno<\/h3>\n<p>Reduz automaticamente a intensidade da ilumina\u00e7\u00e3o para um n\u00edvel personalizado (30%\u201370%) ap\u00f3s a meia-noite, para maior efici\u00eancia energ\u00e9tica e redu\u00e7\u00e3o dos custos operacionais.<\/p>\n<hr \/>\n<h3>Longa vida \u00fatil<\/h3>\n<p>Testado por mais de <strong>10.000 opera\u00e7\u00f5es de LIGAR\/DESLIGAR<\/strong> Com carga nominal, garante desempenho confi\u00e1vel a longo prazo.<\/p>\n<hr \/>\n<h2>Personaliza\u00e7\u00e3o dispon\u00edvel<\/h2>\n<p>A personaliza\u00e7\u00e3o opcional inclui:<\/p>\n<ul>\n<li>Cores da habita\u00e7\u00e3o<\/li>\n<li>Modos Falha LIGADA \/ Falha DESLIGADA<\/li>\n<li>Diferentes n\u00edveis de prote\u00e7\u00e3o de propriedade intelectual<\/li>\n<li>Programas de dimeriza\u00e7\u00e3o personalizados<\/li>\n<\/ul>\n<hr \/>\n<h3>Aplica\u00e7\u00f5es t\u00edpicas<\/h3>\n<ul>\n<li>Ilumina\u00e7\u00e3o p\u00fablica<\/li>\n<li>Ilumina\u00e7\u00e3o da via<\/li>\n<li>Ilumina\u00e7\u00e3o do estacionamento<\/li>\n<li>Ilumina\u00e7\u00e3o de seguran\u00e7a<\/li>\n<li>sistemas de ilumina\u00e7\u00e3o urbana inteligentes<\/li>\n<li>Projetos de ilumina\u00e7\u00e3o p\u00fablica municipal<\/li>\n<\/ul>\n<p>&nbsp;<\/p>","protected":false},"excerpt":{"rendered":"<p>Nossas fotoc\u00e9lulas para ilumina\u00e7\u00e3o p\u00fablica atendem \u00e0 norma ANSI C136.10, oferecendo uma solu\u00e7\u00e3o econ\u00f4mica e confi\u00e1vel para o controle automatizado da ilumina\u00e7\u00e3o do anoitecer ao amanhecer. Compat\u00edvel com ambos os sistemas **<strong>0-10V** e **escurecimento noturno DALI**<\/strong>**, ajudando a reduzir o consumo de energia e a polui\u00e7\u00e3o luminosa durante as horas noturnas de baixo tr\u00e1fego.<\/p>\n<p>Informa\u00e7\u00f5es sobre o produto<br \/>\nModelo: LT100 (0-10V)<br \/>\nPadr\u00e3o: ANSI C136.10 e ANSI C136.41 e UL773<br \/>\nTens\u00e3o nominal: 120V-277V<br \/>\nPot\u00eancia nominal: 1000 W\/1800 VA<br \/>\nClassifica\u00e7\u00e3o LED: Reator E de 5A<br \/>\nN\u00edveis de ilumina\u00e7\u00e3o acionada: 10-16 Lux<br \/>\nRela\u00e7\u00e3o LIGADO\/DESLIGADO: 1:1,5<br \/>\nAtraso de tempo: 3 a 10 segundos<br \/>\nProte\u00e7\u00e3o contra surtos: 475 joules \/ 525 joules \/ 950 joules<br \/>\nInterruptor: &gt;10000 opera\u00e7\u00f5es ON\/OFF com carga nominal<br \/>\nConsumo de energia: \u2264 0,5 watts a 120 VCA<br \/>\nCapa: Polipropileno resistente a impactos e raios UV<br \/>\nBase: Polibutileno Tereftalato Resistente a Altas Temperaturas<br \/>\nModo de falha: LIGADO ou DESLIGADO<br \/>\nGrau de prote\u00e7\u00e3o contra entrada de \u00e1gua e poeira: IP66 (Opcional: IP67)<\/p>","protected":false},"featured_media":991,"comment_status":"open","ping_status":"closed","template":"","meta":{"_seopress_robots_primary_cat":"","_seopress_titles_title":"","_seopress_titles_desc":"","_seopress_robots_index":"","_seopress_analysis_target_kw":""},"product_brand":[],"product_cat":[40],"product_tag":[],"class_list":{"0":"post-989","1":"product","2":"type-product","3":"status-publish","4":"has-post-thumbnail","6":"product_cat-dimming-photocell","8":"first","9":"instock","10":"shipping-taxable","11":"product-type-simple"},"_links":{"self":[{"href":"https:\/\/leaditop.com\/pt_pt\/wp-json\/wp\/v2\/product\/989","targetHints":{"allow":["GET"]}}],"collection":[{"href":"https:\/\/leaditop.com\/pt_pt\/wp-json\/wp\/v2\/product"}],"about":[{"href":"https:\/\/leaditop.com\/pt_pt\/wp-json\/wp\/v2\/types\/product"}],"replies":[{"embeddable":true,"href":"https:\/\/leaditop.com\/pt_pt\/wp-json\/wp\/v2\/comments?post=989"}],"wp:featuredmedia":[{"embeddable":true,"href":"https:\/\/leaditop.com\/pt_pt\/wp-json\/wp\/v2\/media\/991"}],"wp:attachment":[{"href":"https:\/\/leaditop.com\/pt_pt\/wp-json\/wp\/v2\/media?parent=989"}],"wp:term":[{"taxonomy":"product_brand","embeddable":true,"href":"https:\/\/leaditop.com\/pt_pt\/wp-json\/wp\/v2\/product_brand?post=989"},{"taxonomy":"product_cat","embeddable":true,"href":"https:\/\/leaditop.com\/pt_pt\/wp-json\/wp\/v2\/product_cat?post=989"},{"taxonomy":"product_tag","embeddable":true,"href":"https:\/\/leaditop.com\/pt_pt\/wp-json\/wp\/v2\/product_tag?post=989"}],"curies":[{"name":"wp","href":"https:\/\/api.w.org\/{rel}","templated":true}]}}